{"id":1605,"date":"2024-10-24T23:20:39","date_gmt":"2024-10-24T15:20:39","guid":{"rendered":"https:\/\/shop.yipinqian.com\/product\/natural-type-a-jadeite-carved-with-beautiful-scenery-51-08-51-11-6-31-mm-weight-173-9-grams-premium-pendant-highly-translucent-faint-greenish-blue-and-green-ngi-certification-pendant155\/"},"modified":"2025-02-24T01:34:19","modified_gmt":"2025-02-23T17:34:19","slug":"natural-type-a-jadeite-carved-with-beautiful-scenery-51-08-51-11-6-31-mm-weight-173-9-grams-premium-pendant-highly-translucent-faint-greenish-blue-and-green-ngi-certification-pendant155","status":"publish","type":"product","link":"https:\/\/shop.yipinqian.com\/pt\/produto\/natural-type-a-jadeite-carved-with-beautiful-scenery-51-08-51-11-6-31-mm-weight-173-9-grams-premium-pendant-highly-translucent-faint-greenish-blue-and-green-ngi-certification-pendant155\/","title":{"rendered":"Natural Type A Jadeite carved with beautiful scenery &#8211; [51.08 * 51.11 * 6.31 mm] &#8211; Weight = 173.9 grams , premium pendant &#8211; Highly Translucent , faint greenish blue and green , NGI Certification (pendant155)"},"content":{"rendered":"<p>Elevate your jewelry collection with this breathtaking Natural Type A Jadeite pendant. Expertly carved with beautiful scenery, this premium pendant is sure to turn heads. With a highly translucent body and faint greenish blue and green hues, it boasts a rare combination of natural beauty.<\/p>\n<p><strong>NGI Report Numbers: 63837041<\/strong><\/p>\n<ul>\n<li>\n<strong>Material:<\/strong> Jade\u00edta natural tipo A<\/li>\n<li>\n<strong>Estilo:<\/strong> Colar Casual<\/li>\n<li>\n<strong>Certifica\u00e7\u00e3o:<\/strong> NGI Certification<\/li>\n<li>\n<strong>Certificado inclu\u00eddo:<\/strong> Sim<\/li>\n<li>\n<strong>Hallmark:<\/strong> Myanmar (Burma)<\/li>\n<li>\n<strong>G\u00eanero: <\/strong>Unissex<\/li>\n<li><strong>Occasion: Daily Use <li><strong>Warranty :No Warranty Type specified.<\/strong><\/li>\n<\/ul>\n<p><strong>This exquisite piece weighs 173.9 grams and measures [51.08 * 51.11 * 6.31 mm]. Its highly translucent body allows for an enchanting play of light, giving it an ethereal quality that is hard to find in ordinary necklaces or pendants.<\/strong><\/p>\n<p><strong>Add this premium pendant to your collection today as the perfect accessory for any casual occasion!<\/strong><\/p>\n<p><img fetchpriority=\"high\" decoding=\"async\" height=\"1080\" src=\"https:\/\/shop.yipinqian.com\/wp-content\/uploads\/2024\/10\/fa45acc459cda46707605bafe73f515b.jpg?from=476444299\" width=\"1080\"><\/p>\n<p>Yi Pin Qian \u2013 Um negociante de pedras preciosas e metais preciosos em Cingapura \u2013 N\u00famero de licen\u00e7a PS20190000031<\/p>\n<p>*Todos os Jadeites comprados de Yi Pin Qian em Cingapura, os clientes podem reservar hor\u00e1rios para polimento ou pequenos reparos por manuseio incorreto - taxas se aplicam e somente para clientes de Yi Pin Qian em Cingapura*<\/p>\n<ul>\n<li> <\/li>\n<\/ul>\n<p>NGI (Nan Yang Gemol\u00f3gico)<\/p>\n<p>ou certificados estrangeiros (Yi Pin Qian usa apenas certificados aut\u00eanticos de laborat\u00f3rios estrangeiros e tamb\u00e9m controla a qualidade de cada um dos nossos produtos antes de coloc\u00e1-los \u00e0 venda em Cingapura)<\/p>\n<\/p>\n<p>Cada produto no TikTok ter\u00e1 o tipo de certificado fornecido indicado na descri\u00e7\u00e3o. Para qualquer cliente que deseje enviar seu pedido para a NGI Singapore, haver\u00e1 um tempo de espera para entrega do pedido estimado em cerca de 4 semanas para receber seu pedido. As solicita\u00e7\u00f5es de relat\u00f3rio da NGI Gemstone precisam ser feitas por mensagem para a loja Yi Pin Qian TikTok. Obrigado, taxas extras s\u00e3o aplic\u00e1veis.<\/p>","protected":false},"excerpt":{"rendered":"<p>Elevate your jewelry collection with this breathtaking Natural Type A Jadeite pendant. Expertly carved with beautiful scenery, this premium pendant is sure to turn heads. With a highly translucent body and faint greenish blue and green hues, it boasts a rare combination of natural beauty. NGI Report Numbers: 63837041 Material: Natural Type A Jadeite Style: [&hellip;]<\/p>","protected":false},"featured_media":6409,"comment_status":"open","ping_status":"closed","template":"","meta":[],"product_brand":[],"product_cat":[196],"product_tag":[],"class_list":{"0":"post-1605","1":"product","2":"type-product","3":"status-publish","4":"has-post-thumbnail","6":"product_cat-vault-collection","8":"first","9":"instock","10":"sale","11":"shipping-taxable","12":"purchasable","13":"product-type-simple"},"_links":{"self":[{"href":"https:\/\/shop.yipinqian.com\/pt\/wp-json\/wp\/v2\/product\/1605","targetHints":{"allow":["GET"]}}],"collection":[{"href":"https:\/\/shop.yipinqian.com\/pt\/wp-json\/wp\/v2\/product"}],"about":[{"href":"https:\/\/shop.yipinqian.com\/pt\/wp-json\/wp\/v2\/types\/product"}],"replies":[{"embeddable":true,"href":"https:\/\/shop.yipinqian.com\/pt\/wp-json\/wp\/v2\/comments?post=1605"}],"version-history":[{"count":0,"href":"https:\/\/shop.yipinqian.com\/pt\/wp-json\/wp\/v2\/product\/1605\/revisions"}],"wp:featuredmedia":[{"embeddable":true,"href":"https:\/\/shop.yipinqian.com\/pt\/wp-json\/wp\/v2\/media\/6409"}],"wp:attachment":[{"href":"https:\/\/shop.yipinqian.com\/pt\/wp-json\/wp\/v2\/media?parent=1605"}],"wp:term":[{"taxonomy":"product_brand","embeddable":true,"href":"https:\/\/shop.yipinqian.com\/pt\/wp-json\/wp\/v2\/product_brand?post=1605"},{"taxonomy":"product_cat","embeddable":true,"href":"https:\/\/shop.yipinqian.com\/pt\/wp-json\/wp\/v2\/product_cat?post=1605"},{"taxonomy":"product_tag","embeddable":true,"href":"https:\/\/shop.yipinqian.com\/pt\/wp-json\/wp\/v2\/product_tag?post=1605"}],"curies":[{"name":"wp","href":"https:\/\/api.w.org\/{rel}","templated":true}]}}