{"id":1596,"date":"2024-10-24T23:20:35","date_gmt":"2024-10-24T15:20:35","guid":{"rendered":"https:\/\/shop.yipinqian.com\/product\/mix-with-lavender-light-green-and-wuji-natural-type-a-jadeite-donut-pendant-meaning-wealthy-safe-and-healthy-with-certificate-weighs-7-28-grams-26-1-5-2-mm-good-for-daily-wear-pendant92\/"},"modified":"2025-02-17T00:04:06","modified_gmt":"2025-02-16T16:04:06","slug":"mix-with-lavender-light-green-and-wuji-natural-type-a-jadeite-donut-pendant-meaning-wealthy-safe-and-healthy-with-certificate-weighs-7-28-grams-26-1-5-2-mm-good-for-daily-wear-pendant92","status":"publish","type":"product","link":"https:\/\/shop.yipinqian.com\/pt\/produto\/mix-with-lavender-light-green-and-wuji-natural-type-a-jadeite-donut-pendant-meaning-wealthy-safe-and-healthy-with-certificate-weighs-7-28-grams-26-1-5-2-mm-good-for-daily-wear-pendant92\/","title":{"rendered":"Mix with Lavender, light green and wuji Natural Type A Jadeite Donut Pendant meaning Wealthy, Safe and Healthy with certificate weighs 7.28 grams, 26.1 * 5.2 mm , good for daily wear (pendant92)"},"content":{"rendered":"<p>Adorn yourself with this Mix with Lavender, light green and wuji Natural Type A Jadeite Donut Pendant and embrace a life of Wealth, Safety and Health.<\/p>\n<ul>\n<li>\n<strong>Authentic Jade:<\/strong> Crafted from genuine Type A Jadeite from Myanmar, this pendant is a symbol of purity and longevity.<\/li>\n<li>\n<strong>Estilo de colar casual:<\/strong> This pendant is perfect for daily wear.<\/li>\n<li>\n<strong>Certificado inclu\u00eddo:<\/strong> This jade pendant comes with a certificate to ensure its authenticity.<\/li>\n<\/ul>\n<p><strong>Certificate numbers: ZS24040800178<\/strong><\/p>\n<p><img fetchpriority=\"high\" decoding=\"async\" height=\"1080\" src=\"https:\/\/shop.yipinqian.com\/wp-content\/uploads\/2024\/10\/66ed8402b4ed843c5c2ee4a7a106cba2.jpg?from=476444299\" width=\"1080\"><\/p>\n<p>Weighing 7.28 grams, measuring 26.1 * 5.2 mm in size, this unisex piece features beautiful shades of lavender and light green hues that will complement any attire or skin tone seamlessly.<\/p>\n<p>Incorporate the goodness of jade in your life by wearing it daily as you go about your day-to-day activities without having to worry about its durability as it comes without any warranty type attached to it .<\/p>\n<p>\u00a0<\/p>\n<p>Yi Pin Qian \u2013 Um negociante de pedras preciosas e metais preciosos em Cingapura \u2013 N\u00famero de licen\u00e7a PS20190000031<\/p>\n<p>\u00a0<\/p>\n<p>*Todos os Jadeites comprados de Yi Pin Qian em Cingapura, os clientes podem reservar hor\u00e1rios para polimento ou pequenos reparos por manuseio incorreto - taxas se aplicam e somente para clientes de Yi Pin Qian em Cingapura*<\/p>\n<p>\u00a0<\/p>\n<p><strong>**Tipos de Certificados**<\/strong><\/p>\n<p>\u00a0<\/p>\n<p><strong>NGI (Nan Yang Gemol\u00f3gico)<\/strong><\/p>\n<p>ou <strong>Certificados no exterior <\/strong>(Yi Pin Qian usa apenas certificados aut\u00eanticos de laborat\u00f3rios estrangeiros e tamb\u00e9m controla a qualidade de cada um dos nossos produtos antes de coloc\u00e1-los \u00e0 venda em Cingapura)<\/p>\n<p>\u00a0<\/p>\n<p>Cada produto no TikTok ter\u00e1 o tipo de certificado fornecido indicado na descri\u00e7\u00e3o. Para qualquer cliente que deseje enviar seu pedido para a NGI Singapore, haver\u00e1 um tempo de espera para entrega do pedido estimado em torno de 4 semanas para receber seu pedido. <strong>As solicita\u00e7\u00f5es de relat\u00f3rios da NGI Gemstone precisam ser feitas por mensagem para a loja Yi Pin Qian TikTok.<\/strong> Obrigado, <strong><u>taxas extras se aplicam<\/u><\/strong>.<\/p>\n<p>\u00a0<\/p>\n<p>.<\/p>","protected":false},"excerpt":{"rendered":"<p>Adorn yourself with this Mix with Lavender, light green and wuji Natural Type A Jadeite Donut Pendant and embrace a life of Wealth, Safety and Health. Authentic Jade: Crafted from genuine Type A Jadeite from Myanmar, this pendant is a symbol of purity and longevity. Casual Necklace Style: This pendant is perfect for daily wear. [&hellip;]<\/p>","protected":false},"featured_media":6344,"comment_status":"open","ping_status":"closed","template":"","meta":[],"product_brand":[],"product_cat":[48],"product_tag":[],"class_list":{"0":"post-1596","1":"product","2":"type-product","3":"status-publish","4":"has-post-thumbnail","6":"product_cat-pendants","8":"first","9":"instock","10":"sale","11":"shipping-taxable","12":"purchasable","13":"product-type-simple"},"_links":{"self":[{"href":"https:\/\/shop.yipinqian.com\/pt\/wp-json\/wp\/v2\/product\/1596","targetHints":{"allow":["GET"]}}],"collection":[{"href":"https:\/\/shop.yipinqian.com\/pt\/wp-json\/wp\/v2\/product"}],"about":[{"href":"https:\/\/shop.yipinqian.com\/pt\/wp-json\/wp\/v2\/types\/product"}],"replies":[{"embeddable":true,"href":"https:\/\/shop.yipinqian.com\/pt\/wp-json\/wp\/v2\/comments?post=1596"}],"version-history":[{"count":0,"href":"https:\/\/shop.yipinqian.com\/pt\/wp-json\/wp\/v2\/product\/1596\/revisions"}],"wp:featuredmedia":[{"embeddable":true,"href":"https:\/\/shop.yipinqian.com\/pt\/wp-json\/wp\/v2\/media\/6344"}],"wp:attachment":[{"href":"https:\/\/shop.yipinqian.com\/pt\/wp-json\/wp\/v2\/media?parent=1596"}],"wp:term":[{"taxonomy":"product_brand","embeddable":true,"href":"https:\/\/shop.yipinqian.com\/pt\/wp-json\/wp\/v2\/product_brand?post=1596"},{"taxonomy":"product_cat","embeddable":true,"href":"https:\/\/shop.yipinqian.com\/pt\/wp-json\/wp\/v2\/product_cat?post=1596"},{"taxonomy":"product_tag","embeddable":true,"href":"https:\/\/shop.yipinqian.com\/pt\/wp-json\/wp\/v2\/product_tag?post=1596"}],"curies":[{"name":"wp","href":"https:\/\/api.w.org\/{rel}","templated":true}]}}