{"id":1595,"date":"2024-10-24T23:20:34","date_gmt":"2024-10-24T15:20:34","guid":{"rendered":"https:\/\/shop.yipinqian.com\/product\/mix-with-green-lavender-and-icy-natural-type-a-jadeite-jade-33-beads-with-measurement-of-5-5-mm-bracelet-qic-labs-approved-certificate-included-weigh-9-grams-bracelet16\/"},"modified":"2025-02-17T00:04:06","modified_gmt":"2025-02-16T16:04:06","slug":"mix-with-green-lavender-and-icy-natural-type-a-jadeite-jade-33-beads-with-measurement-of-5-5-mm-bracelet-qic-labs-approved-certificate-included-weigh-9-grams-bracelet16","status":"publish","type":"product","link":"https:\/\/shop.yipinqian.com\/pt\/produto\/mix-with-green-lavender-and-icy-natural-type-a-jadeite-jade-33-beads-with-measurement-of-5-5-mm-bracelet-qic-labs-approved-certificate-included-weigh-9-grams-bracelet16\/","title":{"rendered":"Misture com Jade\u00edte Natural Tipo A Verde, Lavanda e Gelado 33 Contas com medida de 5,5 mm pulseira, certificado aprovado pelos laborat\u00f3rios QIC incluso pesa 9 gramas (pulseira 16)"},"content":{"rendered":"<p>Esta mistura com verde, lavanda e pulseira de jade\u00edte natural tipo A gelada \u00e9 um acess\u00f3rio perfeito para uso di\u00e1rio. O <strong>33 contas<\/strong> tem uma medida de <strong>5,5 mil\u00edmetros<\/strong> cada um e s\u00e3o amarrados juntos para pesar <strong>9 gramas<\/strong> geral.<\/p>\n<p><\/p>\n<p><strong>N\u00fameros de certificado: 5924032200010<\/strong><\/p>\n<ul>\n<li>\n<strong>Mistura de cores:<\/strong> Apresentando tons naturais de verde, lavanda e gelo, esta pulseira exibe a beleza \u00fanica da jade\u00edta.<\/li>\n<li>\n<strong>Aprovado pela QIC Labs:<\/strong> Esta pulseira vem com um certificado aprovado pelos laborat\u00f3rios QIC para garantir sua autenticidade.<\/li>\n<li>\n<strong>Adapta-se confortavelmente:<\/strong> A pulseira \u00e9 projetada na forma de uma pulseira confort\u00e1vel de usar que pode ser ajustada para se ajustar ao tamanho do seu pulso<\/li>\n<\/ul>\n<p>O jade natural Tipo A usado neste produto vem de Myanmar, garantindo sua autenticidade e qualidade. \u00c9 um presente ideal para mulheres que apreciam pe\u00e7as deslumbrantes que podem ser usadas em qualquer ocasi\u00e3o.<\/p>\n<ul>\n<li>\n<strong>Sem garantia: <\/strong>Este produto n\u00e3o vem com nenhum tipo de garantia<\/li>\n<li>.<\/li>\n<\/ul>\n<p>Adicione esta pe\u00e7a delicada e marcante \u00e0 sua cole\u00e7\u00e3o de joias hoje mesmo!<\/p>\n<p>.<\/p>\n<p>Yi Pin Qian \u2013 Um negociante de pedras preciosas e metais preciosos em Cingapura \u2013 N\u00famero de licen\u00e7a PS20190000031<\/p>\n<p><\/p>\n<p>*Todos os Jadeites comprados de Yi Pin Qian em Cingapura, os clientes podem reservar hor\u00e1rios para polimento ou pequenos reparos por manuseio incorreto - taxas se aplicam e somente para clientes de Yi Pin Qian em Cingapura*<\/p>\n<p><\/p>\n<p><strong>**Tipos de Certificados**<\/strong><\/p>\n<p><\/p>\n<p><strong>NGI (Nan Yang Gemol\u00f3gico)<\/strong><\/p>\n<p>ou <strong>Certificados no exterior <\/strong>(Yi Pin Qian usa apenas certificados aut\u00eanticos de laborat\u00f3rios estrangeiros e tamb\u00e9m controla a qualidade de cada um dos nossos produtos antes de coloc\u00e1-los \u00e0 venda em Cingapura)<\/p>\n<p><\/p>\n<p>Cada produto no TikTok ter\u00e1 o tipo de certificado fornecido indicado na descri\u00e7\u00e3o. Para qualquer cliente que deseje enviar seu pedido para a NGI Singapore, haver\u00e1 um tempo de espera para entrega do pedido estimado em torno de 4 semanas para receber seu pedido. <strong>As solicita\u00e7\u00f5es de relat\u00f3rios da NGI Gemstone precisam ser feitas por mensagem para a loja Yi Pin Qian TikTok.<\/strong> Obrigado, <strong><u>taxas extras se aplicam<\/u><\/strong>.<\/p>\n<p><\/p>\n<p><strong>A jade\u00edta natural n\u00e3o \u00e9 perfeita, apenas um lembrete gentil, nossa jade\u00edta natural, como todas as coisas bonitas da natureza, vem com suas caracter\u00edsticas e varia\u00e7\u00f5es \u00fanicas. Convidamos nossos valiosos clientes a abra\u00e7ar essas varia\u00e7\u00f5es naturais. Boas compras!<\/strong><\/p>\n<p><\/p>\n<p><strong><u>Nenhuma das fotos e filmagens de v\u00eddeo foram filtradas. Incentivamos nossos clientes a tamb\u00e9m assistirem aos v\u00eddeos que os acompanham para uma vis\u00e3o mais abrangente de nossos produtos<\/u><\/strong><\/p>","protected":false},"excerpt":{"rendered":"<p>Esta mistura com verde, lavanda e gelo natural Tipo A Jade\u00edta pulseira de jade \u00e9 um acess\u00f3rio perfeito para uso di\u00e1rio. As 33 contas t\u00eam uma medida de 5,5 mm cada e s\u00e3o amarradas juntas para pesar 9 gramas no total. N\u00fameros de certificado: 5924032200010 Mistura de cores: Apresentando verde, lavanda e tons naturais gelados, esta pulseira exibe [\u2026]<\/p>","protected":false},"featured_media":6336,"comment_status":"open","ping_status":"closed","template":"","meta":[],"product_brand":[],"product_cat":[121,84],"product_tag":[],"class_list":{"0":"post-1595","1":"product","2":"type-product","3":"status-publish","4":"has-post-thumbnail","6":"product_cat-bracelets-bangles","7":"product_cat-charms-and-charm-bracelet","9":"first","10":"instock","11":"sale","12":"shipping-taxable","13":"purchasable","14":"product-type-simple"},"_links":{"self":[{"href":"https:\/\/shop.yipinqian.com\/pt\/wp-json\/wp\/v2\/product\/1595","targetHints":{"allow":["GET"]}}],"collection":[{"href":"https:\/\/shop.yipinqian.com\/pt\/wp-json\/wp\/v2\/product"}],"about":[{"href":"https:\/\/shop.yipinqian.com\/pt\/wp-json\/wp\/v2\/types\/product"}],"replies":[{"embeddable":true,"href":"https:\/\/shop.yipinqian.com\/pt\/wp-json\/wp\/v2\/comments?post=1595"}],"version-history":[{"count":0,"href":"https:\/\/shop.yipinqian.com\/pt\/wp-json\/wp\/v2\/product\/1595\/revisions"}],"wp:featuredmedia":[{"embeddable":true,"href":"https:\/\/shop.yipinqian.com\/pt\/wp-json\/wp\/v2\/media\/6336"}],"wp:attachment":[{"href":"https:\/\/shop.yipinqian.com\/pt\/wp-json\/wp\/v2\/media?parent=1595"}],"wp:term":[{"taxonomy":"product_brand","embeddable":true,"href":"https:\/\/shop.yipinqian.com\/pt\/wp-json\/wp\/v2\/product_brand?post=1595"},{"taxonomy":"product_cat","embeddable":true,"href":"https:\/\/shop.yipinqian.com\/pt\/wp-json\/wp\/v2\/product_cat?post=1595"},{"taxonomy":"product_tag","embeddable":true,"href":"https:\/\/shop.yipinqian.com\/pt\/wp-json\/wp\/v2\/product_tag?post=1595"}],"curies":[{"name":"wp","href":"https:\/\/api.w.org\/{rel}","templated":true}]}}