{"id":1583,"date":"2024-10-24T23:20:27","date_gmt":"2024-10-24T15:20:27","guid":{"rendered":"https:\/\/shop.yipinqian.com\/product\/lots-of-green-with-wuji-carved-as-nine-dragons-natural-type-a-jadeite-pendant-with-certificate-weight-45-16-grams-60-30-35-30-9-90-mm-suitable-for-daily-wear-pendant120\/"},"modified":"2025-02-24T01:17:29","modified_gmt":"2025-02-23T17:17:29","slug":"lots-of-green-with-wuji-carved-as-nine-dragons-natural-type-a-jadeite-pendant-with-certificate-weight-45-16-grams-60-30-35-30-9-90-mm-suitable-for-daily-wear-pendant120","status":"publish","type":"product","link":"https:\/\/shop.yipinqian.com\/pt\/produto\/lots-of-green-with-wuji-carved-as-nine-dragons-natural-type-a-jadeite-pendant-with-certificate-weight-45-16-grams-60-30-35-30-9-90-mm-suitable-for-daily-wear-pendant120\/","title":{"rendered":"Muito verde com Wuji esculpido como nove drag\u00f5es Pingente de jade\u00edta natural tipo A com certificado peso 45,16 gramas, 60,30 * 35,30 * 9,90 mm adequado para uso di\u00e1rio (pendant120)"},"content":{"rendered":"<p>Este pingente de Jade\u00edta Tipo A natural \u00e9 o acess\u00f3rio perfeito para uso di\u00e1rio. Com um peso de 45,16 gramas e dimens\u00f5es de 60,30 * 35,30 * 9,90 mm, ele apresenta um design deslumbrante que exibe muito verde com Wuji esculpido como nove drag\u00f5es.<\/p>\n<ul>\n<li>\n<strong>Com Certificado:<\/strong> Sim<\/li>\n<li>\n<strong>Pa\u00eds de origem:<\/strong> Mianmar<\/li>\n<li>\n<strong>Ocasi\u00e3o:<\/strong> Di\u00e1rio<\/li>\n<li>\n<strong>Tipo de Jade:<\/strong>Jade\u00edta<\/li>\n<li>\n<strong>G\u00eanero: <\/strong>O g\u00eanero deste produto \u00e9 unissex.<\/li>\n<\/ul>\n<p><strong>N\u00famero do certificado: SJ2312017069<\/strong><\/p>\n<p><img fetchpriority=\"high\" decoding=\"async\" height=\"1080\" src=\"https:\/\/shop.yipinqian.com\/wp-content\/uploads\/2024\/10\/096afd8af321bec50b66c8a9be965995.jpg?from=476444299\" width=\"1080\"><\/p>\n<p>O estilo casual do colar complementa a eleg\u00e2ncia e sofistica\u00e7\u00e3o desta pe\u00e7a requintada, tornando-a perfeita para qualquer ocasi\u00e3o.<\/p>\n<p>Este pingente n\u00e3o vem com garantia, mas foi feito para durar muitos anos como uma pe\u00e7a de destaque requintada em sua cole\u00e7\u00e3o ou um presente que voc\u00ea pode passar para as gera\u00e7\u00f5es futuras!<\/p>\n<p>\u00a0<\/p>\n<p>Yi Pin Qian \u2013 Um negociante de pedras preciosas e metais preciosos em Cingapura \u2013 N\u00famero de licen\u00e7a PS20190000031<\/p>\n<p>\u00a0<\/p>\n<p>*Todos os Jadeites comprados de Yi Pin Qian em Cingapura, os clientes podem reservar hor\u00e1rios para polimento ou pequenos reparos por manuseio incorreto - taxas se aplicam e somente para clientes de Yi Pin Qian em Cingapura*<\/p>\n<p>\u00a0<\/p>\n<p><strong>**Tipos de Certificados**<\/strong><\/p>\n<p>\u00a0<\/p>\n<p><strong>NGI (Nan Yang Gemol\u00f3gico)<\/strong><\/p>\n<p>ou <strong>Certificados no exterior <\/strong>(Yi Pin Qian usa apenas certificados aut\u00eanticos de laborat\u00f3rios estrangeiros e tamb\u00e9m controla a qualidade de cada um dos nossos produtos antes de coloc\u00e1-los \u00e0 venda em Cingapura)<\/p>\n<p>\u00a0<\/p>\n<p>Cada produto no TikTok ter\u00e1 o tipo de certificado fornecido indicado na descri\u00e7\u00e3o. Para qualquer cliente que deseje enviar seu pedido para a NGI Singapore, haver\u00e1 um tempo de espera para entrega do pedido estimado em torno de 4 semanas para receber seu pedido. <strong>As solicita\u00e7\u00f5es de relat\u00f3rios da NGI Gemstone precisam ser feitas por mensagem para a loja Yi Pin Qian TikTok.<\/strong> Obrigado, <strong><u>taxas extras se aplicam<\/u><\/strong>.<\/p>","protected":false},"excerpt":{"rendered":"<p>This natural Type A Jadeite pendant is the perfect accessory for daily wear. With a weight of 45.16 grams and dimensions of 60.30 * 35.30 * 9.90 mm, it features a stunning design that showcases lots of green with Wuji carved as nine dragons. With Certificate: Yes Country Of Origin: Myanmar Occasion: Daily Jade Type:Jadeite [&hellip;]<\/p>","protected":false},"featured_media":6248,"comment_status":"open","ping_status":"closed","template":"","meta":[],"product_brand":[],"product_cat":[195],"product_tag":[],"class_list":{"0":"post-1583","1":"product","2":"type-product","3":"status-publish","4":"has-post-thumbnail","6":"product_cat-heirloom-grade","8":"first","9":"instock","10":"sale","11":"shipping-taxable","12":"purchasable","13":"product-type-simple"},"_links":{"self":[{"href":"https:\/\/shop.yipinqian.com\/pt\/wp-json\/wp\/v2\/product\/1583","targetHints":{"allow":["GET"]}}],"collection":[{"href":"https:\/\/shop.yipinqian.com\/pt\/wp-json\/wp\/v2\/product"}],"about":[{"href":"https:\/\/shop.yipinqian.com\/pt\/wp-json\/wp\/v2\/types\/product"}],"replies":[{"embeddable":true,"href":"https:\/\/shop.yipinqian.com\/pt\/wp-json\/wp\/v2\/comments?post=1583"}],"version-history":[{"count":0,"href":"https:\/\/shop.yipinqian.com\/pt\/wp-json\/wp\/v2\/product\/1583\/revisions"}],"wp:featuredmedia":[{"embeddable":true,"href":"https:\/\/shop.yipinqian.com\/pt\/wp-json\/wp\/v2\/media\/6248"}],"wp:attachment":[{"href":"https:\/\/shop.yipinqian.com\/pt\/wp-json\/wp\/v2\/media?parent=1583"}],"wp:term":[{"taxonomy":"product_brand","embeddable":true,"href":"https:\/\/shop.yipinqian.com\/pt\/wp-json\/wp\/v2\/product_brand?post=1583"},{"taxonomy":"product_cat","embeddable":true,"href":"https:\/\/shop.yipinqian.com\/pt\/wp-json\/wp\/v2\/product_cat?post=1583"},{"taxonomy":"product_tag","embeddable":true,"href":"https:\/\/shop.yipinqian.com\/pt\/wp-json\/wp\/v2\/product_tag?post=1583"}],"curies":[{"name":"wp","href":"https:\/\/api.w.org\/{rel}","templated":true}]}}