{"id":1581,"date":"2024-10-24T23:20:26","date_gmt":"2024-10-24T15:20:26","guid":{"rendered":"https:\/\/shop.yipinqian.com\/product\/lots-of-green-on-this-natural-type-a-jadeite-pendant-necklace-crafted-as-chinese-cabbage-with-ruyi-symbols-of-wealth-rolling-in-good-luck-and-prosperity-certificate-included-weigh-15-27-grams-47-9-19\/"},"modified":"2025-02-17T00:04:05","modified_gmt":"2025-02-16T16:04:05","slug":"lots-of-green-on-this-natural-type-a-jadeite-pendant-necklace-crafted-as-chinese-cabbage-with-ruyi-symbols-of-wealth-rolling-in-good-luck-and-prosperity-certificate-included-weigh-15-27-grams-47-9-19","status":"publish","type":"product","link":"https:\/\/shop.yipinqian.com\/pt\/produto\/lots-of-green-on-this-natural-type-a-jadeite-pendant-necklace-crafted-as-chinese-cabbage-with-ruyi-symbols-of-wealth-rolling-in-good-luck-and-prosperity-certificate-included-weigh-15-27-grams-47-9-19\/","title":{"rendered":"Lots Of Green on this Natural Type Jadeite Pendant Necklace Crafted as Chinese Cabbage with Ru Ayi, Symbols of Wealth rolling in, good luck and prosperity, certificate included weigh 15.27 grams, 47.9 * 19.6 * 14.8 mm, (pendant30)"},"content":{"rendered":"<p>Bring a touch of prosperity and good luck to your daily life with this stunning Natural Type A Jadeite Pendant Necklace. Crafted to resemble a Chinese cabbage with Ruyi, symbols of wealth rolling in, this necklace is the perfect accessory for adding some charm and elegance to your casual look.<\/p>\n<ul>\n<li>\n<strong>Lots Of Green:<\/strong> The pendant boasts a beautiful green color that will complement any outfit.<\/li>\n<li>\n<strong>Certificado inclu\u00eddo:<\/strong> This necklace comes with a certificate of authenticity, ensuring that you are getting genuine jadeite.<\/li>\n<\/ul>\n<p><strong>Certificate numbers: ZGDTE125871<\/strong><\/p>\n<p><img fetchpriority=\"high\" decoding=\"async\" height=\"1080\" src=\"https:\/\/shop.yipinqian.com\/wp-content\/uploads\/2024\/10\/f545a9e2efde702c2f5ab557bfe72ff7.jpg?from=476444299\" width=\"1080\"><\/p>\n<ul>\n<li>\n<strong>Weighs 15.27 grams:<\/strong> Lightweight yet solidly constructed for comfortable wear all day long.<\/li>\n<\/ul>\n<p>Made from high-quality Jadeite from Myanmar, this unisex necklace is perfect for daily wear and makes an excellent addition to any jewelry collection. Plus, the casual style means you can easily pair it with other pieces or wear it on its own as an eye-catching statement piece.<\/p>\n<ul>\n<li>\n<strong>Tipo de Jade:<\/strong> Made from beautiful Jadeite material known for its durability and unique patterns<\/li>\n<li>\n<strong>O estilo do colar: <\/strong>Casual style makes it easy-to-wear every day or layer up with other necklaces<\/li>\n<\/ul>\n<p>Add some elegance into your everyday life &#8211; order now!<\/p>\n<p>.<\/p>\n<p>Yi Pin Qian \u2013 Um negociante de pedras preciosas e metais preciosos em Cingapura \u2013 N\u00famero de licen\u00e7a PS20190000031<\/p>\n<p>\u00a0<\/p>\n<p>*Todos os Jadeites comprados de Yi Pin Qian em Cingapura, os clientes podem reservar hor\u00e1rios para polimento ou pequenos reparos por manuseio incorreto - taxas se aplicam e somente para clientes de Yi Pin Qian em Cingapura*<\/p>\n<p>\u00a0<\/p>\n<p><strong>**Tipos de Certificados**<\/strong><\/p>\n<p>\u00a0<\/p>\n<p><strong>NGI (Nan Yang Gemol\u00f3gico)<\/strong><\/p>\n<p>ou <strong>Certificados no exterior <\/strong>(Yi Pin Qian usa apenas certificados aut\u00eanticos de laborat\u00f3rios estrangeiros e tamb\u00e9m controla a qualidade de cada um dos nossos produtos antes de coloc\u00e1-los \u00e0 venda em Cingapura)<\/p>\n<p>\u00a0<\/p>\n<p>Cada produto no TikTok ter\u00e1 o tipo de certificado fornecido indicado na descri\u00e7\u00e3o. Para qualquer cliente que deseje enviar seu pedido para a NGI Singapore, haver\u00e1 um tempo de espera para entrega do pedido estimado em torno de 4 semanas para receber seu pedido. <strong>As solicita\u00e7\u00f5es de relat\u00f3rios da NGI Gemstone precisam ser feitas por mensagem para a loja Yi Pin Qian TikTok.<\/strong> Obrigado, <strong><u>taxas extras se aplicam<\/u><\/strong>.<\/p>\n<p>\u00a0<\/p>\n<p><strong>A jade\u00edta natural n\u00e3o \u00e9 perfeita, apenas um lembrete gentil, nossa jade\u00edta natural, como todas as coisas bonitas da natureza, vem com suas caracter\u00edsticas e varia\u00e7\u00f5es \u00fanicas. Convidamos nossos valiosos clientes a abra\u00e7ar essas varia\u00e7\u00f5es naturais. Boas compras!<\/strong><\/p>\n<p>\u00a0<\/p>\n<p><strong><u>Nenhuma das fotos e filmagens de v\u00eddeo foram filtradas. Incentivamos nossos clientes a tamb\u00e9m assistirem aos v\u00eddeos que os acompanham para uma vis\u00e3o mais abrangente de nossos produtos<\/u><\/strong><\/p>","protected":false},"excerpt":{"rendered":"<p>Bring a touch of prosperity and good luck to your daily life with this stunning Natural Type A Jadeite Pendant Necklace. Crafted to resemble a Chinese cabbage with Ruyi, symbols of wealth rolling in, this necklace is the perfect accessory for adding some charm and elegance to your casual look. Lots Of Green: The pendant [&hellip;]<\/p>","protected":false},"featured_media":6238,"comment_status":"open","ping_status":"closed","template":"","meta":[],"product_brand":[],"product_cat":[48],"product_tag":[],"class_list":{"0":"post-1581","1":"product","2":"type-product","3":"status-publish","4":"has-post-thumbnail","6":"product_cat-pendants","8":"first","9":"instock","10":"sale","11":"shipping-taxable","12":"purchasable","13":"product-type-simple"},"_links":{"self":[{"href":"https:\/\/shop.yipinqian.com\/pt\/wp-json\/wp\/v2\/product\/1581","targetHints":{"allow":["GET"]}}],"collection":[{"href":"https:\/\/shop.yipinqian.com\/pt\/wp-json\/wp\/v2\/product"}],"about":[{"href":"https:\/\/shop.yipinqian.com\/pt\/wp-json\/wp\/v2\/types\/product"}],"replies":[{"embeddable":true,"href":"https:\/\/shop.yipinqian.com\/pt\/wp-json\/wp\/v2\/comments?post=1581"}],"version-history":[{"count":0,"href":"https:\/\/shop.yipinqian.com\/pt\/wp-json\/wp\/v2\/product\/1581\/revisions"}],"wp:featuredmedia":[{"embeddable":true,"href":"https:\/\/shop.yipinqian.com\/pt\/wp-json\/wp\/v2\/media\/6238"}],"wp:attachment":[{"href":"https:\/\/shop.yipinqian.com\/pt\/wp-json\/wp\/v2\/media?parent=1581"}],"wp:term":[{"taxonomy":"product_brand","embeddable":true,"href":"https:\/\/shop.yipinqian.com\/pt\/wp-json\/wp\/v2\/product_brand?post=1581"},{"taxonomy":"product_cat","embeddable":true,"href":"https:\/\/shop.yipinqian.com\/pt\/wp-json\/wp\/v2\/product_cat?post=1581"},{"taxonomy":"product_tag","embeddable":true,"href":"https:\/\/shop.yipinqian.com\/pt\/wp-json\/wp\/v2\/product_tag?post=1581"}],"curies":[{"name":"wp","href":"https:\/\/api.w.org\/{rel}","templated":true}]}}