{"id":1580,"date":"2024-10-24T23:20:26","date_gmt":"2024-10-24T15:20:26","guid":{"rendered":"https:\/\/shop.yipinqian.com\/product\/line-of-green-crafted-with-very-refreshing-unique-rare-dragonfly-with-flower-natural-type-a-jadeite-pendant-come-with-certificate-weight-26-84-grams-57-20-21-70-11-80-mm-suitable-for-daily-wear-pendan\/"},"modified":"2025-02-17T00:04:05","modified_gmt":"2025-02-16T16:04:05","slug":"line-of-green-crafted-with-very-refreshing-unique-rare-dragonfly-with-flower-natural-type-a-jadeite-pendant-come-with-certificate-weight-26-84-grams-57-20-21-70-11-80-mm-suitable-for-daily-wear-pendan","status":"publish","type":"product","link":"https:\/\/shop.yipinqian.com\/pt\/produto\/line-of-green-crafted-with-very-refreshing-unique-rare-dragonfly-with-flower-natural-type-a-jadeite-pendant-come-with-certificate-weight-26-84-grams-57-20-21-70-11-80-mm-suitable-for-daily-wear-pendan\/","title":{"rendered":"Line of Green Crafted with Very Refreshing Unique Rare Dragonfly with Flower Natural Type A Jadeite Pendant come with certificate weight 26.84 grams, 57.20 * 21.70 * 11.80 mm suitable for daily wear (pendant114)"},"content":{"rendered":"<p>This exquisite Jade Necklace &amp; Pendant features a refreshing Dragonfly with Flower design in a beautiful shade of green. Made of natural Type A Jadeite, this pendant weighs 26.84 grams and measures 57.20 * 21.70 * 11.80 mm, making it perfect for daily wear.<\/p>\n<ul>\n<li>\n<strong>Unique Rare Design:<\/strong> Featuring a one line Dragonfly with Flower design, this pendant is truly unique and rare.<\/li>\n<li>\n<strong>Jade\u00edta natural tipo A:<\/strong> Crafted using natural Type A Jadeite, this pendant is both durable and beautiful in equal measure.<\/li>\n<li>\n<strong>Certificado inclu\u00eddo:<\/strong> This pendant comes with a certificate to ensure its authenticity for your peace of mind.<\/li>\n<\/ul>\n<p>Certificate numbers: GD2204H005660<\/p>\n<p>\u00a0<\/p>\n<p><img fetchpriority=\"high\" decoding=\"async\" height=\"1080\" src=\"https:\/\/shop.yipinqian.com\/wp-content\/uploads\/2024\/10\/e883aa4e589812f67198a351556e94a2.jpg?from=476444299\" width=\"1080\"><\/p>\n<p>Made in Myanmar, this stunning unisex necklace has been designed to be casual yet elegant &#8211; suitable for any daily occasion! Please note that the warranty type on this product is &#8216;No&#8217;.<\/p>\n<p>\u00a0<\/p>\n<p>Yi Pin Qian \u2013 Um negociante de pedras preciosas e metais preciosos em Cingapura \u2013 N\u00famero de licen\u00e7a PS20190000031<\/p>\n<p>\u00a0<\/p>\n<p>*Todos os Jadeites comprados de Yi Pin Qian em Cingapura, os clientes podem reservar hor\u00e1rios para polimento ou pequenos reparos por manuseio incorreto - taxas se aplicam e somente para clientes de Yi Pin Qian em Cingapura*<\/p>\n<p>\u00a0<\/p>\n<p><strong>**Tipos de Certificados**<\/strong><\/p>\n<p>\u00a0<\/p>\n<p><strong>NGI (Nan Yang Gemol\u00f3gico)<\/strong><\/p>\n<p>ou <strong>Certificados no exterior <\/strong>(Yi Pin Qian usa apenas certificados aut\u00eanticos de laborat\u00f3rios estrangeiros e tamb\u00e9m controla a qualidade de cada um dos nossos produtos antes de coloc\u00e1-los \u00e0 venda em Cingapura)<\/p>\n<p>\u00a0<\/p>\n<p>Cada produto no TikTok ter\u00e1 o tipo de certificado fornecido indicado na descri\u00e7\u00e3o. Para qualquer cliente que deseje enviar seu pedido para a NGI Singapore, haver\u00e1 um tempo de espera para entrega do pedido estimado em torno de 4 semanas para receber seu pedido. <strong>As solicita\u00e7\u00f5es de relat\u00f3rios da NGI Gemstone precisam ser feitas por mensagem para a loja Yi Pin Qian TikTok.<\/strong> Obrigado, <strong><u>taxas extras se aplicam<\/u><\/strong>.<\/p>","protected":false},"excerpt":{"rendered":"<p>Este requintado colar e pingente de jade apresenta um design refrescante de lib\u00e9lula com flor em um lindo tom de verde. Feito de jade\u00edta natural tipo A, este pingente pesa 26,84 gramas e mede 57,20 * 21,70 * 11,80 mm, tornando-o perfeito para uso di\u00e1rio. Design raro exclusivo: Apresentando um design de lib\u00e9lula com flor de uma linha, [\u2026]<\/p>","protected":false},"featured_media":6228,"comment_status":"open","ping_status":"closed","template":"","meta":[],"product_brand":[],"product_cat":[48],"product_tag":[],"class_list":{"0":"post-1580","1":"product","2":"type-product","3":"status-publish","4":"has-post-thumbnail","6":"product_cat-pendants","8":"first","9":"instock","10":"sale","11":"shipping-taxable","12":"purchasable","13":"product-type-simple"},"_links":{"self":[{"href":"https:\/\/shop.yipinqian.com\/pt\/wp-json\/wp\/v2\/product\/1580","targetHints":{"allow":["GET"]}}],"collection":[{"href":"https:\/\/shop.yipinqian.com\/pt\/wp-json\/wp\/v2\/product"}],"about":[{"href":"https:\/\/shop.yipinqian.com\/pt\/wp-json\/wp\/v2\/types\/product"}],"replies":[{"embeddable":true,"href":"https:\/\/shop.yipinqian.com\/pt\/wp-json\/wp\/v2\/comments?post=1580"}],"version-history":[{"count":0,"href":"https:\/\/shop.yipinqian.com\/pt\/wp-json\/wp\/v2\/product\/1580\/revisions"}],"wp:featuredmedia":[{"embeddable":true,"href":"https:\/\/shop.yipinqian.com\/pt\/wp-json\/wp\/v2\/media\/6228"}],"wp:attachment":[{"href":"https:\/\/shop.yipinqian.com\/pt\/wp-json\/wp\/v2\/media?parent=1580"}],"wp:term":[{"taxonomy":"product_brand","embeddable":true,"href":"https:\/\/shop.yipinqian.com\/pt\/wp-json\/wp\/v2\/product_brand?post=1580"},{"taxonomy":"product_cat","embeddable":true,"href":"https:\/\/shop.yipinqian.com\/pt\/wp-json\/wp\/v2\/product_cat?post=1580"},{"taxonomy":"product_tag","embeddable":true,"href":"https:\/\/shop.yipinqian.com\/pt\/wp-json\/wp\/v2\/product_tag?post=1580"}],"curies":[{"name":"wp","href":"https:\/\/api.w.org\/{rel}","templated":true}]}}