{"id":1576,"date":"2024-10-24T23:20:22","date_gmt":"2024-10-24T15:20:22","guid":{"rendered":"https:\/\/shop.yipinqian.com\/product\/limited-time-offer-lavender-green-hue-natural-type-a-jadeite-jade-crafted-as-shape-of-donut-set-on-18k-gold-with-diamonds-and-1-icy-apple-green-cabochon-certificate-weigh-4-47-grams-measurement-19-9-1\/"},"modified":"2025-02-17T00:04:04","modified_gmt":"2025-02-16T16:04:04","slug":"limited-time-offer-lavender-green-hue-natural-type-a-jadeite-jade-crafted-as-shape-of-donut-set-on-18k-gold-with-diamonds-and-1-icy-apple-green-cabochon-certificate-weigh-4-47-grams-measurement-19-9-1","status":"publish","type":"product","link":"https:\/\/shop.yipinqian.com\/pt\/produto\/limited-time-offer-lavender-green-hue-natural-type-a-jadeite-jade-crafted-as-shape-of-donut-set-on-18k-gold-with-diamonds-and-1-icy-apple-green-cabochon-certificate-weigh-4-47-grams-measurement-19-9-1\/","title":{"rendered":"Limited time offer &#8211; Lavender, Green Hue Natural Type A Jadeite Jade crafted as shape of Donut set on 18k gold with diamonds and 1 icy apple green cabochon, certificate weigh 4.47 grams, measurement 19.9 * 19.9 * 3.6 mm (18kp26)"},"content":{"rendered":"<p>This Lavender and Green Hue Natural Type A Jadeite Jade pendant is a stunning addition to any jewelry collection. Crafted in the shape of a donut and set on 18k gold, it features dazzling diamonds and a gorgeous icy apple green cabochon.<\/p>\n<p>\u00a0<\/p>\n<p><strong>Certificate numbers: GD2110H012008<\/strong><\/p>\n<p>\u00a0<\/p>\n<p><strong>Diamonds: 90 *<em> 0.003 = 0.27 carats \/ 1 <\/em>* 0.06 carats<\/strong><\/p>\n<p><strong>1 * Icy Apple Green Jadeite Cabochon<\/strong><\/p>\n<p><strong>18k Gold Weight: 1.49 grams<\/strong><\/p>\n<p>\u00a0<\/p>\n<ul>\n<li>\n<strong>Materials:<\/strong> This pendant features Type A Jadeite jade, diamonds, and <strong>18k gold.<\/strong>\n<\/li>\n<li>\n<strong>Certificado:<\/strong> Yes, this product comes with a certificate of authenticity.<\/li>\n<li>\n<strong>Medidas:<\/strong> O pingente pesa <strong>4.47 grams<\/strong> e medidas <strong>19.9 * 19.9 *3.6 mm.<\/strong>\n<\/li>\n<li>\n<strong>Tipo de Jade:<\/strong> This product is made with Type A jadeite jade from Myanmar.<\/li>\n<\/ul>\n<p>This unisex necklace has a casual style that can be worn on any occasion or given as an unforgettable gift to someone special in your life.<\/p>\n<p>\u00a0<\/p>\n<p>Add this Lavender Green Hue Natural Type A Jadeite Donut Pendant to your wardrobe today!<\/p>\n<p>\u00a0<\/p>\n<p>Yi Pin Qian \u2013 Um negociante de pedras preciosas e metais preciosos em Cingapura \u2013 N\u00famero de licen\u00e7a PS20190000031<\/p>\n<p>\u00a0<\/p>\n<p>*Todos os Jadeites comprados de Yi Pin Qian em Cingapura, os clientes podem reservar hor\u00e1rios para polimento ou pequenos reparos por manuseio incorreto - taxas se aplicam e somente para clientes de Yi Pin Qian em Cingapura*<\/p>\n<p>\u00a0<\/p>\n<p><strong>**Tipos de Certificados**<\/strong><\/p>\n<p>\u00a0<\/p>\n<p><strong>NGI (Nan Yang Gemol\u00f3gico)<\/strong><\/p>\n<p>ou <strong>Certificados no exterior <\/strong>(Yi Pin Qian usa apenas certificados aut\u00eanticos de laborat\u00f3rios estrangeiros e tamb\u00e9m controla a qualidade de cada um dos nossos produtos antes de coloc\u00e1-los \u00e0 venda em Cingapura)<\/p>\n<p>\u00a0<\/p>\n<p>Cada produto no TikTok ter\u00e1 o tipo de certificado fornecido indicado na descri\u00e7\u00e3o. Para qualquer cliente que deseje enviar seu pedido para a NGI Singapore, haver\u00e1 um tempo de espera para entrega do pedido estimado em torno de 4 semanas para receber seu pedido. <strong>As solicita\u00e7\u00f5es de relat\u00f3rios da NGI Gemstone precisam ser feitas por mensagem para a loja Yi Pin Qian TikTok.<\/strong> Obrigado, <strong><u>taxas extras se aplicam<\/u><\/strong>.<\/p>\n<p>\u00a0<\/p>\n<p><strong>A jade\u00edta natural n\u00e3o \u00e9 perfeita, apenas um lembrete gentil, nossa jade\u00edta natural, como todas as coisas bonitas da natureza, vem com suas caracter\u00edsticas e varia\u00e7\u00f5es \u00fanicas. Convidamos nossos valiosos clientes a abra\u00e7ar essas varia\u00e7\u00f5es naturais. Boas compras!<\/strong><\/p>\n<p>\u00a0<\/p>\n<p><strong><u>Nenhuma das fotos e filmagens de v\u00eddeo foram filtradas. Incentivamos nossos clientes a tamb\u00e9m assistirem aos v\u00eddeos que os acompanham para uma vis\u00e3o mais abrangente de nossos produtos<\/u><\/strong><\/p>","protected":false},"excerpt":{"rendered":"<p>This Lavender and Green Hue Natural Type A Jadeite Jade pendant is a stunning addition to any jewelry collection. Crafted in the shape of a donut and set on 18k gold, it features dazzling diamonds and a gorgeous icy apple green cabochon. \u00a0 Certificate numbers: GD2110H012008 \u00a0 Diamonds: 90 * 0.003 = 0.27 carats \/ [&hellip;]<\/p>","protected":false},"featured_media":6200,"comment_status":"open","ping_status":"closed","template":"","meta":[],"product_brand":[],"product_cat":[120,48],"product_tag":[],"class_list":{"0":"post-1576","1":"product","2":"type-product","3":"status-publish","4":"has-post-thumbnail","6":"product_cat-18k-gold-setting-pendants","7":"product_cat-pendants","9":"first","10":"instock","11":"sale","12":"shipping-taxable","13":"purchasable","14":"product-type-simple"},"_links":{"self":[{"href":"https:\/\/shop.yipinqian.com\/pt\/wp-json\/wp\/v2\/product\/1576","targetHints":{"allow":["GET"]}}],"collection":[{"href":"https:\/\/shop.yipinqian.com\/pt\/wp-json\/wp\/v2\/product"}],"about":[{"href":"https:\/\/shop.yipinqian.com\/pt\/wp-json\/wp\/v2\/types\/product"}],"replies":[{"embeddable":true,"href":"https:\/\/shop.yipinqian.com\/pt\/wp-json\/wp\/v2\/comments?post=1576"}],"version-history":[{"count":0,"href":"https:\/\/shop.yipinqian.com\/pt\/wp-json\/wp\/v2\/product\/1576\/revisions"}],"wp:featuredmedia":[{"embeddable":true,"href":"https:\/\/shop.yipinqian.com\/pt\/wp-json\/wp\/v2\/media\/6200"}],"wp:attachment":[{"href":"https:\/\/shop.yipinqian.com\/pt\/wp-json\/wp\/v2\/media?parent=1576"}],"wp:term":[{"taxonomy":"product_brand","embeddable":true,"href":"https:\/\/shop.yipinqian.com\/pt\/wp-json\/wp\/v2\/product_brand?post=1576"},{"taxonomy":"product_cat","embeddable":true,"href":"https:\/\/shop.yipinqian.com\/pt\/wp-json\/wp\/v2\/product_cat?post=1576"},{"taxonomy":"product_tag","embeddable":true,"href":"https:\/\/shop.yipinqian.com\/pt\/wp-json\/wp\/v2\/product_tag?post=1576"}],"curies":[{"name":"wp","href":"https:\/\/api.w.org\/{rel}","templated":true}]}}