{"id":1570,"date":"2024-10-24T23:20:18","date_gmt":"2024-10-24T15:20:18","guid":{"rendered":"https:\/\/shop.yipinqian.com\/product\/light-lavender-with-red-patches-natural-type-a-jadeite-pendant-necklace-crafted-with-fengshui-scenery-certificate-included-weigh-44-44-grams-60-8-36-9-8-mm-pendant104\/"},"modified":"2025-02-24T00:49:52","modified_gmt":"2025-02-23T16:49:52","slug":"light-lavender-with-red-patches-natural-type-a-jadeite-pendant-necklace-crafted-with-fengshui-scenery-certificate-included-weigh-44-44-grams-60-8-36-9-8-mm-pendant104","status":"publish","type":"product","link":"https:\/\/shop.yipinqian.com\/pt\/produto\/light-lavender-with-red-patches-natural-type-a-jadeite-pendant-necklace-crafted-with-fengshui-scenery-certificate-included-weigh-44-44-grams-60-8-36-9-8-mm-pendant104\/","title":{"rendered":"Light Lavender with red patches Natural Type A Jadeite Pendant Necklace crafted with fengshui scenery, certificate included weigh 44.44 grams, 60.8 * 36 * 9.8 mm (pendant104)"},"content":{"rendered":"<p>Elevate your style with this stunning light lavender with red patches Natural Type A Jadeite Pendant Necklace. Crafted with fengshui scenery, this necklace is a true masterpiece.<\/p>\n<ul>\n<li>Exquisite Design: This necklace features a beautiful fengshui scenery design that&#8217;s both elegant and captivating.<\/li>\n<li>Natural Type A Jadeite: Made from natural Type A jadeite, this pendant is not only beautiful but also durable.<\/li>\n<li>Certificate Included: You can be sure of the authenticity of the jade as it comes with a certificate included in the package.<\/li>\n<\/ul>\n<p><strong>Certificate numbers: GD2112H011123<\/strong><\/p>\n<p><img fetchpriority=\"high\" decoding=\"async\" height=\"1080\" src=\"https:\/\/shop.yipinqian.com\/wp-content\/uploads\/2024\/10\/437fda13fd42570691e14c8ce7658ef3.jpg?from=476444299\" width=\"1080\"><img decoding=\"async\" height=\"1080\" src=\"https:\/\/shop.yipinqian.com\/wp-content\/uploads\/2024\/10\/446c98496f1220db176b1b3aa8705ea8.jpg?from=476444299\" width=\"1080\"><\/p>\n<p>The pendant weighs 44.44 grams and measures 60.8 * 36 * 9.8 mm (pendant104), making it an ideal size for casual wear.<\/p>\n<ul>\n<li>Unisex Design: This pendant is designed for both men and women, making it an excellent choice for anyone looking to add some style to their outfit.<\/li>\n<li>Jade Necklace Style &#8211; Casual: The casual design of this necklace makes it perfect for daily wear or when going out with friends or family<\/li>\n<\/ul>\n<p>This gorgeous piece was crafted in Myanmar and is an excellent choice for anyone looking to invest in quality jewelry accessories &amp; derivatives that are perfect as daily wears without worrying about warranty type as there isn&#8217;t any hassle when you buy from us!<\/p>\n<p>\u00a0<\/p>\n<p>Yi Pin Qian \u2013 Um negociante de pedras preciosas e metais preciosos em Cingapura \u2013 N\u00famero de licen\u00e7a PS20190000031<\/p>\n<p>\u00a0<\/p>\n<p>*Todos os Jadeites comprados de Yi Pin Qian em Cingapura, os clientes podem reservar hor\u00e1rios para polimento ou pequenos reparos por manuseio incorreto - taxas se aplicam e somente para clientes de Yi Pin Qian em Cingapura*<\/p>\n<p>\u00a0<\/p>\n<p><strong>**Tipos de Certificados**<\/strong><\/p>\n<p>\u00a0<\/p>\n<p><strong>NGI (Nan Yang Gemol\u00f3gico)<\/strong><\/p>\n<p>ou <strong>Certificados no exterior <\/strong>(Yi Pin Qian usa apenas certificados aut\u00eanticos de laborat\u00f3rios estrangeiros e tamb\u00e9m controla a qualidade de cada um dos nossos produtos antes de coloc\u00e1-los \u00e0 venda em Cingapura)<\/p>\n<p>\u00a0<\/p>\n<p>Cada produto no TikTok ter\u00e1 o tipo de certificado fornecido indicado na descri\u00e7\u00e3o. Para qualquer cliente que deseje enviar seu pedido para a NGI Singapore, haver\u00e1 um tempo de espera para entrega do pedido estimado em torno de 4 semanas para receber seu pedido. <strong>As solicita\u00e7\u00f5es de relat\u00f3rios da NGI Gemstone precisam ser feitas por mensagem para a loja Yi Pin Qian TikTok.<\/strong> Obrigado, <strong><u>taxas extras se aplicam<\/u><\/strong>.<\/p>\n<p>\u00a0<\/p>\n<p><strong>A jade\u00edta natural n\u00e3o \u00e9 perfeita, apenas um lembrete gentil, nossa jade\u00edta natural, como todas as coisas bonitas da natureza, vem com suas caracter\u00edsticas e varia\u00e7\u00f5es \u00fanicas. Convidamos nossos valiosos clientes a abra\u00e7ar essas varia\u00e7\u00f5es naturais. Boas compras!<\/strong><\/p>\n<p>\u00a0<\/p>\n<p><strong><u>Nenhuma das fotos e filmagens de v\u00eddeo foram filtradas. Incentivamos nossos clientes a tamb\u00e9m assistirem aos v\u00eddeos que os acompanham para uma vis\u00e3o mais abrangente de nossos produtos<\/u><\/strong><\/p>","protected":false},"excerpt":{"rendered":"<p>Elevate your style with this stunning light lavender with red patches Natural Type A Jadeite Pendant Necklace. Crafted with fengshui scenery, this necklace is a true masterpiece. Exquisite Design: This necklace features a beautiful fengshui scenery design that&#8217;s both elegant and captivating. Natural Type A Jadeite: Made from natural Type A jadeite, this pendant is [&hellip;]<\/p>","protected":false},"featured_media":6167,"comment_status":"open","ping_status":"closed","template":"","meta":[],"product_brand":[],"product_cat":[194],"product_tag":[],"class_list":{"0":"post-1570","1":"product","2":"type-product","3":"status-publish","4":"has-post-thumbnail","6":"product_cat-value-picks","8":"first","9":"instock","10":"sale","11":"shipping-taxable","12":"purchasable","13":"product-type-simple"},"_links":{"self":[{"href":"https:\/\/shop.yipinqian.com\/pt\/wp-json\/wp\/v2\/product\/1570","targetHints":{"allow":["GET"]}}],"collection":[{"href":"https:\/\/shop.yipinqian.com\/pt\/wp-json\/wp\/v2\/product"}],"about":[{"href":"https:\/\/shop.yipinqian.com\/pt\/wp-json\/wp\/v2\/types\/product"}],"replies":[{"embeddable":true,"href":"https:\/\/shop.yipinqian.com\/pt\/wp-json\/wp\/v2\/comments?post=1570"}],"version-history":[{"count":0,"href":"https:\/\/shop.yipinqian.com\/pt\/wp-json\/wp\/v2\/product\/1570\/revisions"}],"wp:featuredmedia":[{"embeddable":true,"href":"https:\/\/shop.yipinqian.com\/pt\/wp-json\/wp\/v2\/media\/6167"}],"wp:attachment":[{"href":"https:\/\/shop.yipinqian.com\/pt\/wp-json\/wp\/v2\/media?parent=1570"}],"wp:term":[{"taxonomy":"product_brand","embeddable":true,"href":"https:\/\/shop.yipinqian.com\/pt\/wp-json\/wp\/v2\/product_brand?post=1570"},{"taxonomy":"product_cat","embeddable":true,"href":"https:\/\/shop.yipinqian.com\/pt\/wp-json\/wp\/v2\/product_cat?post=1570"},{"taxonomy":"product_tag","embeddable":true,"href":"https:\/\/shop.yipinqian.com\/pt\/wp-json\/wp\/v2\/product_tag?post=1570"}],"curies":[{"name":"wp","href":"https:\/\/api.w.org\/{rel}","templated":true}]}}