{"id":1566,"date":"2024-10-24T23:20:17","date_gmt":"2024-10-24T15:20:17","guid":{"rendered":"https:\/\/shop.yipinqian.com\/product\/light-lavender-qilin-natural-type-a-jadeite-pendant-with-certificate-weigh-51-04-grams-51-3-46-6-12-mm-symbols-of-auspicious-peaceful-and-happy-suitable-for-daily-wear-pendant62\/"},"modified":"2025-02-24T00:49:52","modified_gmt":"2025-02-23T16:49:52","slug":"light-lavender-qilin-natural-type-a-jadeite-pendant-with-certificate-weigh-51-04-grams-51-3-46-6-12-mm-symbols-of-auspicious-peaceful-and-happy-suitable-for-daily-wear-pendant62","status":"publish","type":"product","link":"https:\/\/shop.yipinqian.com\/pt\/produto\/light-lavender-qilin-natural-type-a-jadeite-pendant-with-certificate-weigh-51-04-grams-51-3-46-6-12-mm-symbols-of-auspicious-peaceful-and-happy-suitable-for-daily-wear-pendant62\/","title":{"rendered":"Light Lavender Qilin Natural Type A Jadeite Pendant with certificate weigh 51.04 grams, 51.3 * 46.6 * 12 mm, symbols of Auspicious, peaceful, and happy, suitable for daily wear (pendant62)"},"content":{"rendered":"<p>Add a touch of elegance to your daily wear with this beautiful Light Lavender Qilin Natural Type A Jadeite Pendant. Weighing 51.04 grams and measuring 51.3 * 46.6 * 12 mm, this pendant is perfect for those who appreciate the beauty of natural jade.<\/p>\n<ul>\n<li>\n<strong>Symbols of Auspicious, Peaceful and Happy:<\/strong> The Qilin represents good luck, peace and happiness &#8211; making it an ideal accessory for those looking to attract positivity in their lives.<\/li>\n<li>\n<strong>Adequado para uso di\u00e1rio:<\/strong> The casual necklace style makes it perfect for daily wear, adding a touch of sophistication to any outfit.<\/li>\n<\/ul>\n<p>This pendant comes with a certificate guaranteeing its authenticity as natural Type A Jadeite from Myanmar &#8211; adding value to your purchase.<\/p>\n<p>\u00a0<\/p>\n<p><strong>Certificate numbers: 920460014255<\/strong><\/p>\n<p><img fetchpriority=\"high\" decoding=\"async\" height=\"1080\" src=\"https:\/\/shop.yipinqian.com\/wp-content\/uploads\/2024\/10\/516b8d5912d12861525cd0ffe148339c.jpg?from=476444299\" width=\"1080\"><\/p>\n<ul>\n<li><strong>Atributos do produto:<\/strong><\/li>\n<li>&#8211; With Certificate: Yes<\/li>\n<li>&#8211; Country Of Origin: Myanmar<\/li>\n<li>&#8211; Occasion: Daily &#8211; Warranty Type: No &#8211; Gender : Unisex<\/li>\n<li>This stunning piece is sure to become an instant favorite among jewelry lovers who appreciate the unique beauty and elegance that only jade can provide<\/li>\n<\/ul>\n<p><img decoding=\"async\" height=\"1080\" src=\"https:\/\/shop.yipinqian.com\/wp-content\/uploads\/2024\/10\/87df2de40f4cffb6683902ae6d343213.jpg?from=476444299\" width=\"1080\"><img decoding=\"async\" height=\"1080\" src=\"https:\/\/shop.yipinqian.com\/wp-content\/uploads\/2024\/10\/8b616022947e11ea8bb576404296e09d.jpg?from=476444299\" width=\"1080\"><\/p>\n<p>Yi Pin Qian \u2013 Um negociante de pedras preciosas e metais preciosos em Cingapura \u2013 N\u00famero de licen\u00e7a PS20190000031<\/p>\n<p>\u00a0<\/p>\n<p>*Todos os Jadeites comprados de Yi Pin Qian em Cingapura, os clientes podem reservar hor\u00e1rios para polimento ou pequenos reparos por manuseio incorreto - taxas se aplicam e somente para clientes de Yi Pin Qian em Cingapura*<\/p>\n<p>\u00a0<\/p>\n<p><strong>**Tipos de Certificados**<\/strong><\/p>\n<p>\u00a0<\/p>\n<p><strong>NGI (Nan Yang Gemol\u00f3gico)<\/strong><\/p>\n<p>ou <strong>Certificados no exterior <\/strong>(Yi Pin Qian usa apenas certificados aut\u00eanticos de laborat\u00f3rios estrangeiros e tamb\u00e9m controla a qualidade de cada um dos nossos produtos antes de coloc\u00e1-los \u00e0 venda em Cingapura)<\/p>\n<p>\u00a0<\/p>\n<p>Cada produto no TikTok ter\u00e1 o tipo de certificado fornecido indicado na descri\u00e7\u00e3o. Para qualquer cliente que deseje enviar seu pedido para a NGI Singapore, haver\u00e1 um tempo de espera para entrega do pedido estimado em torno de 4 semanas para receber seu pedido. <strong>As solicita\u00e7\u00f5es de relat\u00f3rios da NGI Gemstone precisam ser feitas por mensagem para a loja Yi Pin Qian TikTok.<\/strong> Obrigado, <strong><u>taxas extras se aplicam<\/u><\/strong>.<\/p>\n<p>\u00a0<\/p>\n<p><strong>A jade\u00edta natural n\u00e3o \u00e9 perfeita, apenas um lembrete gentil, nossa jade\u00edta natural, como todas as coisas bonitas da natureza, vem com suas caracter\u00edsticas e varia\u00e7\u00f5es \u00fanicas. Convidamos nossos valiosos clientes a abra\u00e7ar essas varia\u00e7\u00f5es naturais. Boas compras!<\/strong><\/p>\n<p>\u00a0<\/p>\n<p><strong><u>Nenhuma das fotos e filmagens de v\u00eddeo foram filtradas. Incentivamos nossos clientes a tamb\u00e9m assistirem aos v\u00eddeos que os acompanham para uma vis\u00e3o mais abrangente de nossos produtos<\/u><\/strong><\/p>","protected":false},"excerpt":{"rendered":"<p>Add a touch of elegance to your daily wear with this beautiful Light Lavender Qilin Natural Type A Jadeite Pendant. Weighing 51.04 grams and measuring 51.3 * 46.6 * 12 mm, this pendant is perfect for those who appreciate the beauty of natural jade. Symbols of Auspicious, Peaceful and Happy: The Qilin represents good luck, [&hellip;]<\/p>","protected":false},"featured_media":6137,"comment_status":"open","ping_status":"closed","template":"","meta":[],"product_brand":[],"product_cat":[194],"product_tag":[],"class_list":{"0":"post-1566","1":"product","2":"type-product","3":"status-publish","4":"has-post-thumbnail","6":"product_cat-value-picks","8":"first","9":"instock","10":"sale","11":"shipping-taxable","12":"purchasable","13":"product-type-simple"},"_links":{"self":[{"href":"https:\/\/shop.yipinqian.com\/pt\/wp-json\/wp\/v2\/product\/1566","targetHints":{"allow":["GET"]}}],"collection":[{"href":"https:\/\/shop.yipinqian.com\/pt\/wp-json\/wp\/v2\/product"}],"about":[{"href":"https:\/\/shop.yipinqian.com\/pt\/wp-json\/wp\/v2\/types\/product"}],"replies":[{"embeddable":true,"href":"https:\/\/shop.yipinqian.com\/pt\/wp-json\/wp\/v2\/comments?post=1566"}],"version-history":[{"count":0,"href":"https:\/\/shop.yipinqian.com\/pt\/wp-json\/wp\/v2\/product\/1566\/revisions"}],"wp:featuredmedia":[{"embeddable":true,"href":"https:\/\/shop.yipinqian.com\/pt\/wp-json\/wp\/v2\/media\/6137"}],"wp:attachment":[{"href":"https:\/\/shop.yipinqian.com\/pt\/wp-json\/wp\/v2\/media?parent=1566"}],"wp:term":[{"taxonomy":"product_brand","embeddable":true,"href":"https:\/\/shop.yipinqian.com\/pt\/wp-json\/wp\/v2\/product_brand?post=1566"},{"taxonomy":"product_cat","embeddable":true,"href":"https:\/\/shop.yipinqian.com\/pt\/wp-json\/wp\/v2\/product_cat?post=1566"},{"taxonomy":"product_tag","embeddable":true,"href":"https:\/\/shop.yipinqian.com\/pt\/wp-json\/wp\/v2\/product_tag?post=1566"}],"curies":[{"name":"wp","href":"https:\/\/api.w.org\/{rel}","templated":true}]}}