{"id":1565,"date":"2024-10-24T23:20:17","date_gmt":"2024-10-24T15:20:17","guid":{"rendered":"https:\/\/shop.yipinqian.com\/product\/light-lavender-natural-type-a-jadeite-pendant-crafted-as-donut-shape-with-certificate-weigh-26-72-grams-42-8-42-8-6-3-mm-symbols-of-the-money-is-rolling-in-and-the-wealth-is-coming-from-all-directions\/"},"modified":"2025-02-17T00:04:03","modified_gmt":"2025-02-16T16:04:03","slug":"light-lavender-natural-type-a-jadeite-pendant-crafted-as-donut-shape-with-certificate-weigh-26-72-grams-42-8-42-8-6-3-mm-symbols-of-the-money-is-rolling-in-and-the-wealth-is-coming-from-all-directions","status":"publish","type":"product","link":"https:\/\/shop.yipinqian.com\/pt\/produto\/light-lavender-natural-type-a-jadeite-pendant-crafted-as-donut-shape-with-certificate-weigh-26-72-grams-42-8-42-8-6-3-mm-symbols-of-the-money-is-rolling-in-and-the-wealth-is-coming-from-all-directions\/","title":{"rendered":"Light Lavender Natural Type A Jadeite Pendant crafted as donut shape with certificate weigh 26.72 grams, 42.8 * 42.8 * 6.3 mm, symbols of the money is rolling in, and the wealth is coming from all directions and suitable for daily wear (pendant68)"},"content":{"rendered":"<p>This Light Lavender Natural Type A Jadeite Pendant is the perfect addition to any jewelry collection. Crafted with care into a donut shape, it features symbols of wealth and prosperity, making it ideal for daily wear.<\/p>\n<p><img fetchpriority=\"high\" decoding=\"async\" height=\"1080\" src=\"https:\/\/shop.yipinqian.com\/wp-content\/uploads\/2024\/10\/b90b55a2c224805071e5ffc52d91fce7.jpg?from=476444299\" width=\"1080\"><\/p>\n<ul>\n<li><strong>Principais caracter\u00edsticas:<\/strong><\/li>\n<li>\n<strong>With Certificate numbers: <\/strong>ZS24031902032<\/li>\n<li>Weighs 26.72 grams<\/li>\n<li>42.8 * 42.8 * 6.3 mm in size<\/li>\n<li>Symbols of prosperity and wealth<\/li>\n<li>Suitable for daily wear<\/li>\n<li>Made from high-quality Jadeite, this pendant is unisex in design and boasts a casual necklace style. Its light lavender hue adds a touch of elegance to any outfit. This product is sourced from Myanmar and comes with a certificate of authenticity for your peace of mind. Add some positivity to your life with this Light Lavender Natural Type A Jadeite Pendant \u2013 the perfect accessory for those seeking abundance and good fortune!<\/li>\n<\/ul>\n<p>Yi Pin Qian \u2013 Um negociante de pedras preciosas e metais preciosos em Cingapura \u2013 N\u00famero de licen\u00e7a PS20190000031<\/p>\n<p>\u00a0<\/p>\n<p>*Todos os Jadeites comprados de Yi Pin Qian em Cingapura, os clientes podem reservar hor\u00e1rios para polimento ou pequenos reparos por manuseio incorreto - taxas se aplicam e somente para clientes de Yi Pin Qian em Cingapura*<\/p>\n<p>\u00a0<\/p>\n<p><strong>**Tipos de Certificados**<\/strong><\/p>\n<p>\u00a0<\/p>\n<p><strong>NGI (Nan Yang Gemol\u00f3gico)<\/strong><\/p>\n<p>ou <strong>Certificados no exterior <\/strong>(Yi Pin Qian usa apenas certificados aut\u00eanticos de laborat\u00f3rios estrangeiros e tamb\u00e9m controla a qualidade de cada um dos nossos produtos antes de coloc\u00e1-los \u00e0 venda em Cingapura)<\/p>\n<p>\u00a0<\/p>\n<p>Cada produto no TikTok ter\u00e1 o tipo de certificado fornecido indicado na descri\u00e7\u00e3o. Para qualquer cliente que deseje enviar seu pedido para a NGI Singapore, haver\u00e1 um tempo de espera para entrega do pedido estimado em torno de 4 semanas para receber seu pedido. <strong>As solicita\u00e7\u00f5es de relat\u00f3rios da NGI Gemstone precisam ser feitas por mensagem para a loja Yi Pin Qian TikTok.<\/strong> Obrigado, <strong><u>taxas extras se aplicam<\/u><\/strong>.<\/p>\n<p>\u00a0<\/p>\n<p><strong>A jade\u00edta natural n\u00e3o \u00e9 perfeita, apenas um lembrete gentil, nossa jade\u00edta natural, como todas as coisas bonitas da natureza, vem com suas caracter\u00edsticas e varia\u00e7\u00f5es \u00fanicas. Convidamos nossos valiosos clientes a abra\u00e7ar essas varia\u00e7\u00f5es naturais. Boas compras!<\/strong><\/p>\n<p>\u00a0<\/p>\n<p><strong><u>Nenhuma das fotos e filmagens de v\u00eddeo foram filtradas. Incentivamos nossos clientes a tamb\u00e9m assistirem aos v\u00eddeos que os acompanham para uma vis\u00e3o mais abrangente de nossos produtos<\/u><\/strong><\/p>","protected":false},"excerpt":{"rendered":"<p>This Light Lavender Natural Type A Jadeite Pendant is the perfect addition to any jewelry collection. Crafted with care into a donut shape, it features symbols of wealth and prosperity, making it ideal for daily wear. Key Features: With Certificate numbers: ZS24031902032 Weighs 26.72 grams 42.8 * 42.8 * 6.3 mm in size Symbols of [&hellip;]<\/p>","protected":false},"featured_media":6123,"comment_status":"open","ping_status":"closed","template":"","meta":[],"product_brand":[],"product_cat":[48],"product_tag":[],"class_list":{"0":"post-1565","1":"product","2":"type-product","3":"status-publish","4":"has-post-thumbnail","6":"product_cat-pendants","8":"first","9":"instock","10":"sale","11":"shipping-taxable","12":"purchasable","13":"product-type-simple"},"_links":{"self":[{"href":"https:\/\/shop.yipinqian.com\/pt\/wp-json\/wp\/v2\/product\/1565","targetHints":{"allow":["GET"]}}],"collection":[{"href":"https:\/\/shop.yipinqian.com\/pt\/wp-json\/wp\/v2\/product"}],"about":[{"href":"https:\/\/shop.yipinqian.com\/pt\/wp-json\/wp\/v2\/types\/product"}],"replies":[{"embeddable":true,"href":"https:\/\/shop.yipinqian.com\/pt\/wp-json\/wp\/v2\/comments?post=1565"}],"version-history":[{"count":0,"href":"https:\/\/shop.yipinqian.com\/pt\/wp-json\/wp\/v2\/product\/1565\/revisions"}],"wp:featuredmedia":[{"embeddable":true,"href":"https:\/\/shop.yipinqian.com\/pt\/wp-json\/wp\/v2\/media\/6123"}],"wp:attachment":[{"href":"https:\/\/shop.yipinqian.com\/pt\/wp-json\/wp\/v2\/media?parent=1565"}],"wp:term":[{"taxonomy":"product_brand","embeddable":true,"href":"https:\/\/shop.yipinqian.com\/pt\/wp-json\/wp\/v2\/product_brand?post=1565"},{"taxonomy":"product_cat","embeddable":true,"href":"https:\/\/shop.yipinqian.com\/pt\/wp-json\/wp\/v2\/product_cat?post=1565"},{"taxonomy":"product_tag","embeddable":true,"href":"https:\/\/shop.yipinqian.com\/pt\/wp-json\/wp\/v2\/product_tag?post=1565"}],"curies":[{"name":"wp","href":"https:\/\/api.w.org\/{rel}","templated":true}]}}