{"id":1560,"date":"2024-10-24T23:20:13","date_gmt":"2024-10-24T15:20:13","guid":{"rendered":"https:\/\/shop.yipinqian.com\/product\/light-lavender-natural-type-a-jadeite-jade-crafted-with-nothing-round-shape-set-with-18-k-gold-as-pendant-certificate-weigh-29-85-grams-measurement-43-7-42-9-5-6-mm-18kp23\/"},"modified":"2025-02-17T00:04:03","modified_gmt":"2025-02-16T16:04:03","slug":"light-lavender-natural-type-a-jadeite-jade-crafted-with-nothing-round-shape-set-with-18-k-gold-as-pendant-certificate-weigh-29-85-grams-measurement-43-7-42-9-5-6-mm-18kp23","status":"publish","type":"product","link":"https:\/\/shop.yipinqian.com\/pt\/produto\/light-lavender-natural-type-a-jadeite-jade-crafted-with-nothing-round-shape-set-with-18-k-gold-as-pendant-certificate-weigh-29-85-grams-measurement-43-7-42-9-5-6-mm-18kp23\/","title":{"rendered":"Jade\u00edte natural tipo A de lavanda clara, feita com nada, formato redondo com pingente de ouro 18 k, certificado pesando 29,85 gramas, medida 43,7 * 42,9 * 5,6 mm (18kp23)"},"content":{"rendered":"<p>Melhore sua cole\u00e7\u00e3o de joias com este requintado pingente de Jade\u00edte Natural Tipo A Light Lavender. Feito com nada al\u00e9m do que h\u00e1 de melhor, o jade redondo \u00e9 engastado em ouro 18k e pesa 29,85 gramas, medindo 43,7 * 42,9 * 5,6 mm (18kp23).<\/p>\n<p><\/p>\n<p>N\u00fameros de certificado: GD2203H014491<\/p>\n<ul>\n<li>\n<strong>Material de alta qualidade:<\/strong> O pingente \u00e9 feito de ouro PT\/quilate de qualidade premium e jade\u00edte natural tipo A lil\u00e1s claro \u2013 uma pedra preciosa conhecida por sua cor deslumbrante e durabilidade.<\/li>\n<li>\n<strong>Certificado de Autenticidade:<\/strong> Este produto vem com um certificado de autenticidade, que garante que voc\u00ea est\u00e1 adquirindo uma pe\u00e7a genu\u00edna.<\/li>\n<li>\n<strong>Estilo de colar casual:<\/strong> Este pingente apresenta um design elegante e casual que pode ser usado diariamente ou em ocasi\u00f5es especiais.<\/li>\n<\/ul>\n<p>A cor Lavanda Claro lhe d\u00e1 um apelo encantador que certamente chamar\u00e1 a aten\u00e7\u00e3o onde quer que voc\u00ea v\u00e1. Seu design unissex o torna perfeito para qualquer um que queira adicionar um pouco de luxo \u00e0 sua roupa sem comprometer seu estilo \u00fanico.<\/p>\n<ul>\n<li>\n<strong>Feito em Mianmar: <\/strong>Esta pe\u00e7a requintada vem diretamente de Mianmar \u2013 o lar de algumas das pedras de jade mais procuradas do mundo<\/li>\n<li>.<\/li>\n<\/ul>\n<p>Este produto n\u00e3o vem com cobertura de garantia, mas sua beleza atemporal trar\u00e1 alegria por muitos anos!<\/p>\n<p><\/p>\n<p>Yi Pin Qian \u2013 Um negociante de pedras preciosas e metais preciosos em Cingapura \u2013 N\u00famero de licen\u00e7a PS20190000031<\/p>\n<p><\/p>\n<p>*Todos os Jadeites comprados de Yi Pin Qian em Cingapura, os clientes podem reservar hor\u00e1rios para polimento ou pequenos reparos por manuseio incorreto - taxas se aplicam e somente para clientes de Yi Pin Qian em Cingapura*<\/p>\n<p><\/p>\n<p><strong>**Tipos de Certificados**<\/strong><\/p>\n<p><\/p>\n<p><strong>NGI (Nan Yang Gemol\u00f3gico)<\/strong><\/p>\n<p>ou <strong>Certificados no exterior <\/strong>(Yi Pin Qian usa apenas certificados aut\u00eanticos de laborat\u00f3rios estrangeiros e tamb\u00e9m controla a qualidade de cada um dos nossos produtos antes de coloc\u00e1-los \u00e0 venda em Cingapura)<\/p>\n<p><\/p>\n<p>Cada produto no TikTok ter\u00e1 o tipo de certificado fornecido indicado na descri\u00e7\u00e3o. Para qualquer cliente que deseje enviar seu pedido para a NGI Singapore, haver\u00e1 um tempo de espera para entrega do pedido estimado em torno de 4 semanas para receber seu pedido. <strong>As solicita\u00e7\u00f5es de relat\u00f3rios da NGI Gemstone precisam ser feitas por mensagem para a loja Yi Pin Qian TikTok.<\/strong> Obrigado, <strong><u>taxas extras se aplicam<\/u><\/strong>.<\/p>\n<p><\/p>\n<p><strong>A jade\u00edta natural n\u00e3o \u00e9 perfeita, apenas um lembrete gentil, nossa jade\u00edta natural, como todas as coisas bonitas da natureza, vem com suas caracter\u00edsticas e varia\u00e7\u00f5es \u00fanicas. Convidamos nossos valiosos clientes a abra\u00e7ar essas varia\u00e7\u00f5es naturais. Boas compras!<\/strong><\/p>\n<p><\/p>\n<p><strong><u>Nenhuma das fotos e filmagens de v\u00eddeo foram filtradas. Incentivamos nossos clientes a tamb\u00e9m assistirem aos v\u00eddeos que os acompanham para uma vis\u00e3o mais abrangente de nossos produtos<\/u><\/strong><\/p>","protected":false},"excerpt":{"rendered":"<p>Enhance your jewelry collection with this exquisite Light Lavender Natural Type A Jadeite Jade pendant. Crafted with nothing but the finest, the round-shaped jade is set in 18k gold and weighs 29.85 grams, measuring 43.7 * 42.9 * 5.6 mm (18kp23). Certificate numbers: GD2203H014491 High-Quality Material: The pendant is made of premium quality PT\/Carat Gold [&hellip;]<\/p>","protected":false},"featured_media":6068,"comment_status":"open","ping_status":"closed","template":"","meta":[],"product_brand":[],"product_cat":[120,48],"product_tag":[],"class_list":{"0":"post-1560","1":"product","2":"type-product","3":"status-publish","4":"has-post-thumbnail","6":"product_cat-18k-gold-setting-pendants","7":"product_cat-pendants","9":"first","10":"instock","11":"sale","12":"shipping-taxable","13":"purchasable","14":"product-type-simple"},"_links":{"self":[{"href":"https:\/\/shop.yipinqian.com\/pt\/wp-json\/wp\/v2\/product\/1560","targetHints":{"allow":["GET"]}}],"collection":[{"href":"https:\/\/shop.yipinqian.com\/pt\/wp-json\/wp\/v2\/product"}],"about":[{"href":"https:\/\/shop.yipinqian.com\/pt\/wp-json\/wp\/v2\/types\/product"}],"replies":[{"embeddable":true,"href":"https:\/\/shop.yipinqian.com\/pt\/wp-json\/wp\/v2\/comments?post=1560"}],"version-history":[{"count":0,"href":"https:\/\/shop.yipinqian.com\/pt\/wp-json\/wp\/v2\/product\/1560\/revisions"}],"wp:featuredmedia":[{"embeddable":true,"href":"https:\/\/shop.yipinqian.com\/pt\/wp-json\/wp\/v2\/media\/6068"}],"wp:attachment":[{"href":"https:\/\/shop.yipinqian.com\/pt\/wp-json\/wp\/v2\/media?parent=1560"}],"wp:term":[{"taxonomy":"product_brand","embeddable":true,"href":"https:\/\/shop.yipinqian.com\/pt\/wp-json\/wp\/v2\/product_brand?post=1560"},{"taxonomy":"product_cat","embeddable":true,"href":"https:\/\/shop.yipinqian.com\/pt\/wp-json\/wp\/v2\/product_cat?post=1560"},{"taxonomy":"product_tag","embeddable":true,"href":"https:\/\/shop.yipinqian.com\/pt\/wp-json\/wp\/v2\/product_tag?post=1560"}],"curies":[{"name":"wp","href":"https:\/\/api.w.org\/{rel}","templated":true}]}}