{"id":1553,"date":"2024-10-24T23:20:10","date_gmt":"2024-10-24T15:20:10","guid":{"rendered":"https:\/\/shop.yipinqian.com\/product\/light-green-with-green-patches-natural-type-a-jadeite-jade-crafted-with-guanyin-as-pendant-with-certificate-weigh-17-28-grams-measurement-56-3-37-3-5-9-mm-pendant201\/"},"modified":"2025-02-24T00:49:54","modified_gmt":"2025-02-23T16:49:54","slug":"light-green-with-green-patches-natural-type-a-jadeite-jade-crafted-with-guanyin-as-pendant-with-certificate-weigh-17-28-grams-measurement-56-3-37-3-5-9-mm-pendant201","status":"publish","type":"product","link":"https:\/\/shop.yipinqian.com\/pt\/produto\/light-green-with-green-patches-natural-type-a-jadeite-jade-crafted-with-guanyin-as-pendant-with-certificate-weigh-17-28-grams-measurement-56-3-37-3-5-9-mm-pendant201\/","title":{"rendered":"Light green with green patches Natural Type A Jadeite Jade crafted with Guanyin as Pendant with certificate weigh 17.28 grams, measurement 56.3 * 37.3 * 5.9 mm (pendant201)"},"content":{"rendered":"<p>This light green Natural Type A Jadeite Jade pendant, with green patches, depicts the Guanyin. It comes with a certificate and weighs 17.28 grams, measuring 56.3 * 37.3 * 5.9 mm.<\/p>\n<p><\/p>\n<p>Certificate numbers: X811015415<\/p>\n<ul>\n<li>\n<strong>Material:<\/strong> Made from Natural Type A Jadeite Jade of Myanmar origin.<\/li>\n<li>\n<strong>Certificado:<\/strong> Vem com um certificado de autenticidade.<\/li>\n<li>\n<strong>Tipo de Jade:<\/strong> Crafted from the finest quality of Jadeite stone available &#8211; Natural Type A.<\/li>\n<\/ul>\n<p>This beautiful pendant is perfect for daily wear and can be worn by both men and women as it has a casual style that complements any outfit well!<\/p>\n<ul>\n<li>\n<strong>Gendre:<\/strong> This unisex piece can be worn by anybody comfortably!<\/li>\n<\/ul>\n<p>Add this exquisite Guanyin pendant to your jewelry collection today!<\/p>\n<p><\/p>\n<p>Yi Pin Qian \u2013 Um negociante de pedras preciosas e metais preciosos em Cingapura \u2013 N\u00famero de licen\u00e7a PS20190000031<\/p>\n<p><\/p>\n<p>*Todos os Jadeites comprados de Yi Pin Qian em Cingapura, os clientes podem reservar hor\u00e1rios para polimento ou pequenos reparos por manuseio incorreto - taxas se aplicam e somente para clientes de Yi Pin Qian em Cingapura*<\/p>\n<p><\/p>\n<p><strong>**Tipos de Certificados**<\/strong><\/p>\n<p><\/p>\n<p><strong>NGI (Nan Yang Gemol\u00f3gico)<\/strong><\/p>\n<p>ou <strong>Certificados no exterior <\/strong>(Yi Pin Qian usa apenas certificados aut\u00eanticos de laborat\u00f3rios estrangeiros e tamb\u00e9m controla a qualidade de cada um dos nossos produtos antes de coloc\u00e1-los \u00e0 venda em Cingapura)<\/p>\n<p><\/p>\n<p>Cada produto no TikTok ter\u00e1 o tipo de certificado fornecido indicado na descri\u00e7\u00e3o. Para qualquer cliente que deseje enviar seu pedido para a NGI Singapore, haver\u00e1 um tempo de espera para entrega do pedido estimado em torno de 4 semanas para receber seu pedido. <strong>As solicita\u00e7\u00f5es de relat\u00f3rios da NGI Gemstone precisam ser feitas por mensagem para a loja Yi Pin Qian TikTok.<\/strong> Obrigado, <strong><u>taxas extras se aplicam<\/u><\/strong>.<\/p>\n<p><\/p>\n<p><strong>A jade\u00edta natural n\u00e3o \u00e9 perfeita, apenas um lembrete gentil, nossa jade\u00edta natural, como todas as coisas bonitas da natureza, vem com suas caracter\u00edsticas e varia\u00e7\u00f5es \u00fanicas. Convidamos nossos valiosos clientes a abra\u00e7ar essas varia\u00e7\u00f5es naturais. Boas compras!<\/strong><\/p>\n<p><\/p>\n<p><strong><u>Nenhuma das fotos e filmagens de v\u00eddeo foram filtradas. Incentivamos nossos clientes a tamb\u00e9m assistirem aos v\u00eddeos que os acompanham para uma vis\u00e3o mais abrangente de nossos produtos<\/u><\/strong><\/p>","protected":false},"excerpt":{"rendered":"<p>This light green Natural Type A Jadeite Jade pendant, with green patches, depicts the Guanyin. It comes with a certificate and weighs 17.28 grams, measuring 56.3 * 37.3 * 5.9 mm. Certificate numbers: X811015415 Material: Made from Natural Type A Jadeite Jade of Myanmar origin. Certificate: Comes with a certificate for authenticity. Jade Type: Crafted [&hellip;]<\/p>","protected":false},"featured_media":5999,"comment_status":"open","ping_status":"closed","template":"","meta":[],"product_brand":[],"product_cat":[194],"product_tag":[],"class_list":{"0":"post-1553","1":"product","2":"type-product","3":"status-publish","4":"has-post-thumbnail","6":"product_cat-value-picks","8":"first","9":"instock","10":"sale","11":"shipping-taxable","12":"purchasable","13":"product-type-simple"},"_links":{"self":[{"href":"https:\/\/shop.yipinqian.com\/pt\/wp-json\/wp\/v2\/product\/1553","targetHints":{"allow":["GET"]}}],"collection":[{"href":"https:\/\/shop.yipinqian.com\/pt\/wp-json\/wp\/v2\/product"}],"about":[{"href":"https:\/\/shop.yipinqian.com\/pt\/wp-json\/wp\/v2\/types\/product"}],"replies":[{"embeddable":true,"href":"https:\/\/shop.yipinqian.com\/pt\/wp-json\/wp\/v2\/comments?post=1553"}],"version-history":[{"count":0,"href":"https:\/\/shop.yipinqian.com\/pt\/wp-json\/wp\/v2\/product\/1553\/revisions"}],"wp:featuredmedia":[{"embeddable":true,"href":"https:\/\/shop.yipinqian.com\/pt\/wp-json\/wp\/v2\/media\/5999"}],"wp:attachment":[{"href":"https:\/\/shop.yipinqian.com\/pt\/wp-json\/wp\/v2\/media?parent=1553"}],"wp:term":[{"taxonomy":"product_brand","embeddable":true,"href":"https:\/\/shop.yipinqian.com\/pt\/wp-json\/wp\/v2\/product_brand?post=1553"},{"taxonomy":"product_cat","embeddable":true,"href":"https:\/\/shop.yipinqian.com\/pt\/wp-json\/wp\/v2\/product_cat?post=1553"},{"taxonomy":"product_tag","embeddable":true,"href":"https:\/\/shop.yipinqian.com\/pt\/wp-json\/wp\/v2\/product_tag?post=1553"}],"curies":[{"name":"wp","href":"https:\/\/api.w.org\/{rel}","templated":true}]}}