{"id":1550,"date":"2024-10-24T23:20:04","date_gmt":"2024-10-24T15:20:04","guid":{"rendered":"https:\/\/shop.yipinqian.com\/product\/light-green-with-golden-yellow-patches-super-rare-natural-type-a-jadeite-jade-crafted-with-arhat-as-pendant-certificate-weighs-57-71-grams-measurement-69-7-39-3-14-5-mm-pendant263\/"},"modified":"2025-02-24T01:17:30","modified_gmt":"2025-02-23T17:17:30","slug":"light-green-with-golden-yellow-patches-super-rare-natural-type-a-jadeite-jade-crafted-with-arhat-as-pendant-certificate-weighs-57-71-grams-measurement-69-7-39-3-14-5-mm-pendant263","status":"publish","type":"product","link":"https:\/\/shop.yipinqian.com\/pt\/produto\/light-green-with-golden-yellow-patches-super-rare-natural-type-a-jadeite-jade-crafted-with-arhat-as-pendant-certificate-weighs-57-71-grams-measurement-69-7-39-3-14-5-mm-pendant263\/","title":{"rendered":"Light Green with Golden Yellow Patches Super Rare Natural Type A Jadeite Jade crafted with Arhat as Pendant, certificate weighs 57.71 grams, measurement 69.7 * 39.3 * 14.5 mm (pendant263)"},"content":{"rendered":"<p>This Light Green with Golden Yellow Patches Super Rare Natural Type A Jadeite Jade pendant is a stunning piece of jewelry for any occasion.<\/p>\n<p>\u00a0<\/p>\n<p>Certificate numbers: 920660024549<\/p>\n<p><img fetchpriority=\"high\" decoding=\"async\" height=\"1080\" src=\"https:\/\/shop.yipinqian.com\/wp-content\/uploads\/2024\/10\/4ac49394a37bb8ee0b29298df3aa310f.jpg?from=476444299\" width=\"1080\"><\/p>\n<ul>\n<li>\n<strong>Jade\u00edta natural rara:<\/strong> Crafted from super rare Type A Jadeite, this pendant features a unique light green color with golden yellow patches, making it truly one-of-a-kind.<\/li>\n<li>\n<strong>Arhat Design:<\/strong> The pendant is beautifully crafted in the shape of an Arhat, adding a touch of elegance and spirituality to your look.<\/li>\n<li>\n<strong>Certificado inclu\u00eddo:<\/strong> This piece comes with a certificate to authenticate its quality and origin from Myanmar.<\/li>\n<\/ul>\n<p>Weighing 57.71 grams and measuring 69.7 * 39.3 * 14.5 mm (pendant263), this necklace is suitable for both men and women who appreciate the beauty of jade jewelry.<\/p>\n<ul>\n<li>\n<strong>Ocasi\u00e3o auspiciosa:<\/strong> Perfect for auspicious occasions or as a casual everyday accessory, this necklace complements any style effortlessly.<\/li>\n<\/ul>\n<p>Yi Pin Qian \u2013 Um negociante de pedras preciosas e metais preciosos em Cingapura \u2013 N\u00famero de licen\u00e7a PS20190000031<\/p>\n<p>\u00a0<\/p>\n<p>*Todos os Jadeites comprados de Yi Pin Qian em Cingapura, os clientes podem reservar hor\u00e1rios para polimento ou pequenos reparos por manuseio incorreto - taxas se aplicam e somente para clientes de Yi Pin Qian em Cingapura*<\/p>\n<p>\u00a0<\/p>\n<p><strong>**Tipos de Certificados**<\/strong><\/p>\n<p>\u00a0<\/p>\n<p><strong>NGI (Nan Yang Gemol\u00f3gico)<\/strong><\/p>\n<p>ou <strong>Certificados no exterior <\/strong>(Yi Pin Qian usa apenas certificados aut\u00eanticos de laborat\u00f3rios estrangeiros e tamb\u00e9m controla a qualidade de cada um dos nossos produtos antes de coloc\u00e1-los \u00e0 venda em Cingapura)<\/p>\n<p>\u00a0<\/p>\n<p>Cada produto no TikTok ter\u00e1 o tipo de certificado fornecido indicado na descri\u00e7\u00e3o. Para qualquer cliente que deseje enviar seu pedido para a NGI Singapore, haver\u00e1 um tempo de espera para entrega do pedido estimado em torno de 4 semanas para receber seu pedido. <strong>As solicita\u00e7\u00f5es de relat\u00f3rios da NGI Gemstone precisam ser feitas por mensagem para a loja Yi Pin Qian TikTok.<\/strong> Obrigado, <strong><u>taxas extras se aplicam<\/u><\/strong>.<\/p>\n<p>\u00a0<\/p>\n<p><strong>A jade\u00edta natural n\u00e3o \u00e9 perfeita, apenas um lembrete gentil, nossa jade\u00edta natural, como todas as coisas bonitas da natureza, vem com suas caracter\u00edsticas e varia\u00e7\u00f5es \u00fanicas. Convidamos nossos valiosos clientes a abra\u00e7ar essas varia\u00e7\u00f5es naturais. Boas compras!<\/strong><\/p>\n<p>\u00a0<\/p>\n<p><strong><u>Nenhuma das fotos e filmagens de v\u00eddeo foram filtradas. Incentivamos nossos clientes a tamb\u00e9m assistirem aos v\u00eddeos que os acompanham para uma vis\u00e3o mais abrangente de nossos produtos<\/u><\/strong><\/p>","protected":false},"excerpt":{"rendered":"<p>This Light Green with Golden Yellow Patches Super Rare Natural Type A Jadeite Jade pendant is a stunning piece of jewelry for any occasion. \u00a0 Certificate numbers: 920660024549 Rare Natural Jadeite: Crafted from super rare Type A Jadeite, this pendant features a unique light green color with golden yellow patches, making it truly one-of-a-kind. Arhat [&hellip;]<\/p>","protected":false},"featured_media":5981,"comment_status":"open","ping_status":"closed","template":"","meta":[],"product_brand":[],"product_cat":[195],"product_tag":[],"class_list":{"0":"post-1550","1":"product","2":"type-product","3":"status-publish","4":"has-post-thumbnail","6":"product_cat-heirloom-grade","8":"first","9":"instock","10":"sale","11":"shipping-taxable","12":"purchasable","13":"product-type-simple"},"_links":{"self":[{"href":"https:\/\/shop.yipinqian.com\/pt\/wp-json\/wp\/v2\/product\/1550","targetHints":{"allow":["GET"]}}],"collection":[{"href":"https:\/\/shop.yipinqian.com\/pt\/wp-json\/wp\/v2\/product"}],"about":[{"href":"https:\/\/shop.yipinqian.com\/pt\/wp-json\/wp\/v2\/types\/product"}],"replies":[{"embeddable":true,"href":"https:\/\/shop.yipinqian.com\/pt\/wp-json\/wp\/v2\/comments?post=1550"}],"version-history":[{"count":0,"href":"https:\/\/shop.yipinqian.com\/pt\/wp-json\/wp\/v2\/product\/1550\/revisions"}],"wp:featuredmedia":[{"embeddable":true,"href":"https:\/\/shop.yipinqian.com\/pt\/wp-json\/wp\/v2\/media\/5981"}],"wp:attachment":[{"href":"https:\/\/shop.yipinqian.com\/pt\/wp-json\/wp\/v2\/media?parent=1550"}],"wp:term":[{"taxonomy":"product_brand","embeddable":true,"href":"https:\/\/shop.yipinqian.com\/pt\/wp-json\/wp\/v2\/product_brand?post=1550"},{"taxonomy":"product_cat","embeddable":true,"href":"https:\/\/shop.yipinqian.com\/pt\/wp-json\/wp\/v2\/product_cat?post=1550"},{"taxonomy":"product_tag","embeddable":true,"href":"https:\/\/shop.yipinqian.com\/pt\/wp-json\/wp\/v2\/product_tag?post=1550"}],"curies":[{"name":"wp","href":"https:\/\/api.w.org\/{rel}","templated":true}]}}