{"id":1549,"date":"2024-10-24T23:20:04","date_gmt":"2024-10-24T15:20:04","guid":{"rendered":"https:\/\/shop.yipinqian.com\/product\/light-green-with-brown-fine-quality-natural-type-a-jadeite-pendant-carved-with-dragon-meaning-wisdom-auspiciousness-strength-and-independence-with-certificate-weigh-41-21-grams-46-40-60-10-80-mm-very\/"},"modified":"2025-02-24T01:17:30","modified_gmt":"2025-02-23T17:17:30","slug":"light-green-with-brown-fine-quality-natural-type-a-jadeite-pendant-carved-with-dragon-meaning-wisdom-auspiciousness-strength-and-independence-with-certificate-weigh-41-21-grams-46-40-60-10-80-mm-very","status":"publish","type":"product","link":"https:\/\/shop.yipinqian.com\/pt\/produto\/light-green-with-brown-fine-quality-natural-type-a-jadeite-pendant-carved-with-dragon-meaning-wisdom-auspiciousness-strength-and-independence-with-certificate-weigh-41-21-grams-46-40-60-10-80-mm-very\/","title":{"rendered":"Light green with Brown fine quality Natural Type A Jadeite Pendant carved with dragon meaning wisdom, Auspiciousness, strength and independence with certificate weigh 41.21 grams, 46 * 40.60 * 10.80 mm, very suitable for daily wear (pendant91)"},"content":{"rendered":"<p>This light green and brown fine quality natural Type A jadeite pendant is carved with a dragon, symbolizing wisdom, auspiciousness, strength and independence. It comes with a certificate of authenticity and weighs 41.21 grams at 46*40.60*10.80mm; perfect for daily wear.<\/p>\n<ul>\n<li>\n<strong>Dragon Carving:<\/strong> The dragon carving represents wisdom, strength and independence.<\/li>\n<li>\n<strong>Certificado de Autenticidade:<\/strong> Comes with a certificate of authenticity for the natural Type A jadeite.<\/li>\n<\/ul>\n<p><strong>Certificate numbers: GD2111H010539<\/strong><\/p>\n<p><img fetchpriority=\"high\" decoding=\"async\" height=\"1080\" src=\"https:\/\/shop.yipinqian.com\/wp-content\/uploads\/2024\/10\/2379698f12366e7aff3c7389774003bb.jpg?from=476444299\" width=\"1080\"><img decoding=\"async\" height=\"1080\" src=\"https:\/\/shop.yipinqian.com\/wp-content\/uploads\/2024\/10\/c011874cf1698578e96574fc02642262.jpg?from=476444299\" width=\"1080\"><\/p>\n<ul>\n<li>\n<strong>Qualidade do Jade:<\/strong> Made from fine quality light green with brown natural Type A jadeite from Myanmar.<\/li>\n<\/ul>\n<p><img decoding=\"async\" height=\"1080\" src=\"https:\/\/shop.yipinqian.com\/wp-content\/uploads\/2024\/10\/a814d27ddd19e2b84a1c721e0be06fac.jpg?from=476444299\" width=\"1080\"><\/p>\n<p>This unisex casual necklace style pendant is ideal for daily wear or as an elegant addition to any outfit. Please note that this product does not come with any warranty guarantees.<\/p>\n<p>\u00a0<\/p>\n<p>Yi Pin Qian \u2013 Um negociante de pedras preciosas e metais preciosos em Cingapura \u2013 N\u00famero de licen\u00e7a PS20190000031<\/p>\n<p>\u00a0<\/p>\n<p>*Todos os Jadeites comprados de Yi Pin Qian em Cingapura, os clientes podem reservar hor\u00e1rios para polimento ou pequenos reparos por manuseio incorreto - taxas se aplicam e somente para clientes de Yi Pin Qian em Cingapura*<\/p>\n<p>\u00a0<\/p>\n<p><strong>**Tipos de Certificados**<\/strong><\/p>\n<p>\u00a0<\/p>\n<p><strong>NGI (Nan Yang Gemol\u00f3gico)<\/strong><\/p>\n<p>ou <strong>Certificados no exterior <\/strong>(Yi Pin Qian usa apenas certificados aut\u00eanticos de laborat\u00f3rios estrangeiros e tamb\u00e9m controla a qualidade de cada um dos nossos produtos antes de coloc\u00e1-los \u00e0 venda em Cingapura)<\/p>\n<p>\u00a0<\/p>\n<p>Cada produto no TikTok ter\u00e1 o tipo de certificado fornecido indicado na descri\u00e7\u00e3o. Para qualquer cliente que deseje enviar seu pedido para a NGI Singapore, haver\u00e1 um tempo de espera para entrega do pedido estimado em torno de 4 semanas para receber seu pedido. <strong>As solicita\u00e7\u00f5es de relat\u00f3rios da NGI Gemstone precisam ser feitas por mensagem para a loja Yi Pin Qian TikTok.<\/strong> Obrigado, <strong><u>taxas extras se aplicam<\/u><\/strong>.<\/p>\n<p>\u00a0<\/p>\n<p>.<\/p>","protected":false},"excerpt":{"rendered":"<p>This light green and brown fine quality natural Type A jadeite pendant is carved with a dragon, symbolizing wisdom, auspiciousness, strength and independence. It comes with a certificate of authenticity and weighs 41.21 grams at 46*40.60*10.80mm; perfect for daily wear. Dragon Carving: The dragon carving represents wisdom, strength and independence. Certificate of Authenticity: Comes with [&hellip;]<\/p>","protected":false},"featured_media":5971,"comment_status":"open","ping_status":"closed","template":"","meta":[],"product_brand":[],"product_cat":[195],"product_tag":[],"class_list":{"0":"post-1549","1":"product","2":"type-product","3":"status-publish","4":"has-post-thumbnail","6":"product_cat-heirloom-grade","8":"first","9":"instock","10":"sale","11":"shipping-taxable","12":"purchasable","13":"product-type-simple"},"_links":{"self":[{"href":"https:\/\/shop.yipinqian.com\/pt\/wp-json\/wp\/v2\/product\/1549","targetHints":{"allow":["GET"]}}],"collection":[{"href":"https:\/\/shop.yipinqian.com\/pt\/wp-json\/wp\/v2\/product"}],"about":[{"href":"https:\/\/shop.yipinqian.com\/pt\/wp-json\/wp\/v2\/types\/product"}],"replies":[{"embeddable":true,"href":"https:\/\/shop.yipinqian.com\/pt\/wp-json\/wp\/v2\/comments?post=1549"}],"version-history":[{"count":0,"href":"https:\/\/shop.yipinqian.com\/pt\/wp-json\/wp\/v2\/product\/1549\/revisions"}],"wp:featuredmedia":[{"embeddable":true,"href":"https:\/\/shop.yipinqian.com\/pt\/wp-json\/wp\/v2\/media\/5971"}],"wp:attachment":[{"href":"https:\/\/shop.yipinqian.com\/pt\/wp-json\/wp\/v2\/media?parent=1549"}],"wp:term":[{"taxonomy":"product_brand","embeddable":true,"href":"https:\/\/shop.yipinqian.com\/pt\/wp-json\/wp\/v2\/product_brand?post=1549"},{"taxonomy":"product_cat","embeddable":true,"href":"https:\/\/shop.yipinqian.com\/pt\/wp-json\/wp\/v2\/product_cat?post=1549"},{"taxonomy":"product_tag","embeddable":true,"href":"https:\/\/shop.yipinqian.com\/pt\/wp-json\/wp\/v2\/product_tag?post=1549"}],"curies":[{"name":"wp","href":"https:\/\/api.w.org\/{rel}","templated":true}]}}