{"id":1548,"date":"2024-10-24T23:20:04","date_gmt":"2024-10-24T15:20:04","guid":{"rendered":"https:\/\/shop.yipinqian.com\/product\/light-green-with-bluish-green-natural-type-a-jadeite-pendant-necklace-crafted-with-guanyin-symbols-of-peace-auspiciousness-and-longevity-certificate-included-weighs-36-23-grams-45-8-45-8-9-1-mm-suitab\/"},"modified":"2025-02-24T01:17:30","modified_gmt":"2025-02-23T17:17:30","slug":"light-green-with-bluish-green-natural-type-a-jadeite-pendant-necklace-crafted-with-guanyin-symbols-of-peace-auspiciousness-and-longevity-certificate-included-weighs-36-23-grams-45-8-45-8-9-1-mm-suitab","status":"publish","type":"product","link":"https:\/\/shop.yipinqian.com\/pt\/produto\/light-green-with-bluish-green-natural-type-a-jadeite-pendant-necklace-crafted-with-guanyin-symbols-of-peace-auspiciousness-and-longevity-certificate-included-weighs-36-23-grams-45-8-45-8-9-1-mm-suitab\/","title":{"rendered":"Light Green with Bluish Green Natural Type A Jadeite Pendant Necklace crafted with Guanyin Symbols of Peace, auspiciousness and longevity, certificate included weighs 36.23 grams, 45.8 * 45.8 * 9.1 mm, suitable for daily wear (pendant56)"},"content":{"rendered":"<p>This Light Green with Bluish Green Natural Type A Jadeite Pendant Necklace is a perfect accessory for those seeking peace, auspiciousness, and longevity. The Guanyin Symbols engraved on the pendant ensure a spiritual significance to the piece.<\/p>\n<ul>\n<li>\n<strong>Peso:<\/strong> 36.23 grams<\/li>\n<li>\n<strong>Dimens\u00f5es:<\/strong> 45.8 * 45.8 * 9.1 mm<\/li>\n<li>\n<strong>Tipo de Jade:<\/strong> Jade\u00edta<\/li>\n<li>\n<strong>Certificado inclu\u00eddo:<\/strong> Sim<\/li>\n<li>\n<strong>Feito em:<\/strong> Mianmar<\/li>\n<\/ul>\n<p><strong>Certificate numbers: 206198363<\/strong><\/p>\n<p><img fetchpriority=\"high\" decoding=\"async\" height=\"1080\" src=\"https:\/\/shop.yipinqian.com\/wp-content\/uploads\/2024\/10\/5a3118c92ecf53707a0ecc567f06a5ba.jpg?from=476444299\" width=\"1080\"><img decoding=\"async\" height=\"1080\" src=\"https:\/\/shop.yipinqian.com\/wp-content\/uploads\/2024\/10\/f173cbb22a511483049cf6c8afe5a3d8.jpg?from=476444299\" width=\"1080\"><\/p>\n<p>This pendant necklace is suitable for daily wear and adds an elegant touch to any outfit with its casual style.<\/p>\n<p>A perfect gift for yourself or your loved ones on any auspicious occasion, this necklace does not come with a warranty but is designed to last you a lifetime in its unisex design.<\/p>\n<p>.<\/p>\n<p>Yi Pin Qian \u2013 Um negociante de pedras preciosas e metais preciosos em Cingapura \u2013 N\u00famero de licen\u00e7a PS20190000031<\/p>\n<p>\u00a0<\/p>\n<p>*Todos os Jadeites comprados de Yi Pin Qian em Cingapura, os clientes podem reservar hor\u00e1rios para polimento ou pequenos reparos por manuseio incorreto - taxas se aplicam e somente para clientes de Yi Pin Qian em Cingapura*<\/p>\n<p>\u00a0<\/p>\n<p><strong>**Tipos de Certificados**<\/strong><\/p>\n<p>\u00a0<\/p>\n<p><strong>NGI (Nan Yang Gemol\u00f3gico)<\/strong><\/p>\n<p>ou <strong>Certificados no exterior <\/strong>(Yi Pin Qian usa apenas certificados aut\u00eanticos de laborat\u00f3rios estrangeiros e tamb\u00e9m controla a qualidade de cada um dos nossos produtos antes de coloc\u00e1-los \u00e0 venda em Cingapura)<\/p>\n<p>\u00a0<\/p>\n<p>Cada produto no TikTok ter\u00e1 o tipo de certificado fornecido indicado na descri\u00e7\u00e3o. Para qualquer cliente que deseje enviar seu pedido para a NGI Singapore, haver\u00e1 um tempo de espera para entrega do pedido estimado em torno de 4 semanas para receber seu pedido. <strong>As solicita\u00e7\u00f5es de relat\u00f3rios da NGI Gemstone precisam ser feitas por mensagem para a loja Yi Pin Qian TikTok.<\/strong> Obrigado, <strong><u>taxas extras se aplicam<\/u><\/strong>.<\/p>\n<p>\u00a0<\/p>\n<p><strong>A jade\u00edta natural n\u00e3o \u00e9 perfeita, apenas um lembrete gentil, nossa jade\u00edta natural, como todas as coisas bonitas da natureza, vem com suas caracter\u00edsticas e varia\u00e7\u00f5es \u00fanicas. Convidamos nossos valiosos clientes a abra\u00e7ar essas varia\u00e7\u00f5es naturais. Boas compras!<\/strong><\/p>\n<p>\u00a0<\/p>\n<p><strong><u>Nenhuma das fotos e filmagens de v\u00eddeo foram filtradas. Incentivamos nossos clientes a tamb\u00e9m assistirem aos v\u00eddeos que os acompanham para uma vis\u00e3o mais abrangente de nossos produtos<\/u><\/strong><\/p>","protected":false},"excerpt":{"rendered":"<p>This Light Green with Bluish Green Natural Type A Jadeite Pendant Necklace is a perfect accessory for those seeking peace, auspiciousness, and longevity. The Guanyin Symbols engraved on the pendant ensure a spiritual significance to the piece. Weight: 36.23 grams Dimensions: 45.8 * 45.8 * 9.1 mm Jade Type: Jadeite Certificate Included: Yes Made in: [&hellip;]<\/p>","protected":false},"featured_media":5957,"comment_status":"open","ping_status":"closed","template":"","meta":[],"product_brand":[],"product_cat":[195],"product_tag":[],"class_list":{"0":"post-1548","1":"product","2":"type-product","3":"status-publish","4":"has-post-thumbnail","6":"product_cat-heirloom-grade","8":"first","9":"instock","10":"sale","11":"shipping-taxable","12":"purchasable","13":"product-type-simple"},"_links":{"self":[{"href":"https:\/\/shop.yipinqian.com\/pt\/wp-json\/wp\/v2\/product\/1548","targetHints":{"allow":["GET"]}}],"collection":[{"href":"https:\/\/shop.yipinqian.com\/pt\/wp-json\/wp\/v2\/product"}],"about":[{"href":"https:\/\/shop.yipinqian.com\/pt\/wp-json\/wp\/v2\/types\/product"}],"replies":[{"embeddable":true,"href":"https:\/\/shop.yipinqian.com\/pt\/wp-json\/wp\/v2\/comments?post=1548"}],"version-history":[{"count":0,"href":"https:\/\/shop.yipinqian.com\/pt\/wp-json\/wp\/v2\/product\/1548\/revisions"}],"wp:featuredmedia":[{"embeddable":true,"href":"https:\/\/shop.yipinqian.com\/pt\/wp-json\/wp\/v2\/media\/5957"}],"wp:attachment":[{"href":"https:\/\/shop.yipinqian.com\/pt\/wp-json\/wp\/v2\/media?parent=1548"}],"wp:term":[{"taxonomy":"product_brand","embeddable":true,"href":"https:\/\/shop.yipinqian.com\/pt\/wp-json\/wp\/v2\/product_brand?post=1548"},{"taxonomy":"product_cat","embeddable":true,"href":"https:\/\/shop.yipinqian.com\/pt\/wp-json\/wp\/v2\/product_cat?post=1548"},{"taxonomy":"product_tag","embeddable":true,"href":"https:\/\/shop.yipinqian.com\/pt\/wp-json\/wp\/v2\/product_tag?post=1548"}],"curies":[{"name":"wp","href":"https:\/\/api.w.org\/{rel}","templated":true}]}}