{"id":1546,"date":"2024-10-24T23:20:03","date_gmt":"2024-10-24T15:20:03","guid":{"rendered":"https:\/\/shop.yipinqian.com\/product\/light-green-natural-type-a-jadeite-pendant-necklace-crafted-as-thousand-hands-guanyin-with-certificate-weigh-48-82-grams-57-6-57-6-7-2-mmsymbols-of-eliminate-obstacles-and-resolve-all-disasters-peace\/"},"modified":"2025-02-24T00:49:54","modified_gmt":"2025-02-23T16:49:54","slug":"light-green-natural-type-a-jadeite-pendant-necklace-crafted-as-thousand-hands-guanyin-with-certificate-weigh-48-82-grams-57-6-57-6-7-2-mmsymbols-of-eliminate-obstacles-and-resolve-all-disasters-peace","status":"publish","type":"product","link":"https:\/\/shop.yipinqian.com\/pt\/produto\/light-green-natural-type-a-jadeite-pendant-necklace-crafted-as-thousand-hands-guanyin-with-certificate-weigh-48-82-grams-57-6-57-6-7-2-mmsymbols-of-eliminate-obstacles-and-resolve-all-disasters-peace\/","title":{"rendered":"Colar com pingente de jade\u00edta natural verde claro tipo A, criado como Thousand Hands Guanyin com certificado, pesa 48,82 gramas, 57,6 * 57,6 * 7,2 mm, s\u00edmbolos de eliminar obst\u00e1culos e resolver todos os desastres, paz e auspiciosidade para uso di\u00e1rio (pendant43)"},"content":{"rendered":"<p>Este colar com pingente de jade\u00edta natural verde-claro tipo A \u00e9 habilmente trabalhado no formato de Thousand Hands Guanyin e vem com um certificado de autenticidade. Pesando 48,82 gramas e medindo 57,6 * 57,6 * 7,2 mm, este colar \u00e9 um s\u00edmbolo de paz, auspiciosidade e elimina\u00e7\u00e3o de obst\u00e1culos. Feito de jade\u00edta de alta qualidade de Mianmar, este colar \u00e9 perfeito para uso di\u00e1rio para homens e mulheres. Principais caracter\u00edsticas:<\/p>\n<ul>\n<li>Feito com maestria no formato de Thousand Hands Guanyin<\/li>\n<li>Certificado de autenticidade inclu\u00eddo \u2013 <strong>N\u00fameros de certificado: GD2110H013545<\/strong>\n<\/li>\n<\/ul>\n<p><img fetchpriority=\"high\" decoding=\"async\" height=\"1080\" src=\"https:\/\/shop.yipinqian.com\/wp-content\/uploads\/2024\/10\/86211cfcc5990a6b1e9beede00a898c3.jpg?from=476444299\" width=\"1080\"><\/p>\n<ul>\n<li>Pesa 48,82 gramas<\/li>\n<li>Medidas 57,6 * 57,6 * 7,2 mm<\/li>\n<li>S\u00edmbolos paz, auspiciosidade, elimina\u00e7\u00e3o de obst\u00e1culos<\/li>\n<li>.<\/li>\n<\/ul>\n<p>Feito com cuidado e aten\u00e7\u00e3o aos detalhes usando materiais naturais, este colar com pingente \u00e9 o complemento perfeito para qualquer cole\u00e7\u00e3o de joias. Para aqueles que buscam um acess\u00f3rio casual, mas estiloso, que ofere\u00e7a beleza e significado, n\u00e3o procure mais do que este colar com pingente de jade\u00edta natural verde-claro tipo A!<\/p>\n<p>\u00a0<\/p>\n<p>Yi Pin Qian \u2013 Um negociante de pedras preciosas e metais preciosos em Cingapura \u2013 N\u00famero de licen\u00e7a PS20190000031<\/p>\n<p>\u00a0<\/p>\n<p>*Todos os Jadeites comprados de Yi Pin Qian em Cingapura, os clientes podem reservar hor\u00e1rios para polimento ou pequenos reparos por manuseio incorreto - taxas se aplicam e somente para clientes de Yi Pin Qian em Cingapura*<\/p>\n<p>\u00a0<\/p>\n<p><strong>**Tipos de Certificados**<\/strong><\/p>\n<p>\u00a0<\/p>\n<p><strong>NGI (Nan Yang Gemol\u00f3gico)<\/strong><\/p>\n<p>ou <strong>Certificados no exterior <\/strong>(Yi Pin Qian usa apenas certificados aut\u00eanticos de laborat\u00f3rios estrangeiros e tamb\u00e9m controla a qualidade de cada um dos nossos produtos antes de coloc\u00e1-los \u00e0 venda em Cingapura)<\/p>\n<p>\u00a0<\/p>\n<p>Cada produto no TikTok ter\u00e1 o tipo de certificado fornecido indicado na descri\u00e7\u00e3o. Para qualquer cliente que deseje enviar seu pedido para a NGI Singapore, haver\u00e1 um tempo de espera para entrega do pedido estimado em torno de 4 semanas para receber seu pedido. <strong>As solicita\u00e7\u00f5es de relat\u00f3rios da NGI Gemstone precisam ser feitas por mensagem para a loja Yi Pin Qian TikTok.<\/strong> Obrigado, <strong><u>taxas extras se aplicam<\/u><\/strong>.<\/p>\n<p>\u00a0<\/p>\n<p><strong>A jade\u00edta natural n\u00e3o \u00e9 perfeita, apenas um lembrete gentil, nossa jade\u00edta natural, como todas as coisas bonitas da natureza, vem com suas caracter\u00edsticas e varia\u00e7\u00f5es \u00fanicas. Convidamos nossos valiosos clientes a abra\u00e7ar essas varia\u00e7\u00f5es naturais. Boas compras!<\/strong><\/p>\n<p>\u00a0<\/p>\n<p><strong><u>Nenhuma das fotos e filmagens de v\u00eddeo foram filtradas. Incentivamos nossos clientes a tamb\u00e9m assistirem aos v\u00eddeos que os acompanham para uma vis\u00e3o mais abrangente de nossos produtos<\/u><\/strong><\/p>","protected":false},"excerpt":{"rendered":"<p>This Light Green Natural Type A Jadeite Pendant Necklace is expertly crafted in the shape of Thousand Hands Guanyin and comes with a certificate of authenticity. Weighing 48.82 grams and measuring 57.6 * 57.6 * 7.2 mm, this necklace is a symbol of peace, auspiciousness, and the elimination of obstacles. Made from high-quality Jadeite from [&hellip;]<\/p>","protected":false},"featured_media":5935,"comment_status":"open","ping_status":"closed","template":"","meta":[],"product_brand":[],"product_cat":[194],"product_tag":[],"class_list":{"0":"post-1546","1":"product","2":"type-product","3":"status-publish","4":"has-post-thumbnail","6":"product_cat-value-picks","8":"first","9":"instock","10":"sale","11":"shipping-taxable","12":"purchasable","13":"product-type-simple"},"_links":{"self":[{"href":"https:\/\/shop.yipinqian.com\/pt\/wp-json\/wp\/v2\/product\/1546","targetHints":{"allow":["GET"]}}],"collection":[{"href":"https:\/\/shop.yipinqian.com\/pt\/wp-json\/wp\/v2\/product"}],"about":[{"href":"https:\/\/shop.yipinqian.com\/pt\/wp-json\/wp\/v2\/types\/product"}],"replies":[{"embeddable":true,"href":"https:\/\/shop.yipinqian.com\/pt\/wp-json\/wp\/v2\/comments?post=1546"}],"version-history":[{"count":0,"href":"https:\/\/shop.yipinqian.com\/pt\/wp-json\/wp\/v2\/product\/1546\/revisions"}],"wp:featuredmedia":[{"embeddable":true,"href":"https:\/\/shop.yipinqian.com\/pt\/wp-json\/wp\/v2\/media\/5935"}],"wp:attachment":[{"href":"https:\/\/shop.yipinqian.com\/pt\/wp-json\/wp\/v2\/media?parent=1546"}],"wp:term":[{"taxonomy":"product_brand","embeddable":true,"href":"https:\/\/shop.yipinqian.com\/pt\/wp-json\/wp\/v2\/product_brand?post=1546"},{"taxonomy":"product_cat","embeddable":true,"href":"https:\/\/shop.yipinqian.com\/pt\/wp-json\/wp\/v2\/product_cat?post=1546"},{"taxonomy":"product_tag","embeddable":true,"href":"https:\/\/shop.yipinqian.com\/pt\/wp-json\/wp\/v2\/product_tag?post=1546"}],"curies":[{"name":"wp","href":"https:\/\/api.w.org\/{rel}","templated":true}]}}