{"id":1533,"date":"2024-10-24T23:19:55","date_gmt":"2024-10-24T15:19:55","guid":{"rendered":"https:\/\/shop.yipinqian.com\/product\/light-green-hue-natural-type-a-jadeite-jade-crafted-with-3-sheeps-and-pixiu-hollow-old-school-style-as-a-pendant-with-certificate-weigh-30-99-grams-measurement-56-5-55-2-6-mm-pendant203\/"},"modified":"2025-02-24T00:49:54","modified_gmt":"2025-02-23T16:49:54","slug":"light-green-hue-natural-type-a-jadeite-jade-crafted-with-3-sheeps-and-pixiu-hollow-old-school-style-as-a-pendant-with-certificate-weigh-30-99-grams-measurement-56-5-55-2-6-mm-pendant203","status":"publish","type":"product","link":"https:\/\/shop.yipinqian.com\/pt\/produto\/light-green-hue-natural-type-a-jadeite-jade-crafted-with-3-sheeps-and-pixiu-hollow-old-school-style-as-a-pendant-with-certificate-weigh-30-99-grams-measurement-56-5-55-2-6-mm-pendant203\/","title":{"rendered":"Light Green Hue Natural Type A Jadeite Jade Crafted with 3 Sheeps and Pixiu Hollow Old School Style as a Pendant with certificate weigh 30.99 grams, measurement 56.5 * 55.2 * 6 mm (pendant203)"},"content":{"rendered":"<p>This Light Green Hue Natural Type A Jadeite Jade pendant is a beautiful addition to your jewelry collection. Crafted with 3 Sheeps and Pixiu Hollow Old School Style, this pendant is a perfect blend of traditional and modern style.<\/p>\n<p><\/p>\n<p>Certificate numbers: SZ19284014<\/p>\n<ul>\n<li>\n<strong>Jade\u00edta Natural Tipo A:<\/strong> Made with high-quality natural type A jadeite jade, this pendant has an alluring shine and texture that makes it stand out.<\/li>\n<li>\n<strong>Certificado:<\/strong> This pendant comes with a certificate of authenticity, ensuring that you are getting genuine jadeite jade.<\/li>\n<li>\n<strong>Design unissex:<\/strong> The unisex design of this necklace makes it suitable for anyone to wear. It can make for an ideal gift for both men and women.<\/li>\n<\/ul>\n<p>The light green hue adds to the elegance of the necklace making it perfect for daily wear. The casual necklace style ensures that you can pair it up with any outfit in your wardrobe without any hesitation.<\/p>\n<ul>\n<li>\n<strong>Pa\u00eds de origem:<\/strong> This necklace has originated from Myanmar where the finest quality natural type A jadeite jades are found in abundance<\/li>\n<\/ul>\n<p>Add some allure to your jewelry collection by getting hold of one such Light Green Hue Natural Type A Jadeite Pendant today!<\/p>\n<p>.<\/p>\n<p>Yi Pin Qian \u2013 Um negociante de pedras preciosas e metais preciosos em Cingapura \u2013 N\u00famero de licen\u00e7a PS20190000031<\/p>\n<p><\/p>\n<p>*Todos os Jadeites comprados de Yi Pin Qian em Cingapura, os clientes podem reservar hor\u00e1rios para polimento ou pequenos reparos por manuseio incorreto - taxas se aplicam e somente para clientes de Yi Pin Qian em Cingapura*<\/p>\n<p><\/p>\n<p><strong>**Tipos de Certificados**<\/strong><\/p>\n<p><\/p>\n<p><strong>NGI (Nan Yang Gemol\u00f3gico)<\/strong><\/p>\n<p>ou <strong>Certificados no exterior <\/strong>(Yi Pin Qian usa apenas certificados aut\u00eanticos de laborat\u00f3rios estrangeiros e tamb\u00e9m controla a qualidade de cada um dos nossos produtos antes de coloc\u00e1-los \u00e0 venda em Cingapura)<\/p>\n<p><\/p>\n<p>Cada produto no TikTok ter\u00e1 o tipo de certificado fornecido indicado na descri\u00e7\u00e3o. Para qualquer cliente que deseje enviar seu pedido para a NGI Singapore, haver\u00e1 um tempo de espera para entrega do pedido estimado em torno de 4 semanas para receber seu pedido. <strong>As solicita\u00e7\u00f5es de relat\u00f3rios da NGI Gemstone precisam ser feitas por mensagem para a loja Yi Pin Qian TikTok.<\/strong> Obrigado, <strong><u>taxas extras se aplicam<\/u><\/strong>.<\/p>\n<p><\/p>\n<p><strong>A jade\u00edta natural n\u00e3o \u00e9 perfeita, apenas um lembrete gentil, nossa jade\u00edta natural, como todas as coisas bonitas da natureza, vem com suas caracter\u00edsticas e varia\u00e7\u00f5es \u00fanicas. Convidamos nossos valiosos clientes a abra\u00e7ar essas varia\u00e7\u00f5es naturais. Boas compras!<\/strong><\/p>\n<p><\/p>\n<p><strong><u>Nenhuma das fotos e filmagens de v\u00eddeo foram filtradas. Incentivamos nossos clientes a tamb\u00e9m assistirem aos v\u00eddeos que os acompanham para uma vis\u00e3o mais abrangente de nossos produtos<\/u><\/strong><\/p>","protected":false},"excerpt":{"rendered":"<p>This Light Green Hue Natural Type A Jadeite Jade pendant is a beautiful addition to your jewelry collection. Crafted with 3 Sheeps and Pixiu Hollow Old School Style, this pendant is a perfect blend of traditional and modern style. Certificate numbers: SZ19284014 Natural Type A Jadeite Jade: Made with high-quality natural type A jadeite jade, [&hellip;]<\/p>","protected":false},"featured_media":5785,"comment_status":"open","ping_status":"closed","template":"","meta":[],"product_brand":[],"product_cat":[194],"product_tag":[],"class_list":{"0":"post-1533","1":"product","2":"type-product","3":"status-publish","4":"has-post-thumbnail","6":"product_cat-value-picks","8":"first","9":"instock","10":"sale","11":"shipping-taxable","12":"purchasable","13":"product-type-simple"},"_links":{"self":[{"href":"https:\/\/shop.yipinqian.com\/pt\/wp-json\/wp\/v2\/product\/1533","targetHints":{"allow":["GET"]}}],"collection":[{"href":"https:\/\/shop.yipinqian.com\/pt\/wp-json\/wp\/v2\/product"}],"about":[{"href":"https:\/\/shop.yipinqian.com\/pt\/wp-json\/wp\/v2\/types\/product"}],"replies":[{"embeddable":true,"href":"https:\/\/shop.yipinqian.com\/pt\/wp-json\/wp\/v2\/comments?post=1533"}],"version-history":[{"count":0,"href":"https:\/\/shop.yipinqian.com\/pt\/wp-json\/wp\/v2\/product\/1533\/revisions"}],"wp:featuredmedia":[{"embeddable":true,"href":"https:\/\/shop.yipinqian.com\/pt\/wp-json\/wp\/v2\/media\/5785"}],"wp:attachment":[{"href":"https:\/\/shop.yipinqian.com\/pt\/wp-json\/wp\/v2\/media?parent=1533"}],"wp:term":[{"taxonomy":"product_brand","embeddable":true,"href":"https:\/\/shop.yipinqian.com\/pt\/wp-json\/wp\/v2\/product_brand?post=1533"},{"taxonomy":"product_cat","embeddable":true,"href":"https:\/\/shop.yipinqian.com\/pt\/wp-json\/wp\/v2\/product_cat?post=1533"},{"taxonomy":"product_tag","embeddable":true,"href":"https:\/\/shop.yipinqian.com\/pt\/wp-json\/wp\/v2\/product_tag?post=1533"}],"curies":[{"name":"wp","href":"https:\/\/api.w.org\/{rel}","templated":true}]}}