{"id":1532,"date":"2024-10-24T23:19:54","date_gmt":"2024-10-24T15:19:54","guid":{"rendered":"https:\/\/shop.yipinqian.com\/product\/light-green-hue-natural-type-a-jadeite-jade-crafted-as-pixiu-set-on-18k-gold-with-2-green-cabochon-and-diamonds-adding-pu-wrist-band-upgraded-elegant-style-bracelet-certificate-weigh-4-44-grams-measur\/"},"modified":"2025-02-17T00:04:00","modified_gmt":"2025-02-16T16:04:00","slug":"light-green-hue-natural-type-a-jadeite-jade-crafted-as-pixiu-set-on-18k-gold-with-2-green-cabochon-and-diamonds-adding-pu-wrist-band-upgraded-elegant-style-bracelet-certificate-weigh-4-44-grams-measur","status":"publish","type":"product","link":"https:\/\/shop.yipinqian.com\/pt\/produto\/light-green-hue-natural-type-a-jadeite-jade-crafted-as-pixiu-set-on-18k-gold-with-2-green-cabochon-and-diamonds-adding-pu-wrist-band-upgraded-elegant-style-bracelet-certificate-weigh-4-44-grams-measur\/","title":{"rendered":"Jade\u00edte natural tipo A em tom verde claro, trabalhada como Pixiu, cravejada em ouro 18k com 2 caboch\u00f5es verdes e diamantes, adicionando pulseira de PU, pulseira de estilo elegante e atualizada, certificado pesando 4,44 gramas, medindo 16,6 * 14,1 * 7,5 mm (18kpw1)"},"content":{"rendered":"<p>Atualize sua cole\u00e7\u00e3o de joias com esta elegante pulseira Pixiu que combina a beleza natural da jade\u00edte verde-clara Tipo A com ouro 18k e diamantes brilhantes.<\/p>\n<ul>\n<li>\n<strong><u>N\u00e3o tem vontade de usar no pulso em nenhum dia?<\/u> <\/strong>Basta remover o couro PU facilmente e fix\u00e1-lo em seu <strong>corrente de ouro e use-a como um pingente<\/strong>\n<\/li>\n<\/ul>\n<p>N\u00fameros de certificado: <strong>GD2201H013002<\/strong><\/p>\n<p><\/p>\n<p><strong>Peso do ouro 18k: 1,31 gramas<\/strong><\/p>\n<p><strong>Diamantes: 10 * 0,003 = 0,03 quilates<\/strong><\/p>\n<p><strong>2 * Caboch\u00f5es Verdes<\/strong><\/p>\n<p><\/p>\n<ul>\n<li>\n<strong>Materiais de alta qualidade:<\/strong> Feita de jade natural tipo A, cravejada em ouro 18k e adornada com diamantes, esta pulseira \u00e9 da mais alta qualidade.<\/li>\n<li>\n<strong>Design elegante:<\/strong> O design Pixiu e dois caboch\u00f5es verdes acrescentam beleza a esta pe\u00e7a. A pulseira de PU garante um ajuste confort\u00e1vel.<\/li>\n<li>\n<strong>Certificado inclu\u00eddo:<\/strong> Esta pulseira vem com um certificado para garantir sua autenticidade.<\/li>\n<\/ul>\n<p>Esta pe\u00e7a requintada pesa 4,44 gramas e mede 16,6 * 14,1 * 7,5 mm, o que a torna o tamanho perfeito para uso di\u00e1rio por homens e mulheres.<\/p>\n<ul>\n<li>\n<strong>Constru\u00e7\u00e3o dur\u00e1vel:<\/strong>A configura\u00e7\u00e3o PT\/Carat Gold garante que suas joias preciosas sejam mantidas firmemente no lugar para uso duradouro<\/li>\n<li>\n<strong>Feito de jade de Mianmar: <\/strong>O jade usado na cria\u00e7\u00e3o desta bela pe\u00e7a vem de Mianmar<\/li>\n<\/ul>\n<p>Adicione um toque de estilo ao seu look usando-o ou presenteando-o em qualquer ocasi\u00e3o!<\/p>\n<p><\/p>\n<p>Yi Pin Qian \u2013 Um negociante de pedras preciosas e metais preciosos em Cingapura \u2013 N\u00famero de licen\u00e7a PS20190000031<\/p>\n<p><\/p>\n<p>*Todos os Jadeites comprados de Yi Pin Qian em Cingapura, os clientes podem reservar hor\u00e1rios para polimento ou pequenos reparos por manuseio incorreto - taxas se aplicam e somente para clientes de Yi Pin Qian em Cingapura*<\/p>\n<p><\/p>\n<p><strong>**Tipos de Certificados**<\/strong><\/p>\n<p><\/p>\n<p><strong>NGI (Nan Yang Gemol\u00f3gico)<\/strong><\/p>\n<p>ou <strong>Certificados no exterior <\/strong>(Yi Pin Qian usa apenas certificados aut\u00eanticos de laborat\u00f3rios estrangeiros e tamb\u00e9m controla a qualidade de cada um dos nossos produtos antes de coloc\u00e1-los \u00e0 venda em Cingapura)<\/p>\n<p><\/p>\n<p>Cada produto no TikTok ter\u00e1 o tipo de certificado fornecido indicado na descri\u00e7\u00e3o. Para qualquer cliente que deseje enviar seu pedido para a NGI Singapore, haver\u00e1 um tempo de espera para entrega do pedido estimado em torno de 4 semanas para receber seu pedido. <strong>As solicita\u00e7\u00f5es de relat\u00f3rios da NGI Gemstone precisam ser feitas por mensagem para a loja Yi Pin Qian TikTok.<\/strong> Obrigado, <strong><u>taxas extras se aplicam<\/u><\/strong>.<\/p>\n<p><\/p>\n<p><strong>A jade\u00edta natural n\u00e3o \u00e9 perfeita, apenas um lembrete gentil, nossa jade\u00edta natural, como todas as coisas bonitas da natureza, vem com suas caracter\u00edsticas e varia\u00e7\u00f5es \u00fanicas. Convidamos nossos valiosos clientes a abra\u00e7ar essas varia\u00e7\u00f5es naturais. Boas compras!<\/strong><\/p>\n<p><\/p>\n<p><strong><u>Nenhuma das fotos e filmagens de v\u00eddeo foram filtradas. Incentivamos nossos clientes a tamb\u00e9m assistirem aos v\u00eddeos que os acompanham para uma vis\u00e3o mais abrangente de nossos produtos<\/u><\/strong><\/p>","protected":false},"excerpt":{"rendered":"<p>Atualize sua cole\u00e7\u00e3o de joias com esta elegante pulseira Pixiu que combina a beleza natural do Jade\u00edte Tipo A verde claro com ouro 18k e diamantes brilhantes. N\u00e3o tem vontade de usar no pulso em nenhum dia? Basta remover o Couro PU facilmente e prend\u00ea-lo \u00e0 sua corrente de ouro e us\u00e1-lo como um pingente Certificado [\u2026]<\/p>","protected":false},"featured_media":5777,"comment_status":"open","ping_status":"closed","template":"","meta":[],"product_brand":[],"product_cat":[121,84],"product_tag":[50,102,64,52,88,70,79,65,54,55,56,85,59,60,62],"class_list":{"0":"post-1532","1":"product","2":"type-product","3":"status-publish","4":"has-post-thumbnail","6":"product_cat-bracelets-bangles","7":"product_cat-charms-and-charm-bracelet","8":"product_tag-18k-gold","9":"product_tag-bracelet","10":"product_tag-cabochon","11":"product_tag-certified","12":"product_tag-diamonds","13":"product_tag-green","14":"product_tag-green-hue","15":"product_tag-high-quality","16":"product_tag-icy","17":"product_tag-jadeite","18":"product_tag-limited-editions","19":"product_tag-pixiu","20":"product_tag-translucent","21":"product_tag-type-a-jadeite","22":"product_tag-yi-pin-qian-exclusive","24":"first","25":"instock","26":"sale","27":"shipping-taxable","28":"purchasable","29":"product-type-simple"},"_links":{"self":[{"href":"https:\/\/shop.yipinqian.com\/pt\/wp-json\/wp\/v2\/product\/1532","targetHints":{"allow":["GET"]}}],"collection":[{"href":"https:\/\/shop.yipinqian.com\/pt\/wp-json\/wp\/v2\/product"}],"about":[{"href":"https:\/\/shop.yipinqian.com\/pt\/wp-json\/wp\/v2\/types\/product"}],"replies":[{"embeddable":true,"href":"https:\/\/shop.yipinqian.com\/pt\/wp-json\/wp\/v2\/comments?post=1532"}],"version-history":[{"count":0,"href":"https:\/\/shop.yipinqian.com\/pt\/wp-json\/wp\/v2\/product\/1532\/revisions"}],"wp:featuredmedia":[{"embeddable":true,"href":"https:\/\/shop.yipinqian.com\/pt\/wp-json\/wp\/v2\/media\/5777"}],"wp:attachment":[{"href":"https:\/\/shop.yipinqian.com\/pt\/wp-json\/wp\/v2\/media?parent=1532"}],"wp:term":[{"taxonomy":"product_brand","embeddable":true,"href":"https:\/\/shop.yipinqian.com\/pt\/wp-json\/wp\/v2\/product_brand?post=1532"},{"taxonomy":"product_cat","embeddable":true,"href":"https:\/\/shop.yipinqian.com\/pt\/wp-json\/wp\/v2\/product_cat?post=1532"},{"taxonomy":"product_tag","embeddable":true,"href":"https:\/\/shop.yipinqian.com\/pt\/wp-json\/wp\/v2\/product_tag?post=1532"}],"curies":[{"name":"wp","href":"https:\/\/api.w.org\/{rel}","templated":true}]}}