{"id":15315,"date":"2024-12-25T03:29:32","date_gmt":"2024-12-24T19:29:32","guid":{"rendered":"https:\/\/shop.yipinqian.com\/a-premium-quality-collection-squirrel-pendant-natural-type-a-jadeite-jade-added-18k-clasp-certificate-weighs-2-18-grams-measurement-21-12-9-6-mm-18kp97\/"},"modified":"2025-02-24T01:34:16","modified_gmt":"2025-02-23T17:34:16","slug":"a-premium-quality-collection-squirrel-pendant-natural-type-a-jadeite-jade-added-18k-clasp-certificate-weighs-2-18-grams-measurement-21-12-9-6-mm-18kp97","status":"publish","type":"product","link":"https:\/\/shop.yipinqian.com\/pt\/produto\/a-premium-quality-collection-squirrel-pendant-natural-type-a-jadeite-jade-added-18k-clasp-certificate-weighs-2-18-grams-measurement-21-12-9-6-mm-18kp97\/","title":{"rendered":"Uma cole\u00e7\u00e3o de qualidade premium \u2013 Pingente de esquilo gelado Jade\u00edte natural tipo A Jade adicionado fecho 18k, certificado pesa 2,18 gramas, medida 21 * 12,9 * 6 mm (18kp97)"},"content":{"rendered":"<p><iframe title=\"Smaller Version Premium Fine Quality Squirrel - Natural #jadeite  #jade  #singapore\" width=\"360\" height=\"270\" src=\"https:\/\/www.youtube.com\/embed\/a1ej9rgzbnE?feature=oembed\" frameborder=\"0\" allow=\"accelerometer; autoplay; clipboard-write; encrypted-media; gyroscope; picture-in-picture; web-share\" referrerpolicy=\"strict-origin-when-cross-origin\" allowfullscreen><\/iframe><\/p>\n<p>Discover the elegance of the Squirrel Pendant crafted from Natural Type A Jadeite Jade, complemented by an 18k clasp and certified for quality.<\/p>\n<p>(Something we have been hesitating to list on platform, price won&#8217;t be low, please note that this is a small squirrel fine quality jadeite pendant more suitable to set with 18k covering up the sides with designs) &#8211; if you haven&#8217;t owned this type of fine jadeite, this is a good collection for yourself or someone you love. See video to have more clearer understanding on the material, thanks.<\/p>\n<p>This squirrel we have two, small one is better as in quality, but the bigger one is not much different compare with the quality, the sku: is 18k98 &lt;&#8212; we will give some offer before CNY 2025 for the bigger one.<\/p>\n<p>Certificate numbers: CQT910469010671<\/p>\n<p><img fetchpriority=\"high\" decoding=\"async\" src=\"https:\/\/shop.yipinqian.com\/wp-content\/uploads\/2024\/12\/04b46f1ba295464fbc98d0d55831bccdtplv-aphluv4xwc-origin-jpeg.jpeg?dr=15568&amp;nonce=24605&amp;refresh_token=e133abc294d627c16680561873a83480&amp;from=476444299&amp;idc=my&amp;ps=933b5bde&amp;shcp=9b759fb9&amp;shp=1c65f68b&amp;t=555f072d\" width=\"1080\" height=\"1080\" \/><\/p>\n<ul>\n<li><strong>Material Premium:<\/strong> Made from Natural Type A Jadeite with a PT\/Carat Gold setting.<\/li>\n<li><strong>Dimens\u00f5es:<\/strong> Weighs 2.18 grams, measures 21 * 12.9 * 6 mm.<\/li>\n<li><strong>Proveniente de Mianmar:<\/strong> Authentic jade sourced directly from Myanmar.<\/li>\n<li><strong>Adequado para todos:<\/strong> Unisex design perfect for daily wear.<\/li>\n<\/ul>\n<p><img decoding=\"async\" src=\"https:\/\/shop.yipinqian.com\/wp-content\/uploads\/2024\/12\/a53f0cdddd034a4db3869c23a9098534tplv-aphluv4xwc-origin-jpeg.jpeg?dr=15568&amp;nonce=89202&amp;refresh_token=682ecfd44cb09963a09e55c7c51d2b31&amp;from=476444299&amp;idc=my&amp;ps=933b5bde&amp;shcp=9b759fb9&amp;shp=1c65f68b&amp;t=555f072d\" width=\"1080\" height=\"1080\" \/><img decoding=\"async\" src=\"https:\/\/shop.yipinqian.com\/wp-content\/uploads\/2024\/12\/51a9ee244b0248c4b2c38b5eb5c55625tplv-aphluv4xwc-origin-jpeg.jpeg?dr=15568&amp;nonce=49043&amp;refresh_token=157365bcc8f8ba48d9320563d7cc907e&amp;from=476444299&amp;idc=my&amp;ps=933b5bde&amp;shcp=9b759fb9&amp;shp=1c65f68b&amp;t=555f072d\" width=\"1080\" height=\"1080\" \/><img loading=\"lazy\" decoding=\"async\" class=\"alignnone\" src=\"https:\/\/shop.yipinqian.com\/wp-content\/uploads\/2024\/12\/182b1540ff584f1aaaa657263069ea07tplv-aphluv4xwc-origin-jpeg.jpeg?dr=15568&amp;nonce=62540&amp;refresh_token=ee8f397d1d30693ee2b2d858d0563d32&amp;from=476444299&amp;idc=my&amp;ps=933b5bde&amp;shcp=9b759fb9&amp;shp=1c65f68b&amp;t=555f072d\" alt=\"Squirrel pendant\" width=\"1080\" height=\"1080\" \/><\/p>\n<p>This casual necklace style adds a unique touch to any outfit, making it an ideal accessory for any occasion. Please note that this product does not come with a warranty.<\/p>\n<p>Yi Pin Qian \u2013 Um negociante de pedras preciosas e metais preciosos em Cingapura \u2013 N\u00famero de licen\u00e7a PS20190000031<\/p>\n<p>*Todos os Jadeites comprados de Yi Pin Qian em Cingapura, os clientes podem reservar hor\u00e1rios para polimento ou pequenos reparos por manuseio incorreto - taxas se aplicam e somente para clientes de Yi Pin Qian em Cingapura*<\/p>\n<p><strong>**Tipos de Certificados**<\/strong><\/p>\n<p><strong>NGI (Nan Yang Gemol\u00f3gico)<\/strong><\/p>\n<p>ou <strong>Certificados no exterior <\/strong>(Yi Pin Qian usa apenas certificados aut\u00eanticos de laborat\u00f3rios estrangeiros e tamb\u00e9m controla a qualidade de cada um dos nossos produtos antes de coloc\u00e1-los \u00e0 venda em Cingapura)<\/p>\n<p>Cada produto no TikTok ter\u00e1 o tipo de certificado fornecido indicado na descri\u00e7\u00e3o. Para qualquer cliente que deseje enviar seu pedido para a NGI Singapore, haver\u00e1 um tempo de espera para entrega do pedido estimado em torno de 4 semanas para receber seu pedido. <strong>As solicita\u00e7\u00f5es de relat\u00f3rios de pedras preciosas da NGI precisam ser feitas por mensagem.<\/strong> Obrigado, <strong><u>taxas extras se aplicam<\/u><\/strong>.<\/p>\n<p><strong>A jade\u00edta natural n\u00e3o \u00e9 perfeita, apenas um lembrete gentil, nossa jade\u00edta natural, como todas as coisas bonitas da natureza, vem com suas caracter\u00edsticas e varia\u00e7\u00f5es \u00fanicas. Convidamos nossos valiosos clientes a abra\u00e7ar essas varia\u00e7\u00f5es naturais. Boas compras!<\/strong><\/p>\n<p><strong><u>Nenhuma das fotos e filmagens de v\u00eddeo foram filtradas. Incentivamos nossos clientes a tamb\u00e9m assistirem aos v\u00eddeos que os acompanham para uma vis\u00e3o mais abrangente de nossos produtos<\/u><\/strong><\/p>\n<ul>\n<li>Diferentes plataformas s\u00f3 podem visualizar v\u00eddeos por meio do Desktop<\/li>\n<\/ul>","protected":false},"excerpt":{"rendered":"<p>A Premium Quality Collection &#8211; Icy Squirrel Pendant Natural Type A Jadeite Jade added 18k Clasp, certificate weighs 2.18 grams, measurement 21 * 12.9 * 6 mm (18kp97) &#8211; This squirrel pendant is a very good quality old pit jadeite from Myanmar<\/p>","protected":false},"featured_media":15324,"comment_status":"open","ping_status":"closed","template":"","meta":[],"product_brand":[],"product_cat":[196],"product_tag":[50,52,69,53,79,65,54,56,58,73,59,60,61,62],"class_list":{"0":"post-15315","1":"product","2":"type-product","3":"status-publish","4":"has-post-thumbnail","6":"product_cat-vault-collection","7":"product_tag-18k-gold","8":"product_tag-certified","9":"product_tag-clasp","10":"product_tag-fine-quality","11":"product_tag-green-hue","12":"product_tag-high-quality","13":"product_tag-icy","14":"product_tag-limited-editions","15":"product_tag-new-arrivals","16":"product_tag-pendant","17":"product_tag-translucent","18":"product_tag-type-a-jadeite","19":"product_tag-unisex","20":"product_tag-yi-pin-qian-exclusive","22":"first","23":"instock","24":"sale","25":"shipping-taxable","26":"purchasable","27":"product-type-simple"},"_links":{"self":[{"href":"https:\/\/shop.yipinqian.com\/pt\/wp-json\/wp\/v2\/product\/15315","targetHints":{"allow":["GET"]}}],"collection":[{"href":"https:\/\/shop.yipinqian.com\/pt\/wp-json\/wp\/v2\/product"}],"about":[{"href":"https:\/\/shop.yipinqian.com\/pt\/wp-json\/wp\/v2\/types\/product"}],"replies":[{"embeddable":true,"href":"https:\/\/shop.yipinqian.com\/pt\/wp-json\/wp\/v2\/comments?post=15315"}],"version-history":[{"count":0,"href":"https:\/\/shop.yipinqian.com\/pt\/wp-json\/wp\/v2\/product\/15315\/revisions"}],"wp:featuredmedia":[{"embeddable":true,"href":"https:\/\/shop.yipinqian.com\/pt\/wp-json\/wp\/v2\/media\/15324"}],"wp:attachment":[{"href":"https:\/\/shop.yipinqian.com\/pt\/wp-json\/wp\/v2\/media?parent=15315"}],"wp:term":[{"taxonomy":"product_brand","embeddable":true,"href":"https:\/\/shop.yipinqian.com\/pt\/wp-json\/wp\/v2\/product_brand?post=15315"},{"taxonomy":"product_cat","embeddable":true,"href":"https:\/\/shop.yipinqian.com\/pt\/wp-json\/wp\/v2\/product_cat?post=15315"},{"taxonomy":"product_tag","embeddable":true,"href":"https:\/\/shop.yipinqian.com\/pt\/wp-json\/wp\/v2\/product_tag?post=15315"}],"curies":[{"name":"wp","href":"https:\/\/api.w.org\/{rel}","templated":true}]}}