{"id":1531,"date":"2024-10-24T23:19:54","date_gmt":"2024-10-24T15:19:54","guid":{"rendered":"https:\/\/shop.yipinqian.com\/product\/high-quality-light-green-hue-icy-translucent-natural-type-a-jadeite-jade-crafted-as-amitabha-to-wear-as-pendant-certificate-weighs-18-67-grams-measurement-61-2-24-2-6-2-mm-pendant281\/"},"modified":"2025-02-24T01:17:30","modified_gmt":"2025-02-23T17:17:30","slug":"high-quality-light-green-hue-icy-translucent-natural-type-a-jadeite-jade-crafted-as-amitabha-to-wear-as-pendant-certificate-weighs-18-67-grams-measurement-61-2-24-2-6-2-mm-pendant281","status":"publish","type":"product","link":"https:\/\/shop.yipinqian.com\/pt\/produto\/high-quality-light-green-hue-icy-translucent-natural-type-a-jadeite-jade-crafted-as-amitabha-to-wear-as-pendant-certificate-weighs-18-67-grams-measurement-61-2-24-2-6-2-mm-pendant281\/","title":{"rendered":"Jade\u00edta Natural Tipo A Transl\u00facida Gelada Verde Claro, Jade trabalhada como Amit\u0101bha para usar como Pingente, certificado pesa 18,67 gramas (pendant281)"},"content":{"rendered":"<p>This High-Quality Light Green Hue Icy Translucent Natural Type A Jadeite Jade pendant, crafted as Amitabha, exudes elegance and beauty.<\/p>\n<p>\u00a0<\/p>\n<p>Certificate numbers: 920350021933<\/p>\n<p><img fetchpriority=\"high\" decoding=\"async\" height=\"1080\" src=\"https:\/\/shop.yipinqian.com\/wp-content\/uploads\/2024\/10\/f5b18091e0bd487ef599cebcd23bd4f0.jpg?from=476444299\" width=\"1080\"><\/p>\n<ul>\n<li>\n<strong>Artesanato requintado:<\/strong> Meticulously carved to perfection with stunning details.<\/li>\n<li>\n<strong>Beleza natural:<\/strong> A genuine piece of Type A Jadeite displaying a beautiful light green hue.<\/li>\n<li>\n<strong>Certificado inclu\u00eddo:<\/strong> Vem com um certificado que verifica a autenticidade do jade.<\/li>\n<\/ul>\n<p><img decoding=\"async\" height=\"1080\" src=\"https:\/\/shop.yipinqian.com\/wp-content\/uploads\/2024\/10\/51b5685ca5ccd9a75b5038dce1ef8525.jpg?from=476444299\" width=\"1080\"><img decoding=\"async\" height=\"1080\" src=\"https:\/\/shop.yipinqian.com\/wp-content\/uploads\/2024\/10\/17756c89f5a53046e658eb57cf12f9b1.jpg?from=476444299\" width=\"1080\"><\/p>\n<p>Weighing 18.67 grams and measuring 61.2 * 24.2 * 6.2 mm, this pendant is a true masterpiece from Myanmar, perfect for any auspicious occasion.<\/p>\n<ul>\n<li>The Unisex design makes it suitable for all genders,<\/li>\n<\/ul>\n<p>This Casual style necklace accessory does not come with a warranty but offers timeless charm and sophistication to any outfit or occasion it adorns.<\/p>\n<p>\u00a0<\/p>\n<p>Yi Pin Qian \u2013 Um negociante de pedras preciosas e metais preciosos em Cingapura \u2013 N\u00famero de licen\u00e7a PS20190000031<\/p>\n<p>\u00a0<\/p>\n<p>*Todos os Jadeites comprados de Yi Pin Qian em Cingapura, os clientes podem reservar hor\u00e1rios para polimento ou pequenos reparos por manuseio incorreto - taxas se aplicam e somente para clientes de Yi Pin Qian em Cingapura*<\/p>\n<p>\u00a0<\/p>\n<p><strong>**Tipos de Certificados**<\/strong><\/p>\n<p>\u00a0<\/p>\n<p><strong>NGI (Nan Yang Gemol\u00f3gico)<\/strong><\/p>\n<p>ou <strong>Certificados no exterior <\/strong>(Yi Pin Qian usa apenas certificados aut\u00eanticos de laborat\u00f3rios estrangeiros e tamb\u00e9m controla a qualidade de cada um dos nossos produtos antes de coloc\u00e1-los \u00e0 venda em Cingapura)<\/p>\n<p>\u00a0<\/p>\n<p>Cada produto no TikTok ter\u00e1 o tipo de certificado fornecido indicado na descri\u00e7\u00e3o. Para qualquer cliente que deseje enviar seu pedido para a NGI Singapore, haver\u00e1 um tempo de espera para entrega do pedido estimado em torno de 4 semanas para receber seu pedido. <strong>As solicita\u00e7\u00f5es de relat\u00f3rios da NGI Gemstone precisam ser feitas por mensagem para a loja Yi Pin Qian TikTok.<\/strong> Obrigado, <strong><u>taxas extras se aplicam<\/u><\/strong>.<\/p>\n<p>\u00a0<\/p>\n<p><strong>A jade\u00edta natural n\u00e3o \u00e9 perfeita, apenas um lembrete gentil, nossa jade\u00edta natural, como todas as coisas bonitas da natureza, vem com suas caracter\u00edsticas e varia\u00e7\u00f5es \u00fanicas. Convidamos nossos valiosos clientes a abra\u00e7ar essas varia\u00e7\u00f5es naturais. Boas compras!<\/strong><\/p>\n<p>\u00a0<\/p>\n<p><strong><u>Nenhuma das fotos e filmagens de v\u00eddeo foram filtradas. Incentivamos nossos clientes a tamb\u00e9m assistirem aos v\u00eddeos que os acompanham para uma vis\u00e3o mais abrangente de nossos produtos<\/u><\/strong><\/p>\n<p>\u00a0<\/p>\n<ul>\n<li>Diferentes plataformas s\u00f3 podem visualizar v\u00eddeos por meio do Desktop<\/li>\n<\/ul>","protected":false},"excerpt":{"rendered":"<p>This High-Quality Light Green Hue Icy Translucent Natural Type A Jadeite Jade pendant, crafted as Amitabha, exudes elegance and beauty. \u00a0 Certificate numbers: 920350021933 Exquisite Craftsmanship: Meticulously carved to perfection with stunning details. Natural Beauty: A genuine piece of Type A Jadeite displaying a beautiful light green hue. Certificate Included: Comes with a certificate verifying [&hellip;]<\/p>","protected":false},"featured_media":5757,"comment_status":"open","ping_status":"closed","template":"","meta":[],"product_brand":[],"product_cat":[195],"product_tag":[52,53,65,54,55,56,58,59,60,61,62],"class_list":{"0":"post-1531","1":"product","2":"type-product","3":"status-publish","4":"has-post-thumbnail","6":"product_cat-heirloom-grade","7":"product_tag-certified","8":"product_tag-fine-quality","9":"product_tag-high-quality","10":"product_tag-icy","11":"product_tag-jadeite","12":"product_tag-limited-editions","13":"product_tag-new-arrivals","14":"product_tag-translucent","15":"product_tag-type-a-jadeite","16":"product_tag-unisex","17":"product_tag-yi-pin-qian-exclusive","19":"first","20":"instock","21":"sale","22":"shipping-taxable","23":"purchasable","24":"product-type-simple"},"_links":{"self":[{"href":"https:\/\/shop.yipinqian.com\/pt\/wp-json\/wp\/v2\/product\/1531","targetHints":{"allow":["GET"]}}],"collection":[{"href":"https:\/\/shop.yipinqian.com\/pt\/wp-json\/wp\/v2\/product"}],"about":[{"href":"https:\/\/shop.yipinqian.com\/pt\/wp-json\/wp\/v2\/types\/product"}],"replies":[{"embeddable":true,"href":"https:\/\/shop.yipinqian.com\/pt\/wp-json\/wp\/v2\/comments?post=1531"}],"version-history":[{"count":0,"href":"https:\/\/shop.yipinqian.com\/pt\/wp-json\/wp\/v2\/product\/1531\/revisions"}],"wp:featuredmedia":[{"embeddable":true,"href":"https:\/\/shop.yipinqian.com\/pt\/wp-json\/wp\/v2\/media\/5757"}],"wp:attachment":[{"href":"https:\/\/shop.yipinqian.com\/pt\/wp-json\/wp\/v2\/media?parent=1531"}],"wp:term":[{"taxonomy":"product_brand","embeddable":true,"href":"https:\/\/shop.yipinqian.com\/pt\/wp-json\/wp\/v2\/product_brand?post=1531"},{"taxonomy":"product_cat","embeddable":true,"href":"https:\/\/shop.yipinqian.com\/pt\/wp-json\/wp\/v2\/product_cat?post=1531"},{"taxonomy":"product_tag","embeddable":true,"href":"https:\/\/shop.yipinqian.com\/pt\/wp-json\/wp\/v2\/product_tag?post=1531"}],"curies":[{"name":"wp","href":"https:\/\/api.w.org\/{rel}","templated":true}]}}