{"id":1529,"date":"2024-10-24T23:19:53","date_gmt":"2024-10-24T15:19:53","guid":{"rendered":"https:\/\/shop.yipinqian.com\/product\/light-green-good-translucent-natural-type-a-jadeite-jade-crafted-with-guanyin-18k-gold-clasps-as-pendant-certificate-weighs-6-36-grams-measurement-32-2-21-5-8-mm-18kp49\/"},"modified":"2025-02-17T00:03:59","modified_gmt":"2025-02-16T16:03:59","slug":"light-green-good-translucent-natural-type-a-jadeite-jade-crafted-with-guanyin-18k-gold-clasps-as-pendant-certificate-weighs-6-36-grams-measurement-32-2-21-5-8-mm-18kp49","status":"publish","type":"product","link":"https:\/\/shop.yipinqian.com\/pt\/produto\/light-green-good-translucent-natural-type-a-jadeite-jade-crafted-with-guanyin-18k-gold-clasps-as-pendant-certificate-weighs-6-36-grams-measurement-32-2-21-5-8-mm-18kp49\/","title":{"rendered":"Light Green Good Translucent Natural Type A Jadeite Jade crafted with Guanyin 18k gold clasps as Pendant, certificate weighs 6.36 grams, measurement 32.2 * 21 * 5.8 mm (18kp49)"},"content":{"rendered":"<p>This exquisite pendant features a Light Green Good Translucent Natural Type A Jadeite Jade, accented with Guanyin 18k gold clasp.<\/p>\n<p>\u00a0<\/p>\n<p>Note: Customer buying this pendant can use thin chain to wear the pendant.<\/p>\n<p>\u00a0<\/p>\n<p>Certificate numbers: GD2110H007655<\/p>\n<p><img fetchpriority=\"high\" decoding=\"async\" height=\"1080\" src=\"https:\/\/shop.yipinqian.com\/wp-content\/uploads\/2024\/10\/0a9792cfc52bedc648a9fe93b624bb1d.jpg?from=476444299\" width=\"1080\"><\/p>\n<ul>\n<li>\n<strong>Material:<\/strong> Crafted with high-quality Type A Jadeite Jade and 18k gold clasps<\/li>\n<li>\n<strong>Certificado:<\/strong> Vem com um certificado<\/li>\n<li>\n<strong>Peso:<\/strong> 6.36 grams<\/li>\n<li>\n<strong>Medidas:<\/strong> 32.2 * 21 * 5.8 mm<\/li>\n<li><strong>Jade Type: A precious variety of natural jade, known for its beauty and durability.<\/strong><\/li>\n<li><strong>Total Weight: The jade pendant weighs a total of 6.36 grams.<\/strong><\/li>\n<li><strong>This stunning piece is perfect for those seeking an auspicious accessory that exudes elegance and charm.<\/strong><\/li>\n<li><strong>O g\u00eanero:<\/strong><\/li>\n<li><strong>A versatile piece suitable for both men and women. The Country of Origin:<\/strong><\/li>\n<li><strong>Proudly sourced from Myanmar. The Occasion:<\/strong><\/li>\n<li><strong>Suitable for everyday wear as well as special occasions. The Warranty Type: Elevate your style with this casual necklace that showcases the beauty of natural jadeite in a timeless design!<\/strong><\/li>\n<\/ul>\n<p>Yi Pin Qian \u2013 Um negociante de pedras preciosas e metais preciosos em Cingapura \u2013 N\u00famero de licen\u00e7a PS20190000031<\/p>\n<p>\u00a0<\/p>\n<p>*Todos os Jadeites comprados de Yi Pin Qian em Cingapura, os clientes podem reservar hor\u00e1rios para polimento ou pequenos reparos por manuseio incorreto - taxas se aplicam e somente para clientes de Yi Pin Qian em Cingapura*<\/p>\n<p>\u00a0<\/p>\n<p><strong>**Tipos de Certificados**<\/strong><\/p>\n<p>\u00a0<\/p>\n<p><strong>NGI (Nan Yang Gemol\u00f3gico)<\/strong><\/p>\n<p>ou <strong>Certificados no exterior <\/strong>(Yi Pin Qian usa apenas certificados aut\u00eanticos de laborat\u00f3rios estrangeiros e tamb\u00e9m controla a qualidade de cada um dos nossos produtos antes de coloc\u00e1-los \u00e0 venda em Cingapura)<\/p>\n<p>\u00a0<\/p>\n<p>Cada produto no TikTok ter\u00e1 o tipo de certificado fornecido indicado na descri\u00e7\u00e3o. Para qualquer cliente que deseje enviar seu pedido para a NGI Singapore, haver\u00e1 um tempo de espera para entrega do pedido estimado em torno de 4 semanas para receber seu pedido. <strong>As solicita\u00e7\u00f5es de relat\u00f3rios da NGI Gemstone precisam ser feitas por mensagem para a loja Yi Pin Qian TikTok.<\/strong> Obrigado, <strong><u>taxas extras se aplicam<\/u><\/strong>.<\/p>\n<p>\u00a0<\/p>\n<p><strong>A jade\u00edta natural n\u00e3o \u00e9 perfeita, apenas um lembrete gentil, nossa jade\u00edta natural, como todas as coisas bonitas da natureza, vem com suas caracter\u00edsticas e varia\u00e7\u00f5es \u00fanicas. Convidamos nossos valiosos clientes a abra\u00e7ar essas varia\u00e7\u00f5es naturais. Boas compras!<\/strong><\/p>\n<p>\u00a0<\/p>\n<p><strong><u>Nenhuma das fotos e filmagens de v\u00eddeo foram filtradas. Incentivamos nossos clientes a tamb\u00e9m assistirem aos v\u00eddeos que os acompanham para uma vis\u00e3o mais abrangente de nossos produtos<\/u><\/strong><\/p>","protected":false},"excerpt":{"rendered":"<p>This exquisite pendant features a Light Green Good Translucent Natural Type A Jadeite Jade, accented with Guanyin 18k gold clasp. \u00a0 Note: Customer buying this pendant can use thin chain to wear the pendant. \u00a0 Certificate numbers: GD2110H007655 Material: Crafted with high-quality Type A Jadeite Jade and 18k gold clasps Certificate: Comes with a certificate [&hellip;]<\/p>","protected":false},"featured_media":5718,"comment_status":"open","ping_status":"closed","template":"","meta":[],"product_brand":[],"product_cat":[120,48],"product_tag":[50,52,69,107,65,55,73,75,59,60,61,62],"class_list":{"0":"post-1529","1":"product","2":"type-product","3":"status-publish","4":"has-post-thumbnail","6":"product_cat-18k-gold-setting-pendants","7":"product_cat-pendants","8":"product_tag-18k-gold","9":"product_tag-certified","10":"product_tag-clasp","11":"product_tag-guanyin","12":"product_tag-high-quality","13":"product_tag-jadeite","14":"product_tag-pendant","15":"product_tag-traditional","16":"product_tag-translucent","17":"product_tag-type-a-jadeite","18":"product_tag-unisex","19":"product_tag-yi-pin-qian-exclusive","21":"first","22":"instock","23":"sale","24":"shipping-taxable","25":"purchasable","26":"product-type-simple"},"_links":{"self":[{"href":"https:\/\/shop.yipinqian.com\/pt\/wp-json\/wp\/v2\/product\/1529","targetHints":{"allow":["GET"]}}],"collection":[{"href":"https:\/\/shop.yipinqian.com\/pt\/wp-json\/wp\/v2\/product"}],"about":[{"href":"https:\/\/shop.yipinqian.com\/pt\/wp-json\/wp\/v2\/types\/product"}],"replies":[{"embeddable":true,"href":"https:\/\/shop.yipinqian.com\/pt\/wp-json\/wp\/v2\/comments?post=1529"}],"version-history":[{"count":0,"href":"https:\/\/shop.yipinqian.com\/pt\/wp-json\/wp\/v2\/product\/1529\/revisions"}],"wp:featuredmedia":[{"embeddable":true,"href":"https:\/\/shop.yipinqian.com\/pt\/wp-json\/wp\/v2\/media\/5718"}],"wp:attachment":[{"href":"https:\/\/shop.yipinqian.com\/pt\/wp-json\/wp\/v2\/media?parent=1529"}],"wp:term":[{"taxonomy":"product_brand","embeddable":true,"href":"https:\/\/shop.yipinqian.com\/pt\/wp-json\/wp\/v2\/product_brand?post=1529"},{"taxonomy":"product_cat","embeddable":true,"href":"https:\/\/shop.yipinqian.com\/pt\/wp-json\/wp\/v2\/product_cat?post=1529"},{"taxonomy":"product_tag","embeddable":true,"href":"https:\/\/shop.yipinqian.com\/pt\/wp-json\/wp\/v2\/product_tag?post=1529"}],"curies":[{"name":"wp","href":"https:\/\/api.w.org\/{rel}","templated":true}]}}