{"id":1523,"date":"2024-10-24T23:19:50","date_gmt":"2024-10-24T15:19:50","guid":{"rendered":"https:\/\/shop.yipinqian.com\/product\/light-green-and-white-natural-type-a-jadeite-pendant-necklace-crafted-as-domineering-dragon-water-absorbing-pendant-symbols-of-rise-to-prominence-certificate-included-weigh-43-48-grams-56-5-36-8-13-4\/"},"modified":"2025-02-17T00:03:58","modified_gmt":"2025-02-16T16:03:58","slug":"light-green-and-white-natural-type-a-jadeite-pendant-necklace-crafted-as-domineering-dragon-water-absorbing-pendant-symbols-of-rise-to-prominence-certificate-included-weigh-43-48-grams-56-5-36-8-13-4","status":"publish","type":"product","link":"https:\/\/shop.yipinqian.com\/pt\/produto\/light-green-and-white-natural-type-a-jadeite-pendant-necklace-crafted-as-domineering-dragon-water-absorbing-pendant-symbols-of-rise-to-prominence-certificate-included-weigh-43-48-grams-56-5-36-8-13-4\/","title":{"rendered":"Colar com pingente de jade\u00edta natural tipo A verde claro e branco, criado como um pingente de drag\u00e3o dominador que absorve \u00e1gua, s\u00edmbolos de ascens\u00e3o \u00e0 proemin\u00eancia, certificado inclu\u00eddo, pesa 43,48 gramas, 56,5 * 36,8 * 13,4 mm, adequado para uso di\u00e1rio (pendant37)"},"content":{"rendered":"<p>Prepare-se para enfrentar o dia com estilo com este colar com pingente de jade\u00edta natural tipo A verde-claro e branco!<\/p>\n<ul>\n<li>\n<strong>S\u00edmbolos de Poder:<\/strong> Feito como um pingente dominador de drag\u00e3o que absorve \u00e1gua, este colar simboliza ascens\u00e3o \u00e0 proemin\u00eancia.<\/li>\n<li>\n<strong>Jade\u00edta natural:<\/strong> Feito de jade\u00edta natural Tipo A, este colar \u00e9 um verdadeiro tesouro.<\/li>\n<li>\n<strong>Adequa\u00e7\u00e3o:<\/strong> Com seu peso de 43,48 gramas e tamanho de 56,5 * 36,8 * 13,4 mm, \u00e9 perfeito para uso di\u00e1rio ou para colecionar.<\/li>\n<\/ul>\n<p>Este colar vem com um certificado incluso para sua tranquilidade, e sua origem est\u00e1 na terra m\u00edstica de Mianmar.<\/p>\n<ul>\n<li>\n<strong>Certificado:<\/strong> Este produto vem com certificado inclu\u00eddo!<\/li>\n<\/ul>\n<p><strong>N\u00fameros de certificado: GD2112H014155<\/strong><\/p>\n<p><img fetchpriority=\"high\" decoding=\"async\" height=\"1080\" src=\"https:\/\/shop.yipinqian.com\/wp-content\/uploads\/2024\/10\/3dc3c7585170930ce31fbc391bea8325.jpg?from=476444299\" width=\"1080\"><\/p>\n<ul>\n<li>\n<strong>Feito para uso di\u00e1rio: <\/strong>O acess\u00f3rio perfeito para usar diariamente!<\/li>\n<\/ul>\n<p><img decoding=\"async\" height=\"1080\" src=\"https:\/\/shop.yipinqian.com\/wp-content\/uploads\/2024\/10\/3b7f59c6938f88a157d34f5a2110047d.jpg?from=476444299\" width=\"1080\"><\/p>\n<p>Este colar com pingente unissex apresenta um estilo casual que combina perfeitamente com qualquer roupa que voc\u00ea escolher! N\u00e3o deixe de adicion\u00e1-lo \u00e0 sua cole\u00e7\u00e3o de joias hoje!<\/p>\n<p>\u00a0<\/p>\n<p>Yi Pin Qian \u2013 Um negociante de pedras preciosas e metais preciosos em Cingapura \u2013 N\u00famero de licen\u00e7a PS20190000031<\/p>\n<p>\u00a0<\/p>\n<p>*Todos os Jadeites comprados de Yi Pin Qian em Cingapura, os clientes podem reservar hor\u00e1rios para polimento ou pequenos reparos por manuseio incorreto - taxas se aplicam e somente para clientes de Yi Pin Qian em Cingapura*<\/p>\n<p>\u00a0<\/p>\n<p><strong>**Tipos de Certificados**<\/strong><\/p>\n<p>\u00a0<\/p>\n<p><strong>NGI (Nan Yang Gemol\u00f3gico)<\/strong><\/p>\n<p>ou <strong>Certificados no exterior <\/strong>(Yi Pin Qian usa apenas certificados aut\u00eanticos de laborat\u00f3rios estrangeiros e tamb\u00e9m controla a qualidade de cada um dos nossos produtos antes de coloc\u00e1-los \u00e0 venda em Cingapura)<\/p>\n<p>\u00a0<\/p>\n<p>Cada produto no TikTok ter\u00e1 o tipo de certificado fornecido indicado na descri\u00e7\u00e3o. Para qualquer cliente que deseje enviar seu pedido para a NGI Singapore, haver\u00e1 um tempo de espera para entrega do pedido estimado em torno de 4 semanas para receber seu pedido. <strong>As solicita\u00e7\u00f5es de relat\u00f3rios da NGI Gemstone precisam ser feitas por mensagem para a loja Yi Pin Qian TikTok.<\/strong> Obrigado, <strong><u>taxas extras se aplicam<\/u><\/strong>.<\/p>\n<p>\u00a0<\/p>\n<p><strong>A jade\u00edta natural n\u00e3o \u00e9 perfeita, apenas um lembrete gentil, nossa jade\u00edta natural, como todas as coisas bonitas da natureza, vem com suas caracter\u00edsticas e varia\u00e7\u00f5es \u00fanicas. Convidamos nossos valiosos clientes a abra\u00e7ar essas varia\u00e7\u00f5es naturais. Boas compras!<\/strong><\/p>\n<p>\u00a0<\/p>\n<p><strong><u>Nenhuma das fotos e filmagens de v\u00eddeo foram filtradas. Incentivamos nossos clientes a tamb\u00e9m assistirem aos v\u00eddeos que os acompanham para uma vis\u00e3o mais abrangente de nossos produtos<\/u><\/strong><\/p>","protected":false},"excerpt":{"rendered":"<p>Get ready to take on the day in style with this Light Green and White Natural Type A Jadeite Pendant Necklace! Symbols of Power: Crafted as a domineering dragon water absorbing pendant, this necklace symbolizes rise to prominence. Natural Jadeite: Made from natural Type A jadeite, this necklace is a true treasure. Suitability: With its [&hellip;]<\/p>","protected":false},"featured_media":5670,"comment_status":"open","ping_status":"closed","template":"","meta":[],"product_brand":[],"product_cat":[48],"product_tag":[],"class_list":{"0":"post-1523","1":"product","2":"type-product","3":"status-publish","4":"has-post-thumbnail","6":"product_cat-pendants","8":"first","9":"instock","10":"sale","11":"shipping-taxable","12":"purchasable","13":"product-type-simple"},"_links":{"self":[{"href":"https:\/\/shop.yipinqian.com\/pt\/wp-json\/wp\/v2\/product\/1523","targetHints":{"allow":["GET"]}}],"collection":[{"href":"https:\/\/shop.yipinqian.com\/pt\/wp-json\/wp\/v2\/product"}],"about":[{"href":"https:\/\/shop.yipinqian.com\/pt\/wp-json\/wp\/v2\/types\/product"}],"replies":[{"embeddable":true,"href":"https:\/\/shop.yipinqian.com\/pt\/wp-json\/wp\/v2\/comments?post=1523"}],"version-history":[{"count":0,"href":"https:\/\/shop.yipinqian.com\/pt\/wp-json\/wp\/v2\/product\/1523\/revisions"}],"wp:featuredmedia":[{"embeddable":true,"href":"https:\/\/shop.yipinqian.com\/pt\/wp-json\/wp\/v2\/media\/5670"}],"wp:attachment":[{"href":"https:\/\/shop.yipinqian.com\/pt\/wp-json\/wp\/v2\/media?parent=1523"}],"wp:term":[{"taxonomy":"product_brand","embeddable":true,"href":"https:\/\/shop.yipinqian.com\/pt\/wp-json\/wp\/v2\/product_brand?post=1523"},{"taxonomy":"product_cat","embeddable":true,"href":"https:\/\/shop.yipinqian.com\/pt\/wp-json\/wp\/v2\/product_cat?post=1523"},{"taxonomy":"product_tag","embeddable":true,"href":"https:\/\/shop.yipinqian.com\/pt\/wp-json\/wp\/v2\/product_tag?post=1523"}],"curies":[{"name":"wp","href":"https:\/\/api.w.org\/{rel}","templated":true}]}}