{"id":1521,"date":"2024-10-24T23:19:50","date_gmt":"2024-10-24T15:19:50","guid":{"rendered":"https:\/\/shop.yipinqian.com\/product\/lavender-green-and-yellow-natural-type-a-jadeite-jade-crafted-with-shape-of-cabbage-as-pendant-certificate-weigh-8-16-grams-measurement-36-9-22-8-2-mm-pendant238\/"},"modified":"2025-02-24T00:49:54","modified_gmt":"2025-02-23T16:49:54","slug":"lavender-green-and-yellow-natural-type-a-jadeite-jade-crafted-with-shape-of-cabbage-as-pendant-certificate-weigh-8-16-grams-measurement-36-9-22-8-2-mm-pendant238","status":"publish","type":"product","link":"https:\/\/shop.yipinqian.com\/pt\/produto\/lavender-green-and-yellow-natural-type-a-jadeite-jade-crafted-with-shape-of-cabbage-as-pendant-certificate-weigh-8-16-grams-measurement-36-9-22-8-2-mm-pendant238\/","title":{"rendered":"Lavender,Green and Yellow Natural Type A Jadeite Jade crafted with shape of Cabbage as Pendant , certificate weigh 8.16 grams, measurement 36.9 * 22 * 8.2 mm (pendant238)"},"content":{"rendered":"<p>This Lavender, Green, and Yellow Natural Type A Jadeite Jade pendant is a unique piece crafted in the shape of a cabbage. The pendant weighs 8.16 grams and measures 36.9 * 22 * 8.2 mm.<\/p>\n<p>Certificate numbers: ZS22112101212<\/p>\n<ul>\n<li>\n<strong>Material:<\/strong> Jade\u00edta Natural Tipo A Jade<\/li>\n<li>\n<strong>Certificado:<\/strong> Sim<\/li>\n<li>\n<strong>Pa\u00eds de origem:<\/strong> Mianmar<\/li>\n<li>\n<strong>Ocasi\u00e3o:<\/strong> Di\u00e1rio<\/li>\n<li>\n<strong>Tipo de Jade:<\/strong>Jade\u00edta<\/li>\n<li><strong>Closure Style: Casual.<\/strong><\/li>\n<\/ul>\n<p>This exquisite pendant is perfect for daily wear and adds a touch of elegance to any outfit. The unisex design makes it suitable for anyone looking to enhance their style with a unique piece of jade jewelry.<\/p>\n<p><\/p>\n<p><strong>A jade\u00edta natural n\u00e3o \u00e9 perfeita, apenas um lembrete gentil, nossa jade\u00edta natural, como todas as coisas bonitas da natureza, vem com suas caracter\u00edsticas e varia\u00e7\u00f5es \u00fanicas. Convidamos nossos valiosos clientes a abra\u00e7ar essas varia\u00e7\u00f5es naturais. Boas compras!<\/strong><\/p>\n<p><\/p>\n<p><strong><u>Nenhuma das fotos e filmagens de v\u00eddeo foram filtradas. Incentivamos nossos clientes a tamb\u00e9m assistirem aos v\u00eddeos que os acompanham para uma vis\u00e3o mais abrangente de nossos produtos<\/u><\/strong><\/p>\n<p>.<\/p>","protected":false},"excerpt":{"rendered":"<p>This Lavender, Green, and Yellow Natural Type A Jadeite Jade pendant is a unique piece crafted in the shape of a cabbage. The pendant weighs 8.16 grams and measures 36.9 * 22 * 8.2 mm. Certificate numbers: ZS22112101212 Material: Natural Type A Jadeite Jade Certificate: Yes Country of Origin: Myanmar Occasion: Daily Jade Type:Jadeite Closure [&hellip;]<\/p>","protected":false},"featured_media":5649,"comment_status":"open","ping_status":"closed","template":"","meta":[],"product_brand":[],"product_cat":[194],"product_tag":[],"class_list":{"0":"post-1521","1":"product","2":"type-product","3":"status-publish","4":"has-post-thumbnail","6":"product_cat-value-picks","8":"first","9":"instock","10":"sale","11":"shipping-taxable","12":"purchasable","13":"product-type-simple"},"_links":{"self":[{"href":"https:\/\/shop.yipinqian.com\/pt\/wp-json\/wp\/v2\/product\/1521","targetHints":{"allow":["GET"]}}],"collection":[{"href":"https:\/\/shop.yipinqian.com\/pt\/wp-json\/wp\/v2\/product"}],"about":[{"href":"https:\/\/shop.yipinqian.com\/pt\/wp-json\/wp\/v2\/types\/product"}],"replies":[{"embeddable":true,"href":"https:\/\/shop.yipinqian.com\/pt\/wp-json\/wp\/v2\/comments?post=1521"}],"version-history":[{"count":0,"href":"https:\/\/shop.yipinqian.com\/pt\/wp-json\/wp\/v2\/product\/1521\/revisions"}],"wp:featuredmedia":[{"embeddable":true,"href":"https:\/\/shop.yipinqian.com\/pt\/wp-json\/wp\/v2\/media\/5649"}],"wp:attachment":[{"href":"https:\/\/shop.yipinqian.com\/pt\/wp-json\/wp\/v2\/media?parent=1521"}],"wp:term":[{"taxonomy":"product_brand","embeddable":true,"href":"https:\/\/shop.yipinqian.com\/pt\/wp-json\/wp\/v2\/product_brand?post=1521"},{"taxonomy":"product_cat","embeddable":true,"href":"https:\/\/shop.yipinqian.com\/pt\/wp-json\/wp\/v2\/product_cat?post=1521"},{"taxonomy":"product_tag","embeddable":true,"href":"https:\/\/shop.yipinqian.com\/pt\/wp-json\/wp\/v2\/product_tag?post=1521"}],"curies":[{"name":"wp","href":"https:\/\/api.w.org\/{rel}","templated":true}]}}