{"id":1520,"date":"2024-10-24T23:19:49","date_gmt":"2024-10-24T15:19:49","guid":{"rendered":"https:\/\/shop.yipinqian.com\/product\/lavender-with-little-light-green-natural-type-a-jadeite-jade-crafted-as-bamboo-and-bee-as-a-pendant-certificate-weigh-33-64-grams-measurement-49-7-25-1-13-2-mm-pendant199\/"},"modified":"2025-02-17T00:03:58","modified_gmt":"2025-02-16T16:03:58","slug":"lavender-with-little-light-green-natural-type-a-jadeite-jade-crafted-as-bamboo-and-bee-as-a-pendant-certificate-weigh-33-64-grams-measurement-49-7-25-1-13-2-mm-pendant199","status":"publish","type":"product","link":"https:\/\/shop.yipinqian.com\/pt\/produto\/lavender-with-little-light-green-natural-type-a-jadeite-jade-crafted-as-bamboo-and-bee-as-a-pendant-certificate-weigh-33-64-grams-measurement-49-7-25-1-13-2-mm-pendant199\/","title":{"rendered":"Lavender with little light green Natural Type A Jadeite Jade crafted as Bamboo and Bee as a Pendant, certificate weigh 33.64 grams, measurement 49.7 * 25.1 * 13.2 mm (pendant199)"},"content":{"rendered":"<p>This Lavender with little light green Natural Type A Jadeite Jade crafted as Bamboo and Bee Pendant is a stunning piece of jewelry that is sure to catch the eye. Made from high-quality jadeite jade, this pendant is both beautiful and durable, making it the perfect addition to any collection.<\/p>\n<p>\u00a0<\/p>\n<p><strong>Certificate numbers: GD2110H012860<\/strong><\/p>\n<ul>\n<li>\n<strong>Design exclusivo:<\/strong> Crafted in the shape of a bamboo shoot with a bee perched on top, this pendant has an elegant and unique design that will stand out from other pieces in your collection.<\/li>\n<li>\n<strong>Jade\u00edta natural tipo A:<\/strong> Made from natural Type A jadeite jade, this pendant has a beautiful color and texture that will only improve over time.<\/li>\n<li>\n<strong>Certificate Weigh:<\/strong> This piece comes with its own certificate weigh of 33.64 grams ensuring authenticity &#038; quality<\/li>\n<li>\n<strong>Pendant Measurement: <\/strong>The measurement of this beautiful pendant comes out to be 49.7 * 25.1 *13.2 mm making it perfect for everyday wear<\/li>\n<\/ul>\n<p>This Lavender natural stone has always been associated with royalty &#038; spirituality while Bamboo symbolizes strength &#038; longevity which makes it an ideal gift for your loved ones on any special occasion or just as an appreciation gesture . The Bee on top symbolizes community happiness alongwith hardwork which makes it even more special . Don&#8217;t miss out on adding one-of-a-kind jewelry like this to your collection!<\/p>\n<p>\u00a0<\/p>\n<p>Yi Pin Qian \u2013 Um negociante de pedras preciosas e metais preciosos em Cingapura \u2013 N\u00famero de licen\u00e7a PS20190000031<\/p>\n<p>\u00a0<\/p>\n<p>*Todos os Jadeites comprados de Yi Pin Qian em Cingapura, os clientes podem reservar hor\u00e1rios para polimento ou pequenos reparos por manuseio incorreto - taxas se aplicam e somente para clientes de Yi Pin Qian em Cingapura*<\/p>\n<p>\u00a0<\/p>\n<p><strong>**Tipos de Certificados**<\/strong><\/p>\n<p>\u00a0<\/p>\n<p><strong>NGI (Nan Yang Gemol\u00f3gico)<\/strong><\/p>\n<p>ou <strong>Certificados no exterior <\/strong>(Yi Pin Qian usa apenas certificados aut\u00eanticos de laborat\u00f3rios estrangeiros e tamb\u00e9m controla a qualidade de cada um dos nossos produtos antes de coloc\u00e1-los \u00e0 venda em Cingapura)<\/p>\n<p>\u00a0<\/p>\n<p>Cada produto no TikTok ter\u00e1 o tipo de certificado fornecido indicado na descri\u00e7\u00e3o. Para qualquer cliente que deseje enviar seu pedido para a NGI Singapore, haver\u00e1 um tempo de espera para entrega do pedido estimado em torno de 4 semanas para receber seu pedido. <strong>As solicita\u00e7\u00f5es de relat\u00f3rios da NGI Gemstone precisam ser feitas por mensagem para a loja Yi Pin Qian TikTok.<\/strong> Obrigado, <strong><u>taxas extras se aplicam<\/u><\/strong>.<\/p>\n<p>\u00a0<\/p>\n<p><strong>A jade\u00edta natural n\u00e3o \u00e9 perfeita, apenas um lembrete gentil, nossa jade\u00edta natural, como todas as coisas bonitas da natureza, vem com suas caracter\u00edsticas e varia\u00e7\u00f5es \u00fanicas. Convidamos nossos valiosos clientes a abra\u00e7ar essas varia\u00e7\u00f5es naturais. Boas compras!<\/strong><\/p>\n<p>\u00a0<\/p>\n<p><strong><u>Nenhuma das fotos e filmagens de v\u00eddeo foram filtradas. Incentivamos nossos clientes a tamb\u00e9m assistirem aos v\u00eddeos que os acompanham para uma vis\u00e3o mais abrangente de nossos produtos<\/u><\/strong><\/p>\n<p>\u00a0<\/p>\n<p>.<\/p>","protected":false},"excerpt":{"rendered":"<p>This Lavender with little light green Natural Type A Jadeite Jade crafted as Bamboo and Bee Pendant is a stunning piece of jewelry that is sure to catch the eye. Made from high-quality jadeite jade, this pendant is both beautiful and durable, making it the perfect addition to any collection. \u00a0 Certificate numbers: GD2110H012860 Unique [&hellip;]<\/p>","protected":false},"featured_media":5641,"comment_status":"open","ping_status":"closed","template":"","meta":[],"product_brand":[],"product_cat":[48],"product_tag":[],"class_list":{"0":"post-1520","1":"product","2":"type-product","3":"status-publish","4":"has-post-thumbnail","6":"product_cat-pendants","8":"first","9":"instock","10":"sale","11":"shipping-taxable","12":"purchasable","13":"product-type-simple"},"_links":{"self":[{"href":"https:\/\/shop.yipinqian.com\/pt\/wp-json\/wp\/v2\/product\/1520","targetHints":{"allow":["GET"]}}],"collection":[{"href":"https:\/\/shop.yipinqian.com\/pt\/wp-json\/wp\/v2\/product"}],"about":[{"href":"https:\/\/shop.yipinqian.com\/pt\/wp-json\/wp\/v2\/types\/product"}],"replies":[{"embeddable":true,"href":"https:\/\/shop.yipinqian.com\/pt\/wp-json\/wp\/v2\/comments?post=1520"}],"version-history":[{"count":0,"href":"https:\/\/shop.yipinqian.com\/pt\/wp-json\/wp\/v2\/product\/1520\/revisions"}],"wp:featuredmedia":[{"embeddable":true,"href":"https:\/\/shop.yipinqian.com\/pt\/wp-json\/wp\/v2\/media\/5641"}],"wp:attachment":[{"href":"https:\/\/shop.yipinqian.com\/pt\/wp-json\/wp\/v2\/media?parent=1520"}],"wp:term":[{"taxonomy":"product_brand","embeddable":true,"href":"https:\/\/shop.yipinqian.com\/pt\/wp-json\/wp\/v2\/product_brand?post=1520"},{"taxonomy":"product_cat","embeddable":true,"href":"https:\/\/shop.yipinqian.com\/pt\/wp-json\/wp\/v2\/product_cat?post=1520"},{"taxonomy":"product_tag","embeddable":true,"href":"https:\/\/shop.yipinqian.com\/pt\/wp-json\/wp\/v2\/product_tag?post=1520"}],"curies":[{"name":"wp","href":"https:\/\/api.w.org\/{rel}","templated":true}]}}