{"id":1518,"date":"2024-10-24T23:19:49","date_gmt":"2024-10-24T15:19:49","guid":{"rendered":"https:\/\/shop.yipinqian.com\/product\/lavender-natural-type-a-jadeite-pendant-crafted-with-eagle-meaning-win-good-for-businesse-majesty-power-and-freedrom-certificate-weight-75-8150-gram-57-54-20-15-10-mm-pendant111\/"},"modified":"2025-02-24T00:49:54","modified_gmt":"2025-02-23T16:49:54","slug":"lavender-natural-type-a-jadeite-pendant-crafted-with-eagle-meaning-win-good-for-businesse-majesty-power-and-freedrom-certificate-weight-75-8150-gram-57-54-20-15-10-mm-pendant111","status":"publish","type":"product","link":"https:\/\/shop.yipinqian.com\/pt\/produto\/lavender-natural-type-a-jadeite-pendant-crafted-with-eagle-meaning-win-good-for-businesse-majesty-power-and-freedrom-certificate-weight-75-8150-gram-57-54-20-15-10-mm-pendant111\/","title":{"rendered":"Pingente de Jade\u00edta Natural Tipo A de Lavanda feito com \u00c1guia que significa vit\u00f3ria, bom para neg\u00f3cios, majestade, poder e liberdade, peso do certificado 75,8150 gramas, 57 * 54,20 * 15,10 mm (pendant111)"},"content":{"rendered":"<p>Este Pingente de Jade\u00edta Natural Tipo A Lavanda \u00e9 uma adi\u00e7\u00e3o deslumbrante para qualquer cole\u00e7\u00e3o de joias. A \u00e1guia lindamente esculpida simboliza vit\u00f3ria, poder e liberdade, tornando-a perfeita para uso di\u00e1rio com estilos de colares casuais.<\/p>\n<ul>\n<li>Com um peso de 75,8150 gramas e dimens\u00f5es de 57 * 54,20 * 15,10 mm, este pingente certamente far\u00e1 uma declara\u00e7\u00e3o.<\/li>\n<li>Este pingente vem com um certificado de autenticidade que confirma sua qualidade e origem em Mianmar.<\/li>\n<\/ul>\n<p><strong>N\u00fameros de certificado: 183318169<\/strong><\/p>\n<p><img fetchpriority=\"high\" decoding=\"async\" height=\"1080\" src=\"https:\/\/shop.yipinqian.com\/wp-content\/uploads\/2024\/10\/89c361f3dfbae66c4fb659dd5e270e8a.jpg?from=476444299\" width=\"1080\"><img decoding=\"async\" height=\"1080\" src=\"https:\/\/shop.yipinqian.com\/wp-content\/uploads\/2024\/10\/66ceaa200e715eba24221deb6f7f7610.jpg?from=476444299\" width=\"1080\"><\/p>\n<p>Usar este pingente unissex pode trazer boa sorte ao seu neg\u00f3cio e aumentar sua majestade, bem como seu poder na vida di\u00e1ria, sem qualquer restri\u00e7\u00e3o de garantia!<\/p>\n<p>\u00a0<\/p>\n<p>Yi Pin Qian \u2013 Um negociante de pedras preciosas e metais preciosos em Cingapura \u2013 N\u00famero de licen\u00e7a PS20190000031<\/p>\n<p>\u00a0<\/p>\n<p>*Todos os Jadeites comprados de Yi Pin Qian em Cingapura, os clientes podem reservar hor\u00e1rios para polimento ou pequenos reparos por manuseio incorreto - taxas se aplicam e somente para clientes de Yi Pin Qian em Cingapura*<\/p>\n<p>\u00a0<\/p>\n<p><strong>**Tipos de Certificados**<\/strong><\/p>\n<p>\u00a0<\/p>\n<p><strong>NGI (Nan Yang Gemol\u00f3gico)<\/strong><\/p>\n<p>ou <strong>Certificados no exterior <\/strong>(Yi Pin Qian usa apenas certificados aut\u00eanticos de laborat\u00f3rios estrangeiros e tamb\u00e9m controla a qualidade de cada um dos nossos produtos antes de coloc\u00e1-los \u00e0 venda em Cingapura)<\/p>\n<p>\u00a0<\/p>\n<p>Cada produto no TikTok ter\u00e1 o tipo de certificado fornecido indicado na descri\u00e7\u00e3o. Para qualquer cliente que deseje enviar seu pedido para a NGI Singapore, haver\u00e1 um tempo de espera para entrega do pedido estimado em torno de 4 semanas para receber seu pedido. <strong>As solicita\u00e7\u00f5es de relat\u00f3rios da NGI Gemstone precisam ser feitas por mensagem para a loja Yi Pin Qian TikTok.<\/strong> Obrigado, <strong><u>taxas extras se aplicam<\/u><\/strong>.<\/p>","protected":false},"excerpt":{"rendered":"<p>This Lavender Natural Type A Jadeite Pendant is a stunning addition to any jewelry collection. The beautifully carved eagle symbolizes winning, power, and freedom, making it perfect for daily wear with casual necklace styles. With a weight of 75.8150 grams and dimensions of 57 * 54.20 * 15.10 mm, this pendant is sure to make [&hellip;]<\/p>","protected":false},"featured_media":5623,"comment_status":"open","ping_status":"closed","template":"","meta":[],"product_brand":[],"product_cat":[194],"product_tag":[],"class_list":{"0":"post-1518","1":"product","2":"type-product","3":"status-publish","4":"has-post-thumbnail","6":"product_cat-value-picks","8":"first","9":"instock","10":"sale","11":"shipping-taxable","12":"purchasable","13":"product-type-simple"},"_links":{"self":[{"href":"https:\/\/shop.yipinqian.com\/pt\/wp-json\/wp\/v2\/product\/1518","targetHints":{"allow":["GET"]}}],"collection":[{"href":"https:\/\/shop.yipinqian.com\/pt\/wp-json\/wp\/v2\/product"}],"about":[{"href":"https:\/\/shop.yipinqian.com\/pt\/wp-json\/wp\/v2\/types\/product"}],"replies":[{"embeddable":true,"href":"https:\/\/shop.yipinqian.com\/pt\/wp-json\/wp\/v2\/comments?post=1518"}],"version-history":[{"count":0,"href":"https:\/\/shop.yipinqian.com\/pt\/wp-json\/wp\/v2\/product\/1518\/revisions"}],"wp:featuredmedia":[{"embeddable":true,"href":"https:\/\/shop.yipinqian.com\/pt\/wp-json\/wp\/v2\/media\/5623"}],"wp:attachment":[{"href":"https:\/\/shop.yipinqian.com\/pt\/wp-json\/wp\/v2\/media?parent=1518"}],"wp:term":[{"taxonomy":"product_brand","embeddable":true,"href":"https:\/\/shop.yipinqian.com\/pt\/wp-json\/wp\/v2\/product_brand?post=1518"},{"taxonomy":"product_cat","embeddable":true,"href":"https:\/\/shop.yipinqian.com\/pt\/wp-json\/wp\/v2\/product_cat?post=1518"},{"taxonomy":"product_tag","embeddable":true,"href":"https:\/\/shop.yipinqian.com\/pt\/wp-json\/wp\/v2\/product_tag?post=1518"}],"curies":[{"name":"wp","href":"https:\/\/api.w.org\/{rel}","templated":true}]}}