{"id":1516,"date":"2024-10-24T23:19:47","date_gmt":"2024-10-24T15:19:47","guid":{"rendered":"https:\/\/shop.yipinqian.com\/product\/lavender-domineering-dragon-pendant-necklace-natural-type-a-jadeite-with-certificate-included-weigh-66-61-grams-53-3-53-1-13-7-mm-suitable-for-your-daily-wear\/"},"modified":"2025-02-24T00:49:54","modified_gmt":"2025-02-23T16:49:54","slug":"lavender-domineering-dragon-pendant-necklace-natural-type-a-jadeite-with-certificate-included-weigh-66-61-grams-53-3-53-1-13-7-mm-suitable-for-your-daily-wear","status":"publish","type":"product","link":"https:\/\/shop.yipinqian.com\/pt\/produto\/lavender-domineering-dragon-pendant-necklace-natural-type-a-jadeite-with-certificate-included-weigh-66-61-grams-53-3-53-1-13-7-mm-suitable-for-your-daily-wear\/","title":{"rendered":"Lavender Domineering Dragon Pendant Necklace Natural Type A Jadeite with certificate included weigh 66.61 grams, 53.3 * 53.1 * 13.7 mm, suitable for your daily wear"},"content":{"rendered":"<p>Add a touch of elegance and power to your daily look with this Lavender Domineering Dragon Pendant Necklace. Made of natural Type A Jadeite, this necklace comes with a certificate and weighs <strong><u>66.61 grams, measuring 53.3 * 53.1 * 13.7 mm<\/u><\/strong> &#8211; perfect for daily wear.<\/p>\n<ul>\n<li>\n<strong>Jade\u00edta natural tipo A:<\/strong> Crafted from quality jadeite, this necklace boasts stunning lavender hues that add charm to any outfit.<\/li>\n<li>\n<strong>Domineering Dragon Pendant:<\/strong> The intricate design features a fierce dragon that symbolizes strength and power &#8211; perfect for those who want to make an impression.<\/li>\n<li>\n<strong>Certificado inclu\u00eddo:<\/strong> This necklace comes with a certificate of authenticity, giving you peace of mind knowing you&#8217;re wearing genuine jadeite<\/li>\n<\/ul>\n<p><strong>Certificate numbers: GD2110H019143<\/strong><\/p>\n<p><img fetchpriority=\"high\" decoding=\"async\" height=\"1080\" src=\"https:\/\/shop.yipinqian.com\/wp-content\/uploads\/2024\/10\/7203c001c3e3b4fa2d8176c152d55b63.jpg?from=476444299\" width=\"1080\"><br \/>\u00a0<\/p>\n<p>This unisex piece is an excellent addition to your jewelry collection or as a gift for someone special on any occasion &#8211; from casual wear to special events!<\/p>\n<ul>\n<li>\n<strong>OCASI\u00c3O:<\/strong>Di\u00e1rio<\/li>\n<li>\u00a0<\/li>\n<li>\n<strong>GENDER :<\/strong> Unissex<\/li>\n<li>.<\/li>\n<li>\n<strong>Tipo de Jade:<\/strong>Jadeit<\/li>\n<li>.<\/li>\n<li>\n<strong>NECKLACE STYLE:<\/strong>Casual<\/li>\n<\/ul>\n<p>Yi Pin Qian \u2013 Um negociante de pedras preciosas e metais preciosos em Cingapura \u2013 N\u00famero de licen\u00e7a PS20190000031<\/p>\n<p>\u00a0<\/p>\n<p>*Todos os Jadeites comprados de Yi Pin Qian em Cingapura, os clientes podem reservar hor\u00e1rios para polimento ou pequenos reparos por manuseio incorreto - taxas se aplicam e somente para clientes de Yi Pin Qian em Cingapura*<\/p>\n<p>\u00a0<\/p>\n<p><strong>**Tipos de Certificados**<\/strong><\/p>\n<p>\u00a0<\/p>\n<p><strong>NGI (Nan Yang Gemol\u00f3gico)<\/strong><\/p>\n<p>ou <strong>Certificados no exterior <\/strong>(Yi Pin Qian usa apenas certificados aut\u00eanticos de laborat\u00f3rios estrangeiros e tamb\u00e9m controla a qualidade de cada um dos nossos produtos antes de coloc\u00e1-los \u00e0 venda em Cingapura)<\/p>\n<p>\u00a0<\/p>\n<p>Cada produto no TikTok ter\u00e1 o tipo de certificado fornecido indicado na descri\u00e7\u00e3o. Para qualquer cliente que deseje enviar seu pedido para a NGI Singapore, haver\u00e1 um tempo de espera para entrega do pedido estimado em torno de 4 semanas para receber seu pedido. <strong>As solicita\u00e7\u00f5es de relat\u00f3rios da NGI Gemstone precisam ser feitas por mensagem para a loja Yi Pin Qian TikTok.<\/strong> Obrigado, <strong><u>taxas extras se aplicam<\/u><\/strong>.<\/p>\n<p>\u00a0<\/p>\n<p><strong>A jade\u00edta natural n\u00e3o \u00e9 perfeita, apenas um lembrete gentil, nossa jade\u00edta natural, como todas as coisas bonitas da natureza, vem com suas caracter\u00edsticas e varia\u00e7\u00f5es \u00fanicas. Convidamos nossos valiosos clientes a abra\u00e7ar essas varia\u00e7\u00f5es naturais. Boas compras!<\/strong><\/p>\n<p>\u00a0<\/p>\n<p><strong><u>Nenhuma das fotos e filmagens de v\u00eddeo foram filtradas. Incentivamos nossos clientes a tamb\u00e9m assistirem aos v\u00eddeos que os acompanham para uma vis\u00e3o mais abrangente de nossos produtos<\/u><\/strong><\/p>","protected":false},"excerpt":{"rendered":"<p>Add a touch of elegance and power to your daily look with this Lavender Domineering Dragon Pendant Necklace. Made of natural Type A Jadeite, this necklace comes with a certificate and weighs 66.61 grams, measuring 53.3 * 53.1 * 13.7 mm &#8211; perfect for daily wear. Natural Type A Jadeite: Crafted from quality jadeite, this [&hellip;]<\/p>","protected":false},"featured_media":5603,"comment_status":"open","ping_status":"closed","template":"","meta":[],"product_brand":[],"product_cat":[194],"product_tag":[],"class_list":{"0":"post-1516","1":"product","2":"type-product","3":"status-publish","4":"has-post-thumbnail","6":"product_cat-value-picks","8":"first","9":"instock","10":"sale","11":"shipping-taxable","12":"purchasable","13":"product-type-simple"},"_links":{"self":[{"href":"https:\/\/shop.yipinqian.com\/pt\/wp-json\/wp\/v2\/product\/1516","targetHints":{"allow":["GET"]}}],"collection":[{"href":"https:\/\/shop.yipinqian.com\/pt\/wp-json\/wp\/v2\/product"}],"about":[{"href":"https:\/\/shop.yipinqian.com\/pt\/wp-json\/wp\/v2\/types\/product"}],"replies":[{"embeddable":true,"href":"https:\/\/shop.yipinqian.com\/pt\/wp-json\/wp\/v2\/comments?post=1516"}],"version-history":[{"count":0,"href":"https:\/\/shop.yipinqian.com\/pt\/wp-json\/wp\/v2\/product\/1516\/revisions"}],"wp:featuredmedia":[{"embeddable":true,"href":"https:\/\/shop.yipinqian.com\/pt\/wp-json\/wp\/v2\/media\/5603"}],"wp:attachment":[{"href":"https:\/\/shop.yipinqian.com\/pt\/wp-json\/wp\/v2\/media?parent=1516"}],"wp:term":[{"taxonomy":"product_brand","embeddable":true,"href":"https:\/\/shop.yipinqian.com\/pt\/wp-json\/wp\/v2\/product_brand?post=1516"},{"taxonomy":"product_cat","embeddable":true,"href":"https:\/\/shop.yipinqian.com\/pt\/wp-json\/wp\/v2\/product_cat?post=1516"},{"taxonomy":"product_tag","embeddable":true,"href":"https:\/\/shop.yipinqian.com\/pt\/wp-json\/wp\/v2\/product_tag?post=1516"}],"curies":[{"name":"wp","href":"https:\/\/api.w.org\/{rel}","templated":true}]}}