{"id":1513,"date":"2024-10-24T23:19:47","date_gmt":"2024-10-24T15:19:47","guid":{"rendered":"https:\/\/shop.yipinqian.com\/product\/lavender-and-green-natural-type-a-jadeite-pendant-crafted-with-milo-buddha-represent-compassionate-tolerant-optimistic-and-open-minded-with-certificate-weight-29-40-grams-50-80-20-80-13-60-mm-suitable\/"},"modified":"2025-02-24T01:17:30","modified_gmt":"2025-02-23T17:17:30","slug":"lavender-and-green-natural-type-a-jadeite-pendant-crafted-with-milo-buddha-represent-compassionate-tolerant-optimistic-and-open-minded-with-certificate-weight-29-40-grams-50-80-20-80-13-60-mm-suitable","status":"publish","type":"product","link":"https:\/\/shop.yipinqian.com\/pt\/produto\/lavender-and-green-natural-type-a-jadeite-pendant-crafted-with-milo-buddha-represent-compassionate-tolerant-optimistic-and-open-minded-with-certificate-weight-29-40-grams-50-80-20-80-13-60-mm-suitable\/","title":{"rendered":"Lavender and Green Natural Type A Jadeite Pendant crafted with Milo Buddha represent Compassionate, tolerant, optimistic and open-minded with certificate weight 29.40 grams, 50.80 * 20.80 * 13.60 mm suitable for daily wear (pendant108)"},"content":{"rendered":"<p>Elevate your jewelry collection with this Lavender and Green Natural Type A Jadeite Pendant carved with Milo Buddha. Representing compassion, tolerance, optimism, and open-mindedness, this pendant is perfect for daily wear.<\/p>\n<ul>\n<li>\n<strong>Projeto:<\/strong> The pendant is expertly carved in Milo Buddha design that represents peace and harmony. The unique combination of lavender and green jadeite makes it a one-of-a-kind accessory.<\/li>\n<li>\n<strong>Peso e tamanho:<\/strong> With a weight of 29.40 grams and dimensions of 50.80 * 20.80 * 13.60 mm.<\/li>\n<li>\n<strong>Tipo de Jade:<\/strong> Made from high-quality Jadeite that ensures durability for long-lasting use.<\/li>\n<\/ul>\n<p>This exquisite piece comes with a certificate to guarantee its authenticity from Myanmar &#8211; the country renowned for producing the highest quality jade in the world. It&#8217;s perfect for both men or women who enjoy casual necklace style accessories<\/p>\n<p>\u00a0<\/p>\n<p><strong>Certificate numbers: GD2110H008983<\/strong><\/p>\n<p><img fetchpriority=\"high\" decoding=\"async\" height=\"1080\" src=\"https:\/\/shop.yipinqian.com\/wp-content\/uploads\/2024\/10\/0d1b388181650df232c952d3446cbebe.jpg?from=476444299\" width=\"1080\"><\/p>\n<ul>\n<li><strong>Ocassion:This pendant is suitable for daily wear or can be worn to special events to add an extra touch of elegance.<\/strong><\/li>\n<\/ul>\n<p><strong>Add this Lavender Green Natural Type A Jadeite Pendant to your jewelry collection today!<\/strong><\/p>\n<p>\u00a0<\/p>\n<p>Yi Pin Qian \u2013 Um negociante de pedras preciosas e metais preciosos em Cingapura \u2013 N\u00famero de licen\u00e7a PS20190000031<\/p>\n<p>\u00a0<\/p>\n<p>*Todos os Jadeites comprados de Yi Pin Qian em Cingapura, os clientes podem reservar hor\u00e1rios para polimento ou pequenos reparos por manuseio incorreto - taxas se aplicam e somente para clientes de Yi Pin Qian em Cingapura*<\/p>\n<p>\u00a0<\/p>\n<p><strong>**Tipos de Certificados**<\/strong><\/p>\n<p>\u00a0<\/p>\n<p><strong>NGI (Nan Yang Gemol\u00f3gico)<\/strong><\/p>\n<p>ou <strong>Certificados no exterior <\/strong>(Yi Pin Qian usa apenas certificados aut\u00eanticos de laborat\u00f3rios estrangeiros e tamb\u00e9m controla a qualidade de cada um dos nossos produtos antes de coloc\u00e1-los \u00e0 venda em Cingapura)<\/p>\n<p>\u00a0<\/p>\n<p>Cada produto no TikTok ter\u00e1 o tipo de certificado fornecido indicado na descri\u00e7\u00e3o. Para qualquer cliente que deseje enviar seu pedido para a NGI Singapore, haver\u00e1 um tempo de espera para entrega do pedido estimado em torno de 4 semanas para receber seu pedido. <strong>As solicita\u00e7\u00f5es de relat\u00f3rios da NGI Gemstone precisam ser feitas por mensagem para a loja Yi Pin Qian TikTok.<\/strong> Obrigado, <strong><u>taxas extras se aplicam<\/u><\/strong>.<\/p>","protected":false},"excerpt":{"rendered":"<p>Elevate your jewelry collection with this Lavender and Green Natural Type A Jadeite Pendant carved with Milo Buddha. Representing compassion, tolerance, optimism, and open-mindedness, this pendant is perfect for daily wear. Design: The pendant is expertly carved in Milo Buddha design that represents peace and harmony. The unique combination of lavender and green jadeite makes [&hellip;]<\/p>","protected":false},"featured_media":5579,"comment_status":"open","ping_status":"closed","template":"","meta":[],"product_brand":[],"product_cat":[195],"product_tag":[],"class_list":{"0":"post-1513","1":"product","2":"type-product","3":"status-publish","4":"has-post-thumbnail","6":"product_cat-heirloom-grade","8":"first","9":"instock","10":"sale","11":"shipping-taxable","12":"purchasable","13":"product-type-simple"},"_links":{"self":[{"href":"https:\/\/shop.yipinqian.com\/pt\/wp-json\/wp\/v2\/product\/1513","targetHints":{"allow":["GET"]}}],"collection":[{"href":"https:\/\/shop.yipinqian.com\/pt\/wp-json\/wp\/v2\/product"}],"about":[{"href":"https:\/\/shop.yipinqian.com\/pt\/wp-json\/wp\/v2\/types\/product"}],"replies":[{"embeddable":true,"href":"https:\/\/shop.yipinqian.com\/pt\/wp-json\/wp\/v2\/comments?post=1513"}],"version-history":[{"count":0,"href":"https:\/\/shop.yipinqian.com\/pt\/wp-json\/wp\/v2\/product\/1513\/revisions"}],"wp:featuredmedia":[{"embeddable":true,"href":"https:\/\/shop.yipinqian.com\/pt\/wp-json\/wp\/v2\/media\/5579"}],"wp:attachment":[{"href":"https:\/\/shop.yipinqian.com\/pt\/wp-json\/wp\/v2\/media?parent=1513"}],"wp:term":[{"taxonomy":"product_brand","embeddable":true,"href":"https:\/\/shop.yipinqian.com\/pt\/wp-json\/wp\/v2\/product_brand?post=1513"},{"taxonomy":"product_cat","embeddable":true,"href":"https:\/\/shop.yipinqian.com\/pt\/wp-json\/wp\/v2\/product_cat?post=1513"},{"taxonomy":"product_tag","embeddable":true,"href":"https:\/\/shop.yipinqian.com\/pt\/wp-json\/wp\/v2\/product_tag?post=1513"}],"curies":[{"name":"wp","href":"https:\/\/api.w.org\/{rel}","templated":true}]}}