{"id":1512,"date":"2024-10-24T23:19:46","date_gmt":"2024-10-24T15:19:46","guid":{"rendered":"https:\/\/shop.yipinqian.com\/product\/lavender-and-green-natural-type-a-jadeite-jade-crafted-as-bamboo-with-lizard-as-a-pendant-with-certificate-weigh-27-29-grams-measurement-54-22-3-11-8-mm-pendant198\/"},"modified":"2025-02-17T00:03:57","modified_gmt":"2025-02-16T16:03:57","slug":"lavender-and-green-natural-type-a-jadeite-jade-crafted-as-bamboo-with-lizard-as-a-pendant-with-certificate-weigh-27-29-grams-measurement-54-22-3-11-8-mm-pendant198","status":"publish","type":"product","link":"https:\/\/shop.yipinqian.com\/pt\/produto\/lavender-and-green-natural-type-a-jadeite-jade-crafted-as-bamboo-with-lizard-as-a-pendant-with-certificate-weigh-27-29-grams-measurement-54-22-3-11-8-mm-pendant198\/","title":{"rendered":"Lavender and Green Natural Type A Jadeite Jade crafted as Bamboo with lizard as a Pendant with certificate weigh 27.29 grams, measurement 54 * 22.3 * 11.8 mm (pendant198)"},"content":{"rendered":"<p>This Lavender and Green Natural Type A Jadeite Jade Pendant is crafted in the form of a bamboo with a lizard, making it a unique and eye-catching addition to any jewelry collection.<\/p>\n<p><\/p>\n<p><strong>Certificate numbers: 920460036864<\/strong><\/p>\n<ul>\n<li>\n<strong>Material:<\/strong> This pendant is made of natural Type A Jadeite Jade, known for its durability and beauty.<\/li>\n<li>\n<strong>Certificado:<\/strong> With an included certificate, you can be sure that this pendant is authentic.<\/li>\n<li>\n<strong>Medi\u00e7\u00e3o:<\/strong> The pendant measures 54 * 22.3 * 11.8 mm (pendant198) and weighs 27.29 grams for a comfortable fit that won&#8217;t weigh you down.<\/li>\n<\/ul>\n<p>The bamboo-shaped design adds an elegant touch to any casual outfit, making it perfect for daily wear or as an accessory to dress up your favorite look. The lizard detail adds interest and makes this piece stand out from other necklaces in your collection.<\/p>\n<ul>\n<li>\n<strong>Tipo de jade:<\/strong> This pendant is made from natural Type A jadeite jade sourced from Myanmar<\/li>\n<li>\n<strong>Gendre :<\/strong>The necklace style of this product are casual which makes it suitable as unisex jewelry accessory<\/li>\n<\/ul>\n<p>Add some unique flair to your jewelry box with this Lavender and Green Natural Type A Jadeite Pendant crafted as Bamboo with Lizard!<\/p>\n<p><\/p>\n<p>Yi Pin Qian \u2013 Um negociante de pedras preciosas e metais preciosos em Cingapura \u2013 N\u00famero de licen\u00e7a PS20190000031<\/p>\n<p><\/p>\n<p>*Todos os Jadeites comprados de Yi Pin Qian em Cingapura, os clientes podem reservar hor\u00e1rios para polimento ou pequenos reparos por manuseio incorreto - taxas se aplicam e somente para clientes de Yi Pin Qian em Cingapura*<\/p>\n<p><\/p>\n<p><strong>**Tipos de Certificados**<\/strong><\/p>\n<p><\/p>\n<p><strong>NGI (Nan Yang Gemol\u00f3gico)<\/strong><\/p>\n<p>ou <strong>Certificados no exterior <\/strong>(Yi Pin Qian usa apenas certificados aut\u00eanticos de laborat\u00f3rios estrangeiros e tamb\u00e9m controla a qualidade de cada um dos nossos produtos antes de coloc\u00e1-los \u00e0 venda em Cingapura)<\/p>\n<p><\/p>\n<p>Cada produto no TikTok ter\u00e1 o tipo de certificado fornecido indicado na descri\u00e7\u00e3o. Para qualquer cliente que deseje enviar seu pedido para a NGI Singapore, haver\u00e1 um tempo de espera para entrega do pedido estimado em torno de 4 semanas para receber seu pedido. <strong>As solicita\u00e7\u00f5es de relat\u00f3rios da NGI Gemstone precisam ser feitas por mensagem para a loja Yi Pin Qian TikTok.<\/strong> Obrigado, <strong><u>taxas extras se aplicam<\/u><\/strong>.<\/p>\n<p><\/p>\n<p><strong>A jade\u00edta natural n\u00e3o \u00e9 perfeita, apenas um lembrete gentil, nossa jade\u00edta natural, como todas as coisas bonitas da natureza, vem com suas caracter\u00edsticas e varia\u00e7\u00f5es \u00fanicas. Convidamos nossos valiosos clientes a abra\u00e7ar essas varia\u00e7\u00f5es naturais. Boas compras!<\/strong><\/p>\n<p><\/p>\n<p><strong><u>Nenhuma das fotos e filmagens de v\u00eddeo foram filtradas. Incentivamos nossos clientes a tamb\u00e9m assistirem aos v\u00eddeos que os acompanham para uma vis\u00e3o mais abrangente de nossos produtos<\/u><\/strong><\/p>","protected":false},"excerpt":{"rendered":"<p>This Lavender and Green Natural Type A Jadeite Jade Pendant is crafted in the form of a bamboo with a lizard, making it a unique and eye-catching addition to any jewelry collection. Certificate numbers: 920460036864 Material: This pendant is made of natural Type A Jadeite Jade, known for its durability and beauty. Certificate: With an [&hellip;]<\/p>","protected":false},"featured_media":5569,"comment_status":"open","ping_status":"closed","template":"","meta":[],"product_brand":[],"product_cat":[48],"product_tag":[],"class_list":{"0":"post-1512","1":"product","2":"type-product","3":"status-publish","4":"has-post-thumbnail","6":"product_cat-pendants","8":"first","9":"instock","10":"sale","11":"shipping-taxable","12":"purchasable","13":"product-type-simple"},"_links":{"self":[{"href":"https:\/\/shop.yipinqian.com\/pt\/wp-json\/wp\/v2\/product\/1512","targetHints":{"allow":["GET"]}}],"collection":[{"href":"https:\/\/shop.yipinqian.com\/pt\/wp-json\/wp\/v2\/product"}],"about":[{"href":"https:\/\/shop.yipinqian.com\/pt\/wp-json\/wp\/v2\/types\/product"}],"replies":[{"embeddable":true,"href":"https:\/\/shop.yipinqian.com\/pt\/wp-json\/wp\/v2\/comments?post=1512"}],"version-history":[{"count":0,"href":"https:\/\/shop.yipinqian.com\/pt\/wp-json\/wp\/v2\/product\/1512\/revisions"}],"wp:featuredmedia":[{"embeddable":true,"href":"https:\/\/shop.yipinqian.com\/pt\/wp-json\/wp\/v2\/media\/5569"}],"wp:attachment":[{"href":"https:\/\/shop.yipinqian.com\/pt\/wp-json\/wp\/v2\/media?parent=1512"}],"wp:term":[{"taxonomy":"product_brand","embeddable":true,"href":"https:\/\/shop.yipinqian.com\/pt\/wp-json\/wp\/v2\/product_brand?post=1512"},{"taxonomy":"product_cat","embeddable":true,"href":"https:\/\/shop.yipinqian.com\/pt\/wp-json\/wp\/v2\/product_cat?post=1512"},{"taxonomy":"product_tag","embeddable":true,"href":"https:\/\/shop.yipinqian.com\/pt\/wp-json\/wp\/v2\/product_tag?post=1512"}],"curies":[{"name":"wp","href":"https:\/\/api.w.org\/{rel}","templated":true}]}}