{"id":15117,"date":"2024-12-19T15:55:45","date_gmt":"2024-12-19T07:55:45","guid":{"rendered":"https:\/\/shop.yipinqian.com\/icy-translucent-natural-type-a-jadeite-jade-crafted-as-pixiu-set-on-18k-as-ring-certificate-weighs-2-22-grams-measurement-11-7-9-8-5-8-mm-18kring40\/"},"modified":"2025-02-10T00:00:17","modified_gmt":"2025-02-09T16:00:17","slug":"icy-translucent-natural-type-a-jadeite-jade-crafted-as-pixiu-set-on-18k-as-ring-certificate-weighs-2-22-grams-measurement-11-7-9-8-5-8-mm-18kring40","status":"publish","type":"product","link":"https:\/\/shop.yipinqian.com\/pt\/produto\/icy-translucent-natural-type-a-jadeite-jade-crafted-as-pixiu-set-on-18k-as-ring-certificate-weighs-2-22-grams-measurement-11-7-9-8-5-8-mm-18kring40\/","title":{"rendered":"Jade\u00edte natural transl\u00facida gelada tipo A, trabalhada como jade Pixiu, definida em 18k como anel, o certificado pesa 2,22 gramas, medida 11,7 * 9,8 * 5,8 mm (18kring40)"},"content":{"rendered":"<p><iframe title=\"Icy Translucent Ring\" src=\"https:\/\/youtube.com\/embed\/tVGL3tMDYGY\" width=\"330\" height=\"300\"><\/iframe><\/p>\n<p>Descubra a eleg\u00e2ncia do Anel de Jade\u00edte Natural Tipo A Icy Translucent, com um design Pixiu lindamente trabalhado em luxuoso ouro 18k. Esta pe\u00e7a requintada pesa 2,22 gramas e \u00e9 perfeita para uso di\u00e1rio.<\/p>\n<p><\/p>\n<p>N\u00fameros de certificado: GD2110H017376<\/p>\n<p>Ouro 18k: 1,23 gramas<\/p>\n<p>Diamantes: 8 * 0,003 quilates<\/p>\n<p>Tamanho do dedo [di\u00e2metro]: 17,3 mm<\/p>\n<p><img fetchpriority=\"high\" decoding=\"async\" src=\"https:\/\/shop.yipinqian.com\/wp-content\/uploads\/2024\/12\/0a8ff6d8ebea44409b488acde90330catplv-aphluv4xwc-origin-jpeg.jpeg?dr=15568&#038;nonce=49297&#038;refresh_token=35624ae651535faa691d0f9c5cadef09&#038;from=476444299&#038;idc=my&#038;ps=933b5bde&#038;shcp=9b759fb9&#038;shp=1c65f68b&#038;t=555f072d\" width=\"1080\" height=\"1080\"><\/p>\n<ul>\n<li>\n<strong>Material:<\/strong> Jade\u00edta tipo A com detalhes em diamante<\/li>\n<li>\n<strong>Origem:<\/strong> Mianmar<\/li>\n<li>\n<strong>Dimens\u00f5es:<\/strong> 11,7 * 9,8 * 5,8 mil\u00edmetros<\/li>\n<li><strong>Este produto vem com um certificado.<\/strong><\/li>\n<\/ul>\n<p><img decoding=\"async\" src=\"https:\/\/shop.yipinqian.com\/wp-content\/uploads\/2024\/12\/5a08a3a29ad945668e4c0926b6dac64ctplv-aphluv4xwc-origin-jpeg.jpeg?dr=15568&#038;nonce=61816&#038;refresh_token=2175c95fdf8d6bcb73acdcbe0d2f9fec&#038;from=476444299&#038;idc=my&#038;ps=933b5bde&#038;shcp=9b759fb9&#038;shp=1c65f68b&#038;t=555f072d\" width=\"1080\" height=\"1080\"><img decoding=\"async\" src=\"https:\/\/shop.yipinqian.com\/wp-content\/uploads\/2024\/12\/996753527b9c46bd824a291d1ca001a9tplv-aphluv4xwc-origin-jpeg.jpeg?dr=15568&#038;nonce=9300&#038;refresh_token=8f9dd1d87d27693f4f22dcc54b553902&#038;from=476444299&#038;idc=my&#038;ps=933b5bde&#038;shcp=9b759fb9&#038;shp=1c65f68b&#038;t=555f072d\" width=\"1080\" height=\"1080\"><\/p>\n<p>Este anel deslumbrante foi criado para mulheres, exibindo luxo e significado cultural em sua representa\u00e7\u00e3o Pixiu, tornando-o um complemento perfeito para qualquer cole\u00e7\u00e3o de joias.<\/p>\n<p><img loading=\"lazy\" decoding=\"async\" src=\"https:\/\/shop.yipinqian.com\/wp-content\/uploads\/2024\/12\/884078ad0bcc4311b23721424e26960atplv-aphluv4xwc-origin-jpeg.jpeg?dr=15568&#038;nonce=83354&#038;refresh_token=281c397c76f392654a077bc09ee06fa5&#038;from=476444299&#038;idc=my&#038;ps=933b5bde&#038;shcp=9b759fb9&#038;shp=1c65f68b&#038;t=555f072d\" width=\"709\" height=\"598\"><\/p>\n<p>Yi Pin Qian \u2013 Um negociante de pedras preciosas e metais preciosos em Cingapura \u2013 N\u00famero de licen\u00e7a PS20190000031<\/p>\n<p><\/p>\n<p>*Todos os Jadeites comprados de Yi Pin Qian em Cingapura, os clientes podem reservar hor\u00e1rios para polimento ou pequenos reparos por manuseio incorreto - taxas se aplicam e somente para clientes de Yi Pin Qian em Cingapura*<\/p>\n<p><\/p>\n<p><strong>**Tipos de Certificados**<\/strong><\/p>\n<p><\/p>\n<p><strong>NGI (Nan Yang Gemol\u00f3gico)<\/strong><\/p>\n<p>ou <strong>Certificados no exterior <\/strong>(Yi Pin Qian usa apenas certificados aut\u00eanticos de laborat\u00f3rios estrangeiros e tamb\u00e9m controla a qualidade de cada um dos nossos produtos antes de coloc\u00e1-los \u00e0 venda em Cingapura)<\/p>\n<p><\/p>\n<p>Cada produto ter\u00e1 o tipo de certificado fornecido indicado na descri\u00e7\u00e3o. Para qualquer cliente que deseje enviar seu pedido para NGI Singapore, <strong>As solicita\u00e7\u00f5es de relat\u00f3rios de pedras preciosas da NGI precisam ser feitas por mensagem.<\/strong> Obrigado, <strong><u>taxas extras se aplicam<\/u><\/strong> \u2013 $90 para jade\u00edta \/ $150 para jade\u00edta com ouro 18k \/ $150 para contas de jade\u00edta \u2013 n\u00e3o \u00e9 obrigat\u00f3rio, pois a maioria dos nossos produtos j\u00e1 veio com certificado internacional ou relat\u00f3rio NGI.<\/p>\n<p><\/p>\n<p>(Para mais detalhes ou solicita\u00e7\u00e3o adicional: <strong>Por favor, envie-nos uma mensagem se desejar enviar o item adquirido para teste de laborat\u00f3rio NGI<\/strong>)<\/p>\n<p><\/p>\n<p><strong>A jade\u00edta natural n\u00e3o \u00e9 perfeita, apenas um lembrete gentil, nossa jade\u00edta natural, como todas as coisas bonitas da natureza, vem com suas caracter\u00edsticas e varia\u00e7\u00f5es \u00fanicas. Convidamos nossos valiosos clientes a abra\u00e7ar essas varia\u00e7\u00f5es naturais. Boas compras!<\/strong><\/p>\n<p><\/p>\n<p><strong><u>Nenhuma das fotos e filmagens de v\u00eddeo foram filtradas. Incentivamos nossos clientes a tamb\u00e9m assistirem aos v\u00eddeos que os acompanham para uma vis\u00e3o mais abrangente de nossos produtos<\/u><\/strong><\/p>\n<p><\/p>\n<ul>\n<li>Diferentes plataformas s\u00f3 podem visualizar v\u00eddeos por meio do Desktop<\/li>\n<\/ul>","protected":false},"excerpt":{"rendered":"<p>Descubra a eleg\u00e2ncia do Anel de Jade\u00edte Natural Tipo A Icy Translucent, com um design Pixiu lindamente trabalhado em luxuoso ouro 18k. Esta pe\u00e7a requintada pesa 2,22 gramas e \u00e9 perfeita para uso di\u00e1rio. N\u00fameros de certificado: GD2110H017376 Ouro 18k: 1,23 gramas Diamantes: 8 * 0,003 quilates Tamanho do dedo [di\u00e2metro]: 17,3 mm Material: Tipo A [\u2026]<\/p>","protected":false},"featured_media":15127,"comment_status":"open","ping_status":"closed","template":"","meta":[],"product_brand":[],"product_cat":[119,80,122,126],"product_tag":[50,64,52,88,72,65,55,58,85,71,59,60,62],"class_list":{"0":"post-15117","1":"product","2":"type-product","3":"status-publish","4":"has-post-thumbnail","6":"product_cat-18k-gold-ring-setting","7":"product_cat-jade-rings","8":"product_cat-jadeite-rings","9":"product_cat-new-arrivals","10":"product_tag-18k-gold","11":"product_tag-cabochon","12":"product_tag-certified","13":"product_tag-diamonds","14":"product_tag-female","15":"product_tag-high-quality","16":"product_tag-jadeite","17":"product_tag-new-arrivals","18":"product_tag-pixiu","19":"product_tag-ring","20":"product_tag-translucent","21":"product_tag-type-a-jadeite","22":"product_tag-yi-pin-qian-exclusive","24":"first","25":"instock","26":"sale","27":"shipping-taxable","28":"purchasable","29":"product-type-simple"},"_links":{"self":[{"href":"https:\/\/shop.yipinqian.com\/pt\/wp-json\/wp\/v2\/product\/15117","targetHints":{"allow":["GET"]}}],"collection":[{"href":"https:\/\/shop.yipinqian.com\/pt\/wp-json\/wp\/v2\/product"}],"about":[{"href":"https:\/\/shop.yipinqian.com\/pt\/wp-json\/wp\/v2\/types\/product"}],"replies":[{"embeddable":true,"href":"https:\/\/shop.yipinqian.com\/pt\/wp-json\/wp\/v2\/comments?post=15117"}],"version-history":[{"count":0,"href":"https:\/\/shop.yipinqian.com\/pt\/wp-json\/wp\/v2\/product\/15117\/revisions"}],"wp:featuredmedia":[{"embeddable":true,"href":"https:\/\/shop.yipinqian.com\/pt\/wp-json\/wp\/v2\/media\/15127"}],"wp:attachment":[{"href":"https:\/\/shop.yipinqian.com\/pt\/wp-json\/wp\/v2\/media?parent=15117"}],"wp:term":[{"taxonomy":"product_brand","embeddable":true,"href":"https:\/\/shop.yipinqian.com\/pt\/wp-json\/wp\/v2\/product_brand?post=15117"},{"taxonomy":"product_cat","embeddable":true,"href":"https:\/\/shop.yipinqian.com\/pt\/wp-json\/wp\/v2\/product_cat?post=15117"},{"taxonomy":"product_tag","embeddable":true,"href":"https:\/\/shop.yipinqian.com\/pt\/wp-json\/wp\/v2\/product_tag?post=15117"}],"curies":[{"name":"wp","href":"https:\/\/api.w.org\/{rel}","templated":true}]}}