{"id":1511,"date":"2024-10-24T23:19:46","date_gmt":"2024-10-24T15:19:46","guid":{"rendered":"https:\/\/shop.yipinqian.com\/product\/lavender-and-green-natural-type-a-jadeite-handheld-piece-crafted-with-pixiu-meaning-rich-happiness-and-good-luck-with-certificate-weight-29-97-grams-61-30-10-70-34-60-mm-also-suitable-for-display-anyw\/"},"modified":"2025-02-24T00:49:54","modified_gmt":"2025-02-23T16:49:54","slug":"lavender-and-green-natural-type-a-jadeite-handheld-piece-crafted-with-pixiu-meaning-rich-happiness-and-good-luck-with-certificate-weight-29-97-grams-61-30-10-70-34-60-mm-also-suitable-for-display-anyw","status":"publish","type":"product","link":"https:\/\/shop.yipinqian.com\/pt\/produto\/lavender-and-green-natural-type-a-jadeite-handheld-piece-crafted-with-pixiu-meaning-rich-happiness-and-good-luck-with-certificate-weight-29-97-grams-61-30-10-70-34-60-mm-also-suitable-for-display-anyw\/","title":{"rendered":"Jade\u00edta natural tipo A, lavanda e verde, pe\u00e7a de m\u00e3o, trabalhada com Pixiu, que significa riqueza, felicidade e boa sorte, com certificado de peso de 29,97 gramas, 61,30 * 10,70 * 34,60 mm, tamb\u00e9m adequada para exibi\u00e7\u00e3o em qualquer lugar em casa, carro ou escrit\u00f3rio (hand1)"},"content":{"rendered":"<p>Bring a touch of luck and prosperity to your life with this Lavender and Green Natural Type A Jadeite Handheld Piece. This exquisite piece is carved with Pixiu, symbolizing wealth, happiness and good luck.<\/p>\n<ul>\n<li>Dimensions: 61.30 * 10.70 * 34.60 mm<\/li>\n<li>Weight: 29.97 grams<\/li>\n<li>Tipo de Jade: Jade\u00edta<\/li>\n<li>Decoration Type: Car Pendant<\/li>\n<li>Pa\u00eds de origem: Mianmar<\/li>\n<li>Certificate Included : Yes<\/li>\n<\/ul>\n<p><strong>Certificate numbers: ZS24040200292<\/strong><\/p>\n<p><img fetchpriority=\"high\" decoding=\"async\" height=\"1080\" src=\"https:\/\/shop.yipinqian.com\/wp-content\/uploads\/2024\/10\/f709c4840452178d329d3e8d27c71a5f.jpg?from=476444299\" width=\"1080\"><\/p>\n<ul>\n<li>This handheld piece is skillfully crafted from natural jadeite stone, known for its vivid colours and high quality finish. Besides being a symbol of good fortune, this jadeite handheld piece also makes for an elegant decoration suitable for display anywhere at home, car or office. Purchase this beautiful Lavender Green charm to your decor or as a thoughtful gift that will bring joy to any recipient!<\/li>\n<\/ul>\n<p>Yi Pin Qian \u2013 Um negociante de pedras preciosas e metais preciosos em Cingapura \u2013 N\u00famero de licen\u00e7a PS20190000031<\/p>\n<p>\u00a0<\/p>\n<p>*Todos os Jadeites comprados de Yi Pin Qian em Cingapura, os clientes podem reservar hor\u00e1rios para polimento ou pequenos reparos por manuseio incorreto - taxas se aplicam e somente para clientes de Yi Pin Qian em Cingapura*<\/p>\n<p>\u00a0<\/p>\n<p><strong>**Tipos de Certificados**<\/strong><\/p>\n<p>\u00a0<\/p>\n<p><strong>NGI (Nan Yang Gemol\u00f3gico)<\/strong><\/p>\n<p>ou <strong>Certificados no exterior <\/strong>(Yi Pin Qian usa apenas certificados aut\u00eanticos de laborat\u00f3rios estrangeiros e tamb\u00e9m controla a qualidade de cada um dos nossos produtos antes de coloc\u00e1-los \u00e0 venda em Cingapura)<\/p>\n<p>\u00a0<\/p>\n<p>Cada produto no TikTok ter\u00e1 o tipo de certificado fornecido indicado na descri\u00e7\u00e3o. Para qualquer cliente que deseje enviar seu pedido para a NGI Singapore, haver\u00e1 um tempo de espera para entrega do pedido estimado em torno de 4 semanas para receber seu pedido. <strong>As solicita\u00e7\u00f5es de relat\u00f3rios da NGI Gemstone precisam ser feitas por mensagem para a loja Yi Pin Qian TikTok.<\/strong> Obrigado, <strong><u>taxas extras se aplicam<\/u><\/strong>.<\/p>","protected":false},"excerpt":{"rendered":"<p>Bring a touch of luck and prosperity to your life with this Lavender and Green Natural Type A Jadeite Handheld Piece. This exquisite piece is carved with Pixiu, symbolizing wealth, happiness and good luck. Dimensions: 61.30 * 10.70 * 34.60 mm Weight: 29.97 grams Jade Type: Jadeite Decoration Type: Car Pendant Country of Origin: Myanmar [&hellip;]<\/p>","protected":false},"featured_media":5561,"comment_status":"open","ping_status":"closed","template":"","meta":[],"product_brand":[],"product_cat":[194],"product_tag":[],"class_list":{"0":"post-1511","1":"product","2":"type-product","3":"status-publish","4":"has-post-thumbnail","6":"product_cat-value-picks","8":"first","9":"instock","10":"sale","11":"shipping-taxable","12":"purchasable","13":"product-type-simple"},"_links":{"self":[{"href":"https:\/\/shop.yipinqian.com\/pt\/wp-json\/wp\/v2\/product\/1511","targetHints":{"allow":["GET"]}}],"collection":[{"href":"https:\/\/shop.yipinqian.com\/pt\/wp-json\/wp\/v2\/product"}],"about":[{"href":"https:\/\/shop.yipinqian.com\/pt\/wp-json\/wp\/v2\/types\/product"}],"replies":[{"embeddable":true,"href":"https:\/\/shop.yipinqian.com\/pt\/wp-json\/wp\/v2\/comments?post=1511"}],"version-history":[{"count":0,"href":"https:\/\/shop.yipinqian.com\/pt\/wp-json\/wp\/v2\/product\/1511\/revisions"}],"wp:featuredmedia":[{"embeddable":true,"href":"https:\/\/shop.yipinqian.com\/pt\/wp-json\/wp\/v2\/media\/5561"}],"wp:attachment":[{"href":"https:\/\/shop.yipinqian.com\/pt\/wp-json\/wp\/v2\/media?parent=1511"}],"wp:term":[{"taxonomy":"product_brand","embeddable":true,"href":"https:\/\/shop.yipinqian.com\/pt\/wp-json\/wp\/v2\/product_brand?post=1511"},{"taxonomy":"product_cat","embeddable":true,"href":"https:\/\/shop.yipinqian.com\/pt\/wp-json\/wp\/v2\/product_cat?post=1511"},{"taxonomy":"product_tag","embeddable":true,"href":"https:\/\/shop.yipinqian.com\/pt\/wp-json\/wp\/v2\/product_tag?post=1511"}],"curies":[{"name":"wp","href":"https:\/\/api.w.org\/{rel}","templated":true}]}}