{"id":1509,"date":"2024-10-24T23:19:45","date_gmt":"2024-10-24T15:19:45","guid":{"rendered":"https:\/\/shop.yipinqian.com\/product\/king-of-the-inferno-special-premium-natural-type-a-jadeite-with-light-green-and-yellow-come-with-certificate-weight-76-35-grams-69-50-44-30-12-mm-very-fine-translucent-rare-jadeite-pendant-for-collect\/"},"modified":"2025-02-24T01:34:19","modified_gmt":"2025-02-23T17:34:19","slug":"king-of-the-inferno-special-premium-natural-type-a-jadeite-with-light-green-and-yellow-come-with-certificate-weight-76-35-grams-69-50-44-30-12-mm-very-fine-translucent-rare-jadeite-pendant-for-collect","status":"publish","type":"product","link":"https:\/\/shop.yipinqian.com\/pt\/produto\/king-of-the-inferno-special-premium-natural-type-a-jadeite-with-light-green-and-yellow-come-with-certificate-weight-76-35-grams-69-50-44-30-12-mm-very-fine-translucent-rare-jadeite-pendant-for-collect\/","title":{"rendered":"Rei do inferno Jade\u00edta Natural Premium Especial Tipo A com Verde Claro e Amarelo vem com certificado peso 76,35 gramas, 69,50 * 44,30 * 12 mm, pingente de jade\u00edta raro transl\u00facido muito fino para cole\u00e7\u00e3o (pendant98)"},"content":{"rendered":"<p><iframe title=\"King of the inferno Special Premium Natural Type A\" src=\"https:\/\/youtube.com\/embed\/WkIt1NvOiFk\" width=\"330\" height=\"300\"><\/iframe><\/p>\n<p>King of the inferno Special Premium Natural Type A<\/p>\n<p>Vivencie a beleza da natureza com o pingente de jade\u00edta natural tipo A especial premium King of Inferno, perfeito para colecionadores e entusiastas.<\/p>\n<ul>\n<li><strong>Jade\u00edta natural tipo A:<\/strong> Feito de jade\u00edta natural Tipo A de alta qualidade, este pingente ostenta uma deslumbrante cor verde-claro e amarelo que brilha com translucidez.<\/li>\n<li><strong>Certificado inclu\u00eddo:<\/strong> Vem com um certificado para garantir que os padr\u00f5es de autenticidade e qualidade sejam atendidos.<\/li>\n<li><strong>Estilo de colar \u00e9tnico:<\/strong> O estilo do colar tem design \u00e9tnico, perfeito para adicionar um toque ex\u00f3tico \u00e0 sua cole\u00e7\u00e3o de joias ou roupa.<\/li>\n<\/ul>\n<p><strong>N\u00fameros de certificado: GD2204H005661<\/strong><\/p>\n<p><img fetchpriority=\"high\" decoding=\"async\" class=\"alignnone\" src=\"https:\/\/shop.yipinqian.com\/wp-content\/uploads\/2024\/10\/92928dcc69076cac46c7cea721067525.jpg?from=476444299\" alt=\"King of the inferno Special Premium Natural Type A\" width=\"1080\" height=\"1080\" \/><\/p>\n<p>Este raro pingente de jade\u00edta \u00e9 finamente trabalhado, pesando 76,35 gramas e com dimens\u00f5es de 69,50 * 44,30 * 12 mm, o que o torna uma excelente escolha para ocasi\u00f5es especiais, como anivers\u00e1rios, ou como uma preciosa heran\u00e7a de fam\u00edlia.<\/p>\n<ul>\n<li><strong>Garantia dur\u00e1vel: <\/strong>O tipo de garantia para este produto \u00e9 N\u00e3o, mas voc\u00ea pode ter certeza de que est\u00e1 recebendo um artesanato de alta qualidade em todos os aspectos<\/li>\n<li>.<\/li>\n<li><strong>G\u00eanero neutro: <\/strong>Esta pe\u00e7a pode ser usada por qualquer pessoa, independentemente do g\u00eanero! \u00c9 perfeita como uma pe\u00e7a de destaque ou parte da sua cole\u00e7\u00e3o de uso di\u00e1rio, dependendo da sua prefer\u00eancia!<\/li>\n<li>.<\/li>\n<\/ul>\n<p>Adicione este requintado pingente King Of The Inferno \u00e0 sua cole\u00e7\u00e3o de joias hoje mesmo!<\/p>\n<p>.<\/p>\n<p>Yi Pin Qian \u2013 Um negociante de pedras preciosas e metais preciosos em Cingapura \u2013 N\u00famero de licen\u00e7a PS20190000031<\/p>\n<p>*Todos os Jadeites comprados de Yi Pin Qian em Cingapura, os clientes podem reservar hor\u00e1rios para polimento ou pequenos reparos por manuseio incorreto - taxas se aplicam e somente para clientes de Yi Pin Qian em Cingapura*<\/p>\n<p><strong>**Tipos de Certificados**<\/strong><\/p>\n<p><strong>NGI (Nan Yang Gemol\u00f3gico)<\/strong><\/p>\n<p>ou <strong>Certificados no exterior <\/strong>(Yi Pin Qian usa apenas certificados aut\u00eanticos de laborat\u00f3rios estrangeiros e tamb\u00e9m controla a qualidade de cada um dos nossos produtos antes de coloc\u00e1-los \u00e0 venda em Cingapura)<\/p>\n<p>Cada produto no TikTok ter\u00e1 o tipo de certificado fornecido indicado na descri\u00e7\u00e3o. Para qualquer cliente que deseje enviar seu pedido para a NGI Singapore, haver\u00e1 um tempo de espera para entrega do pedido estimado em torno de 4 semanas para receber seu pedido. <strong>As solicita\u00e7\u00f5es de relat\u00f3rios da NGI Gemstone precisam ser feitas por mensagem para a loja Yi Pin Qian TikTok.<\/strong> Obrigado, <strong><u>taxas extras se aplicam<\/u><\/strong>.<\/p>","protected":false},"excerpt":{"rendered":"<p>King of the inferno Special Premium Natural Type A<\/p>","protected":false},"featured_media":5543,"comment_status":"open","ping_status":"closed","template":"","meta":[],"product_brand":[],"product_cat":[196],"product_tag":[],"class_list":{"0":"post-1509","1":"product","2":"type-product","3":"status-publish","4":"has-post-thumbnail","6":"product_cat-vault-collection","8":"first","9":"instock","10":"sale","11":"shipping-taxable","12":"purchasable","13":"product-type-simple"},"_links":{"self":[{"href":"https:\/\/shop.yipinqian.com\/pt\/wp-json\/wp\/v2\/product\/1509","targetHints":{"allow":["GET"]}}],"collection":[{"href":"https:\/\/shop.yipinqian.com\/pt\/wp-json\/wp\/v2\/product"}],"about":[{"href":"https:\/\/shop.yipinqian.com\/pt\/wp-json\/wp\/v2\/types\/product"}],"replies":[{"embeddable":true,"href":"https:\/\/shop.yipinqian.com\/pt\/wp-json\/wp\/v2\/comments?post=1509"}],"version-history":[{"count":0,"href":"https:\/\/shop.yipinqian.com\/pt\/wp-json\/wp\/v2\/product\/1509\/revisions"}],"wp:featuredmedia":[{"embeddable":true,"href":"https:\/\/shop.yipinqian.com\/pt\/wp-json\/wp\/v2\/media\/5543"}],"wp:attachment":[{"href":"https:\/\/shop.yipinqian.com\/pt\/wp-json\/wp\/v2\/media?parent=1509"}],"wp:term":[{"taxonomy":"product_brand","embeddable":true,"href":"https:\/\/shop.yipinqian.com\/pt\/wp-json\/wp\/v2\/product_brand?post=1509"},{"taxonomy":"product_cat","embeddable":true,"href":"https:\/\/shop.yipinqian.com\/pt\/wp-json\/wp\/v2\/product_cat?post=1509"},{"taxonomy":"product_tag","embeddable":true,"href":"https:\/\/shop.yipinqian.com\/pt\/wp-json\/wp\/v2\/product_tag?post=1509"}],"curies":[{"name":"wp","href":"https:\/\/api.w.org\/{rel}","templated":true}]}}