{"id":1507,"date":"2024-10-24T23:19:44","date_gmt":"2024-10-24T15:19:44","guid":{"rendered":"https:\/\/shop.yipinqian.com\/product\/icy-yellow-natural-type-a-jadeite-pendant-necklace-crafted-as-baby-guanyin-seating-on-lotus-with-certificate-weigh-4-78-grams-measurement-31-5-26-4-3-mm-pendant40\/"},"modified":"2025-02-24T00:49:55","modified_gmt":"2025-02-23T16:49:55","slug":"icy-yellow-natural-type-a-jadeite-pendant-necklace-crafted-as-baby-guanyin-seating-on-lotus-with-certificate-weigh-4-78-grams-measurement-31-5-26-4-3-mm-pendant40","status":"publish","type":"product","link":"https:\/\/shop.yipinqian.com\/pt\/produto\/icy-yellow-natural-type-a-jadeite-pendant-necklace-crafted-as-baby-guanyin-seating-on-lotus-with-certificate-weigh-4-78-grams-measurement-31-5-26-4-3-mm-pendant40\/","title":{"rendered":"Icy Yellow Natural Type A Jadeite Pendant Necklace crafted as Baby Guanyin seating on Lotus, with certificate weigh 4.78 grams, measurement 31.5 * 26 * 4.3 mm (pendant40)"},"content":{"rendered":"<p>This Icy Yellow Natural Type A Jadeite Pendant Necklace features a beautifully crafted Baby Guanyin seated on a lotus flower, making it the perfect accessory for any daily occasion.<\/p>\n<ul>\n<li>Weighing 4.78 grams, this pendant necklace is made with high-quality Type A Jadeite sourced from Myanmar.<\/li>\n<li>The pendant measures 31.5 * 26 * 4.3 mm (pendant40) and comes with a certificate of authenticity.<\/li>\n<\/ul>\n<p><strong>Certificate numbers: 920350021941<\/strong><\/p>\n<p><img fetchpriority=\"high\" decoding=\"async\" height=\"1080\" src=\"https:\/\/shop.yipinqian.com\/wp-content\/uploads\/2024\/10\/f8e48be06dc76579ff068b558e8cf3b0.jpg?from=476444299\" width=\"1080\"><\/p>\n<ul>\n<li>This unisex necklace has a casual style that can complement any outfit.<\/li>\n<\/ul>\n<p>Add an elegant touch to your jewelry collection with this stunning Icy Yellow Natural Type A Jadeite Pendant Necklace &#8211; perfect for daily wear!<\/p>\n<p>\u00a0<\/p>\n<p>Yi Pin Qian \u2013 Um negociante de pedras preciosas e metais preciosos em Cingapura \u2013 N\u00famero de licen\u00e7a PS20190000031<\/p>\n<p>\u00a0<\/p>\n<p>*Todos os Jadeites comprados de Yi Pin Qian em Cingapura, os clientes podem reservar hor\u00e1rios para polimento ou pequenos reparos por manuseio incorreto - taxas se aplicam e somente para clientes de Yi Pin Qian em Cingapura*<\/p>\n<p>\u00a0<\/p>\n<p><strong>**Tipos de Certificados**<\/strong><\/p>\n<p>\u00a0<\/p>\n<p><strong>NGI (Nan Yang Gemol\u00f3gico)<\/strong><\/p>\n<p>ou <strong>Certificados no exterior <\/strong>(Yi Pin Qian usa apenas certificados aut\u00eanticos de laborat\u00f3rios estrangeiros e tamb\u00e9m controla a qualidade de cada um dos nossos produtos antes de coloc\u00e1-los \u00e0 venda em Cingapura)<\/p>\n<p>\u00a0<\/p>\n<p>Cada produto no TikTok ter\u00e1 o tipo de certificado fornecido indicado na descri\u00e7\u00e3o. Para qualquer cliente que deseje enviar seu pedido para a NGI Singapore, haver\u00e1 um tempo de espera para entrega do pedido estimado em torno de 4 semanas para receber seu pedido. <strong>As solicita\u00e7\u00f5es de relat\u00f3rios da NGI Gemstone precisam ser feitas por mensagem para a loja Yi Pin Qian TikTok.<\/strong> Obrigado, <strong><u>taxas extras se aplicam<\/u><\/strong>.<\/p>\n<p>\u00a0<\/p>\n<p><strong>A jade\u00edta natural n\u00e3o \u00e9 perfeita, apenas um lembrete gentil, nossa jade\u00edta natural, como todas as coisas bonitas da natureza, vem com suas caracter\u00edsticas e varia\u00e7\u00f5es \u00fanicas. Convidamos nossos valiosos clientes a abra\u00e7ar essas varia\u00e7\u00f5es naturais. Boas compras!<\/strong><\/p>\n<p>\u00a0<\/p>\n<p><strong><u>Nenhuma das fotos e filmagens de v\u00eddeo foram filtradas. Incentivamos nossos clientes a tamb\u00e9m assistirem aos v\u00eddeos que os acompanham para uma vis\u00e3o mais abrangente de nossos produtos<\/u><\/strong><\/p>","protected":false},"excerpt":{"rendered":"<p>This Icy Yellow Natural Type A Jadeite Pendant Necklace features a beautifully crafted Baby Guanyin seated on a lotus flower, making it the perfect accessory for any daily occasion. Weighing 4.78 grams, this pendant necklace is made with high-quality Type A Jadeite sourced from Myanmar. The pendant measures 31.5 * 26 * 4.3 mm (pendant40) [&hellip;]<\/p>","protected":false},"featured_media":5533,"comment_status":"open","ping_status":"closed","template":"","meta":[],"product_brand":[],"product_cat":[194],"product_tag":[],"class_list":{"0":"post-1507","1":"product","2":"type-product","3":"status-publish","4":"has-post-thumbnail","6":"product_cat-value-picks","8":"first","9":"instock","10":"sale","11":"shipping-taxable","12":"purchasable","13":"product-type-simple"},"_links":{"self":[{"href":"https:\/\/shop.yipinqian.com\/pt\/wp-json\/wp\/v2\/product\/1507","targetHints":{"allow":["GET"]}}],"collection":[{"href":"https:\/\/shop.yipinqian.com\/pt\/wp-json\/wp\/v2\/product"}],"about":[{"href":"https:\/\/shop.yipinqian.com\/pt\/wp-json\/wp\/v2\/types\/product"}],"replies":[{"embeddable":true,"href":"https:\/\/shop.yipinqian.com\/pt\/wp-json\/wp\/v2\/comments?post=1507"}],"version-history":[{"count":0,"href":"https:\/\/shop.yipinqian.com\/pt\/wp-json\/wp\/v2\/product\/1507\/revisions"}],"wp:featuredmedia":[{"embeddable":true,"href":"https:\/\/shop.yipinqian.com\/pt\/wp-json\/wp\/v2\/media\/5533"}],"wp:attachment":[{"href":"https:\/\/shop.yipinqian.com\/pt\/wp-json\/wp\/v2\/media?parent=1507"}],"wp:term":[{"taxonomy":"product_brand","embeddable":true,"href":"https:\/\/shop.yipinqian.com\/pt\/wp-json\/wp\/v2\/product_brand?post=1507"},{"taxonomy":"product_cat","embeddable":true,"href":"https:\/\/shop.yipinqian.com\/pt\/wp-json\/wp\/v2\/product_cat?post=1507"},{"taxonomy":"product_tag","embeddable":true,"href":"https:\/\/shop.yipinqian.com\/pt\/wp-json\/wp\/v2\/product_tag?post=1507"}],"curies":[{"name":"wp","href":"https:\/\/api.w.org\/{rel}","templated":true}]}}