{"id":1505,"date":"2024-10-24T23:19:43","date_gmt":"2024-10-24T15:19:43","guid":{"rendered":"https:\/\/shop.yipinqian.com\/product\/icy-with-light-green-base-natural-type-a-jadeite-pendant-necklace-crafted-as-flying-horse-symbols-of-good-luck-is-coming-soon-longma-spirit-with-gic-approved-certificate-weigh-4-55-grams-15-6-28-6-3-m\/"},"modified":"2025-02-24T00:49:55","modified_gmt":"2025-02-23T16:49:55","slug":"icy-with-light-green-base-natural-type-a-jadeite-pendant-necklace-crafted-as-flying-horse-symbols-of-good-luck-is-coming-soon-longma-spirit-with-gic-approved-certificate-weigh-4-55-grams-15-6-28-6-3-m","status":"publish","type":"product","link":"https:\/\/shop.yipinqian.com\/pt\/produto\/icy-with-light-green-base-natural-type-a-jadeite-pendant-necklace-crafted-as-flying-horse-symbols-of-good-luck-is-coming-soon-longma-spirit-with-gic-approved-certificate-weigh-4-55-grams-15-6-28-6-3-m\/","title":{"rendered":"Icy with light green base Natural Type A Jadeite Pendant Necklace crafted as Flying Horse symbols of Good luck is coming soon, Longma spirit with QIC approved certificate weigh 4.55 grams, 15.6 * 28 * 6.3 mm (pendant65)"},"content":{"rendered":"<p>This Icy jade pendant necklace is a symbol of good luck, crafted in the form of a flying horse. The light green base and natural Type A jadeite make it an elegant addition to your jewelry collection.<\/p>\n<ul>\n<li><strong>Flying Horse Symbol:<\/strong> The pendant is crafted in the form of a flying horse, which symbolizes good luck and energy. Wear it to invite positivity into your life.<\/li>\n<li><strong>Jade\u00edta natural tipo A:<\/strong> Made with high-quality natural Type A Jadeite, this necklace is both stunning and durable. It weighs 4.55 grams and measures 15.6 * 28 * 6.3 mm (pendant65).<\/li>\n<li><strong>QIC Approved Certificate:<\/strong> Comes with QIC approved certificate ensuring authenticity.<\/li>\n<\/ul>\n<p><strong>Certificate numbers: 5424012800730<\/strong><\/p>\n<p><img fetchpriority=\"high\" decoding=\"async\" src=\"https:\/\/shop.yipinqian.com\/wp-content\/uploads\/2024\/10\/4837b0319dff781bbfad864a9fe01fb1.jpg?from=476444299\" width=\"1080\" height=\"1080\" \/><\/p>\n<p>This Longma spirit necklace has been designed for daily wear purposes making it perfect for all occasions regardless of gender or style preference \u2013 casual or formal.<\/p>\n<ul>\n<li><strong>Certificado inclu\u00eddo:<\/strong> This necklace comes with a certificate that confirms its authenticity<\/li>\n<li>Made in Myanmar: Made in Myanmar this product&#8217;s country of origin adds to its exotic touch<\/li>\n<\/ul>\n<p>Elevate your jewelery collection by owning an exquisite piece like this Flying Horse Pendant Necklace made from Natural Type A Jadeite that will be sure to turn heads!<\/p>\n<p>\u00a0<\/p>\n<p>Yi Pin Qian \u2013 Um negociante de pedras preciosas e metais preciosos em Cingapura \u2013 N\u00famero de licen\u00e7a PS20190000031<\/p>\n<p>\u00a0<\/p>\n<p>*Todos os Jadeites comprados de Yi Pin Qian em Cingapura, os clientes podem reservar hor\u00e1rios para polimento ou pequenos reparos por manuseio incorreto - taxas se aplicam e somente para clientes de Yi Pin Qian em Cingapura*<\/p>\n<p>\u00a0<\/p>\n<p><strong>**Tipos de Certificados**<\/strong><\/p>\n<p>\u00a0<\/p>\n<p><strong>NGI (Nan Yang Gemol\u00f3gico)<\/strong><\/p>\n<p>ou <strong>Certificados no exterior <\/strong>(Yi Pin Qian usa apenas certificados aut\u00eanticos de laborat\u00f3rios estrangeiros e tamb\u00e9m controla a qualidade de cada um dos nossos produtos antes de coloc\u00e1-los \u00e0 venda em Cingapura)<\/p>\n<p>\u00a0<\/p>\n<p>Cada produto no TikTok ter\u00e1 o tipo de certificado fornecido indicado na descri\u00e7\u00e3o. Para qualquer cliente que deseje enviar seu pedido para a NGI Singapore, haver\u00e1 um tempo de espera para entrega do pedido estimado em torno de 4 semanas para receber seu pedido. <strong>As solicita\u00e7\u00f5es de relat\u00f3rios da NGI Gemstone precisam ser feitas por mensagem para a loja Yi Pin Qian TikTok.<\/strong> Obrigado, <strong><u>taxas extras se aplicam<\/u><\/strong>.<\/p>\n<p>\u00a0<\/p>\n<p><strong>A jade\u00edta natural n\u00e3o \u00e9 perfeita, apenas um lembrete gentil, nossa jade\u00edta natural, como todas as coisas bonitas da natureza, vem com suas caracter\u00edsticas e varia\u00e7\u00f5es \u00fanicas. Convidamos nossos valiosos clientes a abra\u00e7ar essas varia\u00e7\u00f5es naturais. Boas compras!<\/strong><\/p>\n<p>\u00a0<\/p>\n<p><strong><u>Nenhuma das fotos e filmagens de v\u00eddeo foram filtradas. Incentivamos nossos clientes a tamb\u00e9m assistirem aos v\u00eddeos que os acompanham para uma vis\u00e3o mais abrangente de nossos produtos<\/u><\/strong><\/p>\n<p>\u00a0<\/p>\n<p>.<\/p>","protected":false},"excerpt":{"rendered":"<p>This Icy jade pendant necklace is a symbol of good luck, crafted in the form of a flying horse. The light green base and natural Type A jadeite make it an elegant addition to your jewelry collection. Flying Horse Symbol: The pendant is crafted in the form of a flying horse, which symbolizes good luck [&hellip;]<\/p>","protected":false},"featured_media":5515,"comment_status":"open","ping_status":"closed","template":"","meta":[],"product_brand":[],"product_cat":[194],"product_tag":[],"class_list":{"0":"post-1505","1":"product","2":"type-product","3":"status-publish","4":"has-post-thumbnail","6":"product_cat-value-picks","8":"first","9":"instock","10":"sale","11":"shipping-taxable","12":"purchasable","13":"product-type-simple"},"_links":{"self":[{"href":"https:\/\/shop.yipinqian.com\/pt\/wp-json\/wp\/v2\/product\/1505","targetHints":{"allow":["GET"]}}],"collection":[{"href":"https:\/\/shop.yipinqian.com\/pt\/wp-json\/wp\/v2\/product"}],"about":[{"href":"https:\/\/shop.yipinqian.com\/pt\/wp-json\/wp\/v2\/types\/product"}],"replies":[{"embeddable":true,"href":"https:\/\/shop.yipinqian.com\/pt\/wp-json\/wp\/v2\/comments?post=1505"}],"version-history":[{"count":0,"href":"https:\/\/shop.yipinqian.com\/pt\/wp-json\/wp\/v2\/product\/1505\/revisions"}],"wp:featuredmedia":[{"embeddable":true,"href":"https:\/\/shop.yipinqian.com\/pt\/wp-json\/wp\/v2\/media\/5515"}],"wp:attachment":[{"href":"https:\/\/shop.yipinqian.com\/pt\/wp-json\/wp\/v2\/media?parent=1505"}],"wp:term":[{"taxonomy":"product_brand","embeddable":true,"href":"https:\/\/shop.yipinqian.com\/pt\/wp-json\/wp\/v2\/product_brand?post=1505"},{"taxonomy":"product_cat","embeddable":true,"href":"https:\/\/shop.yipinqian.com\/pt\/wp-json\/wp\/v2\/product_cat?post=1505"},{"taxonomy":"product_tag","embeddable":true,"href":"https:\/\/shop.yipinqian.com\/pt\/wp-json\/wp\/v2\/product_tag?post=1505"}],"curies":[{"name":"wp","href":"https:\/\/api.w.org\/{rel}","templated":true}]}}