{"id":1504,"date":"2024-10-24T23:19:43","date_gmt":"2024-10-24T15:19:43","guid":{"rendered":"https:\/\/shop.yipinqian.com\/product\/icy-with-green-patches-natural-type-a-jadeite-pendant-necklace-crafted-with-fish-biting-chinese-coin-qic-approved-labs-certificate-included-weigh-8-7-grams-43-1-15-8-1-mm-pendant136\/"},"modified":"2025-02-24T00:49:55","modified_gmt":"2025-02-23T16:49:55","slug":"icy-with-green-patches-natural-type-a-jadeite-pendant-necklace-crafted-with-fish-biting-chinese-coin-qic-approved-labs-certificate-included-weigh-8-7-grams-43-1-15-8-1-mm-pendant136","status":"publish","type":"product","link":"https:\/\/shop.yipinqian.com\/pt\/produto\/icy-with-green-patches-natural-type-a-jadeite-pendant-necklace-crafted-with-fish-biting-chinese-coin-qic-approved-labs-certificate-included-weigh-8-7-grams-43-1-15-8-1-mm-pendant136\/","title":{"rendered":"Colar com pingente de jade\u00edta natural tipo A gelado com manchas verdes, feito com moeda chinesa mordendo peixe, certificado de laborat\u00f3rio aprovado pela QIC inclu\u00eddo, pesa 8,7 gramas, 43,1 * 15 * 8,1 mm (pendant136)"},"content":{"rendered":"<p>Eleve seu estilo com este deslumbrante colar com pingente de jade\u00edta natural tipo A Icy com manchas verdes. O design de moeda chinesa mordendo peixe acrescenta um toque de charme tradicional \u00e0 pe\u00e7a.<\/p>\n<ul>\n<li>\n<strong>Jade\u00edta natural tipo A:<\/strong> Feito de jade\u00edta natural Tipo A de alta qualidade, este colar com pingente \u00e9 uma verdadeira obra-prima.<\/li>\n<li>\n<strong>Certificado inclu\u00eddo:<\/strong> Certificado de laborat\u00f3rio aprovado pela QIC inclu\u00eddo para sua tranquilidade.<\/li>\n<\/ul>\n<p><strong>N\u00fameros de certificado: 5924031205428<\/strong><\/p>\n<p><img fetchpriority=\"high\" decoding=\"async\" height=\"1080\" src=\"https:\/\/shop.yipinqian.com\/wp-content\/uploads\/2024\/10\/b9a028c058ef5bf0b4714e8baf28c562.jpg?from=476444299\" width=\"1080\"><\/p>\n<ul>\n<li>\n<strong>Design unissex:<\/strong> Perfeito para homens e mulheres, este colar \u00e9 vers\u00e1til e elegante.<\/li>\n<li>\n<strong>Estilo casual:<\/strong> O estilo casual o torna adequado para uso di\u00e1rio ou ocasi\u00f5es especiais.<\/li>\n<\/ul>\n<p>Pesando 8,7 gramas e medindo 43,1 * 15 * 8,1 mm (pendente 136), \u00e9 o tamanho perfeito para chamar a aten\u00e7\u00e3o sem ser muito volumoso ou pesado no pesco\u00e7o.<\/p>\n<ul>\n<li>\n<strong>Colar e pingente de jade: <\/strong>Este colar com pingente de jade\u00edta natural \u00e9 um complemento ideal para qualquer cole\u00e7\u00e3o de joias.<\/li>\n<\/ul>\n<p>Orgulhosamente origin\u00e1ria de Mianmar, esta pe\u00e7a fala muito sobre sua origem \u00fanica e rica heran\u00e7a cultural.<\/p>\n<ul>\n<li>O acess\u00f3rio perfeito para uso di\u00e1rio ou ocasi\u00f5es especiais<\/li>\n<li>.<\/li>\n<\/ul>\n<p>.<\/p>\n<p>Este colar com pingente de jade\u00edta natural tipo A com manchas verdes acrescenta eleg\u00e2ncia a qualquer roupa sem esfor\u00e7o,<\/p>\n<ul>\n<li>\u00a0<\/li>\n<\/ul>\n<p>O design da moeda chinesa com peixe mordendo acrescenta um toque intrincado de significado cultural,<\/p>\n<p>\u00a0<\/p>\n<p>Yi Pin Qian \u2013 Um negociante de pedras preciosas e metais preciosos em Cingapura \u2013 N\u00famero de licen\u00e7a PS20190000031<\/p>\n<p>\u00a0<\/p>\n<p>*Todos os Jadeites comprados de Yi Pin Qian em Cingapura, os clientes podem reservar hor\u00e1rios para polimento ou pequenos reparos por manuseio incorreto - taxas se aplicam e somente para clientes de Yi Pin Qian em Cingapura*<\/p>\n<p>\u00a0<\/p>\n<p><strong>**Tipos de Certificados**<\/strong><\/p>\n<p>\u00a0<\/p>\n<p><strong>NGI (Nan Yang Gemol\u00f3gico)<\/strong><\/p>\n<p>ou <strong>Certificados no exterior <\/strong>(Yi Pin Qian usa apenas certificados aut\u00eanticos de laborat\u00f3rios estrangeiros e tamb\u00e9m controla a qualidade de cada um dos nossos produtos antes de coloc\u00e1-los \u00e0 venda em Cingapura)<\/p>\n<p>\u00a0<\/p>\n<p>Cada produto no TikTok ter\u00e1 o tipo de certificado fornecido indicado na descri\u00e7\u00e3o. Para qualquer cliente que deseje enviar seu pedido para a NGI Singapore, haver\u00e1 um tempo de espera para entrega do pedido estimado em torno de 4 semanas para receber seu pedido. <strong>As solicita\u00e7\u00f5es de relat\u00f3rios da NGI Gemstone precisam ser feitas por mensagem para a loja Yi Pin Qian TikTok.<\/strong> Obrigado, <strong><u>taxas extras se aplicam<\/u><\/strong>.<\/p>\n<p>\u00a0<\/p>\n<p><strong>A jade\u00edta natural n\u00e3o \u00e9 perfeita, apenas um lembrete gentil, nossa jade\u00edta natural, como todas as coisas bonitas da natureza, vem com suas caracter\u00edsticas e varia\u00e7\u00f5es \u00fanicas. Convidamos nossos valiosos clientes a abra\u00e7ar essas varia\u00e7\u00f5es naturais. Boas compras!<\/strong><\/p>\n<p>\u00a0<\/p>\n<p><strong><u>Nenhuma das fotos e filmagens de v\u00eddeo foram filtradas. Incentivamos nossos clientes a tamb\u00e9m assistirem aos v\u00eddeos que os acompanham para uma vis\u00e3o mais abrangente de nossos produtos<\/u><\/strong><\/p>\n<p>.<\/p>","protected":false},"excerpt":{"rendered":"<p>Elevate your style with this stunning Icy with green patches Natural Type A Jadeite Pendant Necklace. The fish biting Chinese coin design adds a touch of traditional charm to the piece. Natural Type A Jadeite: Crafted from high-quality, natural Type A jadeite, this pendant necklace is a true masterpiece. Certificate Included: QIC approved labs certificate [&hellip;]<\/p>","protected":false},"featured_media":5505,"comment_status":"open","ping_status":"closed","template":"","meta":[],"product_brand":[],"product_cat":[194],"product_tag":[],"class_list":{"0":"post-1504","1":"product","2":"type-product","3":"status-publish","4":"has-post-thumbnail","6":"product_cat-value-picks","8":"first","9":"instock","10":"sale","11":"shipping-taxable","12":"purchasable","13":"product-type-simple"},"_links":{"self":[{"href":"https:\/\/shop.yipinqian.com\/pt\/wp-json\/wp\/v2\/product\/1504","targetHints":{"allow":["GET"]}}],"collection":[{"href":"https:\/\/shop.yipinqian.com\/pt\/wp-json\/wp\/v2\/product"}],"about":[{"href":"https:\/\/shop.yipinqian.com\/pt\/wp-json\/wp\/v2\/types\/product"}],"replies":[{"embeddable":true,"href":"https:\/\/shop.yipinqian.com\/pt\/wp-json\/wp\/v2\/comments?post=1504"}],"version-history":[{"count":0,"href":"https:\/\/shop.yipinqian.com\/pt\/wp-json\/wp\/v2\/product\/1504\/revisions"}],"wp:featuredmedia":[{"embeddable":true,"href":"https:\/\/shop.yipinqian.com\/pt\/wp-json\/wp\/v2\/media\/5505"}],"wp:attachment":[{"href":"https:\/\/shop.yipinqian.com\/pt\/wp-json\/wp\/v2\/media?parent=1504"}],"wp:term":[{"taxonomy":"product_brand","embeddable":true,"href":"https:\/\/shop.yipinqian.com\/pt\/wp-json\/wp\/v2\/product_brand?post=1504"},{"taxonomy":"product_cat","embeddable":true,"href":"https:\/\/shop.yipinqian.com\/pt\/wp-json\/wp\/v2\/product_cat?post=1504"},{"taxonomy":"product_tag","embeddable":true,"href":"https:\/\/shop.yipinqian.com\/pt\/wp-json\/wp\/v2\/product_tag?post=1504"}],"curies":[{"name":"wp","href":"https:\/\/api.w.org\/{rel}","templated":true}]}}