{"id":1503,"date":"2024-10-24T23:19:42","date_gmt":"2024-10-24T15:19:42","guid":{"rendered":"https:\/\/shop.yipinqian.com\/product\/icy-with-good-translucent-glossy-texture-natural-type-a-jadeite-pendant-necklace-crafted-with-monkey-on-chayote-symbols-of-golden-monkey-brings-longevity-and-double-blessings-certificate-included-weig\/"},"modified":"2025-02-24T01:34:19","modified_gmt":"2025-02-23T17:34:19","slug":"icy-with-good-translucent-glossy-texture-natural-type-a-jadeite-pendant-necklace-crafted-with-monkey-on-chayote-symbols-of-golden-monkey-brings-longevity-and-double-blessings-certificate-included-weig","status":"publish","type":"product","link":"https:\/\/shop.yipinqian.com\/pt\/produto\/icy-with-good-translucent-glossy-texture-natural-type-a-jadeite-pendant-necklace-crafted-with-monkey-on-chayote-symbols-of-golden-monkey-brings-longevity-and-double-blessings-certificate-included-weig\/","title":{"rendered":"Colar com pingente de jade\u00edta natural tipo A, gelado com boa textura transl\u00facida e brilhante, feito com s\u00edmbolos de macaco em chuchu, o macaco dourado traz longevidade e b\u00ean\u00e7\u00e3os duplas, certificado incluso, pesa 16,84 gramas, 44 * 21,3 * 11,8 mm, jade colecion\u00e1vel"},"content":{"rendered":"<p>Esse <strong>Colar com pingente de jade\u00edta natural tipo A <\/strong>apresenta um <strong><u>Textura gelada com acabamento brilhante e transl\u00facido<\/u><\/strong>. O pingente \u00e9 habilmente trabalhado com um <strong>Macaco Dourado no Chuchu<\/strong> s\u00edmbolo, <strong><u>significando Longevidade e B\u00ean\u00e7\u00e3os Duplas<\/u><\/strong>.<\/p>\n<p>\u00a0<\/p>\n<p>Esta pe\u00e7a de jade colecion\u00e1vel pesa <strong>16,84 gramas<\/strong> e medidas <strong>44 * 21.3 * 11.8<\/strong> mm. O colar vem com um certificado de autenticidade.\u00a0<\/p>\n<p>\u00a0<\/p>\n<p><strong>N\u00fameros de certificado: GD2111H014909<\/strong><\/p>\n<p><img fetchpriority=\"high\" decoding=\"async\" height=\"1080\" src=\"https:\/\/shop.yipinqian.com\/wp-content\/uploads\/2024\/10\/8f735e7d50251a5d4af064aa0758e646.jpg?from=476444299\" width=\"1080\"><\/p>\n<p>\u00c9 o acess\u00f3rio perfeito para uso di\u00e1rio, adicionando um elemento de sofistica\u00e7\u00e3o a qualquer roupa casual. Feito de Jade\u00edta de alta qualidade, este colar \u00e9 projetado para durar sem comprometer o estilo ou a beleza \u2013 tornando-o adequado para ambos os sexos. Em resumo:<\/p>\n<ul>\n<li>Textura gelada com acabamento brilhante<\/li>\n<li>Feito com o s\u00edmbolo do macaco dourado no chuchu<\/li>\n<li><strong>Pesa 16,84 gramas; mede 44 * 21,3 * 11,8 mm<\/strong><\/li>\n<li>Vem com certificado de autenticidade<\/li>\n<li>\u00d3timo para uso di\u00e1rio; acess\u00f3rio de estilo casual perfeito<\/li>\n<\/ul>\n<p>Yi Pin Qian \u2013 Um negociante de pedras preciosas e metais preciosos em Cingapura \u2013 N\u00famero de licen\u00e7a PS20190000031<\/p>\n<p>\u00a0<\/p>\n<p>*Todos os Jadeites comprados de Yi Pin Qian em Cingapura, os clientes podem reservar hor\u00e1rios para polimento ou pequenos reparos por manuseio incorreto - taxas se aplicam e somente para clientes de Yi Pin Qian em Cingapura*<\/p>\n<p>\u00a0<\/p>\n<p><strong>**Tipos de Certificados**<\/strong><\/p>\n<p>\u00a0<\/p>\n<p><strong>NGI (Nan Yang Gemol\u00f3gico)<\/strong><\/p>\n<p>ou <strong>Certificados no exterior <\/strong>(Yi Pin Qian usa apenas certificados aut\u00eanticos de laborat\u00f3rios estrangeiros e tamb\u00e9m controla a qualidade de cada um dos nossos produtos antes de coloc\u00e1-los \u00e0 venda em Cingapura)<\/p>\n<p>\u00a0<\/p>\n<p>Cada produto no TikTok ter\u00e1 o tipo de certificado fornecido indicado na descri\u00e7\u00e3o. Para qualquer cliente que deseje enviar seu pedido para a NGI Singapore, haver\u00e1 um tempo de espera para entrega do pedido estimado em torno de 4 semanas para receber seu pedido. <strong>As solicita\u00e7\u00f5es de relat\u00f3rios da NGI Gemstone precisam ser feitas por mensagem para a loja Yi Pin Qian TikTok.<\/strong> Obrigado, <strong><u>taxas extras se aplicam<\/u><\/strong>.<\/p>\n<p>\u00a0<\/p>\n<p><strong>A jade\u00edta natural n\u00e3o \u00e9 perfeita, apenas um lembrete gentil, nossa jade\u00edta natural, como todas as coisas bonitas da natureza, vem com suas caracter\u00edsticas e varia\u00e7\u00f5es \u00fanicas. Convidamos nossos valiosos clientes a abra\u00e7ar essas varia\u00e7\u00f5es naturais. Boas compras!<\/strong><\/p>\n<p>\u00a0<\/p>\n<p><strong><u>Nenhuma das fotos e filmagens de v\u00eddeo foram filtradas. Incentivamos nossos clientes a tamb\u00e9m assistirem aos v\u00eddeos que os acompanham para uma vis\u00e3o mais abrangente de nossos produtos<\/u><\/strong><\/p>","protected":false},"excerpt":{"rendered":"<p>This Natural Type A Jadeite Pendant Necklace features an Icy texture with a glossy, translucent finish. The pendant is expertly crafted with a Golden Monkey on Chayote symbol, signifying Longevity and Double Blessings. \u00a0 This collectible jade piece weighs 16.84 grams and measures 44 * 21.3 * 11.8 mm. The necklace comes with a certificate [&hellip;]<\/p>","protected":false},"featured_media":5495,"comment_status":"open","ping_status":"closed","template":"","meta":[],"product_brand":[],"product_cat":[196],"product_tag":[],"class_list":{"0":"post-1503","1":"product","2":"type-product","3":"status-publish","4":"has-post-thumbnail","6":"product_cat-vault-collection","8":"first","9":"instock","10":"sale","11":"shipping-taxable","12":"purchasable","13":"product-type-simple"},"_links":{"self":[{"href":"https:\/\/shop.yipinqian.com\/pt\/wp-json\/wp\/v2\/product\/1503","targetHints":{"allow":["GET"]}}],"collection":[{"href":"https:\/\/shop.yipinqian.com\/pt\/wp-json\/wp\/v2\/product"}],"about":[{"href":"https:\/\/shop.yipinqian.com\/pt\/wp-json\/wp\/v2\/types\/product"}],"replies":[{"embeddable":true,"href":"https:\/\/shop.yipinqian.com\/pt\/wp-json\/wp\/v2\/comments?post=1503"}],"version-history":[{"count":0,"href":"https:\/\/shop.yipinqian.com\/pt\/wp-json\/wp\/v2\/product\/1503\/revisions"}],"wp:featuredmedia":[{"embeddable":true,"href":"https:\/\/shop.yipinqian.com\/pt\/wp-json\/wp\/v2\/media\/5495"}],"wp:attachment":[{"href":"https:\/\/shop.yipinqian.com\/pt\/wp-json\/wp\/v2\/media?parent=1503"}],"wp:term":[{"taxonomy":"product_brand","embeddable":true,"href":"https:\/\/shop.yipinqian.com\/pt\/wp-json\/wp\/v2\/product_brand?post=1503"},{"taxonomy":"product_cat","embeddable":true,"href":"https:\/\/shop.yipinqian.com\/pt\/wp-json\/wp\/v2\/product_cat?post=1503"},{"taxonomy":"product_tag","embeddable":true,"href":"https:\/\/shop.yipinqian.com\/pt\/wp-json\/wp\/v2\/product_tag?post=1503"}],"curies":[{"name":"wp","href":"https:\/\/api.w.org\/{rel}","templated":true}]}}