{"id":14981,"date":"2024-12-17T16:32:19","date_gmt":"2024-12-17T08:32:19","guid":{"rendered":"https:\/\/shop.yipinqian.com\/semi-icy-yellow-natural-type-a-jadeite-jade-crafted-with-monkey-and-peach-as-pendant-with-18k-clasp-certificate-weighs-6-97-grams-measurement-35-21-2-5-5-mm-18kp91\/"},"modified":"2025-02-24T00:49:44","modified_gmt":"2025-02-23T16:49:44","slug":"semi-icy-yellow-natural-type-a-jadeite-jade-crafted-with-monkey-and-peach-as-pendant-with-18k-clasp-certificate-weighs-6-97-grams-measurement-35-21-2-5-5-mm-18kp91","status":"publish","type":"product","link":"https:\/\/shop.yipinqian.com\/pt\/produto\/semi-icy-yellow-natural-type-a-jadeite-jade-crafted-with-monkey-and-peach-as-pendant-with-18k-clasp-certificate-weighs-6-97-grams-measurement-35-21-2-5-5-mm-18kp91\/","title":{"rendered":"Jade\u00edta Natural Semi-Icy Yellow \u2013 Jade\u00edta Tipo A Jade\u00edta trabalhada com Pingente de Macaco e P\u00eassego com fecho de 18k, certificado pesa 6,97 gramas, medida 35 * 21,2 * 5,5 mm (18kp91)"},"content":{"rendered":"<p><iframe title=\"Pingente Amarelo Semi Gelado\" src=\"https:\/\/youtube.com\/embed\/ECaYn3oGO0c\" width=\"330\" height=\"300\"><\/iframe><\/p>\n<p>Descubra a eleg\u00e2ncia do pingente de jade\u00edta natural tipo A amarelo semi-gelo, com um charmoso design de macaco e p\u00eassego, complementado por um fecho de 18k.<\/p>\n<p>\u00a0<\/p>\n<p>N\u00fameros de certificado: GD2111H018856<\/p>\n<p>Fecho de ouro 18k: 0,37 gramas<\/p>\n<p><img fetchpriority=\"high\" decoding=\"async\" src=\"https:\/\/shop.yipinqian.com\/wp-content\/uploads\/2024\/12\/e988e5ed68554d6e996ac66fa69bff40tplv-aphluv4xwc-origin-jpeg.jpeg?dr=15568&amp;nonce=12939&amp;refresh_token=3bf23ead41c104a5882e0516b94ee10e&amp;from=476444299&amp;idc=my2&amp;ps=933b5bde&amp;shcp=9b759fb9&amp;shp=1c65f68b&amp;t=555f072d\" width=\"1080\" height=\"1080\" \/><\/p>\n<ul>\n<li><strong>Peso:<\/strong> 6,97 gramas<\/li>\n<li><strong>Dimens\u00f5es:<\/strong> 35 * 21,2 * 5,5 mil\u00edmetros<\/li>\n<li><strong>Origem:<\/strong> Mianmar<\/li>\n<li><strong>Certificado inclu\u00eddo:<\/strong> Sim<\/li>\n<li><strong>Status:<\/strong> Estilo casual unissex<\/li>\n<li><strong>Ocasi\u00e3o auspiciosa:<\/strong><\/li>\n<\/ul>\n<p><img decoding=\"async\" src=\"https:\/\/shop.yipinqian.com\/wp-content\/uploads\/2024\/12\/c381e66cecd04c0ea6eff48921a6ec48tplv-aphluv4xwc-origin-jpeg.jpeg?dr=15568&amp;nonce=61326&amp;refresh_token=ad0ab87fa153205a84ed603aee4b61b5&amp;from=476444299&amp;idc=my2&amp;ps=933b5bde&amp;shcp=9b759fb9&amp;shp=1c65f68b&amp;t=555f072d\" width=\"1080\" height=\"1080\" \/><\/p>\n<p><strong>Este lindo pingente de jade n\u00e3o \u00e9 apenas uma pe\u00e7a marcante, mas tamb\u00e9m carrega um toque de significado cultural, perfeito para quem busca um acess\u00f3rio \u00fanico.<\/strong><\/p>\n<p>\u00a0<\/p>\n<p>Yi Pin Qian \u2013 Um negociante de pedras preciosas e metais preciosos em Cingapura \u2013 N\u00famero de licen\u00e7a PS20190000031<\/p>\n<p>\u00a0<\/p>\n<p>*Todos os Jadeites comprados de Yi Pin Qian em Cingapura, os clientes podem reservar hor\u00e1rios para polimento ou pequenos reparos por manuseio incorreto - taxas se aplicam e somente para clientes de Yi Pin Qian em Cingapura*<\/p>\n<p>\u00a0<\/p>\n<p><strong>**Tipos de Certificados**<\/strong><\/p>\n<p>\u00a0<\/p>\n<p><strong>NGI (Nan Yang Gemol\u00f3gico)<\/strong><\/p>\n<p>ou <strong>Certificados no exterior <\/strong>(Yi Pin Qian usa apenas certificados aut\u00eanticos de laborat\u00f3rios estrangeiros e tamb\u00e9m controla a qualidade de cada um dos nossos produtos antes de coloc\u00e1-los \u00e0 venda em Cingapura)<\/p>\n<p>\u00a0<\/p>\n<p>Cada produto ter\u00e1 o tipo de certificado fornecido indicado na descri\u00e7\u00e3o. Para qualquer cliente que deseje enviar seu pedido para NGI Singapore, <strong>As solicita\u00e7\u00f5es de relat\u00f3rios de pedras preciosas da NGI precisam ser feitas por mensagem.<\/strong> Obrigado, <strong><u>taxas extras se aplicam<\/u><\/strong> \u2013 $90 para jade\u00edta \/ $150 para jade\u00edta com ouro 18k \u2013 n\u00e3o \u00e9 obrigat\u00f3rio, pois a maioria dos nossos produtos j\u00e1 veio com certificado internacional ou relat\u00f3rio NGI.<\/p>\n<p>\u00a0<\/p>\n<p>(Para mais detalhes ou solicita\u00e7\u00e3o adicional: <strong>Por favor, envie-nos uma mensagem se desejar enviar o item adquirido para teste de laborat\u00f3rio NGI<\/strong>)<\/p>\n<p>\u00a0<\/p>\n<p><strong>A jade\u00edta natural n\u00e3o \u00e9 perfeita, apenas um lembrete gentil, nossa jade\u00edta natural, como todas as coisas bonitas da natureza, vem com suas caracter\u00edsticas e varia\u00e7\u00f5es \u00fanicas. Convidamos nossos valiosos clientes a abra\u00e7ar essas varia\u00e7\u00f5es naturais. Boas compras!<\/strong><\/p>\n<p>\u00a0<\/p>\n<p><strong><u>Nenhuma das fotos e filmagens de v\u00eddeo foram filtradas. Incentivamos nossos clientes a tamb\u00e9m assistirem aos v\u00eddeos que os acompanham para uma vis\u00e3o mais abrangente de nossos produtos<\/u><\/strong><\/p>\n<p>\u00a0<\/p>\n<ul>\n<li>Diferentes plataformas s\u00f3 podem visualizar v\u00eddeos por meio do Desktop<\/li>\n<\/ul>","protected":false},"excerpt":{"rendered":"<p>Discover the elegance of the Semi Icy Yellow Natural Type A Jadeite Jade pendant, featuring a charming monkey and peach design, complemented by an 18k clasp. \u00a0 Certificate numbers: GD2111H018856 18k Gold Clasp: 0.37 grams Weight: 6.97 grams Dimensions: 35 * 21.2 * 5.5 mm Origin: Myanmar Certificate Included: Yes Status: Unisex Casual Style Auspicious [&hellip;]<\/p>","protected":false},"featured_media":15011,"comment_status":"open","ping_status":"closed","template":"","meta":[],"product_brand":[],"product_cat":[194],"product_tag":[50,51,52,69,58,73,75,59,60,61],"class_list":{"0":"post-14981","1":"product","2":"type-product","3":"status-publish","4":"has-post-thumbnail","6":"product_cat-value-picks","7":"product_tag-18k-gold","8":"product_tag-buddha","9":"product_tag-certified","10":"product_tag-clasp","11":"product_tag-new-arrivals","12":"product_tag-pendant","13":"product_tag-traditional","14":"product_tag-translucent","15":"product_tag-type-a-jadeite","16":"product_tag-unisex","18":"first","19":"instock","20":"sale","21":"shipping-taxable","22":"purchasable","23":"product-type-simple"},"_links":{"self":[{"href":"https:\/\/shop.yipinqian.com\/pt\/wp-json\/wp\/v2\/product\/14981","targetHints":{"allow":["GET"]}}],"collection":[{"href":"https:\/\/shop.yipinqian.com\/pt\/wp-json\/wp\/v2\/product"}],"about":[{"href":"https:\/\/shop.yipinqian.com\/pt\/wp-json\/wp\/v2\/types\/product"}],"replies":[{"embeddable":true,"href":"https:\/\/shop.yipinqian.com\/pt\/wp-json\/wp\/v2\/comments?post=14981"}],"version-history":[{"count":0,"href":"https:\/\/shop.yipinqian.com\/pt\/wp-json\/wp\/v2\/product\/14981\/revisions"}],"wp:featuredmedia":[{"embeddable":true,"href":"https:\/\/shop.yipinqian.com\/pt\/wp-json\/wp\/v2\/media\/15011"}],"wp:attachment":[{"href":"https:\/\/shop.yipinqian.com\/pt\/wp-json\/wp\/v2\/media?parent=14981"}],"wp:term":[{"taxonomy":"product_brand","embeddable":true,"href":"https:\/\/shop.yipinqian.com\/pt\/wp-json\/wp\/v2\/product_brand?post=14981"},{"taxonomy":"product_cat","embeddable":true,"href":"https:\/\/shop.yipinqian.com\/pt\/wp-json\/wp\/v2\/product_cat?post=14981"},{"taxonomy":"product_tag","embeddable":true,"href":"https:\/\/shop.yipinqian.com\/pt\/wp-json\/wp\/v2\/product_tag?post=14981"}],"curies":[{"name":"wp","href":"https:\/\/api.w.org\/{rel}","templated":true}]}}