{"id":1498,"date":"2024-10-24T23:19:40","date_gmt":"2024-10-24T15:19:40","guid":{"rendered":"https:\/\/shop.yipinqian.com\/product\/icy-variety-translucent-with-green-natural-type-a-jadeite-pendant-necklace-crafted-as-the-faceless-buddha-with-symbols-of-holy-and-blessed-blessings-of-wealth-prosperity-and-happiness-with-certificate\/"},"modified":"2025-02-17T00:03:54","modified_gmt":"2025-02-16T16:03:54","slug":"icy-variety-translucent-with-green-natural-type-a-jadeite-pendant-necklace-crafted-as-the-faceless-buddha-with-symbols-of-holy-and-blessed-blessings-of-wealth-prosperity-and-happiness-with-certificate","status":"publish","type":"product","link":"https:\/\/shop.yipinqian.com\/pt\/produto\/icy-variety-translucent-with-green-natural-type-a-jadeite-pendant-necklace-crafted-as-the-faceless-buddha-with-symbols-of-holy-and-blessed-blessings-of-wealth-prosperity-and-happiness-with-certificate\/","title":{"rendered":"Variedade gelada Transl\u00facido com pingente de jade\u00edta natural verde tipo A Colar criado como o Buda sem rosto com s\u00edmbolos de b\u00ean\u00e7\u00e3os sagradas e aben\u00e7oadas de riqueza, prosperidade e felicidade com certificado pesando 11,02 gramas, 49,9 * 19,9 * 7 mm (pendant34)"},"content":{"rendered":"<p>Este colar com pingente de jade\u00edta natural tipo A, transl\u00facido e gelado, com manchas verdes, \u00e9 uma joia deslumbrante que simboliza riqueza, prosperidade e felicidade.<\/p>\n<ul>\n<li>\n<strong>Lindamente trabalhado:<\/strong> O colar com pingente \u00e9 feito com precis\u00e3o e cuidado para representar os s\u00edmbolos do Buda sem rosto.<\/li>\n<li>\n<strong>Jade\u00edta natural tipo A:<\/strong> Feito de jade\u00edta natural tipo A de alta qualidade, este colar \u00e9 uma joia fina que voc\u00ea guardar\u00e1 por muitos anos.<\/li>\n<li>\n<strong>Certificado inclu\u00eddo:<\/strong> Este colar com pingente vem com um certificado de autenticidade para garantir sua qualidade e genuinidade.<\/li>\n<\/ul>\n<p><strong>N\u00fameros de certificado: GD2205H004656<\/strong><\/p>\n<p><img fetchpriority=\"high\" decoding=\"async\" height=\"1080\" src=\"https:\/\/shop.yipinqian.com\/wp-content\/uploads\/2024\/10\/dca6c4a543b0559b50ceef2723b078ac.jpg?from=476444299\" width=\"1080\"><\/p>\n<p>Este colar com pingente de Mianmar pesa 11,02 gramas e mede 49,9 * 19,9 * 7 mm, o que o torna um acess\u00f3rio ideal para uso di\u00e1rio.<\/p>\n<ul>\n<li>\n<strong>Estilo de colar casual:<\/strong>O estilo casual o torna perfeito para uso di\u00e1rio ou para combinar com outros colares<\/li>\n<li>.<\/li>\n<\/ul>\n<p>Este colar de jade unissex \u00e9 um excelente presente ou um complemento para sua cole\u00e7\u00e3o pessoal, pois carrega as b\u00ean\u00e7\u00e3os da riqueza, prosperidade e felicidade, fazendo com que cada dia pare\u00e7a especial!<\/p>\n<p>\u00a0<\/p>\n<p>Yi Pin Qian \u2013 Um negociante de pedras preciosas e metais preciosos em Cingapura \u2013 N\u00famero de licen\u00e7a PS20190000031<\/p>\n<p>\u00a0<\/p>\n<p>*Todos os Jadeites comprados de Yi Pin Qian em Cingapura, os clientes podem reservar hor\u00e1rios para polimento ou pequenos reparos por manuseio incorreto - taxas se aplicam e somente para clientes de Yi Pin Qian em Cingapura*<\/p>\n<p>\u00a0<\/p>\n<p><strong>**Tipos de Certificados**<\/strong><\/p>\n<p>\u00a0<\/p>\n<p><strong>NGI (Nan Yang Gemol\u00f3gico)<\/strong><\/p>\n<p>ou <strong>Certificados no exterior <\/strong>(Yi Pin Qian usa apenas certificados aut\u00eanticos de laborat\u00f3rios estrangeiros e tamb\u00e9m controla a qualidade de cada um dos nossos produtos antes de coloc\u00e1-los \u00e0 venda em Cingapura)<\/p>\n<p>\u00a0<\/p>\n<p>Cada produto no TikTok ter\u00e1 o tipo de certificado fornecido indicado na descri\u00e7\u00e3o. Para qualquer cliente que deseje enviar seu pedido para a NGI Singapore, haver\u00e1 um tempo de espera para entrega do pedido estimado em torno de 4 semanas para receber seu pedido. <strong>As solicita\u00e7\u00f5es de relat\u00f3rios da NGI Gemstone precisam ser feitas por mensagem para a loja Yi Pin Qian TikTok.<\/strong> Obrigado, <strong><u>taxas extras se aplicam<\/u><\/strong>.<\/p>\n<p>\u00a0<\/p>\n<p><strong>A jade\u00edta natural n\u00e3o \u00e9 perfeita, apenas um lembrete gentil, nossa jade\u00edta natural, como todas as coisas bonitas da natureza, vem com suas caracter\u00edsticas e varia\u00e7\u00f5es \u00fanicas. Convidamos nossos valiosos clientes a abra\u00e7ar essas varia\u00e7\u00f5es naturais. Boas compras!<\/strong><\/p>\n<p>\u00a0<\/p>\n<p><strong><u>Nenhuma das fotos e filmagens de v\u00eddeo foram filtradas. Incentivamos nossos clientes a tamb\u00e9m assistirem aos v\u00eddeos que os acompanham para uma vis\u00e3o mais abrangente de nossos produtos<\/u><\/strong><\/p>","protected":false},"excerpt":{"rendered":"<p>This Icy Translucent with green patches Natural Type A Jadeite Pendant Necklace is a stunning piece of jewelry that symbolizes wealth, prosperity, and happiness. Beautifully Crafted: The pendant necklace is crafted with precision and care to depict the faceless buddha symbols. Natural Type A Jadeite: Made of high-quality natural type A jadeite, this necklace is [&hellip;]<\/p>","protected":false},"featured_media":5456,"comment_status":"open","ping_status":"closed","template":"","meta":[],"product_brand":[],"product_cat":[48],"product_tag":[],"class_list":{"0":"post-1498","1":"product","2":"type-product","3":"status-publish","4":"has-post-thumbnail","6":"product_cat-pendants","8":"first","9":"instock","10":"sale","11":"shipping-taxable","12":"purchasable","13":"product-type-simple"},"_links":{"self":[{"href":"https:\/\/shop.yipinqian.com\/pt\/wp-json\/wp\/v2\/product\/1498","targetHints":{"allow":["GET"]}}],"collection":[{"href":"https:\/\/shop.yipinqian.com\/pt\/wp-json\/wp\/v2\/product"}],"about":[{"href":"https:\/\/shop.yipinqian.com\/pt\/wp-json\/wp\/v2\/types\/product"}],"replies":[{"embeddable":true,"href":"https:\/\/shop.yipinqian.com\/pt\/wp-json\/wp\/v2\/comments?post=1498"}],"version-history":[{"count":0,"href":"https:\/\/shop.yipinqian.com\/pt\/wp-json\/wp\/v2\/product\/1498\/revisions"}],"wp:featuredmedia":[{"embeddable":true,"href":"https:\/\/shop.yipinqian.com\/pt\/wp-json\/wp\/v2\/media\/5456"}],"wp:attachment":[{"href":"https:\/\/shop.yipinqian.com\/pt\/wp-json\/wp\/v2\/media?parent=1498"}],"wp:term":[{"taxonomy":"product_brand","embeddable":true,"href":"https:\/\/shop.yipinqian.com\/pt\/wp-json\/wp\/v2\/product_brand?post=1498"},{"taxonomy":"product_cat","embeddable":true,"href":"https:\/\/shop.yipinqian.com\/pt\/wp-json\/wp\/v2\/product_cat?post=1498"},{"taxonomy":"product_tag","embeddable":true,"href":"https:\/\/shop.yipinqian.com\/pt\/wp-json\/wp\/v2\/product_tag?post=1498"}],"curies":[{"name":"wp","href":"https:\/\/api.w.org\/{rel}","templated":true}]}}