{"id":14962,"date":"2024-12-17T16:31:05","date_gmt":"2024-12-17T08:31:05","guid":{"rendered":"https:\/\/shop.yipinqian.com\/icy-translucent-unique-square-column-shape-natural-type-a-jadeite-jade-pendant-with-18k-clasp-certificate-weighs-3-1-grams-measurement-29-1-5-7-5-4-mm-18kp92\/"},"modified":"2025-02-24T00:49:44","modified_gmt":"2025-02-23T16:49:44","slug":"icy-translucent-unique-square-column-shape-natural-type-a-jadeite-jade-pendant-with-18k-clasp-certificate-weighs-3-1-grams-measurement-29-1-5-7-5-4-mm-18kp92","status":"publish","type":"product","link":"https:\/\/shop.yipinqian.com\/pt\/produto\/icy-translucent-unique-square-column-shape-natural-type-a-jadeite-jade-pendant-with-18k-clasp-certificate-weighs-3-1-grams-measurement-29-1-5-7-5-4-mm-18kp92\/","title":{"rendered":"Jade\u00edta quadrada \u00fanica transl\u00facida gelada \u2013 pingente de jade\u00edta natural tipo A em forma de coluna com fecho de 18k, pesa 3,1 gramas, medida 29,1 * 5,7 * 5,4 mm (18kp92)"},"content":{"rendered":"<p><iframe title=\"Cylinder Shape 18k gold pendant\" src=\"https:\/\/youtube.com\/embed\/BvC4VD_xRSw\" width=\"330\" height=\"300\"><\/iframe><\/p>\n<p>Discover the beauty of the Icy Translucent Unique Square Column Shape Natural Type A Jadeite Jade Pendant, featuring an elegant 18k clasp. This exquisite piece is perfect for daily wear, showcasing its natural charm and craftsmanship.<\/p>\n<p>\u00a0<\/p>\n<p>Certificate numbers: GD2205H004654<\/p>\n<p>18k Gold Clasp: 0.45 grams<\/p>\n<p><img fetchpriority=\"high\" decoding=\"async\" src=\"https:\/\/shop.yipinqian.com\/wp-content\/uploads\/2024\/12\/70441407d91e4cda8a052aaa9975f744tplv-aphluv4xwc-origin-jpeg.jpeg?dr=15568&amp;nonce=13117&amp;refresh_token=c34f914ba02e4d7e9f83456de1f46e5a&amp;from=476444299&amp;idc=my2&amp;ps=933b5bde&amp;shcp=9b759fb9&amp;shp=1c65f68b&amp;t=555f072d\" width=\"1536\" height=\"2048\" \/><\/p>\n<ul>\n<li><strong>Material:<\/strong> Natural Type A Jadeite with PT\/Carat Gold<\/li>\n<li><strong>Peso:<\/strong> 3.1 grams<\/li>\n<li><strong>Medidas:<\/strong> 29.1 * 5.7 * 5.4 mm<\/li>\n<li><strong>Origem:<\/strong> Mianmar<\/li>\n<li><strong>Certificate:\u00a0Yes<\/strong><\/li>\n<\/ul>\n<p><img decoding=\"async\" src=\"https:\/\/shop.yipinqian.com\/wp-content\/uploads\/2024\/12\/7e3109e0514741b0bf9a5ca498cbe726tplv-aphluv4xwc-origin-jpeg.jpeg?dr=15568&amp;nonce=86216&amp;refresh_token=2571dfba2bd005033ad1f29f94738668&amp;from=476444299&amp;idc=my2&amp;ps=933b5bde&amp;shcp=9b759fb9&amp;shp=1c65f68b&amp;t=555f072d\" width=\"1080\" height=\"1080\" \/><\/p>\n<p><strong>This unisex pendant is a casual accessory that adds a touch of elegance to any outfit.<\/strong><\/p>\n<p>\u00a0<\/p>\n<p>Yi Pin Qian \u2013 Um negociante de pedras preciosas e metais preciosos em Cingapura \u2013 N\u00famero de licen\u00e7a PS20190000031<\/p>\n<p>\u00a0<\/p>\n<p>*Todos os Jadeites comprados de Yi Pin Qian em Cingapura, os clientes podem reservar hor\u00e1rios para polimento ou pequenos reparos por manuseio incorreto - taxas se aplicam e somente para clientes de Yi Pin Qian em Cingapura*<\/p>\n<p>\u00a0<\/p>\n<p><strong>**Tipos de Certificados**<\/strong><\/p>\n<p>\u00a0<\/p>\n<p><strong>NGI (Nan Yang Gemol\u00f3gico)<\/strong><\/p>\n<p>ou <strong>Certificados no exterior <\/strong>(Yi Pin Qian usa apenas certificados aut\u00eanticos de laborat\u00f3rios estrangeiros e tamb\u00e9m controla a qualidade de cada um dos nossos produtos antes de coloc\u00e1-los \u00e0 venda em Cingapura)<\/p>\n<p>\u00a0<\/p>\n<p>Cada produto ter\u00e1 o tipo de certificado fornecido indicado na descri\u00e7\u00e3o. Para qualquer cliente que deseje enviar seu pedido para NGI Singapore, <strong>As solicita\u00e7\u00f5es de relat\u00f3rios de pedras preciosas da NGI precisam ser feitas por mensagem.<\/strong> Obrigado, <strong><u>taxas extras se aplicam<\/u><\/strong> \u2013 $90 para jade\u00edta \/ $150 para jade\u00edta com ouro 18k \u2013 n\u00e3o \u00e9 obrigat\u00f3rio, pois a maioria dos nossos produtos j\u00e1 veio com certificado internacional ou relat\u00f3rio NGI.<\/p>\n<p>\u00a0<\/p>\n<p>(Para mais detalhes ou solicita\u00e7\u00e3o adicional: <strong>Por favor, envie-nos uma mensagem se desejar enviar o item adquirido para teste de laborat\u00f3rio NGI<\/strong>)<\/p>\n<p>\u00a0<\/p>\n<p><strong>A jade\u00edta natural n\u00e3o \u00e9 perfeita, apenas um lembrete gentil, nossa jade\u00edta natural, como todas as coisas bonitas da natureza, vem com suas caracter\u00edsticas e varia\u00e7\u00f5es \u00fanicas. Convidamos nossos valiosos clientes a abra\u00e7ar essas varia\u00e7\u00f5es naturais. Boas compras!<\/strong><\/p>\n<p>\u00a0<\/p>\n<p><strong><u>Nenhuma das fotos e filmagens de v\u00eddeo foram filtradas. Incentivamos nossos clientes a tamb\u00e9m assistirem aos v\u00eddeos que os acompanham para uma vis\u00e3o mais abrangente de nossos produtos<\/u><\/strong><\/p>\n<p>\u00a0<\/p>\n<ul>\n<li>Diferentes plataformas s\u00f3 podem visualizar v\u00eddeos por meio do Desktop<\/li>\n<\/ul>","protected":false},"excerpt":{"rendered":"<p>Discover the beauty of the Icy Translucent Unique Square Column Shape Natural Type A Jadeite Jade Pendant, featuring an elegant 18k clasp. This exquisite piece is perfect for daily wear, showcasing its natural charm and craftsmanship. \u00a0 Certificate numbers: GD2205H004654 18k Gold Clasp: 0.45 grams Material: Natural Type A Jadeite with PT\/Carat Gold Weight: 3.1 [&hellip;]<\/p>","protected":false},"featured_media":14980,"comment_status":"open","ping_status":"closed","template":"","meta":[],"product_brand":[],"product_cat":[194],"product_tag":[50,52,69,65,54,55,56,73,59,60,61],"class_list":{"0":"post-14962","1":"product","2":"type-product","3":"status-publish","4":"has-post-thumbnail","6":"product_cat-value-picks","7":"product_tag-18k-gold","8":"product_tag-certified","9":"product_tag-clasp","10":"product_tag-high-quality","11":"product_tag-icy","12":"product_tag-jadeite","13":"product_tag-limited-editions","14":"product_tag-pendant","15":"product_tag-translucent","16":"product_tag-type-a-jadeite","17":"product_tag-unisex","19":"first","20":"instock","21":"sale","22":"shipping-taxable","23":"purchasable","24":"product-type-simple"},"_links":{"self":[{"href":"https:\/\/shop.yipinqian.com\/pt\/wp-json\/wp\/v2\/product\/14962","targetHints":{"allow":["GET"]}}],"collection":[{"href":"https:\/\/shop.yipinqian.com\/pt\/wp-json\/wp\/v2\/product"}],"about":[{"href":"https:\/\/shop.yipinqian.com\/pt\/wp-json\/wp\/v2\/types\/product"}],"replies":[{"embeddable":true,"href":"https:\/\/shop.yipinqian.com\/pt\/wp-json\/wp\/v2\/comments?post=14962"}],"version-history":[{"count":0,"href":"https:\/\/shop.yipinqian.com\/pt\/wp-json\/wp\/v2\/product\/14962\/revisions"}],"wp:featuredmedia":[{"embeddable":true,"href":"https:\/\/shop.yipinqian.com\/pt\/wp-json\/wp\/v2\/media\/14980"}],"wp:attachment":[{"href":"https:\/\/shop.yipinqian.com\/pt\/wp-json\/wp\/v2\/media?parent=14962"}],"wp:term":[{"taxonomy":"product_brand","embeddable":true,"href":"https:\/\/shop.yipinqian.com\/pt\/wp-json\/wp\/v2\/product_brand?post=14962"},{"taxonomy":"product_cat","embeddable":true,"href":"https:\/\/shop.yipinqian.com\/pt\/wp-json\/wp\/v2\/product_cat?post=14962"},{"taxonomy":"product_tag","embeddable":true,"href":"https:\/\/shop.yipinqian.com\/pt\/wp-json\/wp\/v2\/product_tag?post=14962"}],"curies":[{"name":"wp","href":"https:\/\/api.w.org\/{rel}","templated":true}]}}