{"id":1496,"date":"2024-10-24T23:19:38","date_gmt":"2024-10-24T15:19:38","guid":{"rendered":"https:\/\/shop.yipinqian.com\/product\/icy-translucent-with-light-green-patches-natural-type-a-jadeite-jade-crafted-with-shape-of-ruyi-set-on-18k-gold-as-pendant-certificate-weighs-4-01-grams-measurement-37-6-18-5-5-mm-18kp51\/"},"modified":"2025-02-24T01:17:30","modified_gmt":"2025-02-23T17:17:30","slug":"icy-translucent-with-light-green-patches-natural-type-a-jadeite-jade-crafted-with-shape-of-ruyi-set-on-18k-gold-as-pendant-certificate-weighs-4-01-grams-measurement-37-6-18-5-5-mm-18kp51","status":"publish","type":"product","link":"https:\/\/shop.yipinqian.com\/pt\/produto\/icy-translucent-with-light-green-patches-natural-type-a-jadeite-jade-crafted-with-shape-of-ruyi-set-on-18k-gold-as-pendant-certificate-weighs-4-01-grams-measurement-37-6-18-5-5-mm-18kp51\/","title":{"rendered":"Jade\u00edta transl\u00facida gelada com manchas verde-claras, tipo A natural, trabalhada com o formato de Ruyi, em ouro 18k como pingente, o certificado pesa 4,01 gramas, medindo 37,6 * 18 * 5,5 mm (18kp51)"},"content":{"rendered":"<p>Este pingente de jade\u00edta transl\u00facida gelada exala eleg\u00e2ncia e charme com suas manchas verde-claras e formato Ruyi, sobre uma luxuosa base de ouro 18k.<\/p>\n<p><\/p>\n<p>N\u00fameros de certificado: GD2205H004653<\/p>\n<ul>\n<li>\n<strong>Material:<\/strong> Feito de jade natural tipo A com detalhes em diamante como material secund\u00e1rio.<\/li>\n<li>\n<strong>Certificado:<\/strong> Acompanha Certificado, garantindo sua autenticidade e qualidade.<\/li>\n<li>\n<strong>Medi\u00e7\u00e3o:<\/strong> Pesando 4,01 gramas, este pingente mede 37,6 * 18 * 5,5 mm, o que o torna um acess\u00f3rio delicado, mas marcante (18kp51).<\/li>\n<\/ul>\n<p>Esta pe\u00e7a requintada vem de Myanmar, adicionando um toque ex\u00f3tico ao seu conjunto di\u00e1rio. O design unissex o torna adequado para todos os g\u00eaneros.<\/p>\n<ul>\n<li><strong>Tipo de Jade: Este pingente \u00e9 feito de Jade\u00edta Tipo A de alta qualidade para um toque de luxo e prest\u00edgio.<\/strong><\/li>\n<li><strong><\/strong><\/li>\n<\/ul>\n<p><strong><strong>Eleve sua cole\u00e7\u00e3o de joias com este exclusivo pingente de Jade\u00edta Natural Tipo A que combina artesanato tradicional com estilo moderno em um atraente formato Ruyi cravejado em ouro brilhante!<\/strong><\/strong><\/p>\n<p><strong><br \/>Yi Pin Qian \u2013 Um negociante de pedras preciosas e metais preciosos em Cingapura \u2013 N\u00famero de licen\u00e7a PS20190000031<br \/>*Todos os Jadeites comprados de Yi Pin Qian em Cingapura, os clientes podem reservar hor\u00e1rios para polimento ou pequenos reparos por manuseio incorreto - taxas se aplicam e somente para clientes de Yi Pin Qian em Cingapura*<br \/><strong>**Tipos de Certificados**<\/strong><br \/><strong>NGI (Nan Yang Gemol\u00f3gico)<\/strong>ou <strong>Certificados no exterior <\/strong>(Yi Pin Qian usa apenas certificados aut\u00eanticos de laborat\u00f3rios estrangeiros e tamb\u00e9m controla a qualidade de cada um dos nossos produtos antes de coloc\u00e1-los \u00e0 venda em Cingapura)<br \/>Cada produto no TikTok ter\u00e1 o tipo de certificado fornecido indicado na descri\u00e7\u00e3o. Para qualquer cliente que deseje enviar seu pedido para a NGI Singapore, haver\u00e1 um tempo de espera para entrega do pedido estimado em torno de 4 semanas para receber seu pedido. <strong>As solicita\u00e7\u00f5es de relat\u00f3rios da NGI Gemstone precisam ser feitas por mensagem para a loja Yi Pin Qian TikTok.<\/strong> Obrigado, <strong><u>taxas extras se aplicam<\/u><\/strong>.<br \/><strong>A jade\u00edta natural n\u00e3o \u00e9 perfeita, apenas um lembrete gentil, nossa jade\u00edta natural, como todas as coisas bonitas da natureza, vem com suas caracter\u00edsticas e varia\u00e7\u00f5es \u00fanicas. Convidamos nossos valiosos clientes a abra\u00e7ar essas varia\u00e7\u00f5es naturais. Boas compras!<\/strong><br \/><strong><u>Nenhuma das fotos e filmagens de v\u00eddeo foram filtradas. Incentivamos nossos clientes a tamb\u00e9m assistirem aos v\u00eddeos que os acompanham para uma vis\u00e3o mais abrangente de nossos produtos<\/u><\/strong><\/strong><\/p>","protected":false},"excerpt":{"rendered":"<p>This Icy Translucent Jadeite Jade pendant exudes elegance and charm with its Light Green Patches and Ruyi shape, set on a luxurious 18k Gold base. Certificate numbers: GD2205H004653 Material: Crafted from Natural Type A Jadeite Jade with a Secondary Material of Diamond accents. Certificate: Comes with a Certificate, ensuring its authenticity and quality. Measurement: Weighing [&hellip;]<\/p>","protected":false},"featured_media":5429,"comment_status":"open","ping_status":"closed","template":"","meta":[],"product_brand":[],"product_cat":[195],"product_tag":[50,52,88,53,70,65,55,56,73,59,60,61,62],"class_list":{"0":"post-1496","1":"product","2":"type-product","3":"status-publish","4":"has-post-thumbnail","6":"product_cat-heirloom-grade","7":"product_tag-18k-gold","8":"product_tag-certified","9":"product_tag-diamonds","10":"product_tag-fine-quality","11":"product_tag-green","12":"product_tag-high-quality","13":"product_tag-jadeite","14":"product_tag-limited-editions","15":"product_tag-pendant","16":"product_tag-translucent","17":"product_tag-type-a-jadeite","18":"product_tag-unisex","19":"product_tag-yi-pin-qian-exclusive","21":"first","22":"instock","23":"sale","24":"shipping-taxable","25":"purchasable","26":"product-type-simple"},"_links":{"self":[{"href":"https:\/\/shop.yipinqian.com\/pt\/wp-json\/wp\/v2\/product\/1496","targetHints":{"allow":["GET"]}}],"collection":[{"href":"https:\/\/shop.yipinqian.com\/pt\/wp-json\/wp\/v2\/product"}],"about":[{"href":"https:\/\/shop.yipinqian.com\/pt\/wp-json\/wp\/v2\/types\/product"}],"replies":[{"embeddable":true,"href":"https:\/\/shop.yipinqian.com\/pt\/wp-json\/wp\/v2\/comments?post=1496"}],"version-history":[{"count":0,"href":"https:\/\/shop.yipinqian.com\/pt\/wp-json\/wp\/v2\/product\/1496\/revisions"}],"wp:featuredmedia":[{"embeddable":true,"href":"https:\/\/shop.yipinqian.com\/pt\/wp-json\/wp\/v2\/media\/5429"}],"wp:attachment":[{"href":"https:\/\/shop.yipinqian.com\/pt\/wp-json\/wp\/v2\/media?parent=1496"}],"wp:term":[{"taxonomy":"product_brand","embeddable":true,"href":"https:\/\/shop.yipinqian.com\/pt\/wp-json\/wp\/v2\/product_brand?post=1496"},{"taxonomy":"product_cat","embeddable":true,"href":"https:\/\/shop.yipinqian.com\/pt\/wp-json\/wp\/v2\/product_cat?post=1496"},{"taxonomy":"product_tag","embeddable":true,"href":"https:\/\/shop.yipinqian.com\/pt\/wp-json\/wp\/v2\/product_tag?post=1496"}],"curies":[{"name":"wp","href":"https:\/\/api.w.org\/{rel}","templated":true}]}}