{"id":1482,"date":"2024-10-24T23:19:32","date_gmt":"2024-10-24T15:19:32","guid":{"rendered":"https:\/\/shop.yipinqian.com\/product\/icy-natural-type-a-jadeite-jade-crafted-with-shape-of-oval-cabochon-set-with-s925-as-ring-bic-labs-approved-certificate-weigh-2-28-grams-s925ring11\/"},"modified":"2025-02-17T00:03:30","modified_gmt":"2025-02-16T16:03:30","slug":"icy-natural-type-a-jadeite-jade-crafted-with-shape-of-oval-cabochon-set-with-s925-as-ring-bic-labs-approved-certificate-weigh-2-28-grams-s925ring11","status":"publish","type":"product","link":"https:\/\/shop.yipinqian.com\/pt\/produto\/icy-natural-type-a-jadeite-jade-crafted-with-shape-of-oval-cabochon-set-with-s925-as-ring-bic-labs-approved-certificate-weigh-2-28-grams-s925ring11\/","title":{"rendered":"Jade\u00edte tipo A natural gelada, trabalhada com formato de caboch\u00e3o oval com S925 como anel, certificado aprovado pelos laborat\u00f3rios BIC, pesa 2,28 gramas (s925ring11)"},"content":{"rendered":"<p>Este anel de jade\u00edta tipo A da Icy Natural \u00e9 uma joia deslumbrante que exala eleg\u00e2ncia e sofistica\u00e7\u00e3o.<\/p>\n<p>N\u00fameros de certificado: Y-BICL651203<\/p>\n<p>Tamanho livre ajust\u00e1vel<\/p>\n<p>Tamanho do caboch\u00e3o: 8,1 * 6,5 * 2,5 mm<\/p>\n<ul>\n<li>\n<strong>Design requintado:<\/strong> Feito no formato de um caboch\u00e3o oval, este anel exibe a beleza da Jade\u00edte.<\/li>\n<li>\n<strong>Material Premium:<\/strong> Feito com prata S925, este anel garante durabilidade e qualidade.<\/li>\n<li>\n<strong>Aprovado pela BIC Labs:<\/strong> Vem com um certificado dos laborat\u00f3rios BIC, garantindo a autenticidade do jade.<\/li>\n<li>\n<strong>Luxuoso e leve:<\/strong> Pesando apenas 2,28 gramas, \u00e9 confort\u00e1vel para usar diariamente. Adicione um toque de luxo \u00e0 sua roupa com esta pe\u00e7a atemporal que \u00e9 adequada para homens e mulheres. Feito em Myanmar, \u00e9 um acess\u00f3rio perfeito para qualquer ocasi\u00e3o. Observe que este produto n\u00e3o vem com nenhuma garantia.<\/li>\n<\/ul>\n<p><strong>A jade\u00edta natural n\u00e3o \u00e9 perfeita, apenas um lembrete gentil, nossa jade\u00edta natural, como todas as coisas bonitas da natureza, vem com suas caracter\u00edsticas e varia\u00e7\u00f5es \u00fanicas. Convidamos nossos valiosos clientes a abra\u00e7ar essas varia\u00e7\u00f5es naturais. Boas compras!<\/strong><\/p>\n<p><strong><u>Nenhuma das fotos e filmagens de v\u00eddeo foram filtradas. Incentivamos nossos clientes a tamb\u00e9m assistirem aos v\u00eddeos que os acompanham para uma vis\u00e3o mais abrangente de nossos produtos<\/u><\/strong><\/p>","protected":false},"excerpt":{"rendered":"<p>Este anel de Jade\u00edte Tipo A Natural Icy \u00e9 uma joia deslumbrante que exala eleg\u00e2ncia e sofistica\u00e7\u00e3o. N\u00fameros de certificado: Y-BICL651203 Tamanho Caboch\u00e3o Ajust\u00e1vel de Tamanho Livre: 8,1 * 6,5 * 2,5 mm Design requintado: Feito no formato de um caboch\u00e3o oval, este anel exibe a beleza do Jade\u00edte. Material Premium: Conjunto com S925 [\u2026]<\/p>","protected":false},"featured_media":5230,"comment_status":"open","ping_status":"closed","template":"","meta":[],"product_brand":[],"product_cat":[49,149,125],"product_tag":[64,52,72,65,54,66,55,71,67,59,60],"class_list":{"0":"post-1482","1":"product","2":"type-product","3":"status-publish","4":"has-post-thumbnail","6":"product_cat-rings","7":"product_cat-s925-rings","8":"product_cat-s925-settings-jadeites","9":"product_tag-cabochon","10":"product_tag-certified","11":"product_tag-female","12":"product_tag-high-quality","13":"product_tag-icy","14":"product_tag-jade-ring","15":"product_tag-jadeite","16":"product_tag-ring","17":"product_tag-s925","18":"product_tag-translucent","19":"product_tag-type-a-jadeite","21":"first","22":"instock","23":"sale","24":"shipping-taxable","25":"purchasable","26":"product-type-simple"},"_links":{"self":[{"href":"https:\/\/shop.yipinqian.com\/pt\/wp-json\/wp\/v2\/product\/1482","targetHints":{"allow":["GET"]}}],"collection":[{"href":"https:\/\/shop.yipinqian.com\/pt\/wp-json\/wp\/v2\/product"}],"about":[{"href":"https:\/\/shop.yipinqian.com\/pt\/wp-json\/wp\/v2\/types\/product"}],"replies":[{"embeddable":true,"href":"https:\/\/shop.yipinqian.com\/pt\/wp-json\/wp\/v2\/comments?post=1482"}],"version-history":[{"count":0,"href":"https:\/\/shop.yipinqian.com\/pt\/wp-json\/wp\/v2\/product\/1482\/revisions"}],"wp:featuredmedia":[{"embeddable":true,"href":"https:\/\/shop.yipinqian.com\/pt\/wp-json\/wp\/v2\/media\/5230"}],"wp:attachment":[{"href":"https:\/\/shop.yipinqian.com\/pt\/wp-json\/wp\/v2\/media?parent=1482"}],"wp:term":[{"taxonomy":"product_brand","embeddable":true,"href":"https:\/\/shop.yipinqian.com\/pt\/wp-json\/wp\/v2\/product_brand?post=1482"},{"taxonomy":"product_cat","embeddable":true,"href":"https:\/\/shop.yipinqian.com\/pt\/wp-json\/wp\/v2\/product_cat?post=1482"},{"taxonomy":"product_tag","embeddable":true,"href":"https:\/\/shop.yipinqian.com\/pt\/wp-json\/wp\/v2\/product_tag?post=1482"}],"curies":[{"name":"wp","href":"https:\/\/api.w.org\/{rel}","templated":true}]}}