{"id":1480,"date":"2024-10-24T23:19:31","date_gmt":"2024-10-24T15:19:31","guid":{"rendered":"https:\/\/shop.yipinqian.com\/product\/icy-light-green-natural-type-a-jadeite-jade-pendant-crafted-with-fish-and-lotus-certificate-weigh-6-07-grams-measurement-46-3-15-8-5-5-mm-pendant191\/"},"modified":"2025-02-24T00:49:55","modified_gmt":"2025-02-23T16:49:55","slug":"icy-light-green-natural-type-a-jadeite-jade-pendant-crafted-with-fish-and-lotus-certificate-weigh-6-07-grams-measurement-46-3-15-8-5-5-mm-pendant191","status":"publish","type":"product","link":"https:\/\/shop.yipinqian.com\/pt\/produto\/icy-light-green-natural-type-a-jadeite-jade-pendant-crafted-with-fish-and-lotus-certificate-weigh-6-07-grams-measurement-46-3-15-8-5-5-mm-pendant191\/","title":{"rendered":"Pingente de jade\u00edte natural tipo A verde claro gelado feito com peixe e l\u00f3tus, certificado pesa 6,07 gramas, medida 46,3 * 15,8 * 5,5 mm (pendant191)"},"content":{"rendered":"<p>Este pingente de jade\u00edte natural tipo A verde-claro gelado \u00e9 uma adi\u00e7\u00e3o impressionante a qualquer cole\u00e7\u00e3o de joias. Feito com peixe e l\u00f3tus, este pingente \u00e9 realmente uma obra de arte.<\/p>\n<p><\/p>\n<p><strong>N\u00fameros de certificado: GD2204H002683<\/strong><\/p>\n<ul>\n<li>\n<strong>Design requintado:<\/strong> O design complexo de Peixe e L\u00f3tus destaca a beleza da pedra jade natural.<\/li>\n<li>\n<strong>Jade\u00edta natural tipo A:<\/strong> Este pingente \u00e9 feito com jade\u00edta natural Tipo A, conhecida por suas cores brilhantes e durabilidade.<\/li>\n<li>\n<strong>Certificado inclu\u00eddo:<\/strong> Este pingente vem com um certificado para garantir autenticidade.<\/li>\n<\/ul>\n<p>As medidas desta linda pe\u00e7a s\u00e3o 46,3 * 15,8 * 5,5 mm, tornando-a o tamanho perfeito para uso di\u00e1rio ou ocasi\u00f5es especiais.<\/p>\n<ul>\n<li>\n<strong>Feito em Mianmar:<\/strong> Esta pe\u00e7a requintada vem de Mianmar, onde o melhor jade pode ser encontrado.<\/li>\n<li>\n<strong>Estilo de colar casual:<\/strong>Este estilo de colar casual complementar\u00e1 qualquer roupa, tornando-o perfeito para o uso di\u00e1rio<\/li>\n<li>.<\/li>\n<\/ul>\n<p>Este pingente unissex pesa 6,07 gramas e ser\u00e1 um excelente presente ou adi\u00e7\u00e3o \u00e0 sua cole\u00e7\u00e3o pessoal \u2013 compre o seu hoje mesmo!<\/p>\n<p>Yi Pin Qian \u2013 Um negociante de pedras preciosas e metais preciosos em Cingapura \u2013 N\u00famero de licen\u00e7a PS20190000031<\/p>\n<p><\/p>\n<p>*Todos os Jadeites comprados de Yi Pin Qian em Cingapura, os clientes podem reservar hor\u00e1rios para polimento ou pequenos reparos por manuseio incorreto - taxas se aplicam e somente para clientes de Yi Pin Qian em Cingapura*<\/p>\n<p><\/p>\n<p><strong>**Tipos de Certificados**<\/strong><\/p>\n<p><\/p>\n<p><strong>NGI (Nan Yang Gemol\u00f3gico)<\/strong><\/p>\n<p>ou <strong>Certificados no exterior <\/strong>(Yi Pin Qian usa apenas certificados aut\u00eanticos de laborat\u00f3rios estrangeiros e tamb\u00e9m controla a qualidade de cada um dos nossos produtos antes de coloc\u00e1-los \u00e0 venda em Cingapura)<\/p>\n<p><\/p>\n<p>Cada produto no TikTok ter\u00e1 o tipo de certificado fornecido indicado na descri\u00e7\u00e3o. Para qualquer cliente que deseje enviar seu pedido para a NGI Singapore, haver\u00e1 um tempo de espera para entrega do pedido estimado em torno de 4 semanas para receber seu pedido. <strong>As solicita\u00e7\u00f5es de relat\u00f3rios da NGI Gemstone precisam ser feitas por mensagem para a loja Yi Pin Qian TikTok.<\/strong> Obrigado, <strong><u>taxas extras se aplicam<\/u><\/strong>.<\/p>\n<p><\/p>\n<p><strong>A jade\u00edta natural n\u00e3o \u00e9 perfeita, apenas um lembrete gentil, nossa jade\u00edta natural, como todas as coisas bonitas da natureza, vem com suas caracter\u00edsticas e varia\u00e7\u00f5es \u00fanicas. Convidamos nossos valiosos clientes a abra\u00e7ar essas varia\u00e7\u00f5es naturais. Boas compras!<\/strong><\/p>\n<p><\/p>\n<p><strong><u>Nenhuma das fotos e filmagens de v\u00eddeo foram filtradas. Incentivamos nossos clientes a tamb\u00e9m assistirem aos v\u00eddeos que os acompanham para uma vis\u00e3o mais abrangente de nossos produtos<\/u><\/strong><\/p>","protected":false},"excerpt":{"rendered":"<p>This Icy Light Green Natural Type A Jadeite Jade Pendant is a stunning addition to any jewelry collection. Crafted with Fish and Lotus, this pendant is truly a work of art. Certificate numbers: GD2204H002683 Exquisite Design: The intricate design of Fish and Lotus highlights the beauty of the natural jade stone. Natural Type A Jadeite: [&hellip;]<\/p>","protected":false},"featured_media":5214,"comment_status":"open","ping_status":"closed","template":"","meta":[],"product_brand":[],"product_cat":[194],"product_tag":[],"class_list":{"0":"post-1480","1":"product","2":"type-product","3":"status-publish","4":"has-post-thumbnail","6":"product_cat-value-picks","8":"first","9":"instock","10":"sale","11":"shipping-taxable","12":"purchasable","13":"product-type-simple"},"_links":{"self":[{"href":"https:\/\/shop.yipinqian.com\/pt\/wp-json\/wp\/v2\/product\/1480","targetHints":{"allow":["GET"]}}],"collection":[{"href":"https:\/\/shop.yipinqian.com\/pt\/wp-json\/wp\/v2\/product"}],"about":[{"href":"https:\/\/shop.yipinqian.com\/pt\/wp-json\/wp\/v2\/types\/product"}],"replies":[{"embeddable":true,"href":"https:\/\/shop.yipinqian.com\/pt\/wp-json\/wp\/v2\/comments?post=1480"}],"version-history":[{"count":0,"href":"https:\/\/shop.yipinqian.com\/pt\/wp-json\/wp\/v2\/product\/1480\/revisions"}],"wp:featuredmedia":[{"embeddable":true,"href":"https:\/\/shop.yipinqian.com\/pt\/wp-json\/wp\/v2\/media\/5214"}],"wp:attachment":[{"href":"https:\/\/shop.yipinqian.com\/pt\/wp-json\/wp\/v2\/media?parent=1480"}],"wp:term":[{"taxonomy":"product_brand","embeddable":true,"href":"https:\/\/shop.yipinqian.com\/pt\/wp-json\/wp\/v2\/product_brand?post=1480"},{"taxonomy":"product_cat","embeddable":true,"href":"https:\/\/shop.yipinqian.com\/pt\/wp-json\/wp\/v2\/product_cat?post=1480"},{"taxonomy":"product_tag","embeddable":true,"href":"https:\/\/shop.yipinqian.com\/pt\/wp-json\/wp\/v2\/product_tag?post=1480"}],"curies":[{"name":"wp","href":"https:\/\/api.w.org\/{rel}","templated":true}]}}