{"id":1478,"date":"2024-10-24T23:19:29","date_gmt":"2024-10-24T15:19:29","guid":{"rendered":"https:\/\/shop.yipinqian.com\/product\/icy-good-translucency-with-green-natural-type-a-jadeite-pendant-necklace-crafted-with-buddha-and-lotus-certificate-included-weigh-13-2-grams-46-2-22-5-6-3-mm\/"},"modified":"2025-02-24T01:17:30","modified_gmt":"2025-02-23T17:17:30","slug":"icy-good-translucency-with-green-natural-type-a-jadeite-pendant-necklace-crafted-with-buddha-and-lotus-certificate-included-weigh-13-2-grams-46-2-22-5-6-3-mm","status":"publish","type":"product","link":"https:\/\/shop.yipinqian.com\/pt\/produto\/icy-good-translucency-with-green-natural-type-a-jadeite-pendant-necklace-crafted-with-buddha-and-lotus-certificate-included-weigh-13-2-grams-46-2-22-5-6-3-mm\/","title":{"rendered":"Colar com pingente de jade\u00edta verde natural tipo A translucidez gelada, feito com Buda e l\u00f3tus, certificado incluso, pesa 13,2 gramas, 46,2 * 22,5 * 6,3 mm"},"content":{"rendered":"<p>Este colar com pingente de jade\u00edta natural tipo A verde transl\u00facida Icy Good \u00e9 um acess\u00f3rio de joia deslumbrante que apresenta um design de Buda e L\u00f3tus feito \u00e0 m\u00e3o, perfeito para uso di\u00e1rio.<\/p>\n<ul>\n<li>Pesando 13,2 gramas e medindo 46,2 * 22,5 * 6,3 mm, este colar \u00e9 uma pe\u00e7a marcante que certamente chamar\u00e1 a aten\u00e7\u00e3o.<\/li>\n<li>Feito de jade\u00edta de alta qualidade, este colar tem uma translucidez requintada que real\u00e7a sua beleza natural.<\/li>\n<\/ul>\n<p><strong>N\u00fameros de certificado: GD2111H014908<\/strong><\/p>\n<p><img fetchpriority=\"high\" decoding=\"async\" height=\"1080\" src=\"https:\/\/shop.yipinqian.com\/wp-content\/uploads\/2024\/10\/f412782b682d89156c4a9c18d1689a1e.jpg?from=476444299\" width=\"1080\"><\/p>\n<p>Como prova de sua autenticidade e qualidade, este pingente vem com um certificado<\/p>\n<ul>\n<li>N\u00e3o importa se voc\u00ea est\u00e1 se vestindo para ocasi\u00f5es especiais ou optando por um look casual do dia a dia, este estilo de colar combina com qualquer traje que voc\u00ea tenha em mente.<\/li>\n<\/ul>\n<p>Este colar com pingente de jade\u00edta natural tipo A verde transl\u00facido Icy Good foi criado para ser unissex e n\u00e3o tem garantia, o que reflete seu apelo atemporal tanto para homens quanto para mulheres!<\/p>\n<p>\u00a0<\/p>\n<p>Yi Pin Qian \u2013 Um negociante de pedras preciosas e metais preciosos em Cingapura \u2013 N\u00famero de licen\u00e7a PS20190000031<\/p>\n<p>\u00a0<\/p>\n<p>*Todos os Jadeites comprados de Yi Pin Qian em Cingapura, os clientes podem reservar hor\u00e1rios para polimento ou pequenos reparos por manuseio incorreto - taxas se aplicam e somente para clientes de Yi Pin Qian em Cingapura*<\/p>\n<p>\u00a0<\/p>\n<p><strong>**Tipos de Certificados**<\/strong><\/p>\n<p>\u00a0<\/p>\n<p><strong>NGI (Nan Yang Gemol\u00f3gico)<\/strong><\/p>\n<p>ou <strong>Certificados no exterior <\/strong>(Yi Pin Qian usa apenas certificados aut\u00eanticos de laborat\u00f3rios estrangeiros e tamb\u00e9m controla a qualidade de cada um dos nossos produtos antes de coloc\u00e1-los \u00e0 venda em Cingapura)<\/p>\n<p>\u00a0<\/p>\n<p>Cada produto no TikTok ter\u00e1 o tipo de certificado fornecido indicado na descri\u00e7\u00e3o. Para qualquer cliente que deseje enviar seu pedido para a NGI Singapore, haver\u00e1 um tempo de espera para entrega do pedido estimado em torno de 4 semanas para receber seu pedido. <strong>As solicita\u00e7\u00f5es de relat\u00f3rios da NGI Gemstone precisam ser feitas por mensagem para a loja Yi Pin Qian TikTok.<\/strong> Obrigado, <strong><u>taxas extras se aplicam<\/u><\/strong>.<\/p>\n<p>\u00a0<\/p>\n<p><strong>A jade\u00edta natural n\u00e3o \u00e9 perfeita, apenas um lembrete gentil, nossa jade\u00edta natural, como todas as coisas bonitas da natureza, vem com suas caracter\u00edsticas e varia\u00e7\u00f5es \u00fanicas. Convidamos nossos valiosos clientes a abra\u00e7ar essas varia\u00e7\u00f5es naturais. Boas compras!<\/strong><\/p>\n<p>\u00a0<\/p>\n<p><strong><u>Nenhuma das fotos e filmagens de v\u00eddeo foram filtradas. Incentivamos nossos clientes a tamb\u00e9m assistirem aos v\u00eddeos que os acompanham para uma vis\u00e3o mais abrangente de nossos produtos<\/u><\/strong><\/p>","protected":false},"excerpt":{"rendered":"<p>This Icy Good Translucency Green Natural Type A Jadeite Pendant Necklace is a stunning piece of jewelry accessory that features a hand-crafted Buddha and Lotus design, perfect for daily wear. Weighing in at 13.2 grams and measuring 46.2 * 22.5 * 6.3 mm, this necklace is a statement piece that will surely turn heads. Made [&hellip;]<\/p>","protected":false},"featured_media":5198,"comment_status":"open","ping_status":"closed","template":"","meta":[],"product_brand":[],"product_cat":[195],"product_tag":[],"class_list":{"0":"post-1478","1":"product","2":"type-product","3":"status-publish","4":"has-post-thumbnail","6":"product_cat-heirloom-grade","8":"first","9":"instock","10":"sale","11":"shipping-taxable","12":"purchasable","13":"product-type-simple"},"_links":{"self":[{"href":"https:\/\/shop.yipinqian.com\/pt\/wp-json\/wp\/v2\/product\/1478","targetHints":{"allow":["GET"]}}],"collection":[{"href":"https:\/\/shop.yipinqian.com\/pt\/wp-json\/wp\/v2\/product"}],"about":[{"href":"https:\/\/shop.yipinqian.com\/pt\/wp-json\/wp\/v2\/types\/product"}],"replies":[{"embeddable":true,"href":"https:\/\/shop.yipinqian.com\/pt\/wp-json\/wp\/v2\/comments?post=1478"}],"version-history":[{"count":0,"href":"https:\/\/shop.yipinqian.com\/pt\/wp-json\/wp\/v2\/product\/1478\/revisions"}],"wp:featuredmedia":[{"embeddable":true,"href":"https:\/\/shop.yipinqian.com\/pt\/wp-json\/wp\/v2\/media\/5198"}],"wp:attachment":[{"href":"https:\/\/shop.yipinqian.com\/pt\/wp-json\/wp\/v2\/media?parent=1478"}],"wp:term":[{"taxonomy":"product_brand","embeddable":true,"href":"https:\/\/shop.yipinqian.com\/pt\/wp-json\/wp\/v2\/product_brand?post=1478"},{"taxonomy":"product_cat","embeddable":true,"href":"https:\/\/shop.yipinqian.com\/pt\/wp-json\/wp\/v2\/product_cat?post=1478"},{"taxonomy":"product_tag","embeddable":true,"href":"https:\/\/shop.yipinqian.com\/pt\/wp-json\/wp\/v2\/product_tag?post=1478"}],"curies":[{"name":"wp","href":"https:\/\/api.w.org\/{rel}","templated":true}]}}