{"id":1475,"date":"2024-10-24T23:19:28","date_gmt":"2024-10-24T15:19:28","guid":{"rendered":"https:\/\/shop.yipinqian.com\/product\/hugh-rare-high-quality-brown-with-light-green-natural-type-a-jadeite-jade-crafted-with-sceneries-as-pendant-certificate-weighs-67-2-43-3-19-3-mm-pendant266\/"},"modified":"2025-02-24T01:34:19","modified_gmt":"2025-02-23T17:34:19","slug":"hugh-rare-high-quality-brown-with-light-green-natural-type-a-jadeite-jade-crafted-with-sceneries-as-pendant-certificate-weighs-67-2-43-3-19-3-mm-pendant266","status":"publish","type":"product","link":"https:\/\/shop.yipinqian.com\/pt\/produto\/hugh-rare-high-quality-brown-with-light-green-natural-type-a-jadeite-jade-crafted-with-sceneries-as-pendant-certificate-weighs-67-2-43-3-19-3-mm-pendant266\/","title":{"rendered":"Hugh, raro, jade\u00edte natural marrom de alta qualidade com verde claro tipo A, trabalhada com paisagens como pingente, o certificado pesa 67,2 * 43,3 * 19,3 mm (pendant266)"},"content":{"rendered":"<p>Melhore seu traje di\u00e1rio com esta joia requintada: um pingente Hugh, Raro, de Jade\u00edta Natural Tipo A Marrom com Verde Claro de Alta Qualidade. Feito com cen\u00e1rios intrincados, este pingente \u00e9 uma verdadeira obra de arte.<\/p>\n<p>\u00a0<\/p>\n<p>N\u00fameros de certificado: GD2111H010538<\/p>\n<p><img fetchpriority=\"high\" decoding=\"async\" height=\"1080\" src=\"https:\/\/shop.yipinqian.com\/wp-content\/uploads\/2024\/10\/6d78f5d74cd21b3d0b443ab70a03df78.jpg?from=476444299\" width=\"1080\"><\/p>\n<ul>\n<li>\n<strong>Material:<\/strong> Jade\u00edta Natural Tipo A Jade<\/li>\n<li>\n<strong>Certificado:<\/strong> Sim<\/li>\n<li>\n<strong>Pa\u00eds de origem:<\/strong> Mianmar<\/li>\n<li>\n<strong>Tipo de Jade:<\/strong>Jade\u00edta<\/li>\n<li>\n<strong>Tamanho natural (mm):<\/strong>\u2013 Comprimento: 67,2 \u2013 Largura: 43,3 \u2013 Espessura: 19,3<\/li>\n<li>Esta pe\u00e7a unissex \u00e9 perfeita para qualquer ocasi\u00e3o e adiciona um toque de eleg\u00e2ncia ao seu visual. O estilo casual do colar o torna vers\u00e1til para uso di\u00e1rio. Adicione este deslumbrante pingente de jade \u00e0 sua cole\u00e7\u00e3o e aproveite a beleza e a exclusividade que ele traz ao seu conjunto.<\/li>\n<\/ul>\n<p>Yi Pin Qian \u2013 Um negociante de pedras preciosas e metais preciosos em Cingapura \u2013 N\u00famero de licen\u00e7a PS20190000031<\/p>\n<p>\u00a0<\/p>\n<p>*Todos os Jadeites comprados de Yi Pin Qian em Cingapura, os clientes podem reservar hor\u00e1rios para polimento ou pequenos reparos por manuseio incorreto - taxas se aplicam e somente para clientes de Yi Pin Qian em Cingapura*<\/p>\n<p>\u00a0<\/p>\n<p><strong>**Tipos de Certificados**<\/strong><\/p>\n<p>\u00a0<\/p>\n<p><strong>NGI (Nan Yang Gemol\u00f3gico)<\/strong><\/p>\n<p>ou <strong>Certificados no exterior <\/strong>(Yi Pin Qian usa apenas certificados aut\u00eanticos de laborat\u00f3rios estrangeiros e tamb\u00e9m controla a qualidade de cada um dos nossos produtos antes de coloc\u00e1-los \u00e0 venda em Cingapura)<\/p>\n<p>\u00a0<\/p>\n<p>Cada produto no TikTok ter\u00e1 o tipo de certificado fornecido indicado na descri\u00e7\u00e3o. Para qualquer cliente que deseje enviar seu pedido para a NGI Singapore, haver\u00e1 um tempo de espera para entrega do pedido estimado em torno de 4 semanas para receber seu pedido. <strong>As solicita\u00e7\u00f5es de relat\u00f3rios da NGI Gemstone precisam ser feitas por mensagem para a loja Yi Pin Qian TikTok.<\/strong> Obrigado, <strong><u>taxas extras se aplicam<\/u><\/strong>.<\/p>\n<p>\u00a0<\/p>\n<p><strong>A jade\u00edta natural n\u00e3o \u00e9 perfeita, apenas um lembrete gentil, nossa jade\u00edta natural, como todas as coisas bonitas da natureza, vem com suas caracter\u00edsticas e varia\u00e7\u00f5es \u00fanicas. Convidamos nossos valiosos clientes a abra\u00e7ar essas varia\u00e7\u00f5es naturais. Boas compras!<\/strong><\/p>\n<p>\u00a0<\/p>\n<p><strong><u>Nenhuma das fotos e filmagens de v\u00eddeo foram filtradas. Incentivamos nossos clientes a tamb\u00e9m assistirem aos v\u00eddeos que os acompanham para uma vis\u00e3o mais abrangente de nossos produtos<\/u><\/strong><\/p>\n<p>\u00a0<\/p>\n<p><strong>*** (O cliente deseja solicitar o certificado NGI, envie-nos uma mensagem antes da compra, obrigado)<\/strong><\/p>","protected":false},"excerpt":{"rendered":"<p>Enhance your daily attire with this exquisite piece of jewelry: a Hugh, Rare, High-Quality Brown with Light Green Natural Type A Jadeite Jade pendant. Crafted with intricate sceneries, this pendant is a true work of art. \u00a0 Certificate numbers: GD2111H010538 Material: Natural Type A Jadeite Jade Certificate: Yes Country of Origin: Myanmar Jade Type:Jadeite Natural [&hellip;]<\/p>","protected":false},"featured_media":5168,"comment_status":"open","ping_status":"closed","template":"","meta":[],"product_brand":[],"product_cat":[196],"product_tag":[],"class_list":{"0":"post-1475","1":"product","2":"type-product","3":"status-publish","4":"has-post-thumbnail","6":"product_cat-vault-collection","8":"first","9":"instock","10":"sale","11":"shipping-taxable","12":"purchasable","13":"product-type-simple"},"_links":{"self":[{"href":"https:\/\/shop.yipinqian.com\/pt\/wp-json\/wp\/v2\/product\/1475","targetHints":{"allow":["GET"]}}],"collection":[{"href":"https:\/\/shop.yipinqian.com\/pt\/wp-json\/wp\/v2\/product"}],"about":[{"href":"https:\/\/shop.yipinqian.com\/pt\/wp-json\/wp\/v2\/types\/product"}],"replies":[{"embeddable":true,"href":"https:\/\/shop.yipinqian.com\/pt\/wp-json\/wp\/v2\/comments?post=1475"}],"version-history":[{"count":0,"href":"https:\/\/shop.yipinqian.com\/pt\/wp-json\/wp\/v2\/product\/1475\/revisions"}],"wp:featuredmedia":[{"embeddable":true,"href":"https:\/\/shop.yipinqian.com\/pt\/wp-json\/wp\/v2\/media\/5168"}],"wp:attachment":[{"href":"https:\/\/shop.yipinqian.com\/pt\/wp-json\/wp\/v2\/media?parent=1475"}],"wp:term":[{"taxonomy":"product_brand","embeddable":true,"href":"https:\/\/shop.yipinqian.com\/pt\/wp-json\/wp\/v2\/product_brand?post=1475"},{"taxonomy":"product_cat","embeddable":true,"href":"https:\/\/shop.yipinqian.com\/pt\/wp-json\/wp\/v2\/product_cat?post=1475"},{"taxonomy":"product_tag","embeddable":true,"href":"https:\/\/shop.yipinqian.com\/pt\/wp-json\/wp\/v2\/product_tag?post=1475"}],"curies":[{"name":"wp","href":"https:\/\/api.w.org\/{rel}","templated":true}]}}