{"id":14743,"date":"2024-12-17T10:47:51","date_gmt":"2024-12-17T02:47:51","guid":{"rendered":"https:\/\/shop.yipinqian.com\/yellow-water-drop-shape-cabochon-natural-type-a-jadeite-jade-set-with-s925-as-pendant-certificate-weighs-2-6-grams-measurement-14-7-12-4-mm-s925p5\/"},"modified":"2025-01-26T00:00:50","modified_gmt":"2025-01-25T16:00:50","slug":"yellow-water-drop-shape-cabochon-natural-type-a-jadeite-jade-set-with-s925-as-pendant-certificate-weighs-2-6-grams-measurement-14-7-12-4-mm-s925p5","status":"publish","type":"product","link":"https:\/\/shop.yipinqian.com\/pt\/produto\/yellow-water-drop-shape-cabochon-natural-type-a-jadeite-jade-set-with-s925-as-pendant-certificate-weighs-2-6-grams-measurement-14-7-12-4-mm-s925p5\/","title":{"rendered":"Caboch\u00e3o em formato de gota d&#039;\u00e1gua amarela Jade\u00edta natural tipo A conjunto com S925 como certificado de pingente pesa 2,6 gramas, medida 14,7 * 12 * 4 mm (s925p5)"},"content":{"rendered":"<p><iframe title=\"Pingente caboch\u00e3o amarelo s925\" src=\"https:\/\/youtube.com\/embed\/oYG7XDh-p3A\" width=\"330\" height=\"300\"><\/iframe><\/p>\n<p>Este deslumbrante pingente de Jade\u00edte Natural Tipo A Caboch\u00e3o em Forma de Gota de \u00c1gua Amarela \u00e9 um acess\u00f3rio perfeito para uso di\u00e1rio, elegantemente trabalhado em prata S925. Pesando 2,6 gramas, ele apresenta um design exclusivo que adiciona um toque de sofistica\u00e7\u00e3o a qualquer roupa.<\/p>\n<p><\/p>\n<p>N\u00fameros de certificado: GD2111H017513<\/p>\n<p><img fetchpriority=\"high\" decoding=\"async\" src=\"https:\/\/shop.yipinqian.com\/wp-content\/uploads\/2024\/12\/e2cb4348e93d4aceabead79e4b639954tplv-aphluv4xwc-origin-jpeg.jpeg?dr=15568&#038;nonce=54586&#038;refresh_token=2565d659577db8888f3b6434f8529116&#038;from=476444299&#038;idc=my2&#038;ps=933b5bde&#038;shcp=9b759fb9&#038;shp=1c65f68b&#038;t=555f072d\" width=\"1080\" height=\"1080\"><\/p>\n<ul>\n<li>\n<strong>Material:<\/strong> Configura\u00e7\u00e3o de prata S925<\/li>\n<li>\n<strong>Tipo de Jade:<\/strong> Jade\u00edta natural tipo A<\/li>\n<li>\n<strong>Medidas:<\/strong> 14,7 * 12 * 4 mil\u00edmetros<\/li>\n<li>\n<strong>Acompanha certificado:<\/strong> Sim<\/li>\n<\/ul>\n<p><img decoding=\"async\" src=\"https:\/\/shop.yipinqian.com\/wp-content\/uploads\/2024\/12\/5f19596b3fe8417aa3b3afe56e0501abtplv-aphluv4xwc-origin-jpeg.jpeg?dr=15568&#038;nonce=50861&#038;refresh_token=531134c75a792abfa1b2937fc4c12b83&#038;from=476444299&#038;idc=my2&#038;ps=933b5bde&#038;shcp=9b759fb9&#038;shp=1c65f68b&#038;t=555f072d\" width=\"1080\" height=\"1080\"><\/p>\n<p>Este pingente foi criado para mulheres que apreciam joias casuais e elegantes que refletem seu estilo pessoal.<\/p>\n<p><\/p>\n<p>Yi Pin Qian \u2013 Um negociante de pedras preciosas e metais preciosos em Cingapura \u2013 N\u00famero de licen\u00e7a PS20190000031<\/p>\n<p><\/p>\n<p>*Todos os Jadeites comprados de Yi Pin Qian em Cingapura, os clientes podem reservar hor\u00e1rios para polimento ou pequenos reparos por manuseio incorreto - taxas se aplicam e somente para clientes de Yi Pin Qian em Cingapura*<\/p>\n<p><\/p>\n<p><strong>**Tipos de Certificados**<\/strong><\/p>\n<p><\/p>\n<p><strong>NGI (Nan Yang Gemol\u00f3gico)<\/strong><\/p>\n<p>ou <strong>Certificados no exterior <\/strong>(Yi Pin Qian usa apenas certificados aut\u00eanticos de laborat\u00f3rios estrangeiros e tamb\u00e9m controla a qualidade de cada um dos nossos produtos antes de coloc\u00e1-los \u00e0 venda em Cingapura)<\/p>\n<p><\/p>\n<p>Cada produto ter\u00e1 o tipo de certificado fornecido indicado na descri\u00e7\u00e3o. Para qualquer cliente que deseje enviar seu pedido para NGI Singapore, <strong>As solicita\u00e7\u00f5es de relat\u00f3rios de pedras preciosas da NGI precisam ser feitas por mensagem.<\/strong> Obrigado, <strong><u>taxas extras se aplicam<\/u><\/strong> \u2013 $90 para jade\u00edta \/ $150 para jade\u00edta com ouro 18k \u2013 n\u00e3o \u00e9 obrigat\u00f3rio, pois a maioria dos nossos produtos j\u00e1 veio com certificado internacional ou relat\u00f3rio NGI.<\/p>\n<p><\/p>\n<p>(Para mais detalhes ou solicita\u00e7\u00e3o adicional: <strong>Por favor, envie-nos uma mensagem se desejar enviar o item adquirido para teste de laborat\u00f3rio NGI<\/strong>)<\/p>\n<p><\/p>\n<p><strong>A jade\u00edta natural n\u00e3o \u00e9 perfeita, apenas um lembrete gentil, nossa jade\u00edta natural, como todas as coisas bonitas da natureza, vem com suas caracter\u00edsticas e varia\u00e7\u00f5es \u00fanicas. Convidamos nossos valiosos clientes a abra\u00e7ar essas varia\u00e7\u00f5es naturais. Boas compras!<\/strong><\/p>\n<p><\/p>\n<p><strong><u>Nenhuma das fotos e filmagens de v\u00eddeo foram filtradas. Incentivamos nossos clientes a tamb\u00e9m assistirem aos v\u00eddeos que os acompanham para uma vis\u00e3o mais abrangente de nossos produtos<\/u><\/strong><\/p>\n<p><\/p>\n<ul>\n<li>Diferentes plataformas s\u00f3 podem visualizar v\u00eddeos por meio do Desktop<\/li>\n<\/ul>","protected":false},"excerpt":{"rendered":"<p>Este deslumbrante pingente de Jade\u00edte Natural Tipo A em Forma de Gota de \u00c1gua Amarela Caboch\u00e3o \u00e9 um acess\u00f3rio perfeito para uso di\u00e1rio, elegantemente trabalhado em prata S925. Pesando 2,6 gramas, ele apresenta um design exclusivo que adiciona um toque de sofistica\u00e7\u00e3o a qualquer roupa. N\u00fameros de certificado: GD2111H017513 Material: Jade de configura\u00e7\u00e3o de prata S925 Tipo: Jade\u00edte Natural Tipo A [\u2026]<\/p>","protected":false},"featured_media":14940,"comment_status":"open","ping_status":"closed","template":"","meta":[],"product_brand":[],"product_cat":[83,126,48,125],"product_tag":[52,72,65,55,56,58,73,67,60,68,62],"class_list":{"0":"post-14743","1":"product","2":"type-product","3":"status-publish","4":"has-post-thumbnail","6":"product_cat-jade-necklaces-pendants","7":"product_cat-new-arrivals","8":"product_cat-pendants","9":"product_cat-s925-settings-jadeites","10":"product_tag-certified","11":"product_tag-female","12":"product_tag-high-quality","13":"product_tag-jadeite","14":"product_tag-limited-editions","15":"product_tag-new-arrivals","16":"product_tag-pendant","17":"product_tag-s925","18":"product_tag-type-a-jadeite","19":"product_tag-yellow","20":"product_tag-yi-pin-qian-exclusive","22":"first","23":"instock","24":"sale","25":"shipping-taxable","26":"purchasable","27":"product-type-simple"},"_links":{"self":[{"href":"https:\/\/shop.yipinqian.com\/pt\/wp-json\/wp\/v2\/product\/14743","targetHints":{"allow":["GET"]}}],"collection":[{"href":"https:\/\/shop.yipinqian.com\/pt\/wp-json\/wp\/v2\/product"}],"about":[{"href":"https:\/\/shop.yipinqian.com\/pt\/wp-json\/wp\/v2\/types\/product"}],"replies":[{"embeddable":true,"href":"https:\/\/shop.yipinqian.com\/pt\/wp-json\/wp\/v2\/comments?post=14743"}],"version-history":[{"count":0,"href":"https:\/\/shop.yipinqian.com\/pt\/wp-json\/wp\/v2\/product\/14743\/revisions"}],"wp:featuredmedia":[{"embeddable":true,"href":"https:\/\/shop.yipinqian.com\/pt\/wp-json\/wp\/v2\/media\/14940"}],"wp:attachment":[{"href":"https:\/\/shop.yipinqian.com\/pt\/wp-json\/wp\/v2\/media?parent=14743"}],"wp:term":[{"taxonomy":"product_brand","embeddable":true,"href":"https:\/\/shop.yipinqian.com\/pt\/wp-json\/wp\/v2\/product_brand?post=14743"},{"taxonomy":"product_cat","embeddable":true,"href":"https:\/\/shop.yipinqian.com\/pt\/wp-json\/wp\/v2\/product_cat?post=14743"},{"taxonomy":"product_tag","embeddable":true,"href":"https:\/\/shop.yipinqian.com\/pt\/wp-json\/wp\/v2\/product_tag?post=14743"}],"curies":[{"name":"wp","href":"https:\/\/api.w.org\/{rel}","templated":true}]}}