{"id":1474,"date":"2024-10-24T23:19:27","date_gmt":"2024-10-24T15:19:27","guid":{"rendered":"https:\/\/shop.yipinqian.com\/product\/hugh-natural-type-a-jadeite-pendant-crafted-as-dounut-with-beautiful-archaize-style-with-floating-green-and-some-wuji-with-purple-hue-qic-labs-approved-cert-weigh-71-13-grams-54-3-54-3-12-2-mm-symbols\/"},"modified":"2025-02-17T00:02:48","modified_gmt":"2025-02-16T16:02:48","slug":"hugh-natural-type-a-jadeite-pendant-crafted-as-dounut-with-beautiful-archaize-style-with-floating-green-and-some-wuji-with-purple-hue-qic-labs-approved-cert-weigh-71-13-grams-54-3-54-3-12-2-mm-symbols","status":"publish","type":"product","link":"https:\/\/shop.yipinqian.com\/pt\/produto\/hugh-natural-type-a-jadeite-pendant-crafted-as-dounut-with-beautiful-archaize-style-with-floating-green-and-some-wuji-with-purple-hue-qic-labs-approved-cert-weigh-71-13-grams-54-3-54-3-12-2-mm-symbols\/","title":{"rendered":"Pingente de Jade\u00edta Hugh Natural Tipo A, feito como Dounut com um lindo estilo arcaico com verde flutuante e alguns wuji com tonalidade roxa, certificado aprovado pelo QIC Labs, pesa 71,13 gramas, 54,3 * 54,3 * 12,2 mm, s\u00edmbolos de Tudo est\u00e1 indo bem (pendant64)"},"content":{"rendered":"<p>Este pingente de jade\u00edta Hugh Natural Tipo A \u00e9 uma adi\u00e7\u00e3o impressionante a qualquer cole\u00e7\u00e3o de joias. Feito em um lindo estilo arcaico, este pingente \u00e9 projetado como um donut com verde flutuante e um pouco de wuji com tonalidade roxa, simbolizando que tudo est\u00e1 indo bem.<\/p>\n<p>\u00a0<\/p>\n<p>Pesando 71,13 gramas e medindo 54,3 * 54,3 * 12,2 mm, este pingente \u00e9 feito de Jade\u00edta Tipo A de alta qualidade de Mianmar \u2013 uma pedra preciosa requintada valorizada por sua beleza e durabilidade.<\/p>\n<p><img fetchpriority=\"high\" decoding=\"async\" height=\"1080\" src=\"https:\/\/shop.yipinqian.com\/wp-content\/uploads\/2024\/10\/09dfd2073debe69dcce96297eca3d2af.jpg?from=476444299\" width=\"1080\"><\/p>\n<p>Este pingente vem com um QIC Labs aprovado <strong>n\u00fameros de certificado: SD24040804642<\/strong> para autenticidade, garantindo que voc\u00ea esteja comprando o produto real. O design unissex deste pingente o torna perfeito para uso di\u00e1rio ou ocasi\u00f5es casuais \u2013 o estilo do colar pode ser facilmente vestido para cima ou para baixo para combinar com qualquer roupa. Em resumo:<\/p>\n<ul>\n<li>Pingente de Jade\u00edta Tipo A Natural Hugh criado como Dounut<\/li>\n<li>Lindo estilo arcaico com verde flutuante e alguns wuji com tonalidade roxa<\/li>\n<li>Pesa 71,13 gramas; Mede 54,3 * 54..3 *12..2 mm<\/li>\n<li>Certificado aprovado pela QIC Labs inclu\u00eddo; Origin\u00e1rio de Mianmar<\/li>\n<li>S\u00edmbolos Tudo est\u00e1 indo bem; Design unissex adequado para uso di\u00e1rio ou ocasi\u00f5es casuais.<\/li>\n<\/ul>\n<p>Adicione algo especial \u00e0 sua caixa de joias hoje mesmo comprando este deslumbrante pingente de jade\u00edta natural tipo A da Hugh!<\/p>\n<p>\u00a0<\/p>\n<p>Yi Pin Qian \u2013 Um negociante de pedras preciosas e metais preciosos em Cingapura \u2013 N\u00famero de licen\u00e7a PS20190000031<\/p>\n<p>\u00a0<\/p>\n<p>*Todos os Jadeites comprados de Yi Pin Qian em Cingapura, os clientes podem reservar hor\u00e1rios para polimento ou pequenos reparos por manuseio incorreto - taxas se aplicam e somente para clientes de Yi Pin Qian em Cingapura*<\/p>\n<p>\u00a0<\/p>\n<p><strong>**Tipos de Certificados**<\/strong><\/p>\n<p>\u00a0<\/p>\n<p><strong>NGI (Nan Yang Gemol\u00f3gico)<\/strong><\/p>\n<p>ou <strong>Certificados no exterior <\/strong>(Yi Pin Qian usa apenas certificados aut\u00eanticos de laborat\u00f3rios estrangeiros e tamb\u00e9m controla a qualidade de cada um dos nossos produtos antes de coloc\u00e1-los \u00e0 venda em Cingapura)<\/p>\n<p>\u00a0<\/p>\n<p>Cada produto no TikTok ter\u00e1 o tipo de certificado fornecido indicado na descri\u00e7\u00e3o. Para qualquer cliente que deseje enviar seu pedido para a NGI Singapore, haver\u00e1 um tempo de espera para entrega do pedido estimado em torno de 4 semanas para receber seu pedido. <strong>As solicita\u00e7\u00f5es de relat\u00f3rios da NGI Gemstone precisam ser feitas por mensagem para a loja Yi Pin Qian TikTok.<\/strong> Obrigado, <strong><u>taxas extras se aplicam<\/u><\/strong>.<\/p>\n<p>\u00a0<\/p>\n<p><strong>A jade\u00edta natural n\u00e3o \u00e9 perfeita, apenas um lembrete gentil, nossa jade\u00edta natural, como todas as coisas bonitas da natureza, vem com suas caracter\u00edsticas e varia\u00e7\u00f5es \u00fanicas. Convidamos nossos valiosos clientes a abra\u00e7ar essas varia\u00e7\u00f5es naturais. Boas compras!<\/strong><\/p>\n<p>\u00a0<\/p>\n<p><strong><u>Nenhuma das fotos e filmagens de v\u00eddeo foram filtradas. Incentivamos nossos clientes a tamb\u00e9m assistirem aos v\u00eddeos que os acompanham para uma vis\u00e3o mais abrangente de nossos produtos<\/u><\/strong><\/p>","protected":false},"excerpt":{"rendered":"<p>Este pingente de jade\u00edta Hugh Natural Tipo A \u00e9 uma adi\u00e7\u00e3o impressionante a qualquer cole\u00e7\u00e3o de joias. Feito em um lindo estilo arcaico, este pingente \u00e9 projetado como um donut com verde flutuante e um pouco de wuji com tonalidade roxa, simbolizando que tudo est\u00e1 indo bem. Pesando 71,13 gramas e medindo 54,3 * 54,3 * 12,2 mm, este pingente [\u2026]<\/p>","protected":false},"featured_media":5158,"comment_status":"open","ping_status":"closed","template":"","meta":[],"product_brand":[],"product_cat":[48],"product_tag":[],"class_list":{"0":"post-1474","1":"product","2":"type-product","3":"status-publish","4":"has-post-thumbnail","6":"product_cat-pendants","8":"first","9":"instock","10":"sale","11":"shipping-taxable","12":"purchasable","13":"product-type-simple"},"_links":{"self":[{"href":"https:\/\/shop.yipinqian.com\/pt\/wp-json\/wp\/v2\/product\/1474","targetHints":{"allow":["GET"]}}],"collection":[{"href":"https:\/\/shop.yipinqian.com\/pt\/wp-json\/wp\/v2\/product"}],"about":[{"href":"https:\/\/shop.yipinqian.com\/pt\/wp-json\/wp\/v2\/types\/product"}],"replies":[{"embeddable":true,"href":"https:\/\/shop.yipinqian.com\/pt\/wp-json\/wp\/v2\/comments?post=1474"}],"version-history":[{"count":0,"href":"https:\/\/shop.yipinqian.com\/pt\/wp-json\/wp\/v2\/product\/1474\/revisions"}],"wp:featuredmedia":[{"embeddable":true,"href":"https:\/\/shop.yipinqian.com\/pt\/wp-json\/wp\/v2\/media\/5158"}],"wp:attachment":[{"href":"https:\/\/shop.yipinqian.com\/pt\/wp-json\/wp\/v2\/media?parent=1474"}],"wp:term":[{"taxonomy":"product_brand","embeddable":true,"href":"https:\/\/shop.yipinqian.com\/pt\/wp-json\/wp\/v2\/product_brand?post=1474"},{"taxonomy":"product_cat","embeddable":true,"href":"https:\/\/shop.yipinqian.com\/pt\/wp-json\/wp\/v2\/product_cat?post=1474"},{"taxonomy":"product_tag","embeddable":true,"href":"https:\/\/shop.yipinqian.com\/pt\/wp-json\/wp\/v2\/product_tag?post=1474"}],"curies":[{"name":"wp","href":"https:\/\/api.w.org\/{rel}","templated":true}]}}