{"id":1472,"date":"2024-10-24T23:19:27","date_gmt":"2024-10-24T15:19:27","guid":{"rendered":"https:\/\/shop.yipinqian.com\/product\/hugh-light-green-crafted-with-shape-of-donut-and-cylinder-natural-type-a-jadeite-jade-as-pendant-certificate-weighs-73-85-and-12-55-grams-measurements-52-8-52-7-14-3-19-1-16-3-mm-pendant290\/"},"modified":"2025-02-24T00:49:55","modified_gmt":"2025-02-23T16:49:55","slug":"hugh-light-green-crafted-with-shape-of-donut-and-cylinder-natural-type-a-jadeite-jade-as-pendant-certificate-weighs-73-85-and-12-55-grams-measurements-52-8-52-7-14-3-19-1-16-3-mm-pendant290","status":"publish","type":"product","link":"https:\/\/shop.yipinqian.com\/pt\/produto\/hugh-light-green-crafted-with-shape-of-donut-and-cylinder-natural-type-a-jadeite-jade-as-pendant-certificate-weighs-73-85-and-12-55-grams-measurements-52-8-52-7-14-3-19-1-16-3-mm-pendant290\/","title":{"rendered":"Hugh Light Green crafted with Shape of Donut and Cylinder Natural Type A Jadeite Jade as Pendant, certificate weighs 73.85 and 12.55 grams, measurements 52.8 * 52.7 * 14.3, 19.1 * 16.3 mm (pendant290)"},"content":{"rendered":"<p>This Hugh Light Green Jade pendant is a stunning piece of jewelry crafted in the shapes of a donut and cylinder, made from natural Type A Jadeite Jade.<\/p>\n<p><\/p>\n<p>Certificate numbers: ZS23020101102 \/ ZS23020101104<\/p>\n<p><\/p>\n<ul>\n<li>\n<strong>Peso:<\/strong> 73.85 grams (Donut) and 12.55 grams (Cylinder)<\/li>\n<li>\n<strong>Medidas:<\/strong> 52.8 * 52.7 * 14.3 mm (Donut) and 19.1 * 16.3 mm (Cylinder)<\/li>\n<\/ul>\n<p>This unique pendant, labeled as Pendant290, comes with a certificate for authenticity.<\/p>\n<ul>\n<li>\n<strong>Certificado:<\/strong> Sim<\/li>\n<li><strong>Pa\u00eds de origem:<\/strong><\/li>\n<li><strong>Ocassion: Gendr: Jade Type: Jadeite Neklace Style: Casual <em>Note: No warranty is provided with this exquisite unisex piece suitable for daily wear. Add this elegant jade necklace to your collection as a casual accessory that exudes natural beauty and charm.<\/em><\/strong><\/li>\n<\/ul>\n<p><strong>A jade\u00edta natural n\u00e3o \u00e9 perfeita, apenas um lembrete gentil, nossa jade\u00edta natural, como todas as coisas bonitas da natureza, vem com suas caracter\u00edsticas e varia\u00e7\u00f5es \u00fanicas. Convidamos nossos valiosos clientes a abra\u00e7ar essas varia\u00e7\u00f5es naturais. Boas compras!<\/strong><\/p>\n<p><\/p>\n<p><strong><u>Nenhuma das fotos e filmagens de v\u00eddeo foram filtradas. Incentivamos nossos clientes a tamb\u00e9m assistirem aos v\u00eddeos que os acompanham para uma vis\u00e3o mais abrangente de nossos produtos<\/u><\/strong><\/p>","protected":false},"excerpt":{"rendered":"<p>This Hugh Light Green Jade pendant is a stunning piece of jewelry crafted in the shapes of a donut and cylinder, made from natural Type A Jadeite Jade. Certificate numbers: ZS23020101102 \/ ZS23020101104 Weight: 73.85 grams (Donut) and 12.55 grams (Cylinder) Measurements: 52.8 * 52.7 * 14.3 mm (Donut) and 19.1 * 16.3 mm (Cylinder) [&hellip;]<\/p>","protected":false},"featured_media":5127,"comment_status":"open","ping_status":"closed","template":"","meta":[],"product_brand":[],"product_cat":[194],"product_tag":[],"class_list":{"0":"post-1472","1":"product","2":"type-product","3":"status-publish","4":"has-post-thumbnail","6":"product_cat-value-picks","8":"first","9":"instock","10":"sale","11":"shipping-taxable","12":"purchasable","13":"product-type-simple"},"_links":{"self":[{"href":"https:\/\/shop.yipinqian.com\/pt\/wp-json\/wp\/v2\/product\/1472","targetHints":{"allow":["GET"]}}],"collection":[{"href":"https:\/\/shop.yipinqian.com\/pt\/wp-json\/wp\/v2\/product"}],"about":[{"href":"https:\/\/shop.yipinqian.com\/pt\/wp-json\/wp\/v2\/types\/product"}],"replies":[{"embeddable":true,"href":"https:\/\/shop.yipinqian.com\/pt\/wp-json\/wp\/v2\/comments?post=1472"}],"version-history":[{"count":0,"href":"https:\/\/shop.yipinqian.com\/pt\/wp-json\/wp\/v2\/product\/1472\/revisions"}],"wp:featuredmedia":[{"embeddable":true,"href":"https:\/\/shop.yipinqian.com\/pt\/wp-json\/wp\/v2\/media\/5127"}],"wp:attachment":[{"href":"https:\/\/shop.yipinqian.com\/pt\/wp-json\/wp\/v2\/media?parent=1472"}],"wp:term":[{"taxonomy":"product_brand","embeddable":true,"href":"https:\/\/shop.yipinqian.com\/pt\/wp-json\/wp\/v2\/product_brand?post=1472"},{"taxonomy":"product_cat","embeddable":true,"href":"https:\/\/shop.yipinqian.com\/pt\/wp-json\/wp\/v2\/product_cat?post=1472"},{"taxonomy":"product_tag","embeddable":true,"href":"https:\/\/shop.yipinqian.com\/pt\/wp-json\/wp\/v2\/product_tag?post=1472"}],"curies":[{"name":"wp","href":"https:\/\/api.w.org\/{rel}","templated":true}]}}