{"id":14698,"date":"2024-12-17T10:46:10","date_gmt":"2024-12-17T02:46:10","guid":{"rendered":"https:\/\/shop.yipinqian.com\/icy-yellow-natural-type-a-jadeite-jade-set-with-s925-as-stud-earrings-certificate-weighs-2-24-grams-s925es1\/"},"modified":"2025-02-24T00:49:44","modified_gmt":"2025-02-23T16:49:44","slug":"icy-yellow-natural-type-a-jadeite-jade-set-with-s925-as-stud-earrings-certificate-weighs-2-24-grams-s925es1","status":"publish","type":"product","link":"https:\/\/shop.yipinqian.com\/pt\/produto\/icy-yellow-natural-type-a-jadeite-jade-set-with-s925-as-stud-earrings-certificate-weighs-2-24-grams-s925es1\/","title":{"rendered":"Jade\u00edte Natural Amarelo Gelado Tipo A Jade cravejado com S925 como Brincos de Pino Gelado certificado pesa 2,24 gramas (s925es1)"},"content":{"rendered":"<p><iframe title=\"Pingente Premium Icy Translucent Gourd\" src=\"https:\/\/youtube.com\/embed\/otVJHqIP8Gw\" width=\"330\" height=\"300\"><\/iframe><\/p>\n<p>Enhance your daily style with these stunning Icy Yellow Natural Type A Jadeite Jade Stud Earrings, crafted in S925 silver.<\/p>\n<p>\u00a0<\/p>\n<p>Certificate numbers: GD2111H017512<\/p>\n<p>\u00a0<\/p>\n<p>Cabochon Sizes: 9.8 * 5.4 * 2.5 \/ 9.8 * 5.6 * 2.5 mm<\/p>\n<p><img fetchpriority=\"high\" decoding=\"async\" src=\"https:\/\/shop.yipinqian.com\/wp-content\/uploads\/2024\/12\/da41fcad5ebd47cf834f6338c0579bfatplv-aphluv4xwc-origin-jpeg-1.jpeg?dr=15568&amp;nonce=75814&amp;refresh_token=24b6bd3899a0037e6b54a8b3bcc53228&amp;from=476444299&amp;idc=my2&amp;ps=933b5bde&amp;shcp=9b759fb9&amp;shp=1c65f68b&amp;t=555f072d\" width=\"1080\" height=\"1080\" \/><img decoding=\"async\" src=\"https:\/\/shop.yipinqian.com\/wp-content\/uploads\/2024\/12\/bea0769951cb4cf2ae95dcb616ea8ee4tplv-aphluv4xwc-origin-jpeg-1.jpeg?dr=15568&amp;nonce=43759&amp;refresh_token=ebc598cfa926fdd0a4393e8e40e6d2b6&amp;from=476444299&amp;idc=my2&amp;ps=933b5bde&amp;shcp=9b759fb9&amp;shp=1c65f68b&amp;t=555f072d\" width=\"1080\" height=\"1080\" \/><\/p>\n<ul>\n<li><strong>Design elegante:<\/strong> Casual stud earrings perfect for everyday wear.<\/li>\n<li><strong>Material de qualidade:<\/strong> Made with genuine S925 silver and natural jadeite jade.<\/li>\n<li><strong>Certifica\u00e7\u00e3o:<\/strong> Vem com um certificado de autenticidade.<\/li>\n<li><strong>Lightweight:<\/strong> Weighs only 2.24 grams, ensuring comfort throughout the day.<\/li>\n<\/ul>\n<p>This exquisite jewelry piece originates from Myanmar, making it a unique addition to your collection. Ideal for any female looking to add a touch of elegance to her outfit!<\/p>\n<p>\u00a0<\/p>\n<p>Yi Pin Qian \u2013 Um negociante de pedras preciosas e metais preciosos em Cingapura \u2013 N\u00famero de licen\u00e7a PS20190000031<\/p>\n<p>\u00a0<\/p>\n<p>*Todos os Jadeites comprados de Yi Pin Qian em Cingapura, os clientes podem reservar hor\u00e1rios para polimento ou pequenos reparos por manuseio incorreto - taxas se aplicam e somente para clientes de Yi Pin Qian em Cingapura*<\/p>\n<p>\u00a0<\/p>\n<p><strong>**Tipos de Certificados**<\/strong><\/p>\n<p>\u00a0<\/p>\n<p><strong>NGI (Nan Yang Gemol\u00f3gico)<\/strong><\/p>\n<p>ou <strong>Certificados no exterior <\/strong>(Yi Pin Qian usa apenas certificados aut\u00eanticos de laborat\u00f3rios estrangeiros e tamb\u00e9m controla a qualidade de cada um dos nossos produtos antes de coloc\u00e1-los \u00e0 venda em Cingapura)<\/p>\n<p>\u00a0<\/p>\n<p>Cada produto ter\u00e1 o tipo de certificado fornecido indicado na descri\u00e7\u00e3o. Para qualquer cliente que deseje enviar seu pedido para NGI Singapore, <strong>As solicita\u00e7\u00f5es de relat\u00f3rios de pedras preciosas da NGI precisam ser feitas por mensagem.<\/strong> Obrigado, <strong><u>taxas extras se aplicam<\/u><\/strong> \u2013 $90 para jade\u00edta \/ $150 para jade\u00edta com ouro 18k \u2013 n\u00e3o \u00e9 obrigat\u00f3rio, pois a maioria dos nossos produtos j\u00e1 veio com certificado internacional ou relat\u00f3rio NGI.<\/p>\n<p>\u00a0<\/p>\n<p>(Para mais detalhes ou solicita\u00e7\u00e3o adicional: <strong>Por favor, envie-nos uma mensagem se desejar enviar o item adquirido para teste de laborat\u00f3rio NGI<\/strong>)<\/p>\n<p>\u00a0<\/p>\n<p><strong>A jade\u00edta natural n\u00e3o \u00e9 perfeita, apenas um lembrete gentil, nossa jade\u00edta natural, como todas as coisas bonitas da natureza, vem com suas caracter\u00edsticas e varia\u00e7\u00f5es \u00fanicas. Convidamos nossos valiosos clientes a abra\u00e7ar essas varia\u00e7\u00f5es naturais. Boas compras!<\/strong><\/p>\n<p>\u00a0<\/p>\n<p><strong><u>Nenhuma das fotos e filmagens de v\u00eddeo foram filtradas. Incentivamos nossos clientes a tamb\u00e9m assistirem aos v\u00eddeos que os acompanham para uma vis\u00e3o mais abrangente de nossos produtos<\/u><\/strong><\/p>\n<p>\u00a0<\/p>\n<ul>\n<li>Diferentes plataformas s\u00f3 podem visualizar v\u00eddeos por meio do Desktop<\/li>\n<\/ul>","protected":false},"excerpt":{"rendered":"<p>Melhore seu estilo di\u00e1rio com estes deslumbrantes brincos de pino de jade\u00edte natural amarelo-gelo tipo A, feitos em prata S925. N\u00fameros de certificado: GD2111H017512 Tamanhos de caboch\u00e3o: 9,8 * 5,4 * 2,5 \/ 9,8 * 5,6 * 2,5 mm Design elegante: brincos de pino casuais perfeitos para uso di\u00e1rio. Material de qualidade: feito com prata S925 genu\u00edna [\u2026]<\/p>","protected":false},"featured_media":14844,"comment_status":"open","ping_status":"closed","template":"","meta":[],"product_brand":[],"product_cat":[194],"product_tag":[52,171,65,55,58,67,59,60,68,62],"class_list":{"0":"post-14698","1":"product","2":"type-product","3":"status-publish","4":"has-post-thumbnail","6":"product_cat-value-picks","7":"product_tag-certified","8":"product_tag-earrings","9":"product_tag-high-quality","10":"product_tag-jadeite","11":"product_tag-new-arrivals","12":"product_tag-s925","13":"product_tag-translucent","14":"product_tag-type-a-jadeite","15":"product_tag-yellow","16":"product_tag-yi-pin-qian-exclusive","18":"first","19":"instock","20":"sale","21":"shipping-taxable","22":"purchasable","23":"product-type-simple"},"_links":{"self":[{"href":"https:\/\/shop.yipinqian.com\/pt\/wp-json\/wp\/v2\/product\/14698","targetHints":{"allow":["GET"]}}],"collection":[{"href":"https:\/\/shop.yipinqian.com\/pt\/wp-json\/wp\/v2\/product"}],"about":[{"href":"https:\/\/shop.yipinqian.com\/pt\/wp-json\/wp\/v2\/types\/product"}],"replies":[{"embeddable":true,"href":"https:\/\/shop.yipinqian.com\/pt\/wp-json\/wp\/v2\/comments?post=14698"}],"version-history":[{"count":0,"href":"https:\/\/shop.yipinqian.com\/pt\/wp-json\/wp\/v2\/product\/14698\/revisions"}],"wp:featuredmedia":[{"embeddable":true,"href":"https:\/\/shop.yipinqian.com\/pt\/wp-json\/wp\/v2\/media\/14844"}],"wp:attachment":[{"href":"https:\/\/shop.yipinqian.com\/pt\/wp-json\/wp\/v2\/media?parent=14698"}],"wp:term":[{"taxonomy":"product_brand","embeddable":true,"href":"https:\/\/shop.yipinqian.com\/pt\/wp-json\/wp\/v2\/product_brand?post=14698"},{"taxonomy":"product_cat","embeddable":true,"href":"https:\/\/shop.yipinqian.com\/pt\/wp-json\/wp\/v2\/product_cat?post=14698"},{"taxonomy":"product_tag","embeddable":true,"href":"https:\/\/shop.yipinqian.com\/pt\/wp-json\/wp\/v2\/product_tag?post=14698"}],"curies":[{"name":"wp","href":"https:\/\/api.w.org\/{rel}","templated":true}]}}