{"id":14689,"date":"2024-12-17T10:45:54","date_gmt":"2024-12-17T02:45:54","guid":{"rendered":"https:\/\/shop.yipinqian.com\/high-quality-milo-buddha-pendant-on-natural-type-a-jadeite-jade-certificate-weighs-8-74-grams-measurement-29-29-5-6-7-mm-pendant378\/"},"modified":"2025-02-24T00:49:45","modified_gmt":"2025-02-23T16:49:45","slug":"high-quality-milo-buddha-pendant-on-natural-type-a-jadeite-jade-certificate-weighs-8-74-grams-measurement-29-29-5-6-7-mm-pendant378","status":"publish","type":"product","link":"https:\/\/shop.yipinqian.com\/pt\/produto\/high-quality-milo-buddha-pendant-on-natural-type-a-jadeite-jade-certificate-weighs-8-74-grams-measurement-29-29-5-6-7-mm-pendant378\/","title":{"rendered":"Pingente de Buda Milo Risonho de Alta Qualidade em Jade\u00edta Natural Tipo A certificado pesa 8,74 gramas, medindo 29 * 29,5 * 6,7 mm (pendant378)"},"content":{"rendered":"<p><iframe title=\"Laughing Milo Buddha with 18k gold clasp\" src=\"https:\/\/youtube.com\/embed\/rTzFDGnMuF4\" width=\"330\" height=\"300\"><\/iframe><\/p>\n<p>Descubra o requintado Pingente Buda Milo de alta qualidade, feito de Jade\u00edta Natural Tipo A, perfeito para quem busca um toque de eleg\u00e2ncia e espiritualidade.<\/p>\n<p>\u00a0<\/p>\n<p>N\u00fameros de certificado: 920460015472<\/p>\n<p><img fetchpriority=\"high\" decoding=\"async\" src=\"https:\/\/shop.yipinqian.com\/wp-content\/uploads\/2024\/12\/f6fffb10434249a4ad8b44eab9348c48tplv-aphluv4xwc-origin-jpeg-1.jpeg?dr=15568&amp;nonce=52049&amp;refresh_token=835e19fe9b6777e6962076311ee8a480&amp;from=476444299&amp;idc=my&amp;ps=933b5bde&amp;shcp=9b759fb9&amp;shp=1c65f68b&amp;t=555f072d\" width=\"1080\" height=\"1080\" \/><\/p>\n<ul>\n<li><strong>Material:<\/strong> Jade\u00edta Natural Tipo A Jade<\/li>\n<li><strong>Peso:<\/strong> 8,74 gramas<\/li>\n<li><strong>Dimens\u00f5es:<\/strong> 29 x 29,5 x 6,7 mm<\/li>\n<li><strong>Certificado:<\/strong> Sim, inclu\u00eddo<\/li>\n<li><strong>Um presente perfeito para ocasi\u00f5es auspiciosas.<\/strong><\/li>\n<\/ul>\n<p><img decoding=\"async\" src=\"https:\/\/shop.yipinqian.com\/wp-content\/uploads\/2024\/12\/ba06577a094b4c5a8e869ae64c65db6ctplv-aphluv4xwc-origin-jpeg-1.jpeg?dr=15568&amp;nonce=97540&amp;refresh_token=6d451fbf634e9f311edfd30ba02ab97c&amp;from=476444299&amp;idc=my&amp;ps=933b5bde&amp;shcp=9b759fb9&amp;shp=1c65f68b&amp;t=555f072d\" width=\"1080\" height=\"1080\" \/><img decoding=\"async\" src=\"https:\/\/shop.yipinqian.com\/wp-content\/uploads\/2024\/12\/2fbf4c19a89c404885a8800213775be6tplv-aphluv4xwc-origin-jpeg-1.jpeg?dr=15568&amp;nonce=57702&amp;refresh_token=54487f0f3ca343b646aa0b15dd674558&amp;from=476444299&amp;idc=my&amp;ps=933b5bde&amp;shcp=9b759fb9&amp;shp=1c65f68b&amp;t=555f072d\" width=\"1080\" height=\"1080\" \/><img loading=\"lazy\" decoding=\"async\" src=\"https:\/\/shop.yipinqian.com\/wp-content\/uploads\/2024\/12\/a493b3525664451c81c57fa27e2496fatplv-aphluv4xwc-origin-jpeg-1.jpeg?dr=15568&amp;nonce=2274&amp;refresh_token=554aa9e77967087365cfb3ca9b952557&amp;from=476444299&amp;idc=my&amp;ps=933b5bde&amp;shcp=9b759fb9&amp;shp=1c65f68b&amp;t=555f072d\" width=\"1536\" height=\"2048\" \/><\/p>\n<p>Este pingente \u00e9 origin\u00e1rio de Mianmar e foi criado em um estilo de colar casual, acrescentando charme a qualquer roupa.<\/p>\n<p>Observe que este produto n\u00e3o vem com cobertura de garantia.<\/p>\n<p>\u00a0<\/p>\n<p>[Observe que usamos apenas celulares Oppo normais para tirar fotos e v\u00eddeos - portanto, algumas imagens podem n\u00e3o ser t\u00e3o n\u00edtidas, no entanto, os v\u00eddeos devem ser vis\u00edveis claramente, pois todas as fotos s\u00e3o feitas ao ar livre com luz natural para mostrar aos clientes o produto realista que voc\u00ea receber\u00e1]<\/p>\n<p>\u00a0<\/p>\n<p>Yi Pin Qian \u2013 Um negociante de pedras preciosas e metais preciosos em Cingapura \u2013 N\u00famero de licen\u00e7a PS20190000031<\/p>\n<p>\u00a0<\/p>\n<p>*Todos os Jadeites comprados de Yi Pin Qian em Cingapura, os clientes podem reservar hor\u00e1rios para polimento ou pequenos reparos por manuseio incorreto - taxas se aplicam e somente para clientes de Yi Pin Qian em Cingapura*<\/p>\n<p>\u00a0<\/p>\n<p><strong>**Tipos de Certificados**<\/strong><\/p>\n<p>\u00a0<\/p>\n<p><strong>NGI (Nan Yang Gemol\u00f3gico)<\/strong><\/p>\n<p>ou <strong>Certificados no exterior <\/strong>(Yi Pin Qian usa apenas certificados aut\u00eanticos de laborat\u00f3rios estrangeiros e tamb\u00e9m controla a qualidade de cada um dos nossos produtos antes de coloc\u00e1-los \u00e0 venda em Cingapura)<\/p>\n<p>\u00a0<\/p>\n<p>Cada produto ter\u00e1 o tipo de certificado fornecido indicado na descri\u00e7\u00e3o. Para qualquer cliente que deseje enviar seu pedido para NGI Singapore, <strong>As solicita\u00e7\u00f5es de relat\u00f3rios de pedras preciosas da NGI precisam ser feitas por mensagem.<\/strong> Obrigado, <strong><u>taxas extras se aplicam<\/u><\/strong> \u2013 $90 para jade\u00edta \/ $150 para jade\u00edta com ouro 18k \u2013 n\u00e3o \u00e9 obrigat\u00f3rio, pois a maioria dos nossos produtos j\u00e1 veio com certificado internacional ou relat\u00f3rio NGI.<\/p>\n<p>\u00a0<\/p>\n<p>(Para mais detalhes ou solicita\u00e7\u00e3o adicional: <strong>Por favor, envie-nos uma mensagem se desejar enviar o item adquirido para teste de laborat\u00f3rio NGI<\/strong>)<\/p>\n<p>\u00a0<\/p>\n<p><strong>A jade\u00edta natural n\u00e3o \u00e9 perfeita, apenas um lembrete gentil, nossa jade\u00edta natural, como todas as coisas bonitas da natureza, vem com suas caracter\u00edsticas e varia\u00e7\u00f5es \u00fanicas. Convidamos nossos valiosos clientes a abra\u00e7ar essas varia\u00e7\u00f5es naturais. Boas compras!<\/strong><\/p>\n<p>\u00a0<\/p>\n<p><strong><u>Nenhuma das fotos e filmagens de v\u00eddeo foram filtradas. Incentivamos nossos clientes a tamb\u00e9m assistirem aos v\u00eddeos que os acompanham para uma vis\u00e3o mais abrangente de nossos produtos<\/u><\/strong><\/p>\n<p>\u00a0<\/p>\n<ul>\n<li>Diferentes plataformas s\u00f3 podem visualizar v\u00eddeos por meio do Desktop<\/li>\n<\/ul>","protected":false},"excerpt":{"rendered":"<p>Discover the exquisite High Quality Milo Buddha Pendant, crafted from Natural Type A Jadeite Jade, perfect for those seeking a touch of elegance and spirituality. \u00a0 Certificate numbers: 920460015472 Material: Natural Type A Jadeite Jade Weight: 8.74 grams Dimensions: 29 x 29.5 x 6.7 mm Cerificate: Yes, included Makes a perfect gift for auspicious occasions. [&hellip;]<\/p>","protected":false},"featured_media":14816,"comment_status":"open","ping_status":"closed","template":"","meta":[],"product_brand":[],"product_cat":[194],"product_tag":[52,65,55,57,58,75,60,61],"class_list":{"0":"post-14689","1":"product","2":"type-product","3":"status-publish","4":"has-post-thumbnail","6":"product_cat-value-picks","7":"product_tag-certified","8":"product_tag-high-quality","9":"product_tag-jadeite","10":"product_tag-milo-buddha","11":"product_tag-new-arrivals","12":"product_tag-traditional","13":"product_tag-type-a-jadeite","14":"product_tag-unisex","16":"first","17":"instock","18":"sale","19":"shipping-taxable","20":"purchasable","21":"product-type-simple"},"_links":{"self":[{"href":"https:\/\/shop.yipinqian.com\/pt\/wp-json\/wp\/v2\/product\/14689","targetHints":{"allow":["GET"]}}],"collection":[{"href":"https:\/\/shop.yipinqian.com\/pt\/wp-json\/wp\/v2\/product"}],"about":[{"href":"https:\/\/shop.yipinqian.com\/pt\/wp-json\/wp\/v2\/types\/product"}],"replies":[{"embeddable":true,"href":"https:\/\/shop.yipinqian.com\/pt\/wp-json\/wp\/v2\/comments?post=14689"}],"version-history":[{"count":0,"href":"https:\/\/shop.yipinqian.com\/pt\/wp-json\/wp\/v2\/product\/14689\/revisions"}],"wp:featuredmedia":[{"embeddable":true,"href":"https:\/\/shop.yipinqian.com\/pt\/wp-json\/wp\/v2\/media\/14816"}],"wp:attachment":[{"href":"https:\/\/shop.yipinqian.com\/pt\/wp-json\/wp\/v2\/media?parent=14689"}],"wp:term":[{"taxonomy":"product_brand","embeddable":true,"href":"https:\/\/shop.yipinqian.com\/pt\/wp-json\/wp\/v2\/product_brand?post=14689"},{"taxonomy":"product_cat","embeddable":true,"href":"https:\/\/shop.yipinqian.com\/pt\/wp-json\/wp\/v2\/product_cat?post=14689"},{"taxonomy":"product_tag","embeddable":true,"href":"https:\/\/shop.yipinqian.com\/pt\/wp-json\/wp\/v2\/product_tag?post=14689"}],"curies":[{"name":"wp","href":"https:\/\/api.w.org\/{rel}","templated":true}]}}