{"id":1468,"date":"2024-10-24T23:19:25","date_gmt":"2024-10-24T15:19:25","guid":{"rendered":"https:\/\/shop.yipinqian.com\/product\/hight-quality-green-with-green-patches-natural-type-a-jadeite-jade-crafted-with-shape-of-donut-with-baby-dragon-as-pendant-qic-approved-labs-certificate-weigh-4-11-grams-measurement-17-2-16-3-5-1-mm-p\/"},"modified":"2025-02-24T00:49:55","modified_gmt":"2025-02-23T16:49:55","slug":"hight-quality-green-with-green-patches-natural-type-a-jadeite-jade-crafted-with-shape-of-donut-with-baby-dragon-as-pendant-qic-approved-labs-certificate-weigh-4-11-grams-measurement-17-2-16-3-5-1-mm-p","status":"publish","type":"product","link":"https:\/\/shop.yipinqian.com\/pt\/produto\/hight-quality-green-with-green-patches-natural-type-a-jadeite-jade-crafted-with-shape-of-donut-with-baby-dragon-as-pendant-qic-approved-labs-certificate-weigh-4-11-grams-measurement-17-2-16-3-5-1-mm-p\/","title":{"rendered":"Jade\u00edte natural tipo A verde de alta qualidade com manchas verdes, trabalhada com formato de donut com drag\u00e3o beb\u00ea como pingente, certificado de laborat\u00f3rio aprovado pela QIC, pesa 4,11 gramas, medindo 17,2 * 16,3 * 5,1 mm (pendant242)"},"content":{"rendered":"<p>Este colar requintado apresenta um pingente de jade\u00edta natural tipo A de alta qualidade, meticulosamente trabalhado no formato de um donut com um charmoso desenho de um drag\u00e3ozinho.<\/p>\n<p><\/p>\n<p>N\u00fameros de certificado: 5404032700557<\/p>\n<ul>\n<li>\n<strong>Material:<\/strong> Verde com manchas verdes Jade\u00edte natural tipo A Jade<\/li>\n<li>\n<strong>Certificado:<\/strong> Laborat\u00f3rios aprovados pela QIC<\/li>\n<li>\n<strong>Peso:<\/strong> 4,11 gramas<\/li>\n<li>\n<strong>Medidas:<\/strong> 17,2 * 16,3 * 5,1 mm (pendente242)<\/li>\n<\/ul>\n<p>Esta pe\u00e7a \u00fanica n\u00e3o \u00e9 apenas visualmente impressionante, mas tamb\u00e9m tem significado, pois \u00e9 certificada por laborat\u00f3rios aprovados pela QIC, garantindo sua autenticidade e qualidade.<\/p>\n<ul>\n<li><strong>Certificado inclu\u00eddo: Sim<\/strong><\/li>\n<\/ul>\n<p><strong>O colar foi criado para uso di\u00e1rio e \u00e9 um acess\u00f3rio significativo tanto para homens quanto para mulheres, com seu apelo unissex.<\/strong><\/p>\n<ul>\n<li><strong>Tipo de Jade: Jade\u00edta<\/strong><\/li>\n<\/ul>\n<p><strong>A jade\u00edta natural n\u00e3o \u00e9 perfeita, apenas um lembrete gentil, nossa jade\u00edta natural, como todas as coisas bonitas da natureza, vem com suas caracter\u00edsticas e varia\u00e7\u00f5es \u00fanicas. Convidamos nossos valiosos clientes a abra\u00e7ar essas varia\u00e7\u00f5es naturais. Boas compras!<\/strong><\/p>\n<p><\/p>\n<p><strong><u>Nenhuma das fotos e filmagens de v\u00eddeo foram filtradas. Incentivamos nossos clientes a tamb\u00e9m assistirem aos v\u00eddeos que os acompanham para uma vis\u00e3o mais abrangente de nossos produtos<\/u><\/strong><\/p>","protected":false},"excerpt":{"rendered":"<p>This exquisite necklace features a high-quality natural Type A Jadeite Jade pendant, meticulously crafted in the shape of a donut with a charming baby dragon design. Certificate numbers: 5404032700557 Material: Green with Green Patches Natural Type A Jadeite Jade Certificate: QIC approved labs Weight: 4.11 grams Measurements: 17.2 * 16.3 * 5.1 mm (pendant242) This [&hellip;]<\/p>","protected":false},"featured_media":5051,"comment_status":"open","ping_status":"closed","template":"","meta":[],"product_brand":[],"product_cat":[194],"product_tag":[],"class_list":{"0":"post-1468","1":"product","2":"type-product","3":"status-publish","4":"has-post-thumbnail","6":"product_cat-value-picks","8":"first","9":"outofstock","10":"sale","11":"shipping-taxable","12":"purchasable","13":"product-type-simple"},"_links":{"self":[{"href":"https:\/\/shop.yipinqian.com\/pt\/wp-json\/wp\/v2\/product\/1468","targetHints":{"allow":["GET"]}}],"collection":[{"href":"https:\/\/shop.yipinqian.com\/pt\/wp-json\/wp\/v2\/product"}],"about":[{"href":"https:\/\/shop.yipinqian.com\/pt\/wp-json\/wp\/v2\/types\/product"}],"replies":[{"embeddable":true,"href":"https:\/\/shop.yipinqian.com\/pt\/wp-json\/wp\/v2\/comments?post=1468"}],"version-history":[{"count":0,"href":"https:\/\/shop.yipinqian.com\/pt\/wp-json\/wp\/v2\/product\/1468\/revisions"}],"wp:featuredmedia":[{"embeddable":true,"href":"https:\/\/shop.yipinqian.com\/pt\/wp-json\/wp\/v2\/media\/5051"}],"wp:attachment":[{"href":"https:\/\/shop.yipinqian.com\/pt\/wp-json\/wp\/v2\/media?parent=1468"}],"wp:term":[{"taxonomy":"product_brand","embeddable":true,"href":"https:\/\/shop.yipinqian.com\/pt\/wp-json\/wp\/v2\/product_brand?post=1468"},{"taxonomy":"product_cat","embeddable":true,"href":"https:\/\/shop.yipinqian.com\/pt\/wp-json\/wp\/v2\/product_cat?post=1468"},{"taxonomy":"product_tag","embeddable":true,"href":"https:\/\/shop.yipinqian.com\/pt\/wp-json\/wp\/v2\/product_tag?post=1468"}],"curies":[{"name":"wp","href":"https:\/\/api.w.org\/{rel}","templated":true}]}}