{"id":14679,"date":"2024-12-17T10:45:28","date_gmt":"2024-12-17T02:45:28","guid":{"rendered":"https:\/\/shop.yipinqian.com\/crafted-as-pixiu-on-lavender-with-green-natural-type-a-jadeite-jade-set-on-s925-as-adjustable-ring-certificate-weighs-2-65-grams-measurement-14-6-7-5-4-mm-s925ring28\/"},"modified":"2025-02-24T00:49:45","modified_gmt":"2025-02-23T16:49:45","slug":"crafted-as-pixiu-on-lavender-with-green-natural-type-a-jadeite-jade-set-on-s925-as-adjustable-ring-certificate-weighs-2-65-grams-measurement-14-6-7-5-4-mm-s925ring28","status":"publish","type":"product","link":"https:\/\/shop.yipinqian.com\/pt\/produto\/crafted-as-pixiu-on-lavender-with-green-natural-type-a-jadeite-jade-set-on-s925-as-adjustable-ring-certificate-weighs-2-65-grams-measurement-14-6-7-5-4-mm-s925ring28\/","title":{"rendered":"Feito como Pixiu em Lavanda com Jade\u00edte Natural Verde Tipo A definido em S925 como Anel ajust\u00e1vel certificado pesa 2,65 gramas, medida 14 * 6,7 * 5,4 mm (s925ring28)"},"content":{"rendered":"<p><iframe title=\"Anel Pixiu S925\" src=\"https:\/\/youtube.com\/embed\/Ey-OGR36gxA\" width=\"330\" height=\"300\"><\/iframe><\/p>\n<p>Descubra a eleg\u00e2ncia do nosso Pixiu <strong>Anel ajust\u00e1vel, lindamente trabalhado em jade\u00edta natural tipo A, lavanda e verde, em prata S925 de alta qualidade.<\/strong><\/p>\n<p>&nbsp;<\/p>\n<p>N\u00fameros de certificado: GD2204H002715<\/p>\n<p><img fetchpriority=\"high\" decoding=\"async\" src=\"https:\/\/shop.yipinqian.com\/wp-content\/uploads\/2024\/12\/c57357b2f652404b9b944f90aba7807atplv-aphluv4xwc-origin-jpeg-1.jpeg?dr=15568&amp;nonce=88877&amp;refresh_token=ba1aa72bf58ae62e67d1179fe0747bd9&amp;from=476444299&amp;idc=my&amp;ps=933b5bde&amp;shcp=9b759fb9&amp;shp=1c65f68b&amp;t=555f072d\" width=\"1080\" height=\"1080\" \/><\/p>\n<ul>\n<li><strong>Design elegante:<\/strong> Apresenta um motivo exclusivo Pixiu que simboliza boa sorte.<\/li>\n<li><strong>Material Premium:<\/strong> Feito de jade\u00edta tipo A genu\u00edna e prata S925.<\/li>\n<li><strong>Qualidade Certificada:<\/strong> Vem com um certificado de autenticidade.<\/li>\n<li><strong>Medidas elegantes:<\/strong> Pesa 2,65 gramas com dimens\u00f5es de 14 * 6,7 * 5,4 mm.<\/li>\n<\/ul>\n<p><img decoding=\"async\" src=\"https:\/\/shop.yipinqian.com\/wp-content\/uploads\/2024\/12\/dbf9a7f1a1fa4a0eb901c6b713d0bff9tplv-aphluv4xwc-origin-jpeg-1.jpeg?dr=15568&amp;nonce=81343&amp;refresh_token=a516cbf0ceabe8c4b434009e878661ed&amp;from=476444299&amp;idc=my&amp;ps=933b5bde&amp;shcp=9b759fb9&amp;shp=1c65f68b&amp;t=555f072d\" width=\"1080\" height=\"1080\" \/><\/p>\n<p>Este anel unissex \u00e9 perfeito para ocasi\u00f5es auspiciosas, adicionando um toque de estilo enquanto celebra a tradi\u00e7\u00e3o. Origin\u00e1rio de Myanmar, ele incorpora beleza e significado cultural sem preocupa\u00e7\u00f5es com garantia.<\/p>\n<p>&nbsp;<\/p>\n<p>Yi Pin Qian \u2013 Um negociante de pedras preciosas e metais preciosos em Cingapura \u2013 N\u00famero de licen\u00e7a PS20190000031<\/p>\n<p>&nbsp;<\/p>\n<p>*Todos os Jadeites comprados de Yi Pin Qian em Cingapura, os clientes podem reservar hor\u00e1rios para polimento ou pequenos reparos por manuseio incorreto - taxas se aplicam e somente para clientes de Yi Pin Qian em Cingapura*<\/p>\n<p>&nbsp;<\/p>\n<p><strong>**Tipos de Certificados**<\/strong><\/p>\n<p>&nbsp;<\/p>\n<p><strong>NGI (Nan Yang Gemol\u00f3gico)<\/strong><\/p>\n<p>ou <strong>Certificados no exterior <\/strong>(Yi Pin Qian usa apenas certificados aut\u00eanticos de laborat\u00f3rios estrangeiros e tamb\u00e9m controla a qualidade de cada um dos nossos produtos antes de coloc\u00e1-los \u00e0 venda em Cingapura)<\/p>\n<p>&nbsp;<\/p>\n<p>Cada produto ter\u00e1 o tipo de certificado fornecido indicado na descri\u00e7\u00e3o. Para qualquer cliente que deseje enviar seu pedido para NGI Singapore, <strong>As solicita\u00e7\u00f5es de relat\u00f3rios de pedras preciosas da NGI precisam ser feitas por mensagem.<\/strong> Obrigado, <strong><u>taxas extras se aplicam<\/u><\/strong> \u2013 $90 para jade\u00edta \/ $150 para jade\u00edta com ouro 18k \u2013 n\u00e3o \u00e9 obrigat\u00f3rio, pois a maioria dos nossos produtos j\u00e1 veio com certificado internacional ou relat\u00f3rio NGI.<\/p>\n<p>&nbsp;<\/p>\n<p>(Para mais detalhes ou solicita\u00e7\u00e3o adicional: <strong>Por favor, envie-nos uma mensagem se desejar enviar o item adquirido para teste de laborat\u00f3rio NGI<\/strong>)<\/p>\n<p>&nbsp;<\/p>\n<p><strong>A jade\u00edta natural n\u00e3o \u00e9 perfeita, apenas um lembrete gentil, nossa jade\u00edta natural, como todas as coisas bonitas da natureza, vem com suas caracter\u00edsticas e varia\u00e7\u00f5es \u00fanicas. Convidamos nossos valiosos clientes a abra\u00e7ar essas varia\u00e7\u00f5es naturais. Boas compras!<\/strong><\/p>\n<p>&nbsp;<\/p>\n<p><strong><u>Nenhuma das fotos e filmagens de v\u00eddeo foram filtradas. Incentivamos nossos clientes a tamb\u00e9m assistirem aos v\u00eddeos que os acompanham para uma vis\u00e3o mais abrangente de nossos produtos<\/u><\/strong><\/p>\n<p>&nbsp;<\/p>\n<ul>\n<li>Diferentes plataformas s\u00f3 podem visualizar v\u00eddeos por meio do Desktop<\/li>\n<\/ul>","protected":false},"excerpt":{"rendered":"<p>Discover the elegance of our Pixiu Adjustable Ring, beautifully crafted from Lavender and Green Natural Type A Jadeite Jade, set on high-quality S925 silver. &nbsp; Certificate numbers: GD2204H002715 Elegant Design: Features a unique Pixiu motif symbolizing good fortune. Premium Material: Made from genuine Type A Jadeite and S925 silver. Cerified Quality: Comes with a certificate [&hellip;]<\/p>","protected":false},"featured_media":14771,"comment_status":"open","ping_status":"closed","template":"","meta":[],"product_brand":[],"product_cat":[194],"product_tag":[101,64,52,66,55,77,82,58,85,71,67,60,61],"class_list":{"0":"post-14679","1":"product","2":"type-product","3":"status-publish","4":"has-post-thumbnail","6":"product_cat-value-picks","7":"product_tag-adjustable","8":"product_tag-cabochon","9":"product_tag-certified","10":"product_tag-jade-ring","11":"product_tag-jadeite","12":"product_tag-lavender","13":"product_tag-light-green","14":"product_tag-new-arrivals","15":"product_tag-pixiu","16":"product_tag-ring","17":"product_tag-s925","18":"product_tag-type-a-jadeite","19":"product_tag-unisex","21":"first","22":"instock","23":"sale","24":"shipping-taxable","25":"purchasable","26":"product-type-simple"},"_links":{"self":[{"href":"https:\/\/shop.yipinqian.com\/pt\/wp-json\/wp\/v2\/product\/14679","targetHints":{"allow":["GET"]}}],"collection":[{"href":"https:\/\/shop.yipinqian.com\/pt\/wp-json\/wp\/v2\/product"}],"about":[{"href":"https:\/\/shop.yipinqian.com\/pt\/wp-json\/wp\/v2\/types\/product"}],"replies":[{"embeddable":true,"href":"https:\/\/shop.yipinqian.com\/pt\/wp-json\/wp\/v2\/comments?post=14679"}],"version-history":[{"count":0,"href":"https:\/\/shop.yipinqian.com\/pt\/wp-json\/wp\/v2\/product\/14679\/revisions"}],"wp:featuredmedia":[{"embeddable":true,"href":"https:\/\/shop.yipinqian.com\/pt\/wp-json\/wp\/v2\/media\/14771"}],"wp:attachment":[{"href":"https:\/\/shop.yipinqian.com\/pt\/wp-json\/wp\/v2\/media?parent=14679"}],"wp:term":[{"taxonomy":"product_brand","embeddable":true,"href":"https:\/\/shop.yipinqian.com\/pt\/wp-json\/wp\/v2\/product_brand?post=14679"},{"taxonomy":"product_cat","embeddable":true,"href":"https:\/\/shop.yipinqian.com\/pt\/wp-json\/wp\/v2\/product_cat?post=14679"},{"taxonomy":"product_tag","embeddable":true,"href":"https:\/\/shop.yipinqian.com\/pt\/wp-json\/wp\/v2\/product_tag?post=14679"}],"curies":[{"name":"wp","href":"https:\/\/api.w.org\/{rel}","templated":true}]}}